{"id":7761,"date":"2020-06-10T09:21:46","date_gmt":"2020-06-10T09:21:46","guid":{"rendered":"http:\/\/rstheme.com\/products\/wordpress\/reobiz\/product\/import-placeholder-for-7671\/"},"modified":"2022-09-29T08:18:14","modified_gmt":"2022-09-29T08:18:14","slug":"s922-robotic-arm","status":"publish","type":"product","link":"https:\/\/www.hitbotrobot.com\/es\/product\/s922-robotic-arm\/","title":{"rendered":"Brazo rob\u00f3tico S922 HITBOT"},"content":{"rendered":"<p><strong>Introducci\u00f3n del producto:<br \/>\n<\/strong>HITBOT Z-Arm S922 tiene un dise\u00f1o ajustado y delicado, tiene desacelerador integrado, maquinaria el\u00e9ctrica, codificador y controlador de accionamiento, lo que ha mejorado enormemente la conveniencia de instalar o volver a implementar.<br \/>\nSolo necesita usar el brazo en la posici\u00f3n de solicitud, o usar el m\u00f3dulo de gr\u00e1ficos en la aplicaci\u00f3n, el Hitbot Z-Arm S922 ser\u00eda r\u00e1pido para memorizar y obedecer la ruta precisa. Solo necesita unos minutos para el proceso intuitivo..<br \/>\nPor seguridad, HITBOT Z-Arm S922 es un brazo rob\u00f3tico cooperativo hombre-m\u00e1quina amigable, puede ser f\u00e1cil de trabajar con los trabajadores, el operador puede moverse f\u00e1cilmente en los alrededores sin preocuparse por influir en su trabajo. El HITBOT Z-Arm se detendr\u00eda autom\u00e1ticamente al tocar a un ser humano, lo que puede crear un entorno de trabajo completamente autom\u00e1tico y completamente seguro..<strong><br \/>\n<\/strong><br \/>\n<img fetchpriority=\"high\" decoding=\"async\" class=\"wp-image-13505 size-full aligncenter\" src=\"https:\/\/www.hitbotrobot.com\/es\/wp-content\/uploads\/2020\/06\/S922-Robotic-Arm-dis-01.jpg\" alt=\"\" width=\"800\" height=\"640\" srcset=\"https:\/\/www.hitbotrobot.com\/es\/wp-content\/uploads\/2020\/06\/S922-Robotic-Arm-dis-01.jpg 800w, https:\/\/www.hitbotrobot.com\/es\/wp-content\/uploads\/2020\/06\/S922-Robotic-Arm-dis-01-300x240.jpg 300w, https:\/\/www.hitbotrobot.com\/es\/wp-content\/uploads\/2020\/06\/S922-Robotic-Arm-dis-01-768x614.jpg 768w, https:\/\/www.hitbotrobot.com\/es\/wp-content\/uploads\/2020\/06\/S922-Robotic-Arm-dis-01-600x480.jpg 600w\" sizes=\"(max-width: 800px) 100vw, 800px\" \/><br \/>\n<img decoding=\"async\" class=\"size-full wp-image-13506 aligncenter\" src=\"https:\/\/www.hitbotrobot.com\/es\/wp-content\/uploads\/2020\/06\/S922-Robotic-Arm-dis-02.jpg\" alt=\"\" width=\"800\" height=\"642\" srcset=\"https:\/\/www.hitbotrobot.com\/es\/wp-content\/uploads\/2020\/06\/S922-Robotic-Arm-dis-02.jpg 800w, https:\/\/www.hitbotrobot.com\/es\/wp-content\/uploads\/2020\/06\/S922-Robotic-Arm-dis-02-300x241.jpg 300w, https:\/\/www.hitbotrobot.com\/es\/wp-content\/uploads\/2020\/06\/S922-Robotic-Arm-dis-02-768x616.jpg 768w, https:\/\/www.hitbotrobot.com\/es\/wp-content\/uploads\/2020\/06\/S922-Robotic-Arm-dis-02-600x482.jpg 600w\" sizes=\"(max-width: 800px) 100vw, 800px\" \/><\/p>\n<p><strong>Par\u00e1metro del producto:<\/strong><\/p>\n<table style=\"border-collapse: collapse;\" border=\"1\" cellspacing=\"0\" cellpadding=\"0\">\n<tbody>\n<tr>\n<td>\u00a0 nombre del producto:<\/td>\n<td>\u00a0 Z_Arm S922<\/td>\n<\/tr>\n<tr>\n<td>\u00a0 Peso:<\/td>\n<td>\u00a0 18.5KG<\/td>\n<\/tr>\n<tr>\n<td>\u00a0 Carga \u00fatil:<\/td>\n<td>\u00a0 5KG<\/td>\n<\/tr>\n<tr>\n<td>\u00a0 Alcanzar:<\/td>\n<td>\u00a0 922mm<\/td>\n<\/tr>\n<tr>\n<td>\u00a0 Rango conjunto:<\/td>\n<td>\u00a0 \u00b1179\u00b0<\/td>\n<\/tr>\n<tr>\n<td>\u00a0 Velocidad conjunta:<\/td>\n<td>\u00a0 \u00b1180\u00b0\/s<\/td>\n<\/tr>\n<tr>\n<td>\u00a0 Repetibilidad:<\/td>\n<td>\u00a0 \u00b1 0.02mm<\/td>\n<\/tr>\n<tr>\n<td>\u00a0 Cuadrado:<\/td>\n<td>\u00a0 \u03a6150mm<\/td>\n<\/tr>\n<tr>\n<td>\u00a0 Grado de libertad:<\/td>\n<td>\u00a0 6<\/td>\n<\/tr>\n<tr>\n<td>\u00a0 Tama\u00f1o de la caja de control:<\/td>\n<td>\u00a0 330*262*90mm<\/td>\n<\/tr>\n<tr>\n<td>\u00a0 End I\/O port:<\/td>\n<td>\u00a0 Entrada digital:2,\u00a0 Salida digital:2,\u00a0 Entrada anal\u00f3gica:1,\u00a0 Salida anal\u00f3gica:1<\/td>\n<\/tr>\n<tr>\n<td>\u00a0 Caja de control I\/O port:<\/td>\n<td>\u00a0 Entrada digital:16, Salida digital:16, Entrada analogica:2, Salida anal\u00f3gica:2<\/td>\n<\/tr>\n<tr>\n<td>\u00a0 I\/O source :<\/td>\n<td>\u00a0 24V\/2A<\/td>\n<\/tr>\n<tr>\n<td>\u00a0 Comunicaci\u00f3n:<\/td>\n<td>\u00a0 TCP<\/td>\n<\/tr>\n<tr>\n<td>\u00a0 Ruido:<\/td>\n<td>\u00a0 \uff1c60Db<\/td>\n<\/tr>\n<tr>\n<td>\u00a0 IP classification:<\/td>\n<td>\u00a0 IP54<\/td>\n<\/tr>\n<tr>\n<td>\u00a0 Operaci\u00f3n colaborativa:<\/td>\n<td>\u00a0 Comprobaci\u00f3n de impacto, nivel de colisi\u00f3n personalizado<\/td>\n<\/tr>\n<tr>\n<td>\u00a0 Entrada de alimentaci\u00f3n:<\/td>\n<td>\u00a0 220V\/50Hz<\/td>\n<\/tr>\n<\/tbody>\n<\/table>\n<p><strong>Descripci\u00f3n del producto:<br \/>\n<img decoding=\"async\" class=\"alignnone size-full wp-image-16327 aligncenter\" src=\"https:\/\/www.hitbotrobot.com\/es\/wp-content\/uploads\/2020\/06\/S922-robot-arm_01.jpg\" alt=\"\" width=\"800\" height=\"706\" srcset=\"https:\/\/www.hitbotrobot.com\/es\/wp-content\/uploads\/2020\/06\/S922-robot-arm_01.jpg 800w, https:\/\/www.hitbotrobot.com\/es\/wp-content\/uploads\/2020\/06\/S922-robot-arm_01-768x678.jpg 768w, https:\/\/www.hitbotrobot.com\/es\/wp-content\/uploads\/2020\/06\/S922-robot-arm_01-600x530.jpg 600w\" sizes=\"(max-width: 800px) 100vw, 800px\" \/> <img loading=\"lazy\" decoding=\"async\" class=\"alignnone size-full wp-image-16328 aligncenter\" src=\"https:\/\/www.hitbotrobot.com\/es\/wp-content\/uploads\/2020\/06\/S922-robot-arm_02.jpg\" alt=\"\" width=\"800\" height=\"707\" srcset=\"https:\/\/www.hitbotrobot.com\/es\/wp-content\/uploads\/2020\/06\/S922-robot-arm_02.jpg 800w, https:\/\/www.hitbotrobot.com\/es\/wp-content\/uploads\/2020\/06\/S922-robot-arm_02-768x679.jpg 768w, https:\/\/www.hitbotrobot.com\/es\/wp-content\/uploads\/2020\/06\/S922-robot-arm_02-600x530.jpg 600w\" sizes=\"(max-width: 800px) 100vw, 800px\" \/> <img loading=\"lazy\" decoding=\"async\" class=\"alignnone size-full wp-image-16329 aligncenter\" src=\"https:\/\/www.hitbotrobot.com\/es\/wp-content\/uploads\/2020\/06\/S922-robot-arm_03.jpg\" alt=\"\" width=\"800\" height=\"706\" srcset=\"https:\/\/www.hitbotrobot.com\/es\/wp-content\/uploads\/2020\/06\/S922-robot-arm_03.jpg 800w, https:\/\/www.hitbotrobot.com\/es\/wp-content\/uploads\/2020\/06\/S922-robot-arm_03-768x678.jpg 768w, https:\/\/www.hitbotrobot.com\/es\/wp-content\/uploads\/2020\/06\/S922-robot-arm_03-600x530.jpg 600w\" sizes=\"(max-width: 800px) 100vw, 800px\" \/> <img loading=\"lazy\" decoding=\"async\" class=\"alignnone size-full wp-image-16330 aligncenter\" src=\"https:\/\/www.hitbotrobot.com\/es\/wp-content\/uploads\/2020\/06\/S922-robot-arm_04.jpg\" alt=\"\" width=\"800\" height=\"706\" srcset=\"https:\/\/www.hitbotrobot.com\/es\/wp-content\/uploads\/2020\/06\/S922-robot-arm_04.jpg 800w, https:\/\/www.hitbotrobot.com\/es\/wp-content\/uploads\/2020\/06\/S922-robot-arm_04-768x678.jpg 768w, https:\/\/www.hitbotrobot.com\/es\/wp-content\/uploads\/2020\/06\/S922-robot-arm_04-600x530.jpg 600w\" sizes=\"(max-width: 800px) 100vw, 800px\" \/> <img loading=\"lazy\" decoding=\"async\" class=\"alignnone size-full wp-image-16331 aligncenter\" src=\"https:\/\/www.hitbotrobot.com\/es\/wp-content\/uploads\/2020\/06\/S922-robot-arm_05.jpg\" alt=\"\" width=\"800\" height=\"707\" srcset=\"https:\/\/www.hitbotrobot.com\/es\/wp-content\/uploads\/2020\/06\/S922-robot-arm_05.jpg 800w, https:\/\/www.hitbotrobot.com\/es\/wp-content\/uploads\/2020\/06\/S922-robot-arm_05-768x679.jpg 768w, https:\/\/www.hitbotrobot.com\/es\/wp-content\/uploads\/2020\/06\/S922-robot-arm_05-600x530.jpg 600w\" sizes=\"(max-width: 800px) 100vw, 800px\" \/> <img loading=\"lazy\" decoding=\"async\" class=\"alignnone size-full wp-image-16332 aligncenter\" src=\"https:\/\/www.hitbotrobot.com\/es\/wp-content\/uploads\/2020\/06\/S922-robot-arm_06.jpg\" alt=\"\" width=\"800\" height=\"706\" srcset=\"https:\/\/www.hitbotrobot.com\/es\/wp-content\/uploads\/2020\/06\/S922-robot-arm_06.jpg 800w, https:\/\/www.hitbotrobot.com\/es\/wp-content\/uploads\/2020\/06\/S922-robot-arm_06-768x678.jpg 768w, https:\/\/www.hitbotrobot.com\/es\/wp-content\/uploads\/2020\/06\/S922-robot-arm_06-600x530.jpg 600w\" sizes=\"(max-width: 800px) 100vw, 800px\" \/> <img loading=\"lazy\" decoding=\"async\" class=\"alignnone size-full wp-image-16333 aligncenter\" src=\"https:\/\/www.hitbotrobot.com\/es\/wp-content\/uploads\/2020\/06\/S922-robot-arm_07.jpg\" alt=\"\" width=\"800\" height=\"706\" srcset=\"https:\/\/www.hitbotrobot.com\/es\/wp-content\/uploads\/2020\/06\/S922-robot-arm_07.jpg 800w, https:\/\/www.hitbotrobot.com\/es\/wp-content\/uploads\/2020\/06\/S922-robot-arm_07-768x678.jpg 768w, https:\/\/www.hitbotrobot.com\/es\/wp-content\/uploads\/2020\/06\/S922-robot-arm_07-600x530.jpg 600w\" sizes=\"(max-width: 800px) 100vw, 800px\" \/> <img loading=\"lazy\" decoding=\"async\" class=\"alignnone size-full wp-image-16334 aligncenter\" src=\"https:\/\/www.hitbotrobot.com\/es\/wp-content\/uploads\/2020\/06\/S922-robot-arm_08.jpg\" alt=\"\" width=\"800\" height=\"707\" srcset=\"https:\/\/www.hitbotrobot.com\/es\/wp-content\/uploads\/2020\/06\/S922-robot-arm_08.jpg 800w, https:\/\/www.hitbotrobot.com\/es\/wp-content\/uploads\/2020\/06\/S922-robot-arm_08-768x679.jpg 768w, https:\/\/www.hitbotrobot.com\/es\/wp-content\/uploads\/2020\/06\/S922-robot-arm_08-600x530.jpg 600w\" sizes=\"(max-width: 800px) 100vw, 800px\" \/> <img loading=\"lazy\" decoding=\"async\" class=\"alignnone size-full wp-image-16335 aligncenter\" src=\"https:\/\/www.hitbotrobot.com\/es\/wp-content\/uploads\/2020\/06\/S922-robot-arm_09.jpg\" alt=\"\" width=\"800\" height=\"706\" srcset=\"https:\/\/www.hitbotrobot.com\/es\/wp-content\/uploads\/2020\/06\/S922-robot-arm_09.jpg 800w, https:\/\/www.hitbotrobot.com\/es\/wp-content\/uploads\/2020\/06\/S922-robot-arm_09-768x678.jpg 768w, https:\/\/www.hitbotrobot.com\/es\/wp-content\/uploads\/2020\/06\/S922-robot-arm_09-600x530.jpg 600w\" sizes=\"(max-width: 800px) 100vw, 800px\" \/> <img loading=\"lazy\" decoding=\"async\" class=\"alignnone size-full wp-image-16336 aligncenter\" src=\"https:\/\/www.hitbotrobot.com\/es\/wp-content\/uploads\/2020\/06\/S922-robot-arm_10.jpg\" alt=\"\" width=\"800\" height=\"706\" srcset=\"https:\/\/www.hitbotrobot.com\/es\/wp-content\/uploads\/2020\/06\/S922-robot-arm_10.jpg 800w, https:\/\/www.hitbotrobot.com\/es\/wp-content\/uploads\/2020\/06\/S922-robot-arm_10-768x678.jpg 768w, https:\/\/www.hitbotrobot.com\/es\/wp-content\/uploads\/2020\/06\/S922-robot-arm_10-600x530.jpg 600w\" sizes=\"(max-width: 800px) 100vw, 800px\" \/> <img loading=\"lazy\" decoding=\"async\" class=\"alignnone size-full wp-image-16337 aligncenter\" src=\"https:\/\/www.hitbotrobot.com\/es\/wp-content\/uploads\/2020\/06\/S922-robot-arm_11.jpg\" alt=\"\" width=\"800\" height=\"707\" srcset=\"https:\/\/www.hitbotrobot.com\/es\/wp-content\/uploads\/2020\/06\/S922-robot-arm_11.jpg 800w, https:\/\/www.hitbotrobot.com\/es\/wp-content\/uploads\/2020\/06\/S922-robot-arm_11-768x679.jpg 768w, https:\/\/www.hitbotrobot.com\/es\/wp-content\/uploads\/2020\/06\/S922-robot-arm_11-600x530.jpg 600w\" sizes=\"(max-width: 800px) 100vw, 800px\" \/> <img loading=\"lazy\" decoding=\"async\" class=\"alignnone size-full wp-image-16338 aligncenter\" src=\"https:\/\/www.hitbotrobot.com\/es\/wp-content\/uploads\/2020\/06\/S922-robot-arm_12.jpg\" alt=\"\" width=\"800\" height=\"706\" srcset=\"https:\/\/www.hitbotrobot.com\/es\/wp-content\/uploads\/2020\/06\/S922-robot-arm_12.jpg 800w, https:\/\/www.hitbotrobot.com\/es\/wp-content\/uploads\/2020\/06\/S922-robot-arm_12-768x678.jpg 768w, https:\/\/www.hitbotrobot.com\/es\/wp-content\/uploads\/2020\/06\/S922-robot-arm_12-600x530.jpg 600w\" sizes=\"(max-width: 800px) 100vw, 800px\" \/> <img loading=\"lazy\" decoding=\"async\" class=\"alignnone size-full wp-image-16339 aligncenter\" src=\"https:\/\/www.hitbotrobot.com\/es\/wp-content\/uploads\/2020\/06\/S922-robot-arm_13.jpg\" alt=\"\" width=\"800\" height=\"706\" srcset=\"https:\/\/www.hitbotrobot.com\/es\/wp-content\/uploads\/2020\/06\/S922-robot-arm_13.jpg 800w, https:\/\/www.hitbotrobot.com\/es\/wp-content\/uploads\/2020\/06\/S922-robot-arm_13-768x678.jpg 768w, https:\/\/www.hitbotrobot.com\/es\/wp-content\/uploads\/2020\/06\/S922-robot-arm_13-600x530.jpg 600w\" sizes=\"(max-width: 800px) 100vw, 800px\" \/> <img loading=\"lazy\" decoding=\"async\" class=\"alignnone size-full wp-image-16340 aligncenter\" src=\"https:\/\/www.hitbotrobot.com\/es\/wp-content\/uploads\/2020\/06\/S922-robot-arm_14.jpg\" alt=\"\" width=\"800\" height=\"707\" srcset=\"https:\/\/www.hitbotrobot.com\/es\/wp-content\/uploads\/2020\/06\/S922-robot-arm_14.jpg 800w, https:\/\/www.hitbotrobot.com\/es\/wp-content\/uploads\/2020\/06\/S922-robot-arm_14-768x679.jpg 768w, https:\/\/www.hitbotrobot.com\/es\/wp-content\/uploads\/2020\/06\/S922-robot-arm_14-600x530.jpg 600w\" sizes=\"(max-width: 800px) 100vw, 800px\" \/> <img loading=\"lazy\" decoding=\"async\" class=\"alignnone size-full wp-image-16341 aligncenter\" src=\"https:\/\/www.hitbotrobot.com\/es\/wp-content\/uploads\/2020\/06\/S922-robot-arm_15.jpg\" alt=\"\" width=\"800\" height=\"706\" srcset=\"https:\/\/www.hitbotrobot.com\/es\/wp-content\/uploads\/2020\/06\/S922-robot-arm_15.jpg 800w, https:\/\/www.hitbotrobot.com\/es\/wp-content\/uploads\/2020\/06\/S922-robot-arm_15-768x678.jpg 768w, https:\/\/www.hitbotrobot.com\/es\/wp-content\/uploads\/2020\/06\/S922-robot-arm_15-600x530.jpg 600w\" sizes=\"(max-width: 800px) 100vw, 800px\" \/><br \/>\n<\/strong><\/p>\n","protected":false},"excerpt":{"rendered":"<p>[embed]https:\/\/www.hitbot.cc\/assets\/video\/z-arm\/6-dof-robot-ar.mp4&#8230;<\/p>\n","protected":false},"featured_media":13501,"comment_status":"open","ping_status":"closed","template":"","meta":[],"product_brand":[],"product_cat":[42],"product_tag":[104],"class_list":{"0":"post-7761","1":"product","2":"type-product","3":"status-publish","4":"has-post-thumbnail","6":"product_cat-robotic-arm","7":"product_tag-6-axis","9":"first","10":"instock","11":"shipping-taxable","12":"product-type-simple"},"yoast_head":"<!-- This site is optimized with the Yoast SEO plugin v22.7 - https:\/\/yoast.com\/wordpress\/plugins\/seo\/ -->\n<title>Brazo rob\u00f3tico de 6 ejes con rango de trabajo de 922 mm | Brazo rob\u00f3tico HITBOT 6 Dof<\/title>\n<meta name=\"description\" content=\"El brazo rob\u00f3tico de 6 ejes HITBOT con un rango de trabajo de 922 mm tiene un reductor de engranajes, un motor el\u00e9ctrico, un codificador y un control de accionamiento integrados, que es f\u00e1cil de montar o desmontar.\" \/>\n<meta name=\"robots\" content=\"index, follow, max-snippet:-1, max-image-preview:large, max-video-preview:-1\" \/>\n<link rel=\"canonical\" href=\"https:\/\/www.hitbotrobot.com\/es\/product\/s922-robotic-arm\/\" \/>\n<meta property=\"og:locale\" content=\"en_US\" \/>\n<meta property=\"og:type\" content=\"article\" \/>\n<meta property=\"og:title\" content=\"Brazo rob\u00f3tico de 6 ejes con rango de trabajo de 922 mm | Brazo rob\u00f3tico HITBOT 6 Dof\" \/>\n<meta property=\"og:description\" content=\"El brazo rob\u00f3tico de 6 ejes HITBOT con un rango de trabajo de 922 mm tiene un reductor de engranajes, un motor el\u00e9ctrico, un codificador y un control de accionamiento integrados, que es f\u00e1cil de montar o desmontar.\" \/>\n<meta property=\"og:url\" content=\"https:\/\/www.hitbotrobot.com\/es\/product\/s922-robotic-arm\/\" \/>\n<meta property=\"og:site_name\" content=\"Huiling Tech\" \/>\n<meta property=\"article:modified_time\" content=\"2022-09-29T08:18:14+00:00\" \/>\n<meta property=\"og:image\" content=\"https:\/\/www.hitbotrobot.com\/es\/wp-content\/uploads\/2020\/06\/S922-Robotic-Arm-bro-01.jpg\" \/>\n\t<meta property=\"og:image:width\" content=\"600\" \/>\n\t<meta property=\"og:image:height\" content=\"400\" \/>\n\t<meta property=\"og:image:type\" content=\"image\/jpeg\" \/>\n<meta name=\"twitter:card\" content=\"summary_large_image\" \/>\n<meta name=\"twitter:label1\" content=\"Est. reading time\" \/>\n\t<meta name=\"twitter:data1\" content=\"5 minutes\" \/>\n<script type=\"application\/ld+json\" class=\"yoast-schema-graph\">{\"@context\":\"https:\/\/schema.org\",\"@graph\":[{\"@type\":\"WebPage\",\"@id\":\"https:\/\/www.hitbotrobot.com\/es\/product\/s922-robotic-arm\/\",\"url\":\"https:\/\/www.hitbotrobot.com\/es\/product\/s922-robotic-arm\/\",\"name\":\"Brazo rob\u00f3tico de 6 ejes con rango de trabajo de 922 mm | Brazo rob\u00f3tico HITBOT 6 Dof\",\"isPartOf\":{\"@id\":\"https:\/\/www.hitbotrobot.com\/es\/#website\"},\"primaryImageOfPage\":{\"@id\":\"https:\/\/www.hitbotrobot.com\/es\/product\/s922-robotic-arm\/#primaryimage\"},\"image\":{\"@id\":\"https:\/\/www.hitbotrobot.com\/es\/product\/s922-robotic-arm\/#primaryimage\"},\"thumbnailUrl\":\"https:\/\/www.hitbotrobot.com\/es\/wp-content\/uploads\/2020\/06\/S922-Robotic-Arm-bro-01.jpg\",\"datePublished\":\"2020-06-10T09:21:46+00:00\",\"dateModified\":\"2022-09-29T08:18:14+00:00\",\"description\":\"El brazo rob\u00f3tico de 6 ejes HITBOT con un rango de trabajo de 922 mm tiene un reductor de engranajes, un motor el\u00e9ctrico, un codificador y un control de accionamiento integrados, que es f\u00e1cil de montar o desmontar.\",\"breadcrumb\":{\"@id\":\"https:\/\/www.hitbotrobot.com\/es\/product\/s922-robotic-arm\/#breadcrumb\"},\"inLanguage\":\"en-US\",\"potentialAction\":[{\"@type\":\"ReadAction\",\"target\":[\"https:\/\/www.hitbotrobot.com\/es\/product\/s922-robotic-arm\/\"]}]},{\"@type\":\"ImageObject\",\"inLanguage\":\"en-US\",\"@id\":\"https:\/\/www.hitbotrobot.com\/es\/product\/s922-robotic-arm\/#primaryimage\",\"url\":\"https:\/\/www.hitbotrobot.com\/es\/wp-content\/uploads\/2020\/06\/S922-Robotic-Arm-bro-01.jpg\",\"contentUrl\":\"https:\/\/www.hitbotrobot.com\/es\/wp-content\/uploads\/2020\/06\/S922-Robotic-Arm-bro-01.jpg\",\"width\":600,\"height\":400},{\"@type\":\"BreadcrumbList\",\"@id\":\"https:\/\/www.hitbotrobot.com\/es\/product\/s922-robotic-arm\/#breadcrumb\",\"itemListElement\":[{\"@type\":\"ListItem\",\"position\":1,\"name\":\"Shop\",\"item\":\"https:\/\/www.hitbotrobot.com\/shop\/\"},{\"@type\":\"ListItem\",\"position\":2,\"name\":\"Brazo rob\u00f3tico S922 HITBOT\"}]},{\"@type\":\"WebSite\",\"@id\":\"https:\/\/www.hitbotrobot.com\/es\/#website\",\"url\":\"https:\/\/www.hitbotrobot.com\/es\/\",\"name\":\"Huiling Tech\",\"description\":\"Manufacturer for Robotic Arm\",\"potentialAction\":[{\"@type\":\"SearchAction\",\"target\":{\"@type\":\"EntryPoint\",\"urlTemplate\":\"https:\/\/www.hitbotrobot.com\/es\/?s={search_term_string}\"},\"query-input\":\"required name=search_term_string\"}],\"inLanguage\":\"en-US\"}]}<\/script>\n<!-- \/ Yoast SEO plugin. -->","yoast_head_json":{"title":"Brazo rob\u00f3tico de 6 ejes con rango de trabajo de 922 mm | Brazo rob\u00f3tico HITBOT 6 Dof","description":"El brazo rob\u00f3tico de 6 ejes HITBOT con un rango de trabajo de 922 mm tiene un reductor de engranajes, un motor el\u00e9ctrico, un codificador y un control de accionamiento integrados, que es f\u00e1cil de montar o desmontar.","robots":{"index":"index","follow":"follow","max-snippet":"max-snippet:-1","max-image-preview":"max-image-preview:large","max-video-preview":"max-video-preview:-1"},"canonical":"https:\/\/www.hitbotrobot.com\/es\/product\/s922-robotic-arm\/","og_locale":"en_US","og_type":"article","og_title":"Brazo rob\u00f3tico de 6 ejes con rango de trabajo de 922 mm | Brazo rob\u00f3tico HITBOT 6 Dof","og_description":"El brazo rob\u00f3tico de 6 ejes HITBOT con un rango de trabajo de 922 mm tiene un reductor de engranajes, un motor el\u00e9ctrico, un codificador y un control de accionamiento integrados, que es f\u00e1cil de montar o desmontar.","og_url":"https:\/\/www.hitbotrobot.com\/es\/product\/s922-robotic-arm\/","og_site_name":"Huiling Tech","article_modified_time":"2022-09-29T08:18:14+00:00","og_image":[{"width":600,"height":400,"url":"https:\/\/www.hitbotrobot.com\/es\/wp-content\/uploads\/2020\/06\/S922-Robotic-Arm-bro-01.jpg","type":"image\/jpeg"}],"twitter_card":"summary_large_image","twitter_misc":{"Est. reading time":"5 minutes"},"schema":{"@context":"https:\/\/schema.org","@graph":[{"@type":"WebPage","@id":"https:\/\/www.hitbotrobot.com\/es\/product\/s922-robotic-arm\/","url":"https:\/\/www.hitbotrobot.com\/es\/product\/s922-robotic-arm\/","name":"Brazo rob\u00f3tico de 6 ejes con rango de trabajo de 922 mm | Brazo rob\u00f3tico HITBOT 6 Dof","isPartOf":{"@id":"https:\/\/www.hitbotrobot.com\/es\/#website"},"primaryImageOfPage":{"@id":"https:\/\/www.hitbotrobot.com\/es\/product\/s922-robotic-arm\/#primaryimage"},"image":{"@id":"https:\/\/www.hitbotrobot.com\/es\/product\/s922-robotic-arm\/#primaryimage"},"thumbnailUrl":"https:\/\/www.hitbotrobot.com\/es\/wp-content\/uploads\/2020\/06\/S922-Robotic-Arm-bro-01.jpg","datePublished":"2020-06-10T09:21:46+00:00","dateModified":"2022-09-29T08:18:14+00:00","description":"El brazo rob\u00f3tico de 6 ejes HITBOT con un rango de trabajo de 922 mm tiene un reductor de engranajes, un motor el\u00e9ctrico, un codificador y un control de accionamiento integrados, que es f\u00e1cil de montar o desmontar.","breadcrumb":{"@id":"https:\/\/www.hitbotrobot.com\/es\/product\/s922-robotic-arm\/#breadcrumb"},"inLanguage":"en-US","potentialAction":[{"@type":"ReadAction","target":["https:\/\/www.hitbotrobot.com\/es\/product\/s922-robotic-arm\/"]}]},{"@type":"ImageObject","inLanguage":"en-US","@id":"https:\/\/www.hitbotrobot.com\/es\/product\/s922-robotic-arm\/#primaryimage","url":"https:\/\/www.hitbotrobot.com\/es\/wp-content\/uploads\/2020\/06\/S922-Robotic-Arm-bro-01.jpg","contentUrl":"https:\/\/www.hitbotrobot.com\/es\/wp-content\/uploads\/2020\/06\/S922-Robotic-Arm-bro-01.jpg","width":600,"height":400},{"@type":"BreadcrumbList","@id":"https:\/\/www.hitbotrobot.com\/es\/product\/s922-robotic-arm\/#breadcrumb","itemListElement":[{"@type":"ListItem","position":1,"name":"Shop","item":"https:\/\/www.hitbotrobot.com\/shop\/"},{"@type":"ListItem","position":2,"name":"Brazo rob\u00f3tico S922 HITBOT"}]},{"@type":"WebSite","@id":"https:\/\/www.hitbotrobot.com\/es\/#website","url":"https:\/\/www.hitbotrobot.com\/es\/","name":"Huiling Tech","description":"Manufacturer for Robotic Arm","potentialAction":[{"@type":"SearchAction","target":{"@type":"EntryPoint","urlTemplate":"https:\/\/www.hitbotrobot.com\/es\/?s={search_term_string}"},"query-input":"required name=search_term_string"}],"inLanguage":"en-US"}]}},"_links":{"self":[{"href":"https:\/\/www.hitbotrobot.com\/es\/wp-json\/wp\/v2\/product\/7761","targetHints":{"allow":["GET"]}}],"collection":[{"href":"https:\/\/www.hitbotrobot.com\/es\/wp-json\/wp\/v2\/product"}],"about":[{"href":"https:\/\/www.hitbotrobot.com\/es\/wp-json\/wp\/v2\/types\/product"}],"replies":[{"embeddable":true,"href":"https:\/\/www.hitbotrobot.com\/es\/wp-json\/wp\/v2\/comments?post=7761"}],"wp:featuredmedia":[{"embeddable":true,"href":"https:\/\/www.hitbotrobot.com\/es\/wp-json\/wp\/v2\/media\/13501"}],"wp:attachment":[{"href":"https:\/\/www.hitbotrobot.com\/es\/wp-json\/wp\/v2\/media?parent=7761"}],"wp:term":[{"taxonomy":"product_brand","embeddable":true,"href":"https:\/\/www.hitbotrobot.com\/es\/wp-json\/wp\/v2\/product_brand?post=7761"},{"taxonomy":"product_cat","embeddable":true,"href":"https:\/\/www.hitbotrobot.com\/es\/wp-json\/wp\/v2\/product_cat?post=7761"},{"taxonomy":"product_tag","embeddable":true,"href":"https:\/\/www.hitbotrobot.com\/es\/wp-json\/wp\/v2\/product_tag?post=7761"}],"curies":[{"name":"wp","href":"https:\/\/api.w.org\/{rel}","templated":true}]}}