{"id":7759,"date":"2020-06-10T09:21:45","date_gmt":"2020-06-10T09:21:45","guid":{"rendered":"http:\/\/rstheme.com\/products\/wordpress\/reobiz\/product\/import-placeholder-for-7669\/"},"modified":"2022-09-29T09:58:40","modified_gmt":"2022-09-29T09:58:40","slug":"z-efg-l-robotic-gripper","status":"publish","type":"product","link":"https:\/\/www.hitbotrobot.com\/es\/product\/z-efg-l-robotic-gripper\/","title":{"rendered":"Pinza rob\u00f3tica Z-EFG-L"},"content":{"rendered":"<p><strong>Introducci\u00f3n del producto<\/strong>:<br \/>\nEFG-L es una pinza paralela rob\u00f3tica el\u00e9ctrica de 2 dedos con una fuerza de agarre de 30 N, que admite sujeci\u00f3n suave, como huevos, pan, tubos de tetina, etc.<\/p>\n<p><img fetchpriority=\"high\" decoding=\"async\" class=\"size-full wp-image-13885 aligncenter\" src=\"https:\/\/www.hitbotrobot.com\/es\/wp-content\/uploads\/2020\/06\/Z-EFG-L-robotic-gripper-dis-01.jpg\" alt=\"\" width=\"800\" height=\"691\" srcset=\"https:\/\/www.hitbotrobot.com\/es\/wp-content\/uploads\/2020\/06\/Z-EFG-L-robotic-gripper-dis-01.jpg 800w, https:\/\/www.hitbotrobot.com\/es\/wp-content\/uploads\/2020\/06\/Z-EFG-L-robotic-gripper-dis-01-768x663.jpg 768w, https:\/\/www.hitbotrobot.com\/es\/wp-content\/uploads\/2020\/06\/Z-EFG-L-robotic-gripper-dis-01-80x68.jpg 80w, https:\/\/www.hitbotrobot.com\/es\/wp-content\/uploads\/2020\/06\/Z-EFG-L-robotic-gripper-dis-01-600x518.jpg 600w\" sizes=\"(max-width: 800px) 100vw, 800px\" \/> <img decoding=\"async\" class=\"size-full wp-image-13886 aligncenter\" src=\"https:\/\/www.hitbotrobot.com\/es\/wp-content\/uploads\/2020\/06\/Z-EFG-L-robotic-gripper-dis-02.jpg\" alt=\"\" width=\"800\" height=\"571\" srcset=\"https:\/\/www.hitbotrobot.com\/es\/wp-content\/uploads\/2020\/06\/Z-EFG-L-robotic-gripper-dis-02.jpg 800w, https:\/\/www.hitbotrobot.com\/es\/wp-content\/uploads\/2020\/06\/Z-EFG-L-robotic-gripper-dis-02-768x548.jpg 768w, https:\/\/www.hitbotrobot.com\/es\/wp-content\/uploads\/2020\/06\/Z-EFG-L-robotic-gripper-dis-02-600x428.jpg 600w\" sizes=\"(max-width: 800px) 100vw, 800px\" \/><br \/>\n<strong>Parametros del producto<\/strong>:<\/p>\n<table style=\"border-collapse: collapse;\" border=\"1\" width=\"90%\" cellspacing=\"0\" cellpadding=\"0\">\n<tbody>\n<tr>\n<td colspan=\"2\">\u00a0 nombre del producto:<\/td>\n<td>\u00a0 \u00a0Pinza el\u00e9ctrica rob\u00f3tica<\/td>\n<\/tr>\n<tr>\n<td colspan=\"2\">\u00a0 Art\u00edculo No.:<\/td>\n<td>\u00a0 Z-EFG-L<\/td>\n<\/tr>\n<tr>\n<td colspan=\"2\">\u00a0 Carrera total<\/td>\n<td>\u00a0 12mm<\/td>\n<\/tr>\n<tr>\n<td colspan=\"2\">\u00a0 Fuerza de sujecion<\/td>\n<td>\u00a0 30N<\/td>\n<\/tr>\n<tr>\n<td colspan=\"2\">\u00a0 Peso m\u00e1ximo de sujeci\u00f3n<\/td>\n<td>\u00a0 \u22640.5kg<\/td>\n<\/tr>\n<tr>\n<td colspan=\"2\">\u00a0 Precisi\u00f3n de posicionamiento repetido<\/td>\n<td>\u00a0 \/<\/td>\n<\/tr>\n<tr>\n<td colspan=\"2\">\u00a0 Tiempo de movimiento para todo el viaje<\/td>\n<td>\u00a00.4s\/open-close circle<\/td>\n<\/tr>\n<tr>\n<td colspan=\"2\">\u00a0 Rango de temperatura de funcionamiento<\/td>\n<td>\u00a0 5~55\u2103<\/td>\n<\/tr>\n<tr>\n<td colspan=\"2\">\u00a0 Rango de humedad<\/td>\n<td>\u00a0 RH35-80 ( sin escarcha )<\/td>\n<\/tr>\n<tr>\n<td colspan=\"2\">\u00a0 M\u00e9todo de movimiento<\/td>\n<td>\u00a0 2 dedos paralelos<\/td>\n<\/tr>\n<tr>\n<td colspan=\"2\">\u00a0 Longitud de viaje ajustable<\/td>\n<td>\u00a0 Not Adjustable<\/td>\n<\/tr>\n<tr>\n<td colspan=\"2\">\u00a0 Fuerza de sujeci\u00f3n ajustable<\/td>\n<td>\u00a0 Not Adjustable<\/td>\n<\/tr>\n<tr>\n<td colspan=\"2\">\u00a0 Peso<\/td>\n<td>\u00a0 0.4kg<\/td>\n<\/tr>\n<tr>\n<td colspan=\"2\">\u00a0 Dimensi\u00f3n (L*W*H)<\/td>\n<td>\u00a0 68*68*113.6mm<\/td>\n<\/tr>\n<tr>\n<td colspan=\"2\">\u00a0 Tipo de ubicaci\u00f3n del controlador<\/td>\n<td>\u00a0 Incorporado<\/td>\n<\/tr>\n<tr>\n<td colspan=\"2\">\u00a0 Energ\u00eda<\/td>\n<td>\u00a0 5W<\/td>\n<\/tr>\n<tr>\n<td colspan=\"2\">\u00a0 Voltaje nominal<\/td>\n<td>\u00a0 24V<\/td>\n<\/tr>\n<tr>\n<td colspan=\"2\">\u00a0 Corriente de espera<\/td>\n<td>\u00a0 0.02A<\/td>\n<\/tr>\n<tr>\n<td colspan=\"2\">\u00a0 Corriente pico<\/td>\n<td>\u00a0 1A<\/td>\n<\/tr>\n<\/tbody>\n<\/table>\n<p><strong>Descripci\u00f3n del producto<\/strong>:<br \/>\n<img decoding=\"async\" class=\"alignnone size-full wp-image-16271 aligncenter\" src=\"https:\/\/www.hitbotrobot.com\/es\/wp-content\/uploads\/2020\/06\/Z-EFG-L-gripper_01.jpg\" alt=\"\" width=\"800\" height=\"659\" srcset=\"https:\/\/www.hitbotrobot.com\/es\/wp-content\/uploads\/2020\/06\/Z-EFG-L-gripper_01.jpg 800w, https:\/\/www.hitbotrobot.com\/es\/wp-content\/uploads\/2020\/06\/Z-EFG-L-gripper_01-768x633.jpg 768w, https:\/\/www.hitbotrobot.com\/es\/wp-content\/uploads\/2020\/06\/Z-EFG-L-gripper_01-600x494.jpg 600w\" sizes=\"(max-width: 800px) 100vw, 800px\" \/> <img loading=\"lazy\" decoding=\"async\" class=\"alignnone size-full wp-image-16272 aligncenter\" src=\"https:\/\/www.hitbotrobot.com\/es\/wp-content\/uploads\/2020\/06\/Z-EFG-L-gripper_02.jpg\" alt=\"\" width=\"800\" height=\"658\" srcset=\"https:\/\/www.hitbotrobot.com\/es\/wp-content\/uploads\/2020\/06\/Z-EFG-L-gripper_02.jpg 800w, https:\/\/www.hitbotrobot.com\/es\/wp-content\/uploads\/2020\/06\/Z-EFG-L-gripper_02-768x632.jpg 768w, https:\/\/www.hitbotrobot.com\/es\/wp-content\/uploads\/2020\/06\/Z-EFG-L-gripper_02-600x494.jpg 600w\" sizes=\"(max-width: 800px) 100vw, 800px\" \/> <img loading=\"lazy\" decoding=\"async\" class=\"alignnone size-full wp-image-16273 aligncenter\" src=\"https:\/\/www.hitbotrobot.com\/es\/wp-content\/uploads\/2020\/06\/Z-EFG-L-gripper_03.jpg\" alt=\"\" width=\"800\" height=\"659\" srcset=\"https:\/\/www.hitbotrobot.com\/es\/wp-content\/uploads\/2020\/06\/Z-EFG-L-gripper_03.jpg 800w, https:\/\/www.hitbotrobot.com\/es\/wp-content\/uploads\/2020\/06\/Z-EFG-L-gripper_03-768x633.jpg 768w, https:\/\/www.hitbotrobot.com\/es\/wp-content\/uploads\/2020\/06\/Z-EFG-L-gripper_03-600x494.jpg 600w\" sizes=\"(max-width: 800px) 100vw, 800px\" \/> <img loading=\"lazy\" decoding=\"async\" class=\"alignnone size-full wp-image-16274 aligncenter\" src=\"https:\/\/www.hitbotrobot.com\/es\/wp-content\/uploads\/2020\/06\/Z-EFG-L-gripper_04.jpg\" alt=\"\" width=\"800\" height=\"659\" srcset=\"https:\/\/www.hitbotrobot.com\/es\/wp-content\/uploads\/2020\/06\/Z-EFG-L-gripper_04.jpg 800w, https:\/\/www.hitbotrobot.com\/es\/wp-content\/uploads\/2020\/06\/Z-EFG-L-gripper_04-768x633.jpg 768w, https:\/\/www.hitbotrobot.com\/es\/wp-content\/uploads\/2020\/06\/Z-EFG-L-gripper_04-600x494.jpg 600w\" sizes=\"(max-width: 800px) 100vw, 800px\" \/> <img loading=\"lazy\" decoding=\"async\" class=\"alignnone size-full wp-image-16275 aligncenter\" src=\"https:\/\/www.hitbotrobot.com\/es\/wp-content\/uploads\/2020\/06\/Z-EFG-L-gripper_05.jpg\" alt=\"\" width=\"800\" height=\"658\" srcset=\"https:\/\/www.hitbotrobot.com\/es\/wp-content\/uploads\/2020\/06\/Z-EFG-L-gripper_05.jpg 800w, https:\/\/www.hitbotrobot.com\/es\/wp-content\/uploads\/2020\/06\/Z-EFG-L-gripper_05-768x632.jpg 768w, https:\/\/www.hitbotrobot.com\/es\/wp-content\/uploads\/2020\/06\/Z-EFG-L-gripper_05-600x494.jpg 600w\" sizes=\"(max-width: 800px) 100vw, 800px\" \/> <img loading=\"lazy\" decoding=\"async\" class=\"alignnone size-full wp-image-16276 aligncenter\" src=\"https:\/\/www.hitbotrobot.com\/es\/wp-content\/uploads\/2020\/06\/Z-EFG-L-gripper_06.jpg\" alt=\"\" width=\"800\" height=\"659\" srcset=\"https:\/\/www.hitbotrobot.com\/es\/wp-content\/uploads\/2020\/06\/Z-EFG-L-gripper_06.jpg 800w, https:\/\/www.hitbotrobot.com\/es\/wp-content\/uploads\/2020\/06\/Z-EFG-L-gripper_06-768x633.jpg 768w, https:\/\/www.hitbotrobot.com\/es\/wp-content\/uploads\/2020\/06\/Z-EFG-L-gripper_06-600x494.jpg 600w\" sizes=\"(max-width: 800px) 100vw, 800px\" \/> <img loading=\"lazy\" decoding=\"async\" class=\"alignnone size-full wp-image-16277 aligncenter\" src=\"https:\/\/www.hitbotrobot.com\/es\/wp-content\/uploads\/2020\/06\/Z-EFG-L-gripper_07.jpg\" alt=\"\" width=\"800\" height=\"659\" srcset=\"https:\/\/www.hitbotrobot.com\/es\/wp-content\/uploads\/2020\/06\/Z-EFG-L-gripper_07.jpg 800w, https:\/\/www.hitbotrobot.com\/es\/wp-content\/uploads\/2020\/06\/Z-EFG-L-gripper_07-768x633.jpg 768w, https:\/\/www.hitbotrobot.com\/es\/wp-content\/uploads\/2020\/06\/Z-EFG-L-gripper_07-600x494.jpg 600w\" sizes=\"(max-width: 800px) 100vw, 800px\" \/> <img loading=\"lazy\" decoding=\"async\" class=\"alignnone size-full wp-image-16278 aligncenter\" src=\"https:\/\/www.hitbotrobot.com\/es\/wp-content\/uploads\/2020\/06\/Z-EFG-L-gripper_08.jpg\" alt=\"\" width=\"800\" height=\"659\" srcset=\"https:\/\/www.hitbotrobot.com\/es\/wp-content\/uploads\/2020\/06\/Z-EFG-L-gripper_08.jpg 800w, https:\/\/www.hitbotrobot.com\/es\/wp-content\/uploads\/2020\/06\/Z-EFG-L-gripper_08-768x633.jpg 768w, https:\/\/www.hitbotrobot.com\/es\/wp-content\/uploads\/2020\/06\/Z-EFG-L-gripper_08-600x494.jpg 600w\" sizes=\"(max-width: 800px) 100vw, 800px\" \/> <img loading=\"lazy\" decoding=\"async\" class=\"alignnone size-full wp-image-16279 aligncenter\" src=\"https:\/\/www.hitbotrobot.com\/es\/wp-content\/uploads\/2020\/06\/Z-EFG-L-gripper_09.jpg\" alt=\"\" width=\"800\" height=\"658\" srcset=\"https:\/\/www.hitbotrobot.com\/es\/wp-content\/uploads\/2020\/06\/Z-EFG-L-gripper_09.jpg 800w, https:\/\/www.hitbotrobot.com\/es\/wp-content\/uploads\/2020\/06\/Z-EFG-L-gripper_09-768x632.jpg 768w, https:\/\/www.hitbotrobot.com\/es\/wp-content\/uploads\/2020\/06\/Z-EFG-L-gripper_09-600x494.jpg 600w\" sizes=\"(max-width: 800px) 100vw, 800px\" \/> <img loading=\"lazy\" decoding=\"async\" class=\"alignnone size-full wp-image-16280 aligncenter\" src=\"https:\/\/www.hitbotrobot.com\/es\/wp-content\/uploads\/2020\/06\/Z-EFG-L-gripper_10.jpg\" alt=\"\" width=\"800\" height=\"659\" srcset=\"https:\/\/www.hitbotrobot.com\/es\/wp-content\/uploads\/2020\/06\/Z-EFG-L-gripper_10.jpg 800w, https:\/\/www.hitbotrobot.com\/es\/wp-content\/uploads\/2020\/06\/Z-EFG-L-gripper_10-768x633.jpg 768w, https:\/\/www.hitbotrobot.com\/es\/wp-content\/uploads\/2020\/06\/Z-EFG-L-gripper_10-600x494.jpg 600w\" sizes=\"(max-width: 800px) 100vw, 800px\" \/> <img loading=\"lazy\" decoding=\"async\" class=\"alignnone size-full wp-image-16281 aligncenter\" src=\"https:\/\/www.hitbotrobot.com\/es\/wp-content\/uploads\/2020\/06\/Z-EFG-L-gripper_11.jpg\" alt=\"\" width=\"800\" height=\"659\" srcset=\"https:\/\/www.hitbotrobot.com\/es\/wp-content\/uploads\/2020\/06\/Z-EFG-L-gripper_11.jpg 800w, https:\/\/www.hitbotrobot.com\/es\/wp-content\/uploads\/2020\/06\/Z-EFG-L-gripper_11-768x633.jpg 768w, https:\/\/www.hitbotrobot.com\/es\/wp-content\/uploads\/2020\/06\/Z-EFG-L-gripper_11-600x494.jpg 600w\" sizes=\"(max-width: 800px) 100vw, 800px\" \/> <img loading=\"lazy\" decoding=\"async\" class=\"alignnone size-full wp-image-16282 aligncenter\" src=\"https:\/\/www.hitbotrobot.com\/es\/wp-content\/uploads\/2020\/06\/Z-EFG-L-gripper_12.jpg\" alt=\"\" width=\"800\" height=\"658\" srcset=\"https:\/\/www.hitbotrobot.com\/es\/wp-content\/uploads\/2020\/06\/Z-EFG-L-gripper_12.jpg 800w, https:\/\/www.hitbotrobot.com\/es\/wp-content\/uploads\/2020\/06\/Z-EFG-L-gripper_12-768x632.jpg 768w, https:\/\/www.hitbotrobot.com\/es\/wp-content\/uploads\/2020\/06\/Z-EFG-L-gripper_12-600x494.jpg 600w\" sizes=\"(max-width: 800px) 100vw, 800px\" \/> <img loading=\"lazy\" decoding=\"async\" class=\"alignnone size-full wp-image-16283 aligncenter\" src=\"https:\/\/www.hitbotrobot.com\/es\/wp-content\/uploads\/2020\/06\/Z-EFG-L-gripper_13.jpg\" alt=\"\" width=\"800\" height=\"659\" srcset=\"https:\/\/www.hitbotrobot.com\/es\/wp-content\/uploads\/2020\/06\/Z-EFG-L-gripper_13.jpg 800w, https:\/\/www.hitbotrobot.com\/es\/wp-content\/uploads\/2020\/06\/Z-EFG-L-gripper_13-768x633.jpg 768w, https:\/\/www.hitbotrobot.com\/es\/wp-content\/uploads\/2020\/06\/Z-EFG-L-gripper_13-600x494.jpg 600w\" sizes=\"(max-width: 800px) 100vw, 800px\" \/><\/p>\n","protected":false},"excerpt":{"rendered":"<p>[embed]https:\/\/www.youtube.com\/watch?v=5lNGACvlocA&#8230;<\/p>\n","protected":false},"featured_media":13596,"comment_status":"open","ping_status":"closed","template":"","meta":[],"product_brand":[],"product_cat":[39],"product_tag":[105],"class_list":{"0":"post-7759","1":"product","2":"type-product","3":"status-publish","4":"has-post-thumbnail","6":"product_cat-robotic-gripper","7":"product_tag-electric-parallel-gripper","9":"first","10":"instock","11":"shipping-taxable","12":"product-type-simple"},"yoast_head":"<!-- This site is optimized with the Yoast SEO plugin v22.7 - https:\/\/yoast.com\/wordpress\/plugins\/seo\/ -->\n<title>Pinza de brazo rob\u00f3tico con fuerza de sujeci\u00f3n de 30N | HITBOT Servo Garra<\/title>\n<meta name=\"description\" content=\"La pinza de brazo rob\u00f3tico HITBOT tiene una fuerza de sujeci\u00f3n de 30N, puede sujetar objetos de hasta 500 g, es de bajo costo con una servogarra rob\u00f3tica de 2 dedos.\" \/>\n<meta name=\"robots\" content=\"index, follow, max-snippet:-1, max-image-preview:large, max-video-preview:-1\" \/>\n<link rel=\"canonical\" href=\"https:\/\/www.hitbotrobot.com\/es\/product\/z-efg-l-robotic-gripper\/\" \/>\n<meta property=\"og:locale\" content=\"en_US\" \/>\n<meta property=\"og:type\" content=\"article\" \/>\n<meta property=\"og:title\" content=\"Pinza de brazo rob\u00f3tico con fuerza de sujeci\u00f3n de 30N | HITBOT Servo Garra\" \/>\n<meta property=\"og:description\" content=\"La pinza de brazo rob\u00f3tico HITBOT tiene una fuerza de sujeci\u00f3n de 30N, puede sujetar objetos de hasta 500 g, es de bajo costo con una servogarra rob\u00f3tica de 2 dedos.\" \/>\n<meta property=\"og:url\" content=\"https:\/\/www.hitbotrobot.com\/es\/product\/z-efg-l-robotic-gripper\/\" \/>\n<meta property=\"og:site_name\" content=\"Huiling Tech\" \/>\n<meta property=\"article:modified_time\" content=\"2022-09-29T09:58:40+00:00\" \/>\n<meta property=\"og:image\" content=\"https:\/\/www.hitbotrobot.com\/es\/wp-content\/uploads\/2020\/06\/Z-EFG-L-robotic-gripper-bro-01.jpg\" \/>\n\t<meta property=\"og:image:width\" content=\"600\" \/>\n\t<meta property=\"og:image:height\" content=\"400\" \/>\n\t<meta property=\"og:image:type\" content=\"image\/jpeg\" \/>\n<meta name=\"twitter:card\" content=\"summary_large_image\" \/>\n<meta name=\"twitter:label1\" content=\"Est. reading time\" \/>\n\t<meta name=\"twitter:data1\" content=\"4 minutes\" \/>\n<script type=\"application\/ld+json\" class=\"yoast-schema-graph\">{\"@context\":\"https:\/\/schema.org\",\"@graph\":[{\"@type\":\"WebPage\",\"@id\":\"https:\/\/www.hitbotrobot.com\/es\/product\/z-efg-l-robotic-gripper\/\",\"url\":\"https:\/\/www.hitbotrobot.com\/es\/product\/z-efg-l-robotic-gripper\/\",\"name\":\"Pinza de brazo rob\u00f3tico con fuerza de sujeci\u00f3n de 30N | HITBOT Servo Garra\",\"isPartOf\":{\"@id\":\"https:\/\/www.hitbotrobot.com\/es\/#website\"},\"primaryImageOfPage\":{\"@id\":\"https:\/\/www.hitbotrobot.com\/es\/product\/z-efg-l-robotic-gripper\/#primaryimage\"},\"image\":{\"@id\":\"https:\/\/www.hitbotrobot.com\/es\/product\/z-efg-l-robotic-gripper\/#primaryimage\"},\"thumbnailUrl\":\"https:\/\/www.hitbotrobot.com\/es\/wp-content\/uploads\/2020\/06\/Z-EFG-L-robotic-gripper-bro-01.jpg\",\"datePublished\":\"2020-06-10T09:21:45+00:00\",\"dateModified\":\"2022-09-29T09:58:40+00:00\",\"description\":\"La pinza de brazo rob\u00f3tico HITBOT tiene una fuerza de sujeci\u00f3n de 30N, puede sujetar objetos de hasta 500 g, es de bajo costo con una servogarra rob\u00f3tica de 2 dedos.\",\"breadcrumb\":{\"@id\":\"https:\/\/www.hitbotrobot.com\/es\/product\/z-efg-l-robotic-gripper\/#breadcrumb\"},\"inLanguage\":\"en-US\",\"potentialAction\":[{\"@type\":\"ReadAction\",\"target\":[\"https:\/\/www.hitbotrobot.com\/es\/product\/z-efg-l-robotic-gripper\/\"]}]},{\"@type\":\"ImageObject\",\"inLanguage\":\"en-US\",\"@id\":\"https:\/\/www.hitbotrobot.com\/es\/product\/z-efg-l-robotic-gripper\/#primaryimage\",\"url\":\"https:\/\/www.hitbotrobot.com\/es\/wp-content\/uploads\/2020\/06\/Z-EFG-L-robotic-gripper-bro-01.jpg\",\"contentUrl\":\"https:\/\/www.hitbotrobot.com\/es\/wp-content\/uploads\/2020\/06\/Z-EFG-L-robotic-gripper-bro-01.jpg\",\"width\":600,\"height\":400},{\"@type\":\"BreadcrumbList\",\"@id\":\"https:\/\/www.hitbotrobot.com\/es\/product\/z-efg-l-robotic-gripper\/#breadcrumb\",\"itemListElement\":[{\"@type\":\"ListItem\",\"position\":1,\"name\":\"Shop\",\"item\":\"https:\/\/www.hitbotrobot.com\/shop\/\"},{\"@type\":\"ListItem\",\"position\":2,\"name\":\"Pinza rob\u00f3tica Z-EFG-L\"}]},{\"@type\":\"WebSite\",\"@id\":\"https:\/\/www.hitbotrobot.com\/es\/#website\",\"url\":\"https:\/\/www.hitbotrobot.com\/es\/\",\"name\":\"Huiling Tech\",\"description\":\"Manufacturer for Robotic Arm\",\"potentialAction\":[{\"@type\":\"SearchAction\",\"target\":{\"@type\":\"EntryPoint\",\"urlTemplate\":\"https:\/\/www.hitbotrobot.com\/es\/?s={search_term_string}\"},\"query-input\":\"required name=search_term_string\"}],\"inLanguage\":\"en-US\"}]}<\/script>\n<!-- \/ Yoast SEO plugin. -->","yoast_head_json":{"title":"Pinza de brazo rob\u00f3tico con fuerza de sujeci\u00f3n de 30N | HITBOT Servo Garra","description":"La pinza de brazo rob\u00f3tico HITBOT tiene una fuerza de sujeci\u00f3n de 30N, puede sujetar objetos de hasta 500 g, es de bajo costo con una servogarra rob\u00f3tica de 2 dedos.","robots":{"index":"index","follow":"follow","max-snippet":"max-snippet:-1","max-image-preview":"max-image-preview:large","max-video-preview":"max-video-preview:-1"},"canonical":"https:\/\/www.hitbotrobot.com\/es\/product\/z-efg-l-robotic-gripper\/","og_locale":"en_US","og_type":"article","og_title":"Pinza de brazo rob\u00f3tico con fuerza de sujeci\u00f3n de 30N | HITBOT Servo Garra","og_description":"La pinza de brazo rob\u00f3tico HITBOT tiene una fuerza de sujeci\u00f3n de 30N, puede sujetar objetos de hasta 500 g, es de bajo costo con una servogarra rob\u00f3tica de 2 dedos.","og_url":"https:\/\/www.hitbotrobot.com\/es\/product\/z-efg-l-robotic-gripper\/","og_site_name":"Huiling Tech","article_modified_time":"2022-09-29T09:58:40+00:00","og_image":[{"width":600,"height":400,"url":"https:\/\/www.hitbotrobot.com\/es\/wp-content\/uploads\/2020\/06\/Z-EFG-L-robotic-gripper-bro-01.jpg","type":"image\/jpeg"}],"twitter_card":"summary_large_image","twitter_misc":{"Est. reading time":"4 minutes"},"schema":{"@context":"https:\/\/schema.org","@graph":[{"@type":"WebPage","@id":"https:\/\/www.hitbotrobot.com\/es\/product\/z-efg-l-robotic-gripper\/","url":"https:\/\/www.hitbotrobot.com\/es\/product\/z-efg-l-robotic-gripper\/","name":"Pinza de brazo rob\u00f3tico con fuerza de sujeci\u00f3n de 30N | HITBOT Servo Garra","isPartOf":{"@id":"https:\/\/www.hitbotrobot.com\/es\/#website"},"primaryImageOfPage":{"@id":"https:\/\/www.hitbotrobot.com\/es\/product\/z-efg-l-robotic-gripper\/#primaryimage"},"image":{"@id":"https:\/\/www.hitbotrobot.com\/es\/product\/z-efg-l-robotic-gripper\/#primaryimage"},"thumbnailUrl":"https:\/\/www.hitbotrobot.com\/es\/wp-content\/uploads\/2020\/06\/Z-EFG-L-robotic-gripper-bro-01.jpg","datePublished":"2020-06-10T09:21:45+00:00","dateModified":"2022-09-29T09:58:40+00:00","description":"La pinza de brazo rob\u00f3tico HITBOT tiene una fuerza de sujeci\u00f3n de 30N, puede sujetar objetos de hasta 500 g, es de bajo costo con una servogarra rob\u00f3tica de 2 dedos.","breadcrumb":{"@id":"https:\/\/www.hitbotrobot.com\/es\/product\/z-efg-l-robotic-gripper\/#breadcrumb"},"inLanguage":"en-US","potentialAction":[{"@type":"ReadAction","target":["https:\/\/www.hitbotrobot.com\/es\/product\/z-efg-l-robotic-gripper\/"]}]},{"@type":"ImageObject","inLanguage":"en-US","@id":"https:\/\/www.hitbotrobot.com\/es\/product\/z-efg-l-robotic-gripper\/#primaryimage","url":"https:\/\/www.hitbotrobot.com\/es\/wp-content\/uploads\/2020\/06\/Z-EFG-L-robotic-gripper-bro-01.jpg","contentUrl":"https:\/\/www.hitbotrobot.com\/es\/wp-content\/uploads\/2020\/06\/Z-EFG-L-robotic-gripper-bro-01.jpg","width":600,"height":400},{"@type":"BreadcrumbList","@id":"https:\/\/www.hitbotrobot.com\/es\/product\/z-efg-l-robotic-gripper\/#breadcrumb","itemListElement":[{"@type":"ListItem","position":1,"name":"Shop","item":"https:\/\/www.hitbotrobot.com\/shop\/"},{"@type":"ListItem","position":2,"name":"Pinza rob\u00f3tica Z-EFG-L"}]},{"@type":"WebSite","@id":"https:\/\/www.hitbotrobot.com\/es\/#website","url":"https:\/\/www.hitbotrobot.com\/es\/","name":"Huiling Tech","description":"Manufacturer for Robotic Arm","potentialAction":[{"@type":"SearchAction","target":{"@type":"EntryPoint","urlTemplate":"https:\/\/www.hitbotrobot.com\/es\/?s={search_term_string}"},"query-input":"required name=search_term_string"}],"inLanguage":"en-US"}]}},"_links":{"self":[{"href":"https:\/\/www.hitbotrobot.com\/es\/wp-json\/wp\/v2\/product\/7759","targetHints":{"allow":["GET"]}}],"collection":[{"href":"https:\/\/www.hitbotrobot.com\/es\/wp-json\/wp\/v2\/product"}],"about":[{"href":"https:\/\/www.hitbotrobot.com\/es\/wp-json\/wp\/v2\/types\/product"}],"replies":[{"embeddable":true,"href":"https:\/\/www.hitbotrobot.com\/es\/wp-json\/wp\/v2\/comments?post=7759"}],"wp:featuredmedia":[{"embeddable":true,"href":"https:\/\/www.hitbotrobot.com\/es\/wp-json\/wp\/v2\/media\/13596"}],"wp:attachment":[{"href":"https:\/\/www.hitbotrobot.com\/es\/wp-json\/wp\/v2\/media?parent=7759"}],"wp:term":[{"taxonomy":"product_brand","embeddable":true,"href":"https:\/\/www.hitbotrobot.com\/es\/wp-json\/wp\/v2\/product_brand?post=7759"},{"taxonomy":"product_cat","embeddable":true,"href":"https:\/\/www.hitbotrobot.com\/es\/wp-json\/wp\/v2\/product_cat?post=7759"},{"taxonomy":"product_tag","embeddable":true,"href":"https:\/\/www.hitbotrobot.com\/es\/wp-json\/wp\/v2\/product_tag?post=7759"}],"curies":[{"name":"wp","href":"https:\/\/api.w.org\/{rel}","templated":true}]}}