{"id":7757,"date":"2020-06-10T09:21:45","date_gmt":"2020-06-10T09:21:45","guid":{"rendered":"http:\/\/rstheme.com\/products\/wordpress\/reobiz\/product\/import-placeholder-for-7619\/"},"modified":"2025-10-17T10:13:45","modified_gmt":"2025-10-17T10:13:45","slug":"2442-robotic-arm","status":"publish","type":"product","link":"https:\/\/www.hitbotrobot.com\/es\/product\/2442-robotic-arm\/","title":{"rendered":"2442 Brazo rob\u00f3tico cooperativo"},"content":{"rendered":"<p><strong>Introducci\u00f3n del producto<\/strong>:<br \/>\nEl Hitbot Z-Arm 2442 est\u00e1 dise\u00f1ado por Huiling Tech, es un robot colaborativo liviano, f\u00e1cil de programar y usar, compatible con SDK. Adem\u00e1s, es compatible con la detecci\u00f3n de colisiones, es decir, ser\u00eda autom\u00e1tico detenerse al tocar a un humano, que es una colaboraci\u00f3n inteligente entre humanos y m\u00e1quinas, la seguridad es alta.<br \/>\n<img fetchpriority=\"high\" decoding=\"async\" class=\"size-full wp-image-13704 aligncenter\" src=\"https:\/\/www.hitbotrobot.com\/es\/wp-content\/uploads\/2020\/06\/2442-robotic-arm-dis-01.jpg\" alt=\"\" width=\"800\" height=\"663\" srcset=\"https:\/\/www.hitbotrobot.com\/es\/wp-content\/uploads\/2020\/06\/2442-robotic-arm-dis-01.jpg 800w, https:\/\/www.hitbotrobot.com\/es\/wp-content\/uploads\/2020\/06\/2442-robotic-arm-dis-01-768x636.jpg 768w, https:\/\/www.hitbotrobot.com\/es\/wp-content\/uploads\/2020\/06\/2442-robotic-arm-dis-01-600x497.jpg 600w\" sizes=\"(max-width: 800px) 100vw, 800px\" \/><br \/>\n<img decoding=\"async\" class=\"size-full wp-image-13705 aligncenter\" src=\"https:\/\/www.hitbotrobot.com\/es\/wp-content\/uploads\/2020\/06\/2442-robotic-arm-dis-02.jpg\" alt=\"\" width=\"800\" height=\"613\" srcset=\"https:\/\/www.hitbotrobot.com\/es\/wp-content\/uploads\/2020\/06\/2442-robotic-arm-dis-02.jpg 800w, https:\/\/www.hitbotrobot.com\/es\/wp-content\/uploads\/2020\/06\/2442-robotic-arm-dis-02-768x588.jpg 768w, https:\/\/www.hitbotrobot.com\/es\/wp-content\/uploads\/2020\/06\/2442-robotic-arm-dis-02-600x460.jpg 600w\" sizes=\"(max-width: 800px) 100vw, 800px\" \/><br \/>\n<strong>Parametros del producto<\/strong>:<\/p>\n<table style=\"border-collapse: collapse;\" border=\"1\" width=\"90%\" cellspacing=\"0\" cellpadding=\"0\">\n<tbody>\n<tr>\n<td colspan=\"2\">\u00a0 nombre del producto:<\/td>\n<td>\u00a0 Brazo robotico<\/td>\n<\/tr>\n<tr>\n<td colspan=\"2\">\u00a0 Art\u00edculo No.:<\/td>\n<td>\u00a0 Z-Arm 2442<\/td>\n<\/tr>\n<tr>\n<td rowspan=\"2\">\u00a0 J1 Axis<\/td>\n<td>\u00a0 \u00a0Alcance del brazo<\/td>\n<td>\u00a0 220mm<\/td>\n<\/tr>\n<tr>\n<td>\u00a0 \u00a0Rango de rotaci\u00f3n<\/td>\n<td>\u00a0 \u00b190\u00b0<\/td>\n<\/tr>\n<tr>\n<td rowspan=\"2\">\u00a0 J2 Axis<\/td>\n<td>\u00a0 \u00a0Alcanzar<\/td>\n<td>\u00a0 200mm<\/td>\n<\/tr>\n<tr>\n<td>\u00a0 Rango de rotaci\u00f3n<\/td>\n<td>\u00a0 \u00b1164\u00b0<\/td>\n<\/tr>\n<tr>\n<td>\u00a0 Z Axis<\/td>\n<td>\u00a0 Alcanzar<\/td>\n<td>\u00a0 240mm<\/td>\n<\/tr>\n<tr>\n<td>\u00a0 R Axis (Opcional)<\/td>\n<td>\u00a0 Rango de rotaci\u00f3n<\/td>\n<td>\u00a0 \u00b11080\u00b0<\/td>\n<\/tr>\n<tr>\n<td colspan=\"2\">\u00a0 Velocidad lineal media m\u00e1xima<\/td>\n<td>\u00a0 1255.45mm\/s(with 1.5kg payload)\/1023.79mm\/s(with 2kg payload)<\/td>\n<\/tr>\n<tr>\n<td colspan=\"2\">\u00a0 Repetibilidad<\/td>\n<td>\u00a0 \u00b10.03mm<\/td>\n<\/tr>\n<tr>\n<td colspan=\"2\">\u00a0 Carga \u00fatil nominal<\/td>\n<td>\u00a0 2KG<\/td>\n<\/tr>\n<tr>\n<td colspan=\"2\">\u00a0 M\u00e1ximo de carga \u00fatil<\/td>\n<td>\u00a0 3KG<\/td>\n<\/tr>\n<tr>\n<td colspan=\"2\">\u00a0 N\u00famero de eje<\/td>\n<td>\u00a0 4<\/td>\n<\/tr>\n<tr>\n<td colspan=\"2\">\u00a0 Voltaje<\/td>\n<td>\u00a0 220V\/110V 50-60Hz DC24V \/ Power 500W<\/td>\n<\/tr>\n<tr>\n<td colspan=\"2\">\u00a0 Comunicaci\u00f3n<\/td>\n<td>\u00a0 Ethernet<\/td>\n<\/tr>\n<tr>\n<td colspan=\"2\">\u00a0 Extensibilidad<\/td>\n<td>\u00a0 \u00a0Controlador de movimiento incorporado; con 24 puertos de E\/S; extensibilidad para a\u00f1adir un brazo m\u00e1s<\/td>\n<\/tr>\n<tr>\n<td colspan=\"2\">\u00a0 Altura del eje Z personalizable<\/td>\n<td>\u00a0 0.1-1 metro<\/td>\n<\/tr>\n<tr>\n<td colspan=\"2\">\u00a0 Arrastre del eje Z para ense\u00f1ar<\/td>\n<td>\u00a0 Ok<\/td>\n<\/tr>\n<tr>\n<td colspan=\"2\">\u00a0 Pinzas compatibles con HITBOT<\/td>\n<td>\u00a0 Z-EFG-8S \/ Z-EFG-12 \/ Z-EFG-20 \/ Z-EFG-20S \/ Z-EFG-30 \/ Z-EFG-50\uff0cel quinto eje\uff0c3D\u6253\u5370<\/td>\n<\/tr>\n<tr>\n<td colspan=\"2\" rowspan=\"2\">\u00a0 J2 rango de recorrido del brazo<\/td>\n<td>\u00a0 est\u00e1ndar: \u00b1164\u00b0<\/td>\n<\/tr>\n<tr>\n<td>\u00a0 Opcional: 15-345\u00b0<\/td>\n<\/tr>\n<tr>\n<td colspan=\"2\">\u00a0 Accesorios Opcionales<\/td>\n<td>\u00a0 pinzas\/5-th axis\/485 board \/equipo de impresi\u00f3n 3D<\/td>\n<\/tr>\n<tr>\n<td colspan=\"2\">\u00a0 Temperatura de trabajo<\/td>\n<td>\u00a0 La temperatura: 0-55\u2103, Humedad: RH85<\/td>\n<\/tr>\n<tr>\n<td colspan=\"2\">\u00a0 I\/O Ports: Entrada digital (aislada)<\/td>\n<td>\u00a0 9+3 arm extensibilidad<\/td>\n<\/tr>\n<tr>\n<td colspan=\"2\">\u00a0 I\/O Ports: Salida digital (aislada)<\/td>\n<td>\u00a0 9+3 extensibilidad para un brazo m\u00e1s<\/td>\n<\/tr>\n<tr>\n<td colspan=\"2\">\u00a0 Altura<\/td>\n<td>\u00a0 596mm<\/td>\n<\/tr>\n<tr>\n<td colspan=\"2\">\u00a0 Peso<\/td>\n<td>\u00a0 19Kg<\/td>\n<\/tr>\n<tr>\n<td colspan=\"2\">\u00a0 Tama\u00f1o de la base de la m\u00e1quina: Huella<\/td>\n<td>\u00a0 200*200*10mm<\/td>\n<\/tr>\n<tr>\n<td colspan=\"2\">\u00a0 Tama\u00f1o de la base de la m\u00e1quina: espaciado de los orificios de fijaci\u00f3n de la m\u00e1quina<\/td>\n<td>\u00a0 160mm*160mm (with 4M 8*20 tornillos)<\/td>\n<\/tr>\n<tr>\n<td colspan=\"2\">\u00a0 Detecci\u00f3n de colisiones<\/td>\n<td>\u00a0 Yes<\/td>\n<\/tr>\n<tr>\n<td colspan=\"2\">\u00a0 Compatibilidad de bridas<\/td>\n<td>\u00a0 Compatible con Z-Arm 2140<\/td>\n<\/tr>\n<\/tbody>\n<\/table>\n<p><strong>Descripci\u00f3n del producto:<\/strong><br \/>\n<img decoding=\"async\" class=\"alignnone size-full wp-image-16284 aligncenter\" src=\"https:\/\/www.hitbotrobot.com\/es\/wp-content\/uploads\/2020\/06\/2442-robotarm_01.jpg\" alt=\"\" width=\"800\" height=\"679\" srcset=\"https:\/\/www.hitbotrobot.com\/es\/wp-content\/uploads\/2020\/06\/2442-robotarm_01.jpg 800w, https:\/\/www.hitbotrobot.com\/es\/wp-content\/uploads\/2020\/06\/2442-robotarm_01-768x652.jpg 768w, https:\/\/www.hitbotrobot.com\/es\/wp-content\/uploads\/2020\/06\/2442-robotarm_01-80x68.jpg 80w, https:\/\/www.hitbotrobot.com\/es\/wp-content\/uploads\/2020\/06\/2442-robotarm_01-600x509.jpg 600w\" sizes=\"(max-width: 800px) 100vw, 800px\" \/> <img loading=\"lazy\" decoding=\"async\" class=\"alignnone size-full wp-image-16285 aligncenter\" src=\"https:\/\/www.hitbotrobot.com\/es\/wp-content\/uploads\/2020\/06\/2442-robotarm_02.jpg\" alt=\"\" width=\"800\" height=\"680\" srcset=\"https:\/\/www.hitbotrobot.com\/es\/wp-content\/uploads\/2020\/06\/2442-robotarm_02.jpg 800w, https:\/\/www.hitbotrobot.com\/es\/wp-content\/uploads\/2020\/06\/2442-robotarm_02-768x653.jpg 768w, https:\/\/www.hitbotrobot.com\/es\/wp-content\/uploads\/2020\/06\/2442-robotarm_02-80x68.jpg 80w, https:\/\/www.hitbotrobot.com\/es\/wp-content\/uploads\/2020\/06\/2442-robotarm_02-600x510.jpg 600w\" sizes=\"(max-width: 800px) 100vw, 800px\" \/> <img loading=\"lazy\" decoding=\"async\" class=\"alignnone size-full wp-image-16286 aligncenter\" src=\"https:\/\/www.hitbotrobot.com\/es\/wp-content\/uploads\/2020\/06\/2442-robotarm_03.jpg\" alt=\"\" width=\"800\" height=\"679\" srcset=\"https:\/\/www.hitbotrobot.com\/es\/wp-content\/uploads\/2020\/06\/2442-robotarm_03.jpg 800w, https:\/\/www.hitbotrobot.com\/es\/wp-content\/uploads\/2020\/06\/2442-robotarm_03-768x652.jpg 768w, https:\/\/www.hitbotrobot.com\/es\/wp-content\/uploads\/2020\/06\/2442-robotarm_03-80x68.jpg 80w, https:\/\/www.hitbotrobot.com\/es\/wp-content\/uploads\/2020\/06\/2442-robotarm_03-600x509.jpg 600w\" sizes=\"(max-width: 800px) 100vw, 800px\" \/> <img loading=\"lazy\" decoding=\"async\" class=\"alignnone size-full wp-image-16287 aligncenter\" src=\"https:\/\/www.hitbotrobot.com\/es\/wp-content\/uploads\/2020\/06\/2442-robotarm_04.jpg\" alt=\"\" width=\"800\" height=\"680\" srcset=\"https:\/\/www.hitbotrobot.com\/es\/wp-content\/uploads\/2020\/06\/2442-robotarm_04.jpg 800w, https:\/\/www.hitbotrobot.com\/es\/wp-content\/uploads\/2020\/06\/2442-robotarm_04-768x653.jpg 768w, https:\/\/www.hitbotrobot.com\/es\/wp-content\/uploads\/2020\/06\/2442-robotarm_04-80x68.jpg 80w, https:\/\/www.hitbotrobot.com\/es\/wp-content\/uploads\/2020\/06\/2442-robotarm_04-600x510.jpg 600w\" sizes=\"(max-width: 800px) 100vw, 800px\" \/> <img loading=\"lazy\" decoding=\"async\" class=\"alignnone size-full wp-image-16288 aligncenter\" src=\"https:\/\/www.hitbotrobot.com\/es\/wp-content\/uploads\/2020\/06\/2442-robotarm_05.jpg\" alt=\"\" width=\"800\" height=\"679\" srcset=\"https:\/\/www.hitbotrobot.com\/es\/wp-content\/uploads\/2020\/06\/2442-robotarm_05.jpg 800w, https:\/\/www.hitbotrobot.com\/es\/wp-content\/uploads\/2020\/06\/2442-robotarm_05-768x652.jpg 768w, https:\/\/www.hitbotrobot.com\/es\/wp-content\/uploads\/2020\/06\/2442-robotarm_05-80x68.jpg 80w, https:\/\/www.hitbotrobot.com\/es\/wp-content\/uploads\/2020\/06\/2442-robotarm_05-600x509.jpg 600w\" sizes=\"(max-width: 800px) 100vw, 800px\" \/> <img loading=\"lazy\" decoding=\"async\" class=\"alignnone size-full wp-image-16289 aligncenter\" src=\"https:\/\/www.hitbotrobot.com\/es\/wp-content\/uploads\/2020\/06\/2442-robotarm_06.jpg\" alt=\"\" width=\"800\" height=\"680\" srcset=\"https:\/\/www.hitbotrobot.com\/es\/wp-content\/uploads\/2020\/06\/2442-robotarm_06.jpg 800w, https:\/\/www.hitbotrobot.com\/es\/wp-content\/uploads\/2020\/06\/2442-robotarm_06-768x653.jpg 768w, https:\/\/www.hitbotrobot.com\/es\/wp-content\/uploads\/2020\/06\/2442-robotarm_06-80x68.jpg 80w, https:\/\/www.hitbotrobot.com\/es\/wp-content\/uploads\/2020\/06\/2442-robotarm_06-600x510.jpg 600w\" sizes=\"(max-width: 800px) 100vw, 800px\" \/> <img loading=\"lazy\" decoding=\"async\" class=\"alignnone size-full wp-image-16290 aligncenter\" src=\"https:\/\/www.hitbotrobot.com\/es\/wp-content\/uploads\/2020\/06\/2442-robotarm_07.jpg\" alt=\"\" width=\"800\" height=\"679\" srcset=\"https:\/\/www.hitbotrobot.com\/es\/wp-content\/uploads\/2020\/06\/2442-robotarm_07.jpg 800w, https:\/\/www.hitbotrobot.com\/es\/wp-content\/uploads\/2020\/06\/2442-robotarm_07-768x652.jpg 768w, https:\/\/www.hitbotrobot.com\/es\/wp-content\/uploads\/2020\/06\/2442-robotarm_07-80x68.jpg 80w, https:\/\/www.hitbotrobot.com\/es\/wp-content\/uploads\/2020\/06\/2442-robotarm_07-600x509.jpg 600w\" sizes=\"(max-width: 800px) 100vw, 800px\" \/> <img loading=\"lazy\" decoding=\"async\" class=\"alignnone size-full wp-image-16291 aligncenter\" src=\"https:\/\/www.hitbotrobot.com\/es\/wp-content\/uploads\/2020\/06\/2442-robotarm_08.jpg\" alt=\"\" width=\"800\" height=\"680\" srcset=\"https:\/\/www.hitbotrobot.com\/es\/wp-content\/uploads\/2020\/06\/2442-robotarm_08.jpg 800w, https:\/\/www.hitbotrobot.com\/es\/wp-content\/uploads\/2020\/06\/2442-robotarm_08-768x653.jpg 768w, https:\/\/www.hitbotrobot.com\/es\/wp-content\/uploads\/2020\/06\/2442-robotarm_08-80x68.jpg 80w, https:\/\/www.hitbotrobot.com\/es\/wp-content\/uploads\/2020\/06\/2442-robotarm_08-600x510.jpg 600w\" sizes=\"(max-width: 800px) 100vw, 800px\" \/> <img loading=\"lazy\" decoding=\"async\" class=\"alignnone size-full wp-image-16292 aligncenter\" src=\"https:\/\/www.hitbotrobot.com\/es\/wp-content\/uploads\/2020\/06\/2442-robotarm_09.jpg\" alt=\"\" width=\"800\" height=\"679\" srcset=\"https:\/\/www.hitbotrobot.com\/es\/wp-content\/uploads\/2020\/06\/2442-robotarm_09.jpg 800w, https:\/\/www.hitbotrobot.com\/es\/wp-content\/uploads\/2020\/06\/2442-robotarm_09-768x652.jpg 768w, https:\/\/www.hitbotrobot.com\/es\/wp-content\/uploads\/2020\/06\/2442-robotarm_09-80x68.jpg 80w, https:\/\/www.hitbotrobot.com\/es\/wp-content\/uploads\/2020\/06\/2442-robotarm_09-600x509.jpg 600w\" sizes=\"(max-width: 800px) 100vw, 800px\" \/> <img loading=\"lazy\" decoding=\"async\" class=\"alignnone size-full wp-image-16293 aligncenter\" src=\"https:\/\/www.hitbotrobot.com\/es\/wp-content\/uploads\/2020\/06\/2442-robotarm_10.jpg\" alt=\"\" width=\"800\" height=\"679\" srcset=\"https:\/\/www.hitbotrobot.com\/es\/wp-content\/uploads\/2020\/06\/2442-robotarm_10.jpg 800w, https:\/\/www.hitbotrobot.com\/es\/wp-content\/uploads\/2020\/06\/2442-robotarm_10-768x652.jpg 768w, https:\/\/www.hitbotrobot.com\/es\/wp-content\/uploads\/2020\/06\/2442-robotarm_10-80x68.jpg 80w, https:\/\/www.hitbotrobot.com\/es\/wp-content\/uploads\/2020\/06\/2442-robotarm_10-600x509.jpg 600w\" sizes=\"(max-width: 800px) 100vw, 800px\" \/> <img loading=\"lazy\" decoding=\"async\" class=\"alignnone size-full wp-image-16294 aligncenter\" src=\"https:\/\/www.hitbotrobot.com\/es\/wp-content\/uploads\/2020\/06\/2442-robotarm_11.jpg\" alt=\"\" width=\"800\" height=\"680\" srcset=\"https:\/\/www.hitbotrobot.com\/es\/wp-content\/uploads\/2020\/06\/2442-robotarm_11.jpg 800w, https:\/\/www.hitbotrobot.com\/es\/wp-content\/uploads\/2020\/06\/2442-robotarm_11-768x653.jpg 768w, https:\/\/www.hitbotrobot.com\/es\/wp-content\/uploads\/2020\/06\/2442-robotarm_11-80x68.jpg 80w, https:\/\/www.hitbotrobot.com\/es\/wp-content\/uploads\/2020\/06\/2442-robotarm_11-600x510.jpg 600w\" sizes=\"(max-width: 800px) 100vw, 800px\" \/> <img loading=\"lazy\" decoding=\"async\" class=\"alignnone size-full wp-image-16295 aligncenter\" src=\"https:\/\/www.hitbotrobot.com\/es\/wp-content\/uploads\/2020\/06\/2442-robotarm_12.jpg\" alt=\"\" width=\"800\" height=\"679\" srcset=\"https:\/\/www.hitbotrobot.com\/es\/wp-content\/uploads\/2020\/06\/2442-robotarm_12.jpg 800w, https:\/\/www.hitbotrobot.com\/es\/wp-content\/uploads\/2020\/06\/2442-robotarm_12-768x652.jpg 768w, https:\/\/www.hitbotrobot.com\/es\/wp-content\/uploads\/2020\/06\/2442-robotarm_12-80x68.jpg 80w, https:\/\/www.hitbotrobot.com\/es\/wp-content\/uploads\/2020\/06\/2442-robotarm_12-600x509.jpg 600w\" sizes=\"(max-width: 800px) 100vw, 800px\" \/> <img loading=\"lazy\" decoding=\"async\" class=\"alignnone size-full wp-image-16296 aligncenter\" src=\"https:\/\/www.hitbotrobot.com\/es\/wp-content\/uploads\/2020\/06\/2442-robotarm_13.jpg\" alt=\"\" width=\"800\" height=\"680\" srcset=\"https:\/\/www.hitbotrobot.com\/es\/wp-content\/uploads\/2020\/06\/2442-robotarm_13.jpg 800w, https:\/\/www.hitbotrobot.com\/es\/wp-content\/uploads\/2020\/06\/2442-robotarm_13-768x653.jpg 768w, https:\/\/www.hitbotrobot.com\/es\/wp-content\/uploads\/2020\/06\/2442-robotarm_13-80x68.jpg 80w, https:\/\/www.hitbotrobot.com\/es\/wp-content\/uploads\/2020\/06\/2442-robotarm_13-600x510.jpg 600w\" sizes=\"(max-width: 800px) 100vw, 800px\" \/> <img loading=\"lazy\" decoding=\"async\" class=\"alignnone size-full wp-image-16297 aligncenter\" src=\"https:\/\/www.hitbotrobot.com\/es\/wp-content\/uploads\/2020\/06\/2442-robotarm_14.jpg\" alt=\"\" width=\"800\" height=\"679\" srcset=\"https:\/\/www.hitbotrobot.com\/es\/wp-content\/uploads\/2020\/06\/2442-robotarm_14.jpg 800w, https:\/\/www.hitbotrobot.com\/es\/wp-content\/uploads\/2020\/06\/2442-robotarm_14-768x652.jpg 768w, https:\/\/www.hitbotrobot.com\/es\/wp-content\/uploads\/2020\/06\/2442-robotarm_14-80x68.jpg 80w, https:\/\/www.hitbotrobot.com\/es\/wp-content\/uploads\/2020\/06\/2442-robotarm_14-600x509.jpg 600w\" sizes=\"(max-width: 800px) 100vw, 800px\" \/> <img loading=\"lazy\" decoding=\"async\" class=\"alignnone size-full wp-image-16298 aligncenter\" src=\"https:\/\/www.hitbotrobot.com\/es\/wp-content\/uploads\/2020\/06\/2442-robotarm_15.jpg\" alt=\"\" width=\"800\" height=\"680\" srcset=\"https:\/\/www.hitbotrobot.com\/es\/wp-content\/uploads\/2020\/06\/2442-robotarm_15.jpg 800w, https:\/\/www.hitbotrobot.com\/es\/wp-content\/uploads\/2020\/06\/2442-robotarm_15-768x653.jpg 768w, https:\/\/www.hitbotrobot.com\/es\/wp-content\/uploads\/2020\/06\/2442-robotarm_15-80x68.jpg 80w, https:\/\/www.hitbotrobot.com\/es\/wp-content\/uploads\/2020\/06\/2442-robotarm_15-600x510.jpg 600w\" sizes=\"(max-width: 800px) 100vw, 800px\" \/> <img loading=\"lazy\" decoding=\"async\" class=\"alignnone size-full wp-image-16299 aligncenter\" src=\"https:\/\/www.hitbotrobot.com\/es\/wp-content\/uploads\/2020\/06\/2442-robotarm_16.jpg\" alt=\"\" width=\"800\" height=\"679\" srcset=\"https:\/\/www.hitbotrobot.com\/es\/wp-content\/uploads\/2020\/06\/2442-robotarm_16.jpg 800w, https:\/\/www.hitbotrobot.com\/es\/wp-content\/uploads\/2020\/06\/2442-robotarm_16-768x652.jpg 768w, https:\/\/www.hitbotrobot.com\/es\/wp-content\/uploads\/2020\/06\/2442-robotarm_16-80x68.jpg 80w, https:\/\/www.hitbotrobot.com\/es\/wp-content\/uploads\/2020\/06\/2442-robotarm_16-600x509.jpg 600w\" sizes=\"(max-width: 800px) 100vw, 800px\" \/><\/p>\n","protected":false},"excerpt":{"rendered":"<p>[embed]https:\/\/www.youtube.com\/watch?v=0jU5iuGCN0k&#8230;<\/p>\n","protected":false},"featured_media":16685,"comment_status":"open","ping_status":"closed","template":"","meta":[],"product_brand":[],"product_cat":[42],"product_tag":[103],"class_list":{"0":"post-7757","1":"product","2":"type-product","3":"status-publish","4":"has-post-thumbnail","6":"product_cat-robotic-arm","7":"product_tag-4-axis","9":"first","10":"instock","11":"shipping-taxable","12":"product-type-simple"},"yoast_head":"<!-- This site is optimized with the Yoast SEO plugin v22.7 - https:\/\/yoast.com\/wordpress\/plugins\/seo\/ -->\n<title>Brazo rob\u00f3tico de 4 grados de libertad con carga m\u00e1xima de 3 kg | Brazo Scara de 4 ejes HITBOT<\/title>\n<meta name=\"description\" content=\"El brazo rob\u00f3tico HITBOT 4 dof se puede conectar por Wi-Fi o Ethernet, su extensi\u00f3n m\u00e1xima del brazo puede alcanzar los 420 mm, el desplazamiento del eje Z puede alcanzar los 240 mm.\" \/>\n<meta name=\"robots\" content=\"index, follow, max-snippet:-1, max-image-preview:large, max-video-preview:-1\" \/>\n<link rel=\"canonical\" href=\"https:\/\/www.hitbotrobot.com\/es\/product\/2442-robotic-arm\/\" \/>\n<meta property=\"og:locale\" content=\"en_US\" \/>\n<meta property=\"og:type\" content=\"article\" \/>\n<meta property=\"og:title\" content=\"Brazo rob\u00f3tico de 4 grados de libertad con carga m\u00e1xima de 3 kg | Brazo Scara de 4 ejes HITBOT\" \/>\n<meta property=\"og:description\" content=\"El brazo rob\u00f3tico HITBOT 4 dof se puede conectar por Wi-Fi o Ethernet, su extensi\u00f3n m\u00e1xima del brazo puede alcanzar los 420 mm, el desplazamiento del eje Z puede alcanzar los 240 mm.\" \/>\n<meta property=\"og:url\" content=\"https:\/\/www.hitbotrobot.com\/es\/product\/2442-robotic-arm\/\" \/>\n<meta property=\"og:site_name\" content=\"Huiling Tech\" \/>\n<meta property=\"article:modified_time\" content=\"2025-10-17T10:13:45+00:00\" \/>\n<meta property=\"og:image\" content=\"https:\/\/www.hitbotrobot.com\/es\/wp-content\/uploads\/2020\/06\/2442-robot-01.jpg\" \/>\n\t<meta property=\"og:image:width\" content=\"600\" \/>\n\t<meta property=\"og:image:height\" content=\"400\" \/>\n\t<meta property=\"og:image:type\" content=\"image\/jpeg\" \/>\n<meta name=\"twitter:card\" content=\"summary_large_image\" \/>\n<meta name=\"twitter:label1\" content=\"Est. reading time\" \/>\n\t<meta name=\"twitter:data1\" content=\"5 minutes\" \/>\n<script type=\"application\/ld+json\" class=\"yoast-schema-graph\">{\"@context\":\"https:\/\/schema.org\",\"@graph\":[{\"@type\":\"WebPage\",\"@id\":\"https:\/\/www.hitbotrobot.com\/es\/product\/2442-robotic-arm\/\",\"url\":\"https:\/\/www.hitbotrobot.com\/es\/product\/2442-robotic-arm\/\",\"name\":\"Brazo rob\u00f3tico de 4 grados de libertad con carga m\u00e1xima de 3 kg | Brazo Scara de 4 ejes HITBOT\",\"isPartOf\":{\"@id\":\"https:\/\/www.hitbotrobot.com\/es\/#website\"},\"primaryImageOfPage\":{\"@id\":\"https:\/\/www.hitbotrobot.com\/es\/product\/2442-robotic-arm\/#primaryimage\"},\"image\":{\"@id\":\"https:\/\/www.hitbotrobot.com\/es\/product\/2442-robotic-arm\/#primaryimage\"},\"thumbnailUrl\":\"https:\/\/www.hitbotrobot.com\/es\/wp-content\/uploads\/2020\/06\/2442-robot-01.jpg\",\"datePublished\":\"2020-06-10T09:21:45+00:00\",\"dateModified\":\"2025-10-17T10:13:45+00:00\",\"description\":\"El brazo rob\u00f3tico HITBOT 4 dof se puede conectar por Wi-Fi o Ethernet, su extensi\u00f3n m\u00e1xima del brazo puede alcanzar los 420 mm, el desplazamiento del eje Z puede alcanzar los 240 mm.\",\"breadcrumb\":{\"@id\":\"https:\/\/www.hitbotrobot.com\/es\/product\/2442-robotic-arm\/#breadcrumb\"},\"inLanguage\":\"en-US\",\"potentialAction\":[{\"@type\":\"ReadAction\",\"target\":[\"https:\/\/www.hitbotrobot.com\/es\/product\/2442-robotic-arm\/\"]}]},{\"@type\":\"ImageObject\",\"inLanguage\":\"en-US\",\"@id\":\"https:\/\/www.hitbotrobot.com\/es\/product\/2442-robotic-arm\/#primaryimage\",\"url\":\"https:\/\/www.hitbotrobot.com\/es\/wp-content\/uploads\/2020\/06\/2442-robot-01.jpg\",\"contentUrl\":\"https:\/\/www.hitbotrobot.com\/es\/wp-content\/uploads\/2020\/06\/2442-robot-01.jpg\",\"width\":600,\"height\":400},{\"@type\":\"BreadcrumbList\",\"@id\":\"https:\/\/www.hitbotrobot.com\/es\/product\/2442-robotic-arm\/#breadcrumb\",\"itemListElement\":[{\"@type\":\"ListItem\",\"position\":1,\"name\":\"Shop\",\"item\":\"https:\/\/www.hitbotrobot.com\/shop\/\"},{\"@type\":\"ListItem\",\"position\":2,\"name\":\"2442 Brazo rob\u00f3tico cooperativo\"}]},{\"@type\":\"WebSite\",\"@id\":\"https:\/\/www.hitbotrobot.com\/es\/#website\",\"url\":\"https:\/\/www.hitbotrobot.com\/es\/\",\"name\":\"Huiling Tech\",\"description\":\"Manufacturer for Robotic Arm\",\"potentialAction\":[{\"@type\":\"SearchAction\",\"target\":{\"@type\":\"EntryPoint\",\"urlTemplate\":\"https:\/\/www.hitbotrobot.com\/es\/?s={search_term_string}\"},\"query-input\":\"required name=search_term_string\"}],\"inLanguage\":\"en-US\"}]}<\/script>\n<!-- \/ Yoast SEO plugin. -->","yoast_head_json":{"title":"Brazo rob\u00f3tico de 4 grados de libertad con carga m\u00e1xima de 3 kg | Brazo Scara de 4 ejes HITBOT","description":"El brazo rob\u00f3tico HITBOT 4 dof se puede conectar por Wi-Fi o Ethernet, su extensi\u00f3n m\u00e1xima del brazo puede alcanzar los 420 mm, el desplazamiento del eje Z puede alcanzar los 240 mm.","robots":{"index":"index","follow":"follow","max-snippet":"max-snippet:-1","max-image-preview":"max-image-preview:large","max-video-preview":"max-video-preview:-1"},"canonical":"https:\/\/www.hitbotrobot.com\/es\/product\/2442-robotic-arm\/","og_locale":"en_US","og_type":"article","og_title":"Brazo rob\u00f3tico de 4 grados de libertad con carga m\u00e1xima de 3 kg | Brazo Scara de 4 ejes HITBOT","og_description":"El brazo rob\u00f3tico HITBOT 4 dof se puede conectar por Wi-Fi o Ethernet, su extensi\u00f3n m\u00e1xima del brazo puede alcanzar los 420 mm, el desplazamiento del eje Z puede alcanzar los 240 mm.","og_url":"https:\/\/www.hitbotrobot.com\/es\/product\/2442-robotic-arm\/","og_site_name":"Huiling Tech","article_modified_time":"2025-10-17T10:13:45+00:00","og_image":[{"width":600,"height":400,"url":"https:\/\/www.hitbotrobot.com\/es\/wp-content\/uploads\/2020\/06\/2442-robot-01.jpg","type":"image\/jpeg"}],"twitter_card":"summary_large_image","twitter_misc":{"Est. reading time":"5 minutes"},"schema":{"@context":"https:\/\/schema.org","@graph":[{"@type":"WebPage","@id":"https:\/\/www.hitbotrobot.com\/es\/product\/2442-robotic-arm\/","url":"https:\/\/www.hitbotrobot.com\/es\/product\/2442-robotic-arm\/","name":"Brazo rob\u00f3tico de 4 grados de libertad con carga m\u00e1xima de 3 kg | Brazo Scara de 4 ejes HITBOT","isPartOf":{"@id":"https:\/\/www.hitbotrobot.com\/es\/#website"},"primaryImageOfPage":{"@id":"https:\/\/www.hitbotrobot.com\/es\/product\/2442-robotic-arm\/#primaryimage"},"image":{"@id":"https:\/\/www.hitbotrobot.com\/es\/product\/2442-robotic-arm\/#primaryimage"},"thumbnailUrl":"https:\/\/www.hitbotrobot.com\/es\/wp-content\/uploads\/2020\/06\/2442-robot-01.jpg","datePublished":"2020-06-10T09:21:45+00:00","dateModified":"2025-10-17T10:13:45+00:00","description":"El brazo rob\u00f3tico HITBOT 4 dof se puede conectar por Wi-Fi o Ethernet, su extensi\u00f3n m\u00e1xima del brazo puede alcanzar los 420 mm, el desplazamiento del eje Z puede alcanzar los 240 mm.","breadcrumb":{"@id":"https:\/\/www.hitbotrobot.com\/es\/product\/2442-robotic-arm\/#breadcrumb"},"inLanguage":"en-US","potentialAction":[{"@type":"ReadAction","target":["https:\/\/www.hitbotrobot.com\/es\/product\/2442-robotic-arm\/"]}]},{"@type":"ImageObject","inLanguage":"en-US","@id":"https:\/\/www.hitbotrobot.com\/es\/product\/2442-robotic-arm\/#primaryimage","url":"https:\/\/www.hitbotrobot.com\/es\/wp-content\/uploads\/2020\/06\/2442-robot-01.jpg","contentUrl":"https:\/\/www.hitbotrobot.com\/es\/wp-content\/uploads\/2020\/06\/2442-robot-01.jpg","width":600,"height":400},{"@type":"BreadcrumbList","@id":"https:\/\/www.hitbotrobot.com\/es\/product\/2442-robotic-arm\/#breadcrumb","itemListElement":[{"@type":"ListItem","position":1,"name":"Shop","item":"https:\/\/www.hitbotrobot.com\/shop\/"},{"@type":"ListItem","position":2,"name":"2442 Brazo rob\u00f3tico cooperativo"}]},{"@type":"WebSite","@id":"https:\/\/www.hitbotrobot.com\/es\/#website","url":"https:\/\/www.hitbotrobot.com\/es\/","name":"Huiling Tech","description":"Manufacturer for Robotic Arm","potentialAction":[{"@type":"SearchAction","target":{"@type":"EntryPoint","urlTemplate":"https:\/\/www.hitbotrobot.com\/es\/?s={search_term_string}"},"query-input":"required name=search_term_string"}],"inLanguage":"en-US"}]}},"_links":{"self":[{"href":"https:\/\/www.hitbotrobot.com\/es\/wp-json\/wp\/v2\/product\/7757","targetHints":{"allow":["GET"]}}],"collection":[{"href":"https:\/\/www.hitbotrobot.com\/es\/wp-json\/wp\/v2\/product"}],"about":[{"href":"https:\/\/www.hitbotrobot.com\/es\/wp-json\/wp\/v2\/types\/product"}],"replies":[{"embeddable":true,"href":"https:\/\/www.hitbotrobot.com\/es\/wp-json\/wp\/v2\/comments?post=7757"}],"wp:featuredmedia":[{"embeddable":true,"href":"https:\/\/www.hitbotrobot.com\/es\/wp-json\/wp\/v2\/media\/16685"}],"wp:attachment":[{"href":"https:\/\/www.hitbotrobot.com\/es\/wp-json\/wp\/v2\/media?parent=7757"}],"wp:term":[{"taxonomy":"product_brand","embeddable":true,"href":"https:\/\/www.hitbotrobot.com\/es\/wp-json\/wp\/v2\/product_brand?post=7757"},{"taxonomy":"product_cat","embeddable":true,"href":"https:\/\/www.hitbotrobot.com\/es\/wp-json\/wp\/v2\/product_cat?post=7757"},{"taxonomy":"product_tag","embeddable":true,"href":"https:\/\/www.hitbotrobot.com\/es\/wp-json\/wp\/v2\/product_tag?post=7757"}],"curies":[{"name":"wp","href":"https:\/\/api.w.org\/{rel}","templated":true}]}}