{"id":7756,"date":"2020-06-10T09:21:45","date_gmt":"2020-06-10T09:21:45","guid":{"rendered":"http:\/\/rstheme.com\/products\/wordpress\/reobiz\/product\/import-placeholder-for-7617\/"},"modified":"2022-09-29T10:26:03","modified_gmt":"2022-09-29T10:26:03","slug":"z-erg-20-robotic-gripper","status":"publish","type":"product","link":"https:\/\/www.hitbotrobot.com\/es\/product\/z-erg-20-robotic-gripper\/","title":{"rendered":"Pinza rob\u00f3tica Z-ERG-20"},"content":{"rendered":"<p><strong>Introducci\u00f3n del producto<\/strong>:<br \/>\nEl manipulador Z-ERG-20 es f\u00e1cil de manejar con personas y admite un agarre suave. La pinza el\u00e9ctrica est\u00e1 altamente integrada y tiene muchas ventajas:<\/p>\n<ul>\n<li>Admite rotaci\u00f3n infinita y rotaci\u00f3n relativa, sin anillo deslizante, bajo costo de mantenimiento.<\/li>\n<li>La rotaci\u00f3n, la fuerza de sujeci\u00f3n, el taladro y la velocidad se pueden controlar con precisi\u00f3n.<\/li>\n<li>Larga vida \u00fatil: decenas de millones de c\u00edrculos, mejor que los compresores de aire.<\/li>\n<li>Controlador incorporado, para ahorrar espacio, f\u00e1cil de integrar.<\/li>\n<li>Modo de control: compatible con Modbus y control de E\/S.<\/li>\n<\/ul>\n<p><img fetchpriority=\"high\" decoding=\"async\" class=\"alignnone size-full wp-image-13893\" src=\"https:\/\/www.hitbotrobot.com\/es\/wp-content\/uploads\/2020\/06\/Z-EFG-20-Robotic-Gripper-dis-01.jpg\" alt=\"\" width=\"800\" height=\"485\" srcset=\"https:\/\/www.hitbotrobot.com\/es\/wp-content\/uploads\/2020\/06\/Z-EFG-20-Robotic-Gripper-dis-01.jpg 800w, https:\/\/www.hitbotrobot.com\/es\/wp-content\/uploads\/2020\/06\/Z-EFG-20-Robotic-Gripper-dis-01-768x466.jpg 768w, https:\/\/www.hitbotrobot.com\/es\/wp-content\/uploads\/2020\/06\/Z-EFG-20-Robotic-Gripper-dis-01-600x364.jpg 600w\" sizes=\"(max-width: 800px) 100vw, 800px\" \/><br \/>\n<strong>Parametros del producto<\/strong>:<\/p>\n<table style=\"border-collapse: collapse;\" border=\"1\" width=\"90%\" cellspacing=\"0\" cellpadding=\"0\">\n<tbody>\n<tr>\n<td colspan=\"2\">\u00a0 nombre del producto:<\/td>\n<td>\u00a0 Pinza el\u00e9ctrica rob\u00f3tica<\/td>\n<\/tr>\n<tr>\n<td colspan=\"2\">\u00a0 Art\u00edculo No.:<\/td>\n<td>\u00a0 Z-ERG-20<\/td>\n<\/tr>\n<tr>\n<td colspan=\"2\">\u00a0 Carrera total<\/td>\n<td>\u00a0 20mm<\/td>\n<\/tr>\n<tr>\n<td colspan=\"2\">\u00a0 Fuerza de sujecion<\/td>\n<td>\u00a0 10-35N \uff08adjustable)<\/td>\n<\/tr>\n<tr>\n<td colspan=\"2\">\u00a0 Repetibilidad<\/td>\n<td>\u00a0 \u00b10.2mm<\/td>\n<\/tr>\n<tr>\n<td colspan=\"2\">\u00a0 Sugerencia Peso de sujeci\u00f3n<\/td>\n<td>\u00a0 \u00a0\u22640.4kg<\/td>\n<\/tr>\n<tr>\n<td colspan=\"2\">\u00a0 Tipo de transmisi\u00f3n<\/td>\n<td>\u00a0 Cremallera y pi\u00f1\u00f3n + Gu\u00eda lineal<\/td>\n<\/tr>\n<tr>\n<td colspan=\"2\">\u00a0 Suministro de grasa para componentes de movimiento<\/td>\n<td>\u00a0 6 meses o un mill\u00f3n de movimientos por vez<\/td>\n<\/tr>\n<tr>\n<td colspan=\"2\">\u00a0 Tiempo de movimiento de carrera unidireccional<\/td>\n<td>\u00a0 0.2s<\/td>\n<\/tr>\n<tr>\n<td colspan=\"2\">\u00a0 El par de rotaci\u00f3n m\u00e1ximo<\/td>\n<td>\u00a0 0.3NM<\/td>\n<\/tr>\n<tr>\n<td colspan=\"2\">\u00a0 La velocidad m\u00e1xima de rotaci\u00f3n<\/td>\n<td>\u00a0 240RPM<\/td>\n<\/tr>\n<tr>\n<td colspan=\"2\">\u00a0 Rango de rotaci\u00f3n<\/td>\n<td>\u00a0 Rotaci\u00f3n infinita<\/td>\n<\/tr>\n<tr>\n<td colspan=\"2\">\u00a0 Holgura de rotaci\u00f3n<\/td>\n<td>\u00a0 \u00b11\u00b0<\/td>\n<\/tr>\n<tr>\n<td colspan=\"2\">\u00a0 Tipo de motor<\/td>\n<td>\u00a0 Servo Motor<\/td>\n<\/tr>\n<tr>\n<td colspan=\"2\">\u00a0 Peso<\/td>\n<td>\u00a01KG<\/td>\n<\/tr>\n<tr>\n<td colspan=\"2\">\u00a0 Tama\u00f1o del producto<\/td>\n<td>\u00a0 54*54*141mm<\/td>\n<\/tr>\n<tr>\n<td colspan=\"2\">\u00a0 Voltaje de trabajo<\/td>\n<td>\u00a0 24V \u00b110%<\/td>\n<\/tr>\n<tr>\n<td colspan=\"2\">\u00a0 Corriente nominal<\/td>\n<td>\u00a0 1.5A<\/td>\n<\/tr>\n<tr>\n<td colspan=\"2\">\u00a0 Corriente maxima<\/td>\n<td>\u00a0 3A<\/td>\n<\/tr>\n<tr>\n<td colspan=\"2\">\u00a0 Grado de protecci\u00f3n<\/td>\n<td>\u00a0 IP20<\/td>\n<\/tr>\n<tr>\n<td colspan=\"2\">\u00a0 Temperatura de trabajo<\/td>\n<td>\u00a0 5-55\u2103<\/td>\n<\/tr>\n<tr>\n<td colspan=\"2\">\u00a0 Humedad de trabajo<\/td>\n<td>\u00a0 RH35-80 (sin escarcha)<\/td>\n<\/tr>\n<\/tbody>\n<\/table>\n<p><strong>Descripci\u00f3n del producto<\/strong>:<br \/>\n<img decoding=\"async\" class=\"alignnone size-full wp-image-13876\" src=\"https:\/\/www.hitbotrobot.com\/es\/wp-content\/uploads\/2020\/06\/z-emg-100-robotic-gripper-descrip-01.jpg\" alt=\"\" width=\"800\" height=\"459\" srcset=\"https:\/\/www.hitbotrobot.com\/es\/wp-content\/uploads\/2020\/06\/z-emg-100-robotic-gripper-descrip-01.jpg 800w, https:\/\/www.hitbotrobot.com\/es\/wp-content\/uploads\/2020\/06\/z-emg-100-robotic-gripper-descrip-01-768x441.jpg 768w, https:\/\/www.hitbotrobot.com\/es\/wp-content\/uploads\/2020\/06\/z-emg-100-robotic-gripper-descrip-01-600x344.jpg 600w\" sizes=\"(max-width: 800px) 100vw, 800px\" \/><br \/>\n<strong>Diagrama de tama\u00f1o del producto<\/strong>:<br \/>\n<img decoding=\"async\" class=\"alignnone size-full wp-image-13894\" src=\"https:\/\/www.hitbotrobot.com\/es\/wp-content\/uploads\/2020\/06\/Z-EFG-20-Robotic-Gripper-size-01.jpg\" alt=\"\" width=\"800\" height=\"469\" srcset=\"https:\/\/www.hitbotrobot.com\/es\/wp-content\/uploads\/2020\/06\/Z-EFG-20-Robotic-Gripper-size-01.jpg 800w, https:\/\/www.hitbotrobot.com\/es\/wp-content\/uploads\/2020\/06\/Z-EFG-20-Robotic-Gripper-size-01-768x450.jpg 768w, https:\/\/www.hitbotrobot.com\/es\/wp-content\/uploads\/2020\/06\/Z-EFG-20-Robotic-Gripper-size-01-600x352.jpg 600w\" sizes=\"(max-width: 800px) 100vw, 800px\" \/> <img loading=\"lazy\" decoding=\"async\" class=\"alignnone size-full wp-image-13895\" src=\"https:\/\/www.hitbotrobot.com\/es\/wp-content\/uploads\/2020\/06\/Z-EFG-20-Robotic-Gripper-size-02.jpg\" alt=\"\" width=\"800\" height=\"442\" srcset=\"https:\/\/www.hitbotrobot.com\/es\/wp-content\/uploads\/2020\/06\/Z-EFG-20-Robotic-Gripper-size-02.jpg 800w, https:\/\/www.hitbotrobot.com\/es\/wp-content\/uploads\/2020\/06\/Z-EFG-20-Robotic-Gripper-size-02-768x424.jpg 768w, https:\/\/www.hitbotrobot.com\/es\/wp-content\/uploads\/2020\/06\/Z-EFG-20-Robotic-Gripper-size-02-600x332.jpg 600w\" sizes=\"(max-width: 800px) 100vw, 800px\" \/><br \/>\n<strong>Aplicaci\u00f3n del producto<\/strong>:<br \/>\n<img loading=\"lazy\" decoding=\"async\" class=\"alignnone size-full wp-image-13877\" src=\"https:\/\/www.hitbotrobot.com\/es\/wp-content\/uploads\/2020\/06\/z-emg-100-robotic-gripper-app.jpg\" alt=\"\" width=\"800\" height=\"497\" srcset=\"https:\/\/www.hitbotrobot.com\/es\/wp-content\/uploads\/2020\/06\/z-emg-100-robotic-gripper-app.jpg 800w, https:\/\/www.hitbotrobot.com\/es\/wp-content\/uploads\/2020\/06\/z-emg-100-robotic-gripper-app-768x477.jpg 768w, https:\/\/www.hitbotrobot.com\/es\/wp-content\/uploads\/2020\/06\/z-emg-100-robotic-gripper-app-255x157.jpg 255w, https:\/\/www.hitbotrobot.com\/es\/wp-content\/uploads\/2020\/06\/z-emg-100-robotic-gripper-app-600x373.jpg 600w\" sizes=\"(max-width: 800px) 100vw, 800px\" \/><\/p>\n","protected":false},"excerpt":{"rendered":"<p>[embed]https:\/\/www.youtube.com\/watch?v=y6ZZNVS&#8211;5Y&#8230;<\/p>\n","protected":false},"featured_media":13600,"comment_status":"open","ping_status":"closed","template":"","meta":[],"product_brand":[],"product_cat":[39],"product_tag":[105],"class_list":{"0":"post-7756","1":"product","2":"type-product","3":"status-publish","4":"has-post-thumbnail","6":"product_cat-robotic-gripper","7":"product_tag-electric-parallel-gripper","9":"first","10":"instock","11":"shipping-taxable","12":"product-type-simple"},"yoast_head":"<!-- This site is optimized with the Yoast SEO plugin v22.7 - https:\/\/yoast.com\/wordpress\/plugins\/seo\/ -->\n<title>Pinza el\u00e9ctrica con fuerza de sujeci\u00f3n de 80N | Pinza HITBOT con servomotor<\/title>\n<meta name=\"description\" content=\"La pinza el\u00e9ctrica HITBOT Z-ERG-20 puede sujetar objetos de 800 g, su desplazamiento puede alcanzar los 20 mm, la fuerza de sujeci\u00f3n es de hasta 80 N y su fuerza de sujeci\u00f3n y desplazamiento puede ser ajustable.\" \/>\n<meta name=\"robots\" content=\"index, follow, max-snippet:-1, max-image-preview:large, max-video-preview:-1\" \/>\n<link rel=\"canonical\" href=\"https:\/\/www.hitbotrobot.com\/es\/product\/z-erg-20-robotic-gripper\/\" \/>\n<meta property=\"og:locale\" content=\"en_US\" \/>\n<meta property=\"og:type\" content=\"article\" \/>\n<meta property=\"og:title\" content=\"Pinza el\u00e9ctrica con fuerza de sujeci\u00f3n de 80N | Pinza HITBOT con servomotor\" \/>\n<meta property=\"og:description\" content=\"La pinza el\u00e9ctrica HITBOT Z-ERG-20 puede sujetar objetos de 800 g, su desplazamiento puede alcanzar los 20 mm, la fuerza de sujeci\u00f3n es de hasta 80 N y su fuerza de sujeci\u00f3n y desplazamiento puede ser ajustable.\" \/>\n<meta property=\"og:url\" content=\"https:\/\/www.hitbotrobot.com\/es\/product\/z-erg-20-robotic-gripper\/\" \/>\n<meta property=\"og:site_name\" content=\"Huiling Tech\" \/>\n<meta property=\"article:modified_time\" content=\"2022-09-29T10:26:03+00:00\" \/>\n<meta property=\"og:image\" content=\"https:\/\/www.hitbotrobot.com\/es\/wp-content\/uploads\/2020\/06\/Z-EFG-20-Robotic-Gripper-bro-01.jpg\" \/>\n\t<meta property=\"og:image:width\" content=\"600\" \/>\n\t<meta property=\"og:image:height\" content=\"400\" \/>\n\t<meta property=\"og:image:type\" content=\"image\/jpeg\" \/>\n<meta name=\"twitter:card\" content=\"summary_large_image\" \/>\n<meta name=\"twitter:label1\" content=\"Est. reading time\" \/>\n\t<meta name=\"twitter:data1\" content=\"2 minutes\" \/>\n<script type=\"application\/ld+json\" class=\"yoast-schema-graph\">{\"@context\":\"https:\/\/schema.org\",\"@graph\":[{\"@type\":\"WebPage\",\"@id\":\"https:\/\/www.hitbotrobot.com\/es\/product\/z-erg-20-robotic-gripper\/\",\"url\":\"https:\/\/www.hitbotrobot.com\/es\/product\/z-erg-20-robotic-gripper\/\",\"name\":\"Pinza el\u00e9ctrica con fuerza de sujeci\u00f3n de 80N | Pinza HITBOT con servomotor\",\"isPartOf\":{\"@id\":\"https:\/\/www.hitbotrobot.com\/es\/#website\"},\"primaryImageOfPage\":{\"@id\":\"https:\/\/www.hitbotrobot.com\/es\/product\/z-erg-20-robotic-gripper\/#primaryimage\"},\"image\":{\"@id\":\"https:\/\/www.hitbotrobot.com\/es\/product\/z-erg-20-robotic-gripper\/#primaryimage\"},\"thumbnailUrl\":\"https:\/\/www.hitbotrobot.com\/es\/wp-content\/uploads\/2020\/06\/Z-EFG-20-Robotic-Gripper-bro-01.jpg\",\"datePublished\":\"2020-06-10T09:21:45+00:00\",\"dateModified\":\"2022-09-29T10:26:03+00:00\",\"description\":\"La pinza el\u00e9ctrica HITBOT Z-ERG-20 puede sujetar objetos de 800 g, su desplazamiento puede alcanzar los 20 mm, la fuerza de sujeci\u00f3n es de hasta 80 N y su fuerza de sujeci\u00f3n y desplazamiento puede ser ajustable.\",\"breadcrumb\":{\"@id\":\"https:\/\/www.hitbotrobot.com\/es\/product\/z-erg-20-robotic-gripper\/#breadcrumb\"},\"inLanguage\":\"en-US\",\"potentialAction\":[{\"@type\":\"ReadAction\",\"target\":[\"https:\/\/www.hitbotrobot.com\/es\/product\/z-erg-20-robotic-gripper\/\"]}]},{\"@type\":\"ImageObject\",\"inLanguage\":\"en-US\",\"@id\":\"https:\/\/www.hitbotrobot.com\/es\/product\/z-erg-20-robotic-gripper\/#primaryimage\",\"url\":\"https:\/\/www.hitbotrobot.com\/es\/wp-content\/uploads\/2020\/06\/Z-EFG-20-Robotic-Gripper-bro-01.jpg\",\"contentUrl\":\"https:\/\/www.hitbotrobot.com\/es\/wp-content\/uploads\/2020\/06\/Z-EFG-20-Robotic-Gripper-bro-01.jpg\",\"width\":600,\"height\":400},{\"@type\":\"BreadcrumbList\",\"@id\":\"https:\/\/www.hitbotrobot.com\/es\/product\/z-erg-20-robotic-gripper\/#breadcrumb\",\"itemListElement\":[{\"@type\":\"ListItem\",\"position\":1,\"name\":\"Shop\",\"item\":\"https:\/\/www.hitbotrobot.com\/shop\/\"},{\"@type\":\"ListItem\",\"position\":2,\"name\":\"Pinza rob\u00f3tica Z-ERG-20\"}]},{\"@type\":\"WebSite\",\"@id\":\"https:\/\/www.hitbotrobot.com\/es\/#website\",\"url\":\"https:\/\/www.hitbotrobot.com\/es\/\",\"name\":\"Huiling Tech\",\"description\":\"Manufacturer for Robotic Arm\",\"potentialAction\":[{\"@type\":\"SearchAction\",\"target\":{\"@type\":\"EntryPoint\",\"urlTemplate\":\"https:\/\/www.hitbotrobot.com\/es\/?s={search_term_string}\"},\"query-input\":\"required name=search_term_string\"}],\"inLanguage\":\"en-US\"}]}<\/script>\n<!-- \/ Yoast SEO plugin. -->","yoast_head_json":{"title":"Pinza el\u00e9ctrica con fuerza de sujeci\u00f3n de 80N | Pinza HITBOT con servomotor","description":"La pinza el\u00e9ctrica HITBOT Z-ERG-20 puede sujetar objetos de 800 g, su desplazamiento puede alcanzar los 20 mm, la fuerza de sujeci\u00f3n es de hasta 80 N y su fuerza de sujeci\u00f3n y desplazamiento puede ser ajustable.","robots":{"index":"index","follow":"follow","max-snippet":"max-snippet:-1","max-image-preview":"max-image-preview:large","max-video-preview":"max-video-preview:-1"},"canonical":"https:\/\/www.hitbotrobot.com\/es\/product\/z-erg-20-robotic-gripper\/","og_locale":"en_US","og_type":"article","og_title":"Pinza el\u00e9ctrica con fuerza de sujeci\u00f3n de 80N | Pinza HITBOT con servomotor","og_description":"La pinza el\u00e9ctrica HITBOT Z-ERG-20 puede sujetar objetos de 800 g, su desplazamiento puede alcanzar los 20 mm, la fuerza de sujeci\u00f3n es de hasta 80 N y su fuerza de sujeci\u00f3n y desplazamiento puede ser ajustable.","og_url":"https:\/\/www.hitbotrobot.com\/es\/product\/z-erg-20-robotic-gripper\/","og_site_name":"Huiling Tech","article_modified_time":"2022-09-29T10:26:03+00:00","og_image":[{"width":600,"height":400,"url":"https:\/\/www.hitbotrobot.com\/es\/wp-content\/uploads\/2020\/06\/Z-EFG-20-Robotic-Gripper-bro-01.jpg","type":"image\/jpeg"}],"twitter_card":"summary_large_image","twitter_misc":{"Est. reading time":"2 minutes"},"schema":{"@context":"https:\/\/schema.org","@graph":[{"@type":"WebPage","@id":"https:\/\/www.hitbotrobot.com\/es\/product\/z-erg-20-robotic-gripper\/","url":"https:\/\/www.hitbotrobot.com\/es\/product\/z-erg-20-robotic-gripper\/","name":"Pinza el\u00e9ctrica con fuerza de sujeci\u00f3n de 80N | Pinza HITBOT con servomotor","isPartOf":{"@id":"https:\/\/www.hitbotrobot.com\/es\/#website"},"primaryImageOfPage":{"@id":"https:\/\/www.hitbotrobot.com\/es\/product\/z-erg-20-robotic-gripper\/#primaryimage"},"image":{"@id":"https:\/\/www.hitbotrobot.com\/es\/product\/z-erg-20-robotic-gripper\/#primaryimage"},"thumbnailUrl":"https:\/\/www.hitbotrobot.com\/es\/wp-content\/uploads\/2020\/06\/Z-EFG-20-Robotic-Gripper-bro-01.jpg","datePublished":"2020-06-10T09:21:45+00:00","dateModified":"2022-09-29T10:26:03+00:00","description":"La pinza el\u00e9ctrica HITBOT Z-ERG-20 puede sujetar objetos de 800 g, su desplazamiento puede alcanzar los 20 mm, la fuerza de sujeci\u00f3n es de hasta 80 N y su fuerza de sujeci\u00f3n y desplazamiento puede ser ajustable.","breadcrumb":{"@id":"https:\/\/www.hitbotrobot.com\/es\/product\/z-erg-20-robotic-gripper\/#breadcrumb"},"inLanguage":"en-US","potentialAction":[{"@type":"ReadAction","target":["https:\/\/www.hitbotrobot.com\/es\/product\/z-erg-20-robotic-gripper\/"]}]},{"@type":"ImageObject","inLanguage":"en-US","@id":"https:\/\/www.hitbotrobot.com\/es\/product\/z-erg-20-robotic-gripper\/#primaryimage","url":"https:\/\/www.hitbotrobot.com\/es\/wp-content\/uploads\/2020\/06\/Z-EFG-20-Robotic-Gripper-bro-01.jpg","contentUrl":"https:\/\/www.hitbotrobot.com\/es\/wp-content\/uploads\/2020\/06\/Z-EFG-20-Robotic-Gripper-bro-01.jpg","width":600,"height":400},{"@type":"BreadcrumbList","@id":"https:\/\/www.hitbotrobot.com\/es\/product\/z-erg-20-robotic-gripper\/#breadcrumb","itemListElement":[{"@type":"ListItem","position":1,"name":"Shop","item":"https:\/\/www.hitbotrobot.com\/shop\/"},{"@type":"ListItem","position":2,"name":"Pinza rob\u00f3tica Z-ERG-20"}]},{"@type":"WebSite","@id":"https:\/\/www.hitbotrobot.com\/es\/#website","url":"https:\/\/www.hitbotrobot.com\/es\/","name":"Huiling Tech","description":"Manufacturer for Robotic Arm","potentialAction":[{"@type":"SearchAction","target":{"@type":"EntryPoint","urlTemplate":"https:\/\/www.hitbotrobot.com\/es\/?s={search_term_string}"},"query-input":"required name=search_term_string"}],"inLanguage":"en-US"}]}},"_links":{"self":[{"href":"https:\/\/www.hitbotrobot.com\/es\/wp-json\/wp\/v2\/product\/7756","targetHints":{"allow":["GET"]}}],"collection":[{"href":"https:\/\/www.hitbotrobot.com\/es\/wp-json\/wp\/v2\/product"}],"about":[{"href":"https:\/\/www.hitbotrobot.com\/es\/wp-json\/wp\/v2\/types\/product"}],"replies":[{"embeddable":true,"href":"https:\/\/www.hitbotrobot.com\/es\/wp-json\/wp\/v2\/comments?post=7756"}],"wp:featuredmedia":[{"embeddable":true,"href":"https:\/\/www.hitbotrobot.com\/es\/wp-json\/wp\/v2\/media\/13600"}],"wp:attachment":[{"href":"https:\/\/www.hitbotrobot.com\/es\/wp-json\/wp\/v2\/media?parent=7756"}],"wp:term":[{"taxonomy":"product_brand","embeddable":true,"href":"https:\/\/www.hitbotrobot.com\/es\/wp-json\/wp\/v2\/product_brand?post=7756"},{"taxonomy":"product_cat","embeddable":true,"href":"https:\/\/www.hitbotrobot.com\/es\/wp-json\/wp\/v2\/product_cat?post=7756"},{"taxonomy":"product_tag","embeddable":true,"href":"https:\/\/www.hitbotrobot.com\/es\/wp-json\/wp\/v2\/product_tag?post=7756"}],"curies":[{"name":"wp","href":"https:\/\/api.w.org\/{rel}","templated":true}]}}