{"id":7754,"date":"2020-06-10T09:21:45","date_gmt":"2020-06-10T09:21:45","guid":{"rendered":"http:\/\/rstheme.com\/products\/wordpress\/reobiz\/product\/import-placeholder-for-7614\/"},"modified":"2022-09-29T09:52:39","modified_gmt":"2022-09-29T09:52:39","slug":"z-efg-robotic-gripper-f","status":"publish","type":"product","link":"https:\/\/www.hitbotrobot.com\/es\/product\/z-efg-robotic-gripper-f\/","title":{"rendered":"Pinza rob\u00f3tica Z-EFG-FS"},"content":{"rendered":"<p><strong>Introducci\u00f3n del producto<\/strong>:<\/p>\n<p>La pinza paralela el\u00e9ctrica de 2 dedos admite un agarre suave y puede sujetar huevos, tubos y otros objetos fr\u00e1giles. La pinza Z-EFG-FS se puede combinar f\u00e1cilmente con el brazo rob\u00f3tico para crear una l\u00ednea de producci\u00f3n totalmente automatizada.<\/p>\n<ul>\n<li>Una peque\u00f1a pero potente pinza el\u00e9ctrica con servomotor.<\/li>\n<li>Los terminales se pueden reemplazar para cumplir con los diferentes requisitos del proyecto.<\/li>\n<li>Podr\u00eda recoger objetos fr\u00e1giles y deformables, como huevos, tubos de ensayo, anillos, etc..<\/li>\n<li>Adecuado para escenas sin fuentes de aire (como laboratorios y hospitales).<\/li>\n<\/ul>\n<p><img fetchpriority=\"high\" decoding=\"async\" class=\"size-full wp-image-13890 aligncenter\" src=\"https:\/\/www.hitbotrobot.com\/es\/wp-content\/uploads\/2020\/06\/Z-EFG-F-robotic-gripper-dis-01.jpg\" alt=\"\" width=\"800\" height=\"524\" srcset=\"https:\/\/www.hitbotrobot.com\/es\/wp-content\/uploads\/2020\/06\/Z-EFG-F-robotic-gripper-dis-01.jpg 800w, https:\/\/www.hitbotrobot.com\/es\/wp-content\/uploads\/2020\/06\/Z-EFG-F-robotic-gripper-dis-01-768x503.jpg 768w, https:\/\/www.hitbotrobot.com\/es\/wp-content\/uploads\/2020\/06\/Z-EFG-F-robotic-gripper-dis-01-600x393.jpg 600w\" sizes=\"(max-width: 800px) 100vw, 800px\" \/><\/p>\n<p><strong>Parametros del producto:<\/strong><\/p>\n<table style=\"border-collapse: collapse;\" border=\"1\" width=\"90%\" cellspacing=\"0\" cellpadding=\"0\">\n<tbody>\n<tr>\n<td colspan=\"2\">\u00a0 nombre del producto:<\/td>\n<td>\u00a0 Pinza el\u00e9ctrica rob\u00f3tica<\/td>\n<\/tr>\n<tr>\n<td colspan=\"2\">\u00a0 Art\u00edculo No.:<\/td>\n<td>\u00a0 Z-EFG-FS<\/td>\n<\/tr>\n<tr>\n<td colspan=\"2\">\u00a0 Carrera total<\/td>\n<td>\u00a0 8mm<\/td>\n<\/tr>\n<tr>\n<td colspan=\"2\">\u00a0 Fuerza de sujecion<\/td>\n<td>\u00a0 8-20N ( adjustable)<\/td>\n<\/tr>\n<tr>\n<td colspan=\"2\">\u00a0 Peso m\u00e1ximo de sujeci\u00f3n<\/td>\n<td>\u00a0 \u2264300g<\/td>\n<\/tr>\n<tr>\n<td colspan=\"2\">\u00a0 Tiempo de movimiento de carrera unidireccional<\/td>\n<td>\u00a0 0.1s<\/td>\n<\/tr>\n<tr>\n<td colspan=\"2\">\u00a0 Peso<\/td>\n<td>\u00a00.3KG<\/td>\n<\/tr>\n<tr>\n<td colspan=\"2\">\u00a0 Tama\u00f1o del producto<\/td>\n<td>\u00a0 67*67*101.9mm<\/td>\n<\/tr>\n<tr>\n<td colspan=\"2\">\u00a0 Voltaje de trabajo<\/td>\n<td>\u00a0 24V \u00b110%<\/td>\n<\/tr>\n<tr>\n<td colspan=\"2\">\u00a0 Energ\u00eda<\/td>\n<td>\u00a0 3.6W<\/td>\n<\/tr>\n<tr>\n<td colspan=\"2\">\u00a0 Grado de protecci\u00f3n<\/td>\n<td>\u00a0 IP20<\/td>\n<\/tr>\n<tr>\n<td colspan=\"2\">\u00a0 Tipo de motor<\/td>\n<td>\u00a0 Servo Motor<\/td>\n<\/tr>\n<tr>\n<td colspan=\"2\">\u00a0 Temperatura de trabajo<\/td>\n<td>\u00a0 5-55\u2103<\/td>\n<\/tr>\n<tr>\n<td colspan=\"2\">\u00a0 Humedad de trabajo<\/td>\n<td>\u00a0 RH35-80 (No condensado )<\/td>\n<\/tr>\n<tr>\n<td colspan=\"2\">\u00a0 Viajar Ajustable<\/td>\n<td>\u00a0 No<\/td>\n<\/tr>\n<tr>\n<td colspan=\"2\">\u00a0 Posici\u00f3n del controlador<\/td>\n<td>\u00a0 Incorporado<\/td>\n<\/tr>\n<tr>\n<td colspan=\"2\">\u00a0 Voltaje nominal<\/td>\n<td>\u00a0 24V<\/td>\n<\/tr>\n<tr>\n<td colspan=\"2\">\u00a0 Corriente pico<\/td>\n<td>\u00a0 0.6A<\/td>\n<\/tr>\n<\/tbody>\n<\/table>\n<p><strong>Descripci\u00f3n del producto<\/strong>:<br \/>\n<img decoding=\"async\" class=\"alignnone size-full wp-image-16258 aligncenter\" src=\"https:\/\/www.hitbotrobot.com\/es\/wp-content\/uploads\/2020\/06\/Z-EFG-FS-gripper_01.jpg\" alt=\"\" width=\"800\" height=\"707\" srcset=\"https:\/\/www.hitbotrobot.com\/es\/wp-content\/uploads\/2020\/06\/Z-EFG-FS-gripper_01.jpg 800w, https:\/\/www.hitbotrobot.com\/es\/wp-content\/uploads\/2020\/06\/Z-EFG-FS-gripper_01-768x679.jpg 768w, https:\/\/www.hitbotrobot.com\/es\/wp-content\/uploads\/2020\/06\/Z-EFG-FS-gripper_01-600x530.jpg 600w\" sizes=\"(max-width: 800px) 100vw, 800px\" \/> <img decoding=\"async\" class=\"alignnone size-full wp-image-16260 aligncenter\" src=\"https:\/\/www.hitbotrobot.com\/es\/wp-content\/uploads\/2020\/06\/Z-EFG-FS-gripper_02-1.jpg\" alt=\"\" width=\"800\" height=\"707\" srcset=\"https:\/\/www.hitbotrobot.com\/es\/wp-content\/uploads\/2020\/06\/Z-EFG-FS-gripper_02-1.jpg 800w, https:\/\/www.hitbotrobot.com\/es\/wp-content\/uploads\/2020\/06\/Z-EFG-FS-gripper_02-1-768x679.jpg 768w, https:\/\/www.hitbotrobot.com\/es\/wp-content\/uploads\/2020\/06\/Z-EFG-FS-gripper_02-1-600x530.jpg 600w\" sizes=\"(max-width: 800px) 100vw, 800px\" \/> <img loading=\"lazy\" decoding=\"async\" class=\"alignnone size-full wp-image-16261 aligncenter\" src=\"https:\/\/www.hitbotrobot.com\/es\/wp-content\/uploads\/2020\/06\/Z-EFG-FS-gripper_03.jpg\" alt=\"\" width=\"800\" height=\"706\" srcset=\"https:\/\/www.hitbotrobot.com\/es\/wp-content\/uploads\/2020\/06\/Z-EFG-FS-gripper_03.jpg 800w, https:\/\/www.hitbotrobot.com\/es\/wp-content\/uploads\/2020\/06\/Z-EFG-FS-gripper_03-768x678.jpg 768w, https:\/\/www.hitbotrobot.com\/es\/wp-content\/uploads\/2020\/06\/Z-EFG-FS-gripper_03-600x530.jpg 600w\" sizes=\"(max-width: 800px) 100vw, 800px\" \/> <img loading=\"lazy\" decoding=\"async\" class=\"alignnone size-full wp-image-16262 aligncenter\" src=\"https:\/\/www.hitbotrobot.com\/es\/wp-content\/uploads\/2020\/06\/Z-EFG-FS-gripper_04.jpg\" alt=\"\" width=\"800\" height=\"707\" srcset=\"https:\/\/www.hitbotrobot.com\/es\/wp-content\/uploads\/2020\/06\/Z-EFG-FS-gripper_04.jpg 800w, https:\/\/www.hitbotrobot.com\/es\/wp-content\/uploads\/2020\/06\/Z-EFG-FS-gripper_04-768x679.jpg 768w, https:\/\/www.hitbotrobot.com\/es\/wp-content\/uploads\/2020\/06\/Z-EFG-FS-gripper_04-600x530.jpg 600w\" sizes=\"(max-width: 800px) 100vw, 800px\" \/> <img loading=\"lazy\" decoding=\"async\" class=\"alignnone size-full wp-image-16263 aligncenter\" src=\"https:\/\/www.hitbotrobot.com\/es\/wp-content\/uploads\/2020\/06\/Z-EFG-FS-gripper_05.jpg\" alt=\"\" width=\"800\" height=\"707\" srcset=\"https:\/\/www.hitbotrobot.com\/es\/wp-content\/uploads\/2020\/06\/Z-EFG-FS-gripper_05.jpg 800w, https:\/\/www.hitbotrobot.com\/es\/wp-content\/uploads\/2020\/06\/Z-EFG-FS-gripper_05-768x679.jpg 768w, https:\/\/www.hitbotrobot.com\/es\/wp-content\/uploads\/2020\/06\/Z-EFG-FS-gripper_05-600x530.jpg 600w\" sizes=\"(max-width: 800px) 100vw, 800px\" \/> <img loading=\"lazy\" decoding=\"async\" class=\"alignnone size-full wp-image-16264 aligncenter\" src=\"https:\/\/www.hitbotrobot.com\/es\/wp-content\/uploads\/2020\/06\/Z-EFG-FS-gripper_06.jpg\" alt=\"\" width=\"800\" height=\"707\" srcset=\"https:\/\/www.hitbotrobot.com\/es\/wp-content\/uploads\/2020\/06\/Z-EFG-FS-gripper_06.jpg 800w, https:\/\/www.hitbotrobot.com\/es\/wp-content\/uploads\/2020\/06\/Z-EFG-FS-gripper_06-768x679.jpg 768w, https:\/\/www.hitbotrobot.com\/es\/wp-content\/uploads\/2020\/06\/Z-EFG-FS-gripper_06-600x530.jpg 600w\" sizes=\"(max-width: 800px) 100vw, 800px\" \/> <img loading=\"lazy\" decoding=\"async\" class=\"alignnone size-full wp-image-16265 aligncenter\" src=\"https:\/\/www.hitbotrobot.com\/es\/wp-content\/uploads\/2020\/06\/Z-EFG-FS-gripper_07.jpg\" alt=\"\" width=\"800\" height=\"707\" srcset=\"https:\/\/www.hitbotrobot.com\/es\/wp-content\/uploads\/2020\/06\/Z-EFG-FS-gripper_07.jpg 800w, https:\/\/www.hitbotrobot.com\/es\/wp-content\/uploads\/2020\/06\/Z-EFG-FS-gripper_07-768x679.jpg 768w, https:\/\/www.hitbotrobot.com\/es\/wp-content\/uploads\/2020\/06\/Z-EFG-FS-gripper_07-600x530.jpg 600w\" sizes=\"(max-width: 800px) 100vw, 800px\" \/> <img loading=\"lazy\" decoding=\"async\" class=\"alignnone size-full wp-image-16266 aligncenter\" src=\"https:\/\/www.hitbotrobot.com\/es\/wp-content\/uploads\/2020\/06\/Z-EFG-FS-gripper_08.jpg\" alt=\"\" width=\"800\" height=\"707\" srcset=\"https:\/\/www.hitbotrobot.com\/es\/wp-content\/uploads\/2020\/06\/Z-EFG-FS-gripper_08.jpg 800w, https:\/\/www.hitbotrobot.com\/es\/wp-content\/uploads\/2020\/06\/Z-EFG-FS-gripper_08-768x679.jpg 768w, https:\/\/www.hitbotrobot.com\/es\/wp-content\/uploads\/2020\/06\/Z-EFG-FS-gripper_08-600x530.jpg 600w\" sizes=\"(max-width: 800px) 100vw, 800px\" \/> <img loading=\"lazy\" decoding=\"async\" class=\"alignnone size-full wp-image-16267 aligncenter\" src=\"https:\/\/www.hitbotrobot.com\/es\/wp-content\/uploads\/2020\/06\/Z-EFG-FS-gripper_09.jpg\" alt=\"\" width=\"800\" height=\"706\" srcset=\"https:\/\/www.hitbotrobot.com\/es\/wp-content\/uploads\/2020\/06\/Z-EFG-FS-gripper_09.jpg 800w, https:\/\/www.hitbotrobot.com\/es\/wp-content\/uploads\/2020\/06\/Z-EFG-FS-gripper_09-768x678.jpg 768w, https:\/\/www.hitbotrobot.com\/es\/wp-content\/uploads\/2020\/06\/Z-EFG-FS-gripper_09-600x530.jpg 600w\" sizes=\"(max-width: 800px) 100vw, 800px\" \/> <img loading=\"lazy\" decoding=\"async\" class=\"alignnone size-full wp-image-16268 aligncenter\" src=\"https:\/\/www.hitbotrobot.com\/es\/wp-content\/uploads\/2020\/06\/Z-EFG-FS-gripper_10.jpg\" alt=\"\" width=\"800\" height=\"707\" srcset=\"https:\/\/www.hitbotrobot.com\/es\/wp-content\/uploads\/2020\/06\/Z-EFG-FS-gripper_10.jpg 800w, https:\/\/www.hitbotrobot.com\/es\/wp-content\/uploads\/2020\/06\/Z-EFG-FS-gripper_10-768x679.jpg 768w, https:\/\/www.hitbotrobot.com\/es\/wp-content\/uploads\/2020\/06\/Z-EFG-FS-gripper_10-600x530.jpg 600w\" sizes=\"(max-width: 800px) 100vw, 800px\" \/> <img loading=\"lazy\" decoding=\"async\" class=\"alignnone size-full wp-image-16269 aligncenter\" src=\"https:\/\/www.hitbotrobot.com\/es\/wp-content\/uploads\/2020\/06\/Z-EFG-FS-gripper_11.jpg\" alt=\"\" width=\"800\" height=\"707\" srcset=\"https:\/\/www.hitbotrobot.com\/es\/wp-content\/uploads\/2020\/06\/Z-EFG-FS-gripper_11.jpg 800w, https:\/\/www.hitbotrobot.com\/es\/wp-content\/uploads\/2020\/06\/Z-EFG-FS-gripper_11-768x679.jpg 768w, https:\/\/www.hitbotrobot.com\/es\/wp-content\/uploads\/2020\/06\/Z-EFG-FS-gripper_11-600x530.jpg 600w\" sizes=\"(max-width: 800px) 100vw, 800px\" \/> <img loading=\"lazy\" decoding=\"async\" class=\"alignnone size-full wp-image-16270 aligncenter\" src=\"https:\/\/www.hitbotrobot.com\/es\/wp-content\/uploads\/2020\/06\/Z-EFG-FS-gripper_12.jpg\" alt=\"\" width=\"800\" height=\"707\" srcset=\"https:\/\/www.hitbotrobot.com\/es\/wp-content\/uploads\/2020\/06\/Z-EFG-FS-gripper_12.jpg 800w, https:\/\/www.hitbotrobot.com\/es\/wp-content\/uploads\/2020\/06\/Z-EFG-FS-gripper_12-768x679.jpg 768w, https:\/\/www.hitbotrobot.com\/es\/wp-content\/uploads\/2020\/06\/Z-EFG-FS-gripper_12-600x530.jpg 600w\" sizes=\"(max-width: 800px) 100vw, 800px\" \/><\/p>\n","protected":false},"excerpt":{"rendered":"<p>[embed]https:\/\/www.youtube.com\/watch?v=5lNGACvlocA&#8230;<\/p>\n","protected":false},"featured_media":13590,"comment_status":"open","ping_status":"closed","template":"","meta":[],"product_brand":[],"product_cat":[39],"product_tag":[105],"class_list":{"0":"post-7754","1":"product","2":"type-product","3":"status-publish","4":"has-post-thumbnail","6":"product_cat-robotic-gripper","7":"product_tag-electric-parallel-gripper","9":"first","10":"instock","11":"shipping-taxable","12":"product-type-simple"},"yoast_head":"<!-- This site is optimized with the Yoast SEO plugin v22.7 - https:\/\/yoast.com\/wordpress\/plugins\/seo\/ -->\n<title>Pinza servoel\u00e9ctrica rob\u00f3tica con fuerza de sujeci\u00f3n de 20N | Pinza rob\u00f3tica HITBOT<\/title>\n<meta name=\"description\" content=\"La pinza servoel\u00e9ctrica rob\u00f3tica HITBOT puede coincidir con un brazo rob\u00f3tico de 6 grados de libertad, es una figura peque\u00f1a, puede sujetar objetos en un espacio peque\u00f1o y su fuerza de sujeci\u00f3n puede ser ajustable.\" \/>\n<meta name=\"robots\" content=\"index, follow, max-snippet:-1, max-image-preview:large, max-video-preview:-1\" \/>\n<link rel=\"canonical\" href=\"https:\/\/www.hitbotrobot.com\/es\/product\/z-efg-robotic-gripper-f\/\" \/>\n<meta property=\"og:locale\" content=\"en_US\" \/>\n<meta property=\"og:type\" content=\"article\" \/>\n<meta property=\"og:title\" content=\"Pinza servoel\u00e9ctrica rob\u00f3tica con fuerza de sujeci\u00f3n de 20N | Pinza rob\u00f3tica HITBOT\" \/>\n<meta property=\"og:description\" content=\"La pinza servoel\u00e9ctrica rob\u00f3tica HITBOT puede coincidir con un brazo rob\u00f3tico de 6 grados de libertad, es una figura peque\u00f1a, puede sujetar objetos en un espacio peque\u00f1o y su fuerza de sujeci\u00f3n puede ser ajustable.\" \/>\n<meta property=\"og:url\" content=\"https:\/\/www.hitbotrobot.com\/es\/product\/z-efg-robotic-gripper-f\/\" \/>\n<meta property=\"og:site_name\" content=\"Huiling Tech\" \/>\n<meta property=\"article:modified_time\" content=\"2022-09-29T09:52:39+00:00\" \/>\n<meta property=\"og:image\" content=\"https:\/\/www.hitbotrobot.com\/es\/wp-content\/uploads\/2020\/06\/Z-EFG-F-robotic-gripper-bro-01.jpg\" \/>\n\t<meta property=\"og:image:width\" content=\"600\" \/>\n\t<meta property=\"og:image:height\" content=\"400\" \/>\n\t<meta property=\"og:image:type\" content=\"image\/jpeg\" \/>\n<meta name=\"twitter:card\" content=\"summary_large_image\" \/>\n<meta name=\"twitter:label1\" content=\"Est. reading time\" \/>\n\t<meta name=\"twitter:data1\" content=\"4 minutes\" \/>\n<script type=\"application\/ld+json\" class=\"yoast-schema-graph\">{\"@context\":\"https:\/\/schema.org\",\"@graph\":[{\"@type\":\"WebPage\",\"@id\":\"https:\/\/www.hitbotrobot.com\/es\/product\/z-efg-robotic-gripper-f\/\",\"url\":\"https:\/\/www.hitbotrobot.com\/es\/product\/z-efg-robotic-gripper-f\/\",\"name\":\"Pinza servoel\u00e9ctrica rob\u00f3tica con fuerza de sujeci\u00f3n de 20N | Pinza rob\u00f3tica HITBOT\",\"isPartOf\":{\"@id\":\"https:\/\/www.hitbotrobot.com\/es\/#website\"},\"primaryImageOfPage\":{\"@id\":\"https:\/\/www.hitbotrobot.com\/es\/product\/z-efg-robotic-gripper-f\/#primaryimage\"},\"image\":{\"@id\":\"https:\/\/www.hitbotrobot.com\/es\/product\/z-efg-robotic-gripper-f\/#primaryimage\"},\"thumbnailUrl\":\"https:\/\/www.hitbotrobot.com\/es\/wp-content\/uploads\/2020\/06\/Z-EFG-F-robotic-gripper-bro-01.jpg\",\"datePublished\":\"2020-06-10T09:21:45+00:00\",\"dateModified\":\"2022-09-29T09:52:39+00:00\",\"description\":\"La pinza servoel\u00e9ctrica rob\u00f3tica HITBOT puede coincidir con un brazo rob\u00f3tico de 6 grados de libertad, es una figura peque\u00f1a, puede sujetar objetos en un espacio peque\u00f1o y su fuerza de sujeci\u00f3n puede ser ajustable.\",\"breadcrumb\":{\"@id\":\"https:\/\/www.hitbotrobot.com\/es\/product\/z-efg-robotic-gripper-f\/#breadcrumb\"},\"inLanguage\":\"en-US\",\"potentialAction\":[{\"@type\":\"ReadAction\",\"target\":[\"https:\/\/www.hitbotrobot.com\/es\/product\/z-efg-robotic-gripper-f\/\"]}]},{\"@type\":\"ImageObject\",\"inLanguage\":\"en-US\",\"@id\":\"https:\/\/www.hitbotrobot.com\/es\/product\/z-efg-robotic-gripper-f\/#primaryimage\",\"url\":\"https:\/\/www.hitbotrobot.com\/es\/wp-content\/uploads\/2020\/06\/Z-EFG-F-robotic-gripper-bro-01.jpg\",\"contentUrl\":\"https:\/\/www.hitbotrobot.com\/es\/wp-content\/uploads\/2020\/06\/Z-EFG-F-robotic-gripper-bro-01.jpg\",\"width\":600,\"height\":400},{\"@type\":\"BreadcrumbList\",\"@id\":\"https:\/\/www.hitbotrobot.com\/es\/product\/z-efg-robotic-gripper-f\/#breadcrumb\",\"itemListElement\":[{\"@type\":\"ListItem\",\"position\":1,\"name\":\"Shop\",\"item\":\"https:\/\/www.hitbotrobot.com\/shop\/\"},{\"@type\":\"ListItem\",\"position\":2,\"name\":\"Pinza rob\u00f3tica Z-EFG-FS\"}]},{\"@type\":\"WebSite\",\"@id\":\"https:\/\/www.hitbotrobot.com\/es\/#website\",\"url\":\"https:\/\/www.hitbotrobot.com\/es\/\",\"name\":\"Huiling Tech\",\"description\":\"Manufacturer for Robotic Arm\",\"potentialAction\":[{\"@type\":\"SearchAction\",\"target\":{\"@type\":\"EntryPoint\",\"urlTemplate\":\"https:\/\/www.hitbotrobot.com\/es\/?s={search_term_string}\"},\"query-input\":\"required name=search_term_string\"}],\"inLanguage\":\"en-US\"}]}<\/script>\n<!-- \/ Yoast SEO plugin. -->","yoast_head_json":{"title":"Pinza servoel\u00e9ctrica rob\u00f3tica con fuerza de sujeci\u00f3n de 20N | Pinza rob\u00f3tica HITBOT","description":"La pinza servoel\u00e9ctrica rob\u00f3tica HITBOT puede coincidir con un brazo rob\u00f3tico de 6 grados de libertad, es una figura peque\u00f1a, puede sujetar objetos en un espacio peque\u00f1o y su fuerza de sujeci\u00f3n puede ser ajustable.","robots":{"index":"index","follow":"follow","max-snippet":"max-snippet:-1","max-image-preview":"max-image-preview:large","max-video-preview":"max-video-preview:-1"},"canonical":"https:\/\/www.hitbotrobot.com\/es\/product\/z-efg-robotic-gripper-f\/","og_locale":"en_US","og_type":"article","og_title":"Pinza servoel\u00e9ctrica rob\u00f3tica con fuerza de sujeci\u00f3n de 20N | Pinza rob\u00f3tica HITBOT","og_description":"La pinza servoel\u00e9ctrica rob\u00f3tica HITBOT puede coincidir con un brazo rob\u00f3tico de 6 grados de libertad, es una figura peque\u00f1a, puede sujetar objetos en un espacio peque\u00f1o y su fuerza de sujeci\u00f3n puede ser ajustable.","og_url":"https:\/\/www.hitbotrobot.com\/es\/product\/z-efg-robotic-gripper-f\/","og_site_name":"Huiling Tech","article_modified_time":"2022-09-29T09:52:39+00:00","og_image":[{"width":600,"height":400,"url":"https:\/\/www.hitbotrobot.com\/es\/wp-content\/uploads\/2020\/06\/Z-EFG-F-robotic-gripper-bro-01.jpg","type":"image\/jpeg"}],"twitter_card":"summary_large_image","twitter_misc":{"Est. reading time":"4 minutes"},"schema":{"@context":"https:\/\/schema.org","@graph":[{"@type":"WebPage","@id":"https:\/\/www.hitbotrobot.com\/es\/product\/z-efg-robotic-gripper-f\/","url":"https:\/\/www.hitbotrobot.com\/es\/product\/z-efg-robotic-gripper-f\/","name":"Pinza servoel\u00e9ctrica rob\u00f3tica con fuerza de sujeci\u00f3n de 20N | Pinza rob\u00f3tica HITBOT","isPartOf":{"@id":"https:\/\/www.hitbotrobot.com\/es\/#website"},"primaryImageOfPage":{"@id":"https:\/\/www.hitbotrobot.com\/es\/product\/z-efg-robotic-gripper-f\/#primaryimage"},"image":{"@id":"https:\/\/www.hitbotrobot.com\/es\/product\/z-efg-robotic-gripper-f\/#primaryimage"},"thumbnailUrl":"https:\/\/www.hitbotrobot.com\/es\/wp-content\/uploads\/2020\/06\/Z-EFG-F-robotic-gripper-bro-01.jpg","datePublished":"2020-06-10T09:21:45+00:00","dateModified":"2022-09-29T09:52:39+00:00","description":"La pinza servoel\u00e9ctrica rob\u00f3tica HITBOT puede coincidir con un brazo rob\u00f3tico de 6 grados de libertad, es una figura peque\u00f1a, puede sujetar objetos en un espacio peque\u00f1o y su fuerza de sujeci\u00f3n puede ser ajustable.","breadcrumb":{"@id":"https:\/\/www.hitbotrobot.com\/es\/product\/z-efg-robotic-gripper-f\/#breadcrumb"},"inLanguage":"en-US","potentialAction":[{"@type":"ReadAction","target":["https:\/\/www.hitbotrobot.com\/es\/product\/z-efg-robotic-gripper-f\/"]}]},{"@type":"ImageObject","inLanguage":"en-US","@id":"https:\/\/www.hitbotrobot.com\/es\/product\/z-efg-robotic-gripper-f\/#primaryimage","url":"https:\/\/www.hitbotrobot.com\/es\/wp-content\/uploads\/2020\/06\/Z-EFG-F-robotic-gripper-bro-01.jpg","contentUrl":"https:\/\/www.hitbotrobot.com\/es\/wp-content\/uploads\/2020\/06\/Z-EFG-F-robotic-gripper-bro-01.jpg","width":600,"height":400},{"@type":"BreadcrumbList","@id":"https:\/\/www.hitbotrobot.com\/es\/product\/z-efg-robotic-gripper-f\/#breadcrumb","itemListElement":[{"@type":"ListItem","position":1,"name":"Shop","item":"https:\/\/www.hitbotrobot.com\/shop\/"},{"@type":"ListItem","position":2,"name":"Pinza rob\u00f3tica Z-EFG-FS"}]},{"@type":"WebSite","@id":"https:\/\/www.hitbotrobot.com\/es\/#website","url":"https:\/\/www.hitbotrobot.com\/es\/","name":"Huiling Tech","description":"Manufacturer for Robotic Arm","potentialAction":[{"@type":"SearchAction","target":{"@type":"EntryPoint","urlTemplate":"https:\/\/www.hitbotrobot.com\/es\/?s={search_term_string}"},"query-input":"required name=search_term_string"}],"inLanguage":"en-US"}]}},"_links":{"self":[{"href":"https:\/\/www.hitbotrobot.com\/es\/wp-json\/wp\/v2\/product\/7754","targetHints":{"allow":["GET"]}}],"collection":[{"href":"https:\/\/www.hitbotrobot.com\/es\/wp-json\/wp\/v2\/product"}],"about":[{"href":"https:\/\/www.hitbotrobot.com\/es\/wp-json\/wp\/v2\/types\/product"}],"replies":[{"embeddable":true,"href":"https:\/\/www.hitbotrobot.com\/es\/wp-json\/wp\/v2\/comments?post=7754"}],"wp:featuredmedia":[{"embeddable":true,"href":"https:\/\/www.hitbotrobot.com\/es\/wp-json\/wp\/v2\/media\/13590"}],"wp:attachment":[{"href":"https:\/\/www.hitbotrobot.com\/es\/wp-json\/wp\/v2\/media?parent=7754"}],"wp:term":[{"taxonomy":"product_brand","embeddable":true,"href":"https:\/\/www.hitbotrobot.com\/es\/wp-json\/wp\/v2\/product_brand?post=7754"},{"taxonomy":"product_cat","embeddable":true,"href":"https:\/\/www.hitbotrobot.com\/es\/wp-json\/wp\/v2\/product_cat?post=7754"},{"taxonomy":"product_tag","embeddable":true,"href":"https:\/\/www.hitbotrobot.com\/es\/wp-json\/wp\/v2\/product_tag?post=7754"}],"curies":[{"name":"wp","href":"https:\/\/api.w.org\/{rel}","templated":true}]}}