{"id":7752,"date":"2020-06-10T09:21:44","date_gmt":"2020-06-10T09:21:44","guid":{"rendered":"http:\/\/rstheme.com\/products\/wordpress\/reobiz\/product\/import-placeholder-for-7611\/"},"modified":"2022-09-29T08:34:24","modified_gmt":"2022-09-29T08:34:24","slug":"z-emg-100-robotic-gripper","status":"publish","type":"product","link":"https:\/\/www.hitbotrobot.com\/es\/product\/z-emg-100-robotic-gripper\/","title":{"rendered":"Pinza rob\u00f3tica Z-EFG-100"},"content":{"rendered":"<p><strong>Introducci\u00f3n del producto<\/strong>:<br \/>\nLa pinza del manipulador Z-EFG-100 tiene alta precisi\u00f3n, admite un agarre suave y puede agarrar f\u00e1cilmente objetos fr\u00e1giles, como tuber\u00edas, huevos, etc., que no se pueden lograr con las pinzas neum\u00e1ticas.<\/p>\n<ul>\n<li>Trazo grande.<\/li>\n<li>Control de cables EIA485.<\/li>\n<li>Adaptarse a una variedad de brazos rob\u00f3ticos.<\/li>\n<\/ul>\n<p><img fetchpriority=\"high\" decoding=\"async\" class=\"size-full wp-image-13873 aligncenter\" src=\"https:\/\/www.hitbotrobot.com\/es\/wp-content\/uploads\/2020\/06\/z-emg-100-robotic-gripper-dis-02.jpg\" alt=\"\" width=\"800\" height=\"597\" srcset=\"https:\/\/www.hitbotrobot.com\/es\/wp-content\/uploads\/2020\/06\/z-emg-100-robotic-gripper-dis-02.jpg 800w, https:\/\/www.hitbotrobot.com\/es\/wp-content\/uploads\/2020\/06\/z-emg-100-robotic-gripper-dis-02-768x573.jpg 768w, https:\/\/www.hitbotrobot.com\/es\/wp-content\/uploads\/2020\/06\/z-emg-100-robotic-gripper-dis-02-600x448.jpg 600w\" sizes=\"(max-width: 800px) 100vw, 800px\" \/> <img decoding=\"async\" class=\"size-full wp-image-13874 aligncenter\" src=\"https:\/\/www.hitbotrobot.com\/es\/wp-content\/uploads\/2020\/06\/z-emg-100-robotic-gripper-dis-03.jpg\" alt=\"\" width=\"800\" height=\"800\" srcset=\"https:\/\/www.hitbotrobot.com\/es\/wp-content\/uploads\/2020\/06\/z-emg-100-robotic-gripper-dis-03.jpg 800w, https:\/\/www.hitbotrobot.com\/es\/wp-content\/uploads\/2020\/06\/z-emg-100-robotic-gripper-dis-03-600x600.jpg 600w, https:\/\/www.hitbotrobot.com\/es\/wp-content\/uploads\/2020\/06\/z-emg-100-robotic-gripper-dis-03-768x768.jpg 768w, https:\/\/www.hitbotrobot.com\/es\/wp-content\/uploads\/2020\/06\/z-emg-100-robotic-gripper-dis-03-500x500.jpg 500w, https:\/\/www.hitbotrobot.com\/es\/wp-content\/uploads\/2020\/06\/z-emg-100-robotic-gripper-dis-03-300x300.jpg 300w, https:\/\/www.hitbotrobot.com\/es\/wp-content\/uploads\/2020\/06\/z-emg-100-robotic-gripper-dis-03-100x100.jpg 100w\" sizes=\"(max-width: 800px) 100vw, 800px\" \/><br \/>\n<strong>Parametros del producto:<\/strong><\/p>\n<table style=\"border-collapse: collapse;\" border=\"1\" width=\"90%\" cellspacing=\"0\" cellpadding=\"0\">\n<tbody>\n<tr>\n<td colspan=\"2\">\u00a0 nombre del producto:<\/td>\n<td>\u00a0 Brazo robotico<\/td>\n<\/tr>\n<tr>\n<td colspan=\"2\">\u00a0 Art\u00edculo No.:<\/td>\n<td>\u00a0 EFG-100<\/td>\n<\/tr>\n<tr>\n<td colspan=\"2\">\u00a0 Carrera total<\/td>\n<td>\u00a0 90mm<\/td>\n<\/tr>\n<tr>\n<td colspan=\"2\">\u00a0 Fuerza de sujecion<\/td>\n<td>\u00a0 35-60N<\/td>\n<\/tr>\n<tr>\n<td colspan=\"2\">\u00a0 Peso m\u00e1ximo de sujeci\u00f3n<\/td>\n<td>\u00a0 \u22640.5kg<\/td>\n<\/tr>\n<tr>\n<td colspan=\"2\">\u00a0 Precisi\u00f3n de posicionamiento repetido<\/td>\n<td>\u00a0 \u00b1 0.02mm\/td&gt;<\/td>\n<\/tr>\n<tr>\n<td colspan=\"2\">\u00a0 Hora de cierre o apertura<\/td>\n<td>\u00a0 1s<\/td>\n<\/tr>\n<tr>\n<td colspan=\"2\">\u00a0 Rango de temperatura de funcionamiento<\/td>\n<td>\u00a0 5~55\u2103<\/td>\n<\/tr>\n<tr>\n<td colspan=\"2\">\u00a0 Carrera ajustable<\/td>\n<td>\u00a0 Ajustable<\/td>\n<\/tr>\n<tr>\n<td colspan=\"2\">\u00a0 Adjustable Gripping Force<\/td>\n<td>\u00a0 Adjustable<\/td>\n<\/tr>\n<tr>\n<td colspan=\"2\">\u00a0 Peso<\/td>\n<td>\u00a0 0.925kg<\/td>\n<\/tr>\n<tr>\n<td colspan=\"2\">\u00a0 Dimensi\u00f3n (L*W*H)<\/td>\n<td>\u00a0 203*144*45mm(Opened) 222*64*45mm(Closed)<\/td>\n<\/tr>\n<tr>\n<td colspan=\"2\">\u00a0 Tipo de ubicaci\u00f3n del controlador<\/td>\n<td>\u00a0 Incorporado<\/td>\n<\/tr>\n<tr>\n<td colspan=\"2\">\u00a0 Energ\u00eda<\/td>\n<td>\u00a0 30W<\/td>\n<\/tr>\n<tr>\n<td colspan=\"2\">\u00a0 Voltaje nominal<\/td>\n<td>\u00a0 24V<\/td>\n<\/tr>\n<\/tbody>\n<\/table>\n<p><strong>Descripci\u00f3n del producto<\/strong>:<br \/>\n<img decoding=\"async\" class=\"alignnone size-full wp-image-16167 aligncenter\" src=\"https:\/\/www.hitbotrobot.com\/es\/wp-content\/uploads\/2020\/06\/Z-emg-100-gripper_01.jpg\" alt=\"\" width=\"800\" height=\"654\" srcset=\"https:\/\/www.hitbotrobot.com\/es\/wp-content\/uploads\/2020\/06\/Z-emg-100-gripper_01.jpg 800w, https:\/\/www.hitbotrobot.com\/es\/wp-content\/uploads\/2020\/06\/Z-emg-100-gripper_01-768x628.jpg 768w, https:\/\/www.hitbotrobot.com\/es\/wp-content\/uploads\/2020\/06\/Z-emg-100-gripper_01-600x491.jpg 600w\" sizes=\"(max-width: 800px) 100vw, 800px\" \/> <img loading=\"lazy\" decoding=\"async\" class=\"alignnone size-full wp-image-16168 aligncenter\" src=\"https:\/\/www.hitbotrobot.com\/es\/wp-content\/uploads\/2020\/06\/Z-emg-100-gripper_02.png\" alt=\"\" width=\"800\" height=\"653\" srcset=\"https:\/\/www.hitbotrobot.com\/es\/wp-content\/uploads\/2020\/06\/Z-emg-100-gripper_02.png 800w, https:\/\/www.hitbotrobot.com\/es\/wp-content\/uploads\/2020\/06\/Z-emg-100-gripper_02-768x627.png 768w, https:\/\/www.hitbotrobot.com\/es\/wp-content\/uploads\/2020\/06\/Z-emg-100-gripper_02-600x490.png 600w\" sizes=\"(max-width: 800px) 100vw, 800px\" \/> <img loading=\"lazy\" decoding=\"async\" class=\"alignnone size-full wp-image-16169 aligncenter\" src=\"https:\/\/www.hitbotrobot.com\/es\/wp-content\/uploads\/2020\/06\/Z-emg-100-gripper_03.png\" alt=\"\" width=\"800\" height=\"654\" srcset=\"https:\/\/www.hitbotrobot.com\/es\/wp-content\/uploads\/2020\/06\/Z-emg-100-gripper_03.png 800w, https:\/\/www.hitbotrobot.com\/es\/wp-content\/uploads\/2020\/06\/Z-emg-100-gripper_03-768x628.png 768w, https:\/\/www.hitbotrobot.com\/es\/wp-content\/uploads\/2020\/06\/Z-emg-100-gripper_03-600x491.png 600w\" sizes=\"(max-width: 800px) 100vw, 800px\" \/> <img loading=\"lazy\" decoding=\"async\" class=\"alignnone size-full wp-image-16170 aligncenter\" src=\"https:\/\/www.hitbotrobot.com\/es\/wp-content\/uploads\/2020\/06\/Z-emg-100-gripper_04.png\" alt=\"\" width=\"800\" height=\"654\" srcset=\"https:\/\/www.hitbotrobot.com\/es\/wp-content\/uploads\/2020\/06\/Z-emg-100-gripper_04.png 800w, https:\/\/www.hitbotrobot.com\/es\/wp-content\/uploads\/2020\/06\/Z-emg-100-gripper_04-768x628.png 768w, https:\/\/www.hitbotrobot.com\/es\/wp-content\/uploads\/2020\/06\/Z-emg-100-gripper_04-600x491.png 600w\" sizes=\"(max-width: 800px) 100vw, 800px\" \/> <img loading=\"lazy\" decoding=\"async\" class=\"alignnone size-full wp-image-16171 aligncenter\" src=\"https:\/\/www.hitbotrobot.com\/es\/wp-content\/uploads\/2020\/06\/Z-emg-100-gripper_05.png\" alt=\"\" width=\"800\" height=\"653\" srcset=\"https:\/\/www.hitbotrobot.com\/es\/wp-content\/uploads\/2020\/06\/Z-emg-100-gripper_05.png 800w, https:\/\/www.hitbotrobot.com\/es\/wp-content\/uploads\/2020\/06\/Z-emg-100-gripper_05-768x627.png 768w, https:\/\/www.hitbotrobot.com\/es\/wp-content\/uploads\/2020\/06\/Z-emg-100-gripper_05-600x490.png 600w\" sizes=\"(max-width: 800px) 100vw, 800px\" \/> <img loading=\"lazy\" decoding=\"async\" class=\"alignnone size-full wp-image-16172 aligncenter\" src=\"https:\/\/www.hitbotrobot.com\/es\/wp-content\/uploads\/2020\/06\/Z-emg-100-gripper_06.png\" alt=\"\" width=\"800\" height=\"654\" srcset=\"https:\/\/www.hitbotrobot.com\/es\/wp-content\/uploads\/2020\/06\/Z-emg-100-gripper_06.png 800w, https:\/\/www.hitbotrobot.com\/es\/wp-content\/uploads\/2020\/06\/Z-emg-100-gripper_06-768x628.png 768w, https:\/\/www.hitbotrobot.com\/es\/wp-content\/uploads\/2020\/06\/Z-emg-100-gripper_06-600x491.png 600w\" sizes=\"(max-width: 800px) 100vw, 800px\" \/> <img loading=\"lazy\" decoding=\"async\" class=\"alignnone size-full wp-image-16173 aligncenter\" src=\"https:\/\/www.hitbotrobot.com\/es\/wp-content\/uploads\/2020\/06\/Z-emg-100-gripper_07.png\" alt=\"\" width=\"800\" height=\"654\" srcset=\"https:\/\/www.hitbotrobot.com\/es\/wp-content\/uploads\/2020\/06\/Z-emg-100-gripper_07.png 800w, https:\/\/www.hitbotrobot.com\/es\/wp-content\/uploads\/2020\/06\/Z-emg-100-gripper_07-768x628.png 768w, https:\/\/www.hitbotrobot.com\/es\/wp-content\/uploads\/2020\/06\/Z-emg-100-gripper_07-600x491.png 600w\" sizes=\"(max-width: 800px) 100vw, 800px\" \/> <img loading=\"lazy\" decoding=\"async\" class=\"alignnone size-full wp-image-16174 aligncenter\" src=\"https:\/\/www.hitbotrobot.com\/es\/wp-content\/uploads\/2020\/06\/Z-emg-100-gripper_08.png\" alt=\"\" width=\"800\" height=\"653\" srcset=\"https:\/\/www.hitbotrobot.com\/es\/wp-content\/uploads\/2020\/06\/Z-emg-100-gripper_08.png 800w, https:\/\/www.hitbotrobot.com\/es\/wp-content\/uploads\/2020\/06\/Z-emg-100-gripper_08-768x627.png 768w, https:\/\/www.hitbotrobot.com\/es\/wp-content\/uploads\/2020\/06\/Z-emg-100-gripper_08-600x490.png 600w\" sizes=\"(max-width: 800px) 100vw, 800px\" \/> <img loading=\"lazy\" decoding=\"async\" class=\"alignnone size-full wp-image-16175 aligncenter\" src=\"https:\/\/www.hitbotrobot.com\/es\/wp-content\/uploads\/2020\/06\/Z-emg-100-gripper_09.png\" alt=\"\" width=\"800\" height=\"654\" srcset=\"https:\/\/www.hitbotrobot.com\/es\/wp-content\/uploads\/2020\/06\/Z-emg-100-gripper_09.png 800w, https:\/\/www.hitbotrobot.com\/es\/wp-content\/uploads\/2020\/06\/Z-emg-100-gripper_09-768x628.png 768w, https:\/\/www.hitbotrobot.com\/es\/wp-content\/uploads\/2020\/06\/Z-emg-100-gripper_09-600x491.png 600w\" sizes=\"(max-width: 800px) 100vw, 800px\" \/> <img loading=\"lazy\" decoding=\"async\" class=\"alignnone size-full wp-image-16176 aligncenter\" src=\"https:\/\/www.hitbotrobot.com\/es\/wp-content\/uploads\/2020\/06\/Z-emg-100-gripper_10.png\" alt=\"\" width=\"800\" height=\"654\" srcset=\"https:\/\/www.hitbotrobot.com\/es\/wp-content\/uploads\/2020\/06\/Z-emg-100-gripper_10.png 800w, https:\/\/www.hitbotrobot.com\/es\/wp-content\/uploads\/2020\/06\/Z-emg-100-gripper_10-768x628.png 768w, https:\/\/www.hitbotrobot.com\/es\/wp-content\/uploads\/2020\/06\/Z-emg-100-gripper_10-600x491.png 600w\" sizes=\"(max-width: 800px) 100vw, 800px\" \/> <img loading=\"lazy\" decoding=\"async\" class=\"alignnone size-full wp-image-16177 aligncenter\" src=\"https:\/\/www.hitbotrobot.com\/es\/wp-content\/uploads\/2020\/06\/Z-emg-100-gripper_11.png\" alt=\"\" width=\"800\" height=\"653\" srcset=\"https:\/\/www.hitbotrobot.com\/es\/wp-content\/uploads\/2020\/06\/Z-emg-100-gripper_11.png 800w, https:\/\/www.hitbotrobot.com\/es\/wp-content\/uploads\/2020\/06\/Z-emg-100-gripper_11-768x627.png 768w, https:\/\/www.hitbotrobot.com\/es\/wp-content\/uploads\/2020\/06\/Z-emg-100-gripper_11-600x490.png 600w\" sizes=\"(max-width: 800px) 100vw, 800px\" \/> <img loading=\"lazy\" decoding=\"async\" class=\"alignnone size-full wp-image-16178 aligncenter\" src=\"https:\/\/www.hitbotrobot.com\/es\/wp-content\/uploads\/2020\/06\/Z-emg-100-gripper_12.png\" alt=\"\" width=\"800\" height=\"654\" srcset=\"https:\/\/www.hitbotrobot.com\/es\/wp-content\/uploads\/2020\/06\/Z-emg-100-gripper_12.png 800w, https:\/\/www.hitbotrobot.com\/es\/wp-content\/uploads\/2020\/06\/Z-emg-100-gripper_12-768x628.png 768w, https:\/\/www.hitbotrobot.com\/es\/wp-content\/uploads\/2020\/06\/Z-emg-100-gripper_12-600x491.png 600w\" sizes=\"(max-width: 800px) 100vw, 800px\" \/> <img loading=\"lazy\" decoding=\"async\" class=\"alignnone size-full wp-image-16179 aligncenter\" src=\"https:\/\/www.hitbotrobot.com\/es\/wp-content\/uploads\/2020\/06\/Z-emg-100-gripper_13.png\" alt=\"\" width=\"800\" height=\"654\" srcset=\"https:\/\/www.hitbotrobot.com\/es\/wp-content\/uploads\/2020\/06\/Z-emg-100-gripper_13.png 800w, https:\/\/www.hitbotrobot.com\/es\/wp-content\/uploads\/2020\/06\/Z-emg-100-gripper_13-768x628.png 768w, https:\/\/www.hitbotrobot.com\/es\/wp-content\/uploads\/2020\/06\/Z-emg-100-gripper_13-600x491.png 600w\" sizes=\"(max-width: 800px) 100vw, 800px\" \/> <img loading=\"lazy\" decoding=\"async\" class=\"alignnone size-full wp-image-16180 aligncenter\" src=\"https:\/\/www.hitbotrobot.com\/es\/wp-content\/uploads\/2020\/06\/Z-emg-100-gripper_14.png\" alt=\"\" width=\"800\" height=\"653\" srcset=\"https:\/\/www.hitbotrobot.com\/es\/wp-content\/uploads\/2020\/06\/Z-emg-100-gripper_14.png 800w, https:\/\/www.hitbotrobot.com\/es\/wp-content\/uploads\/2020\/06\/Z-emg-100-gripper_14-768x627.png 768w, https:\/\/www.hitbotrobot.com\/es\/wp-content\/uploads\/2020\/06\/Z-emg-100-gripper_14-600x490.png 600w\" sizes=\"(max-width: 800px) 100vw, 800px\" \/> <img loading=\"lazy\" decoding=\"async\" class=\"alignnone size-full wp-image-16181 aligncenter\" src=\"https:\/\/www.hitbotrobot.com\/es\/wp-content\/uploads\/2020\/06\/Z-emg-100-gripper_15.png\" alt=\"\" width=\"800\" height=\"654\" srcset=\"https:\/\/www.hitbotrobot.com\/es\/wp-content\/uploads\/2020\/06\/Z-emg-100-gripper_15.png 800w, https:\/\/www.hitbotrobot.com\/es\/wp-content\/uploads\/2020\/06\/Z-emg-100-gripper_15-768x628.png 768w, https:\/\/www.hitbotrobot.com\/es\/wp-content\/uploads\/2020\/06\/Z-emg-100-gripper_15-600x491.png 600w\" sizes=\"(max-width: 800px) 100vw, 800px\" \/><\/p>\n","protected":false},"excerpt":{"rendered":"<p>[embed]https:\/\/www.youtube.com\/watch?v=F9M4BZrMmBk&#8230;<\/p>\n","protected":false},"featured_media":13582,"comment_status":"open","ping_status":"closed","template":"","meta":[],"product_brand":[],"product_cat":[39],"product_tag":[105],"class_list":{"0":"post-7752","1":"product","2":"type-product","3":"status-publish","4":"has-post-thumbnail","6":"product_cat-robotic-gripper","7":"product_tag-electric-parallel-gripper","9":"first","10":"instock","11":"shipping-taxable","12":"product-type-simple"},"yoast_head":"<!-- This site is optimized with the Yoast SEO plugin v22.7 - https:\/\/yoast.com\/wordpress\/plugins\/seo\/ -->\n<title>Pinza rob\u00f3tica de 2 dedos con fuerza de sujeci\u00f3n de 500 g | Servopinza HITBOT<\/title>\n<meta name=\"description\" content=\"La pinza rob\u00f3tica HITBOT de 2 dedos puede alcanzar los 90 mm para desplazarse, puede sujetar objetos de 500 g y su desplazamiento y sujeci\u00f3n pueden ser ajustables.\" \/>\n<meta name=\"robots\" content=\"index, follow, max-snippet:-1, max-image-preview:large, max-video-preview:-1\" \/>\n<link rel=\"canonical\" href=\"https:\/\/www.hitbotrobot.com\/es\/product\/z-emg-100-robotic-gripper\/\" \/>\n<meta property=\"og:locale\" content=\"en_US\" \/>\n<meta property=\"og:type\" content=\"article\" \/>\n<meta property=\"og:title\" content=\"Pinza rob\u00f3tica de 2 dedos con fuerza de sujeci\u00f3n de 500 g | Servopinza HITBOT\" \/>\n<meta property=\"og:description\" content=\"La pinza rob\u00f3tica HITBOT de 2 dedos puede alcanzar los 90 mm para desplazarse, puede sujetar objetos de 500 g y su desplazamiento y sujeci\u00f3n pueden ser ajustables.\" \/>\n<meta property=\"og:url\" content=\"https:\/\/www.hitbotrobot.com\/es\/product\/z-emg-100-robotic-gripper\/\" \/>\n<meta property=\"og:site_name\" content=\"Huiling Tech\" \/>\n<meta property=\"article:modified_time\" content=\"2022-09-29T08:34:24+00:00\" \/>\n<meta property=\"og:image\" content=\"https:\/\/www.hitbotrobot.com\/es\/wp-content\/uploads\/2020\/06\/z-emg-100-robotic-gripper-bro-01.jpg\" \/>\n\t<meta property=\"og:image:width\" content=\"600\" \/>\n\t<meta property=\"og:image:height\" content=\"400\" \/>\n\t<meta property=\"og:image:type\" content=\"image\/jpeg\" \/>\n<meta name=\"twitter:card\" content=\"summary_large_image\" \/>\n<meta name=\"twitter:label1\" content=\"Est. reading time\" \/>\n\t<meta name=\"twitter:data1\" content=\"4 minutes\" \/>\n<script type=\"application\/ld+json\" class=\"yoast-schema-graph\">{\"@context\":\"https:\/\/schema.org\",\"@graph\":[{\"@type\":\"WebPage\",\"@id\":\"https:\/\/www.hitbotrobot.com\/es\/product\/z-emg-100-robotic-gripper\/\",\"url\":\"https:\/\/www.hitbotrobot.com\/es\/product\/z-emg-100-robotic-gripper\/\",\"name\":\"Pinza rob\u00f3tica de 2 dedos con fuerza de sujeci\u00f3n de 500 g | Servopinza HITBOT\",\"isPartOf\":{\"@id\":\"https:\/\/www.hitbotrobot.com\/es\/#website\"},\"primaryImageOfPage\":{\"@id\":\"https:\/\/www.hitbotrobot.com\/es\/product\/z-emg-100-robotic-gripper\/#primaryimage\"},\"image\":{\"@id\":\"https:\/\/www.hitbotrobot.com\/es\/product\/z-emg-100-robotic-gripper\/#primaryimage\"},\"thumbnailUrl\":\"https:\/\/www.hitbotrobot.com\/es\/wp-content\/uploads\/2020\/06\/z-emg-100-robotic-gripper-bro-01.jpg\",\"datePublished\":\"2020-06-10T09:21:44+00:00\",\"dateModified\":\"2022-09-29T08:34:24+00:00\",\"description\":\"La pinza rob\u00f3tica HITBOT de 2 dedos puede alcanzar los 90 mm para desplazarse, puede sujetar objetos de 500 g y su desplazamiento y sujeci\u00f3n pueden ser ajustables.\",\"breadcrumb\":{\"@id\":\"https:\/\/www.hitbotrobot.com\/es\/product\/z-emg-100-robotic-gripper\/#breadcrumb\"},\"inLanguage\":\"en-US\",\"potentialAction\":[{\"@type\":\"ReadAction\",\"target\":[\"https:\/\/www.hitbotrobot.com\/es\/product\/z-emg-100-robotic-gripper\/\"]}]},{\"@type\":\"ImageObject\",\"inLanguage\":\"en-US\",\"@id\":\"https:\/\/www.hitbotrobot.com\/es\/product\/z-emg-100-robotic-gripper\/#primaryimage\",\"url\":\"https:\/\/www.hitbotrobot.com\/es\/wp-content\/uploads\/2020\/06\/z-emg-100-robotic-gripper-bro-01.jpg\",\"contentUrl\":\"https:\/\/www.hitbotrobot.com\/es\/wp-content\/uploads\/2020\/06\/z-emg-100-robotic-gripper-bro-01.jpg\",\"width\":600,\"height\":400},{\"@type\":\"BreadcrumbList\",\"@id\":\"https:\/\/www.hitbotrobot.com\/es\/product\/z-emg-100-robotic-gripper\/#breadcrumb\",\"itemListElement\":[{\"@type\":\"ListItem\",\"position\":1,\"name\":\"Shop\",\"item\":\"https:\/\/www.hitbotrobot.com\/shop\/\"},{\"@type\":\"ListItem\",\"position\":2,\"name\":\"Pinza rob\u00f3tica Z-EFG-100\"}]},{\"@type\":\"WebSite\",\"@id\":\"https:\/\/www.hitbotrobot.com\/es\/#website\",\"url\":\"https:\/\/www.hitbotrobot.com\/es\/\",\"name\":\"Huiling Tech\",\"description\":\"Manufacturer for Robotic Arm\",\"potentialAction\":[{\"@type\":\"SearchAction\",\"target\":{\"@type\":\"EntryPoint\",\"urlTemplate\":\"https:\/\/www.hitbotrobot.com\/es\/?s={search_term_string}\"},\"query-input\":\"required name=search_term_string\"}],\"inLanguage\":\"en-US\"}]}<\/script>\n<!-- \/ Yoast SEO plugin. -->","yoast_head_json":{"title":"Pinza rob\u00f3tica de 2 dedos con fuerza de sujeci\u00f3n de 500 g | Servopinza HITBOT","description":"La pinza rob\u00f3tica HITBOT de 2 dedos puede alcanzar los 90 mm para desplazarse, puede sujetar objetos de 500 g y su desplazamiento y sujeci\u00f3n pueden ser ajustables.","robots":{"index":"index","follow":"follow","max-snippet":"max-snippet:-1","max-image-preview":"max-image-preview:large","max-video-preview":"max-video-preview:-1"},"canonical":"https:\/\/www.hitbotrobot.com\/es\/product\/z-emg-100-robotic-gripper\/","og_locale":"en_US","og_type":"article","og_title":"Pinza rob\u00f3tica de 2 dedos con fuerza de sujeci\u00f3n de 500 g | Servopinza HITBOT","og_description":"La pinza rob\u00f3tica HITBOT de 2 dedos puede alcanzar los 90 mm para desplazarse, puede sujetar objetos de 500 g y su desplazamiento y sujeci\u00f3n pueden ser ajustables.","og_url":"https:\/\/www.hitbotrobot.com\/es\/product\/z-emg-100-robotic-gripper\/","og_site_name":"Huiling Tech","article_modified_time":"2022-09-29T08:34:24+00:00","og_image":[{"width":600,"height":400,"url":"https:\/\/www.hitbotrobot.com\/es\/wp-content\/uploads\/2020\/06\/z-emg-100-robotic-gripper-bro-01.jpg","type":"image\/jpeg"}],"twitter_card":"summary_large_image","twitter_misc":{"Est. reading time":"4 minutes"},"schema":{"@context":"https:\/\/schema.org","@graph":[{"@type":"WebPage","@id":"https:\/\/www.hitbotrobot.com\/es\/product\/z-emg-100-robotic-gripper\/","url":"https:\/\/www.hitbotrobot.com\/es\/product\/z-emg-100-robotic-gripper\/","name":"Pinza rob\u00f3tica de 2 dedos con fuerza de sujeci\u00f3n de 500 g | Servopinza HITBOT","isPartOf":{"@id":"https:\/\/www.hitbotrobot.com\/es\/#website"},"primaryImageOfPage":{"@id":"https:\/\/www.hitbotrobot.com\/es\/product\/z-emg-100-robotic-gripper\/#primaryimage"},"image":{"@id":"https:\/\/www.hitbotrobot.com\/es\/product\/z-emg-100-robotic-gripper\/#primaryimage"},"thumbnailUrl":"https:\/\/www.hitbotrobot.com\/es\/wp-content\/uploads\/2020\/06\/z-emg-100-robotic-gripper-bro-01.jpg","datePublished":"2020-06-10T09:21:44+00:00","dateModified":"2022-09-29T08:34:24+00:00","description":"La pinza rob\u00f3tica HITBOT de 2 dedos puede alcanzar los 90 mm para desplazarse, puede sujetar objetos de 500 g y su desplazamiento y sujeci\u00f3n pueden ser ajustables.","breadcrumb":{"@id":"https:\/\/www.hitbotrobot.com\/es\/product\/z-emg-100-robotic-gripper\/#breadcrumb"},"inLanguage":"en-US","potentialAction":[{"@type":"ReadAction","target":["https:\/\/www.hitbotrobot.com\/es\/product\/z-emg-100-robotic-gripper\/"]}]},{"@type":"ImageObject","inLanguage":"en-US","@id":"https:\/\/www.hitbotrobot.com\/es\/product\/z-emg-100-robotic-gripper\/#primaryimage","url":"https:\/\/www.hitbotrobot.com\/es\/wp-content\/uploads\/2020\/06\/z-emg-100-robotic-gripper-bro-01.jpg","contentUrl":"https:\/\/www.hitbotrobot.com\/es\/wp-content\/uploads\/2020\/06\/z-emg-100-robotic-gripper-bro-01.jpg","width":600,"height":400},{"@type":"BreadcrumbList","@id":"https:\/\/www.hitbotrobot.com\/es\/product\/z-emg-100-robotic-gripper\/#breadcrumb","itemListElement":[{"@type":"ListItem","position":1,"name":"Shop","item":"https:\/\/www.hitbotrobot.com\/shop\/"},{"@type":"ListItem","position":2,"name":"Pinza rob\u00f3tica Z-EFG-100"}]},{"@type":"WebSite","@id":"https:\/\/www.hitbotrobot.com\/es\/#website","url":"https:\/\/www.hitbotrobot.com\/es\/","name":"Huiling Tech","description":"Manufacturer for Robotic Arm","potentialAction":[{"@type":"SearchAction","target":{"@type":"EntryPoint","urlTemplate":"https:\/\/www.hitbotrobot.com\/es\/?s={search_term_string}"},"query-input":"required name=search_term_string"}],"inLanguage":"en-US"}]}},"_links":{"self":[{"href":"https:\/\/www.hitbotrobot.com\/es\/wp-json\/wp\/v2\/product\/7752","targetHints":{"allow":["GET"]}}],"collection":[{"href":"https:\/\/www.hitbotrobot.com\/es\/wp-json\/wp\/v2\/product"}],"about":[{"href":"https:\/\/www.hitbotrobot.com\/es\/wp-json\/wp\/v2\/types\/product"}],"replies":[{"embeddable":true,"href":"https:\/\/www.hitbotrobot.com\/es\/wp-json\/wp\/v2\/comments?post=7752"}],"wp:featuredmedia":[{"embeddable":true,"href":"https:\/\/www.hitbotrobot.com\/es\/wp-json\/wp\/v2\/media\/13582"}],"wp:attachment":[{"href":"https:\/\/www.hitbotrobot.com\/es\/wp-json\/wp\/v2\/media?parent=7752"}],"wp:term":[{"taxonomy":"product_brand","embeddable":true,"href":"https:\/\/www.hitbotrobot.com\/es\/wp-json\/wp\/v2\/product_brand?post=7752"},{"taxonomy":"product_cat","embeddable":true,"href":"https:\/\/www.hitbotrobot.com\/es\/wp-json\/wp\/v2\/product_cat?post=7752"},{"taxonomy":"product_tag","embeddable":true,"href":"https:\/\/www.hitbotrobot.com\/es\/wp-json\/wp\/v2\/product_tag?post=7752"}],"curies":[{"name":"wp","href":"https:\/\/api.w.org\/{rel}","templated":true}]}}