{"id":7751,"date":"2020-06-10T09:21:44","date_gmt":"2020-06-10T09:21:44","guid":{"rendered":"http:\/\/rstheme.com\/products\/wordpress\/reobiz\/product\/import-placeholder-for-7609\/"},"modified":"2022-09-29T06:32:04","modified_gmt":"2022-09-29T06:32:04","slug":"1832-robotic-arm","status":"publish","type":"product","link":"https:\/\/www.hitbotrobot.com\/es\/product\/1832-robotic-arm\/","title":{"rendered":"1832 Brazo rob\u00f3tico colaborativo"},"content":{"rendered":"<p><strong>Introducci\u00f3n del producto:<\/strong><br \/>\nHITBOT Z-Arm 1832 es un brazo rob\u00f3tico colaborativo de 4 ejes con un recorrido de 180 mm que alcanza el eje Z y un alcance de brazo de 320 mm.<\/p>\n<ul>\n<li>Compacto y preciso.<br \/>\nFlexible para implementar en varios escenarios de aplicaci\u00f3n.<\/li>\n<li>Simple pero vers\u00e1til.<br \/>\nF\u00e1cil de programar y usar, programaci\u00f3n de ense\u00f1anza port\u00e1til, compatible con desarrollo secundario SDK.<\/li>\n<li>Colaborativo y seguro.<br \/>\nCompatible con detecci\u00f3n de colisiones, colaboraci\u00f3n inteligente entre humanos y m\u00e1quinas.<\/li>\n<\/ul>\n<p><img fetchpriority=\"high\" decoding=\"async\" class=\"size-full wp-image-13714 aligncenter\" src=\"https:\/\/www.hitbotrobot.com\/es\/wp-content\/uploads\/2020\/06\/1832-robotic-arm-dis-01.jpg\" alt=\"\" width=\"800\" height=\"544\" srcset=\"https:\/\/www.hitbotrobot.com\/es\/wp-content\/uploads\/2020\/06\/1832-robotic-arm-dis-01.jpg 800w, https:\/\/www.hitbotrobot.com\/es\/wp-content\/uploads\/2020\/06\/1832-robotic-arm-dis-01-768x522.jpg 768w, https:\/\/www.hitbotrobot.com\/es\/wp-content\/uploads\/2020\/06\/1832-robotic-arm-dis-01-600x408.jpg 600w\" sizes=\"(max-width: 800px) 100vw, 800px\" \/> <img decoding=\"async\" class=\"size-full wp-image-13715 aligncenter\" src=\"https:\/\/www.hitbotrobot.com\/es\/wp-content\/uploads\/2020\/06\/1832-robotic-arm-dis-02.jpg\" alt=\"\" width=\"800\" height=\"295\" srcset=\"https:\/\/www.hitbotrobot.com\/es\/wp-content\/uploads\/2020\/06\/1832-robotic-arm-dis-02.jpg 800w, https:\/\/www.hitbotrobot.com\/es\/wp-content\/uploads\/2020\/06\/1832-robotic-arm-dis-02-768x283.jpg 768w, https:\/\/www.hitbotrobot.com\/es\/wp-content\/uploads\/2020\/06\/1832-robotic-arm-dis-02-600x221.jpg 600w\" sizes=\"(max-width: 800px) 100vw, 800px\" \/><\/p>\n<p><strong>Par\u00e1metro del producto<\/strong>:<\/p>\n<table style=\"border-collapse: collapse;\" border=\"1\" width=\"90%\" cellspacing=\"0\" cellpadding=\"0\">\n<tbody>\n<tr>\n<td colspan=\"2\">\u00a0 nombre del producto:<\/td>\n<td>\u00a0 Brazo robotico<\/td>\n<\/tr>\n<tr>\n<td colspan=\"2\">\u00a0 Art\u00edculo No.:<\/td>\n<td>\u00a0 Z-Arm 1832<\/td>\n<\/tr>\n<tr>\n<td rowspan=\"2\">\u00a0 J1 Axis<\/td>\n<td>\u00a0Alcance del brazo<\/td>\n<td>\u00a0 160mm<\/td>\n<\/tr>\n<tr>\n<td>\u00a0Rango de rotaci\u00f3n<\/td>\n<td>\u00a0 \u00b190\u00b0<\/td>\n<\/tr>\n<tr>\n<td rowspan=\"2\">\u00a0 J2 Axis<\/td>\n<td>\u00a0Alcance del brazo<\/td>\n<td>\u00a0 160mm<\/td>\n<\/tr>\n<tr>\n<td>\u00a0Rango de rotaci\u00f3n<\/td>\n<td>\u00a0 \u00b1143\u00b0<\/td>\n<\/tr>\n<tr>\n<td>\u00a0 Z Axis<\/td>\n<td>\u00a0Alcanzar<\/td>\n<td>\u00a0 180mm<\/td>\n<\/tr>\n<tr>\n<td>\u00a0 R Axis<\/td>\n<td>\u00a0Alcanzar<\/td>\n<td>\u00a0 \u00b11080\u00b0<\/td>\n<\/tr>\n<tr>\n<td colspan=\"2\">\u00a0 N\u00famero de eje<\/td>\n<td>\u00a0 4<\/td>\n<\/tr>\n<tr>\n<td colspan=\"2\">\u00a0 Carga \u00fatil nominal<\/td>\n<td>\u00a0 0.5KG<\/td>\n<\/tr>\n<tr>\n<td colspan=\"2\">\u00a0 Carga \u00fatil m\u00e1xima<\/td>\n<td>\u00a0 1KG<\/td>\n<\/tr>\n<tr>\n<td colspan=\"2\">\u00a0 Velocidad linear<\/td>\n<td>\u00a0 1017mm\/s<\/td>\n<\/tr>\n<tr>\n<td colspan=\"2\">\u00a0 Repetibilidad<\/td>\n<td>\u00a0 \u00b10.02mm<\/td>\n<\/tr>\n<tr>\n<td colspan=\"2\">\u00a0 Voltaje<\/td>\n<td>\u00a0 220V\/110V 50-60Hz DC24V\/Energ\u00eda 320W<\/td>\n<\/tr>\n<tr>\n<td colspan=\"2\">\u00a0 Comunicaci\u00f3n<\/td>\n<td>\u00a0 Ethernet<\/td>\n<\/tr>\n<tr>\n<td colspan=\"2\">\u00a0 Altura del eje Z personalizable<\/td>\n<td>\u00a0 0.1-0.5 meter<\/td>\n<\/tr>\n<tr>\n<td colspan=\"2\">\u00a0 Z axis drag to teach<\/td>\n<td>\u00a0 Yes<\/td>\n<\/tr>\n<tr>\n<td colspan=\"2\">\u00a0 Pinzas compatibles con HITBOT<\/td>\n<td>\u00a0 Z-EFG-8S \/ Z-EFG-12 \/ Z-EFG-20 \/ Z-EFG-20S<\/td>\n<\/tr>\n<tr>\n<td colspan=\"2\">\u00a0 Ambiente de trabajo<\/td>\n<td>\u00a0 La temperatura: 0-45\u2103, Humedad: RH20-80 (sin escarcha)<\/td>\n<\/tr>\n<tr>\n<td colspan=\"2\">\u00a0 I\/O Ports: Entrada digital (Aislado)<\/td>\n<td>\u00a0 9+3<\/td>\n<\/tr>\n<tr>\n<td colspan=\"2\">\u00a0 I\/O Ports: Salida digital (Aislado)<\/td>\n<td>\u00a0 9+3<\/td>\n<\/tr>\n<tr>\n<td colspan=\"2\">\u00a0 Altura<\/td>\n<td>\u00a0 500mm<\/td>\n<\/tr>\n<tr>\n<td colspan=\"2\">\u00a0 Peso<\/td>\n<td>\u00a0 11KG<\/td>\n<\/tr>\n<tr>\n<td colspan=\"2\">\u00a0 Tama\u00f1o de la base de la m\u00e1quina: Huella<\/td>\n<td>\u00a0 200*200*10mm<\/td>\n<\/tr>\n<tr>\n<td colspan=\"2\">\u00a0 Tama\u00f1o de la base de la m\u00e1quina: espaciado de los orificios de fijaci\u00f3n de la m\u00e1quina<\/td>\n<td>\u00a0 160*160 (with 4 M5*12 tornillos)<\/td>\n<\/tr>\n<tr>\n<td colspan=\"2\">\u00a0 Detecci\u00f3n de colisiones<\/td>\n<td>\u00a0 Apoyo<\/td>\n<\/tr>\n<tr>\n<td colspan=\"2\">\u00a0 Arrastre de mano para ense\u00f1ar<\/td>\n<td>\u00a0 Apoyo<\/td>\n<\/tr>\n<\/tbody>\n<\/table>\n<p><strong>Detalle del producto<\/strong>:<br \/>\n<img decoding=\"async\" class=\"alignnone size-full wp-image-16100 aligncenter\" src=\"https:\/\/www.hitbotrobot.com\/es\/wp-content\/uploads\/2020\/06\/1832-hitbot_01.jpg\" alt=\"\" width=\"800\" height=\"679\" srcset=\"https:\/\/www.hitbotrobot.com\/es\/wp-content\/uploads\/2020\/06\/1832-hitbot_01.jpg 800w, https:\/\/www.hitbotrobot.com\/es\/wp-content\/uploads\/2020\/06\/1832-hitbot_01-768x652.jpg 768w, https:\/\/www.hitbotrobot.com\/es\/wp-content\/uploads\/2020\/06\/1832-hitbot_01-80x68.jpg 80w, https:\/\/www.hitbotrobot.com\/es\/wp-content\/uploads\/2020\/06\/1832-hitbot_01-600x509.jpg 600w\" sizes=\"(max-width: 800px) 100vw, 800px\" \/> <img loading=\"lazy\" decoding=\"async\" class=\"alignnone size-full wp-image-16101 aligncenter\" src=\"https:\/\/www.hitbotrobot.com\/es\/wp-content\/uploads\/2020\/06\/1832-hitbot_02.jpg\" alt=\"\" width=\"800\" height=\"680\" srcset=\"https:\/\/www.hitbotrobot.com\/es\/wp-content\/uploads\/2020\/06\/1832-hitbot_02.jpg 800w, https:\/\/www.hitbotrobot.com\/es\/wp-content\/uploads\/2020\/06\/1832-hitbot_02-768x653.jpg 768w, https:\/\/www.hitbotrobot.com\/es\/wp-content\/uploads\/2020\/06\/1832-hitbot_02-80x68.jpg 80w, https:\/\/www.hitbotrobot.com\/es\/wp-content\/uploads\/2020\/06\/1832-hitbot_02-600x510.jpg 600w\" sizes=\"(max-width: 800px) 100vw, 800px\" \/> <img loading=\"lazy\" decoding=\"async\" class=\"alignnone size-full wp-image-16102 aligncenter\" src=\"https:\/\/www.hitbotrobot.com\/es\/wp-content\/uploads\/2020\/06\/1832-hitbot_03.jpg\" alt=\"\" width=\"800\" height=\"679\" srcset=\"https:\/\/www.hitbotrobot.com\/es\/wp-content\/uploads\/2020\/06\/1832-hitbot_03.jpg 800w, https:\/\/www.hitbotrobot.com\/es\/wp-content\/uploads\/2020\/06\/1832-hitbot_03-768x652.jpg 768w, https:\/\/www.hitbotrobot.com\/es\/wp-content\/uploads\/2020\/06\/1832-hitbot_03-80x68.jpg 80w, https:\/\/www.hitbotrobot.com\/es\/wp-content\/uploads\/2020\/06\/1832-hitbot_03-600x509.jpg 600w\" sizes=\"(max-width: 800px) 100vw, 800px\" \/> <img loading=\"lazy\" decoding=\"async\" class=\"alignnone size-full wp-image-16103 aligncenter\" src=\"https:\/\/www.hitbotrobot.com\/es\/wp-content\/uploads\/2020\/06\/1832-hitbot_04.jpg\" alt=\"\" width=\"800\" height=\"680\" srcset=\"https:\/\/www.hitbotrobot.com\/es\/wp-content\/uploads\/2020\/06\/1832-hitbot_04.jpg 800w, https:\/\/www.hitbotrobot.com\/es\/wp-content\/uploads\/2020\/06\/1832-hitbot_04-768x653.jpg 768w, https:\/\/www.hitbotrobot.com\/es\/wp-content\/uploads\/2020\/06\/1832-hitbot_04-80x68.jpg 80w, https:\/\/www.hitbotrobot.com\/es\/wp-content\/uploads\/2020\/06\/1832-hitbot_04-600x510.jpg 600w\" sizes=\"(max-width: 800px) 100vw, 800px\" \/> <img loading=\"lazy\" decoding=\"async\" class=\"alignnone size-full wp-image-16104 aligncenter\" src=\"https:\/\/www.hitbotrobot.com\/es\/wp-content\/uploads\/2020\/06\/1832-hitbot_05.jpg\" alt=\"\" width=\"800\" height=\"679\" srcset=\"https:\/\/www.hitbotrobot.com\/es\/wp-content\/uploads\/2020\/06\/1832-hitbot_05.jpg 800w, https:\/\/www.hitbotrobot.com\/es\/wp-content\/uploads\/2020\/06\/1832-hitbot_05-768x652.jpg 768w, https:\/\/www.hitbotrobot.com\/es\/wp-content\/uploads\/2020\/06\/1832-hitbot_05-80x68.jpg 80w, https:\/\/www.hitbotrobot.com\/es\/wp-content\/uploads\/2020\/06\/1832-hitbot_05-600x509.jpg 600w\" sizes=\"(max-width: 800px) 100vw, 800px\" \/> <img loading=\"lazy\" decoding=\"async\" class=\"alignnone size-full wp-image-16105 aligncenter\" src=\"https:\/\/www.hitbotrobot.com\/es\/wp-content\/uploads\/2020\/06\/1832-hitbot_06.jpg\" alt=\"\" width=\"800\" height=\"680\" srcset=\"https:\/\/www.hitbotrobot.com\/es\/wp-content\/uploads\/2020\/06\/1832-hitbot_06.jpg 800w, https:\/\/www.hitbotrobot.com\/es\/wp-content\/uploads\/2020\/06\/1832-hitbot_06-768x653.jpg 768w, https:\/\/www.hitbotrobot.com\/es\/wp-content\/uploads\/2020\/06\/1832-hitbot_06-80x68.jpg 80w, https:\/\/www.hitbotrobot.com\/es\/wp-content\/uploads\/2020\/06\/1832-hitbot_06-600x510.jpg 600w\" sizes=\"(max-width: 800px) 100vw, 800px\" \/> <img loading=\"lazy\" decoding=\"async\" class=\"alignnone size-full wp-image-16106 aligncenter\" src=\"https:\/\/www.hitbotrobot.com\/es\/wp-content\/uploads\/2020\/06\/1832-hitbot_07.jpg\" alt=\"\" width=\"800\" height=\"679\" srcset=\"https:\/\/www.hitbotrobot.com\/es\/wp-content\/uploads\/2020\/06\/1832-hitbot_07.jpg 800w, https:\/\/www.hitbotrobot.com\/es\/wp-content\/uploads\/2020\/06\/1832-hitbot_07-768x652.jpg 768w, https:\/\/www.hitbotrobot.com\/es\/wp-content\/uploads\/2020\/06\/1832-hitbot_07-80x68.jpg 80w, https:\/\/www.hitbotrobot.com\/es\/wp-content\/uploads\/2020\/06\/1832-hitbot_07-600x509.jpg 600w\" sizes=\"(max-width: 800px) 100vw, 800px\" \/> <img loading=\"lazy\" decoding=\"async\" class=\"alignnone size-full wp-image-16107 aligncenter\" src=\"https:\/\/www.hitbotrobot.com\/es\/wp-content\/uploads\/2020\/06\/1832-hitbot_08.jpg\" alt=\"\" width=\"800\" height=\"680\" srcset=\"https:\/\/www.hitbotrobot.com\/es\/wp-content\/uploads\/2020\/06\/1832-hitbot_08.jpg 800w, https:\/\/www.hitbotrobot.com\/es\/wp-content\/uploads\/2020\/06\/1832-hitbot_08-768x653.jpg 768w, https:\/\/www.hitbotrobot.com\/es\/wp-content\/uploads\/2020\/06\/1832-hitbot_08-80x68.jpg 80w, https:\/\/www.hitbotrobot.com\/es\/wp-content\/uploads\/2020\/06\/1832-hitbot_08-600x510.jpg 600w\" sizes=\"(max-width: 800px) 100vw, 800px\" \/> <img loading=\"lazy\" decoding=\"async\" class=\"alignnone size-full wp-image-16108 aligncenter\" src=\"https:\/\/www.hitbotrobot.com\/es\/wp-content\/uploads\/2020\/06\/1832-hitbot_09.jpg\" alt=\"\" width=\"800\" height=\"679\" srcset=\"https:\/\/www.hitbotrobot.com\/es\/wp-content\/uploads\/2020\/06\/1832-hitbot_09.jpg 800w, https:\/\/www.hitbotrobot.com\/es\/wp-content\/uploads\/2020\/06\/1832-hitbot_09-768x652.jpg 768w, https:\/\/www.hitbotrobot.com\/es\/wp-content\/uploads\/2020\/06\/1832-hitbot_09-80x68.jpg 80w, https:\/\/www.hitbotrobot.com\/es\/wp-content\/uploads\/2020\/06\/1832-hitbot_09-600x509.jpg 600w\" sizes=\"(max-width: 800px) 100vw, 800px\" \/> <img loading=\"lazy\" decoding=\"async\" class=\"alignnone size-full wp-image-16109 aligncenter\" src=\"https:\/\/www.hitbotrobot.com\/es\/wp-content\/uploads\/2020\/06\/1832-hitbot_10.jpg\" alt=\"\" width=\"800\" height=\"679\" srcset=\"https:\/\/www.hitbotrobot.com\/es\/wp-content\/uploads\/2020\/06\/1832-hitbot_10.jpg 800w, https:\/\/www.hitbotrobot.com\/es\/wp-content\/uploads\/2020\/06\/1832-hitbot_10-768x652.jpg 768w, https:\/\/www.hitbotrobot.com\/es\/wp-content\/uploads\/2020\/06\/1832-hitbot_10-80x68.jpg 80w, https:\/\/www.hitbotrobot.com\/es\/wp-content\/uploads\/2020\/06\/1832-hitbot_10-600x509.jpg 600w\" sizes=\"(max-width: 800px) 100vw, 800px\" \/> <img loading=\"lazy\" decoding=\"async\" class=\"alignnone size-full wp-image-16110 aligncenter\" src=\"https:\/\/www.hitbotrobot.com\/es\/wp-content\/uploads\/2020\/06\/1832-hitbot_11.jpg\" alt=\"\" width=\"800\" height=\"680\" srcset=\"https:\/\/www.hitbotrobot.com\/es\/wp-content\/uploads\/2020\/06\/1832-hitbot_11.jpg 800w, https:\/\/www.hitbotrobot.com\/es\/wp-content\/uploads\/2020\/06\/1832-hitbot_11-768x653.jpg 768w, https:\/\/www.hitbotrobot.com\/es\/wp-content\/uploads\/2020\/06\/1832-hitbot_11-80x68.jpg 80w, https:\/\/www.hitbotrobot.com\/es\/wp-content\/uploads\/2020\/06\/1832-hitbot_11-600x510.jpg 600w\" sizes=\"(max-width: 800px) 100vw, 800px\" \/> <img loading=\"lazy\" decoding=\"async\" class=\"alignnone size-full wp-image-16111 aligncenter\" src=\"https:\/\/www.hitbotrobot.com\/es\/wp-content\/uploads\/2020\/06\/1832-hitbot_12.jpg\" alt=\"\" width=\"800\" height=\"679\" srcset=\"https:\/\/www.hitbotrobot.com\/es\/wp-content\/uploads\/2020\/06\/1832-hitbot_12.jpg 800w, https:\/\/www.hitbotrobot.com\/es\/wp-content\/uploads\/2020\/06\/1832-hitbot_12-768x652.jpg 768w, https:\/\/www.hitbotrobot.com\/es\/wp-content\/uploads\/2020\/06\/1832-hitbot_12-80x68.jpg 80w, https:\/\/www.hitbotrobot.com\/es\/wp-content\/uploads\/2020\/06\/1832-hitbot_12-600x509.jpg 600w\" sizes=\"(max-width: 800px) 100vw, 800px\" \/> <img loading=\"lazy\" decoding=\"async\" class=\"alignnone size-full wp-image-16112 aligncenter\" src=\"https:\/\/www.hitbotrobot.com\/es\/wp-content\/uploads\/2020\/06\/1832-hitbot_13.jpg\" alt=\"\" width=\"800\" height=\"680\" srcset=\"https:\/\/www.hitbotrobot.com\/es\/wp-content\/uploads\/2020\/06\/1832-hitbot_13.jpg 800w, https:\/\/www.hitbotrobot.com\/es\/wp-content\/uploads\/2020\/06\/1832-hitbot_13-768x653.jpg 768w, https:\/\/www.hitbotrobot.com\/es\/wp-content\/uploads\/2020\/06\/1832-hitbot_13-80x68.jpg 80w, https:\/\/www.hitbotrobot.com\/es\/wp-content\/uploads\/2020\/06\/1832-hitbot_13-600x510.jpg 600w\" sizes=\"(max-width: 800px) 100vw, 800px\" \/> <img loading=\"lazy\" decoding=\"async\" class=\"alignnone size-full wp-image-16113 aligncenter\" src=\"https:\/\/www.hitbotrobot.com\/es\/wp-content\/uploads\/2020\/06\/1832-hitbot_14.jpg\" alt=\"\" width=\"800\" height=\"679\" srcset=\"https:\/\/www.hitbotrobot.com\/es\/wp-content\/uploads\/2020\/06\/1832-hitbot_14.jpg 800w, https:\/\/www.hitbotrobot.com\/es\/wp-content\/uploads\/2020\/06\/1832-hitbot_14-768x652.jpg 768w, https:\/\/www.hitbotrobot.com\/es\/wp-content\/uploads\/2020\/06\/1832-hitbot_14-80x68.jpg 80w, https:\/\/www.hitbotrobot.com\/es\/wp-content\/uploads\/2020\/06\/1832-hitbot_14-600x509.jpg 600w\" sizes=\"(max-width: 800px) 100vw, 800px\" \/> <img loading=\"lazy\" decoding=\"async\" class=\"alignnone size-full wp-image-16114 aligncenter\" src=\"https:\/\/www.hitbotrobot.com\/es\/wp-content\/uploads\/2020\/06\/1832-hitbot_15.jpg\" alt=\"\" width=\"800\" height=\"680\" srcset=\"https:\/\/www.hitbotrobot.com\/es\/wp-content\/uploads\/2020\/06\/1832-hitbot_15.jpg 800w, https:\/\/www.hitbotrobot.com\/es\/wp-content\/uploads\/2020\/06\/1832-hitbot_15-768x653.jpg 768w, https:\/\/www.hitbotrobot.com\/es\/wp-content\/uploads\/2020\/06\/1832-hitbot_15-80x68.jpg 80w, https:\/\/www.hitbotrobot.com\/es\/wp-content\/uploads\/2020\/06\/1832-hitbot_15-600x510.jpg 600w\" sizes=\"(max-width: 800px) 100vw, 800px\" \/> <img loading=\"lazy\" decoding=\"async\" class=\"alignnone size-full wp-image-16115 aligncenter\" src=\"https:\/\/www.hitbotrobot.com\/es\/wp-content\/uploads\/2020\/06\/1832-hitbot_16.jpg\" alt=\"\" width=\"800\" height=\"679\" srcset=\"https:\/\/www.hitbotrobot.com\/es\/wp-content\/uploads\/2020\/06\/1832-hitbot_16.jpg 800w, https:\/\/www.hitbotrobot.com\/es\/wp-content\/uploads\/2020\/06\/1832-hitbot_16-768x652.jpg 768w, https:\/\/www.hitbotrobot.com\/es\/wp-content\/uploads\/2020\/06\/1832-hitbot_16-80x68.jpg 80w, https:\/\/www.hitbotrobot.com\/es\/wp-content\/uploads\/2020\/06\/1832-hitbot_16-600x509.jpg 600w\" sizes=\"(max-width: 800px) 100vw, 800px\" \/><\/p>\n","protected":false},"excerpt":{"rendered":"<p>[embed]https:\/\/www.hitbot.cc\/wp-content\/uploads\/2021\/11\/robot-arm.mp4&#8230;<\/p>\n","protected":false},"featured_media":16680,"comment_status":"open","ping_status":"closed","template":"","meta":[],"product_brand":[],"product_cat":[42],"product_tag":[103],"class_list":{"0":"post-7751","1":"product","2":"type-product","3":"status-publish","4":"has-post-thumbnail","6":"product_cat-robotic-arm","7":"product_tag-4-axis","9":"first","10":"instock","11":"shipping-taxable","12":"product-type-simple"},"yoast_head":"<!-- This site is optimized with the Yoast SEO plugin v22.7 - https:\/\/yoast.com\/wordpress\/plugins\/seo\/ -->\n<title>Brazo rob\u00f3tico de 4 grados de libertad con brazo de 320 mm | Brazo electr\u00f3nico HITBOT<\/title>\n<meta name=\"description\" content=\"El brazo rob\u00f3tico HITBOT 4 Dof puede cargar 1 kg como m\u00e1ximo, su carga nominal es de 0,5 kg, su brazo puede alcanzar los 320 mm y es f\u00e1cil de controlar mediante un programa escrito.\" \/>\n<meta name=\"robots\" content=\"index, follow, max-snippet:-1, max-image-preview:large, max-video-preview:-1\" \/>\n<link rel=\"canonical\" href=\"https:\/\/www.hitbotrobot.com\/es\/product\/1832-robotic-arm\/\" \/>\n<meta property=\"og:locale\" content=\"en_US\" \/>\n<meta property=\"og:type\" content=\"article\" \/>\n<meta property=\"og:title\" content=\"Brazo rob\u00f3tico de 4 grados de libertad con brazo de 320 mm | Brazo electr\u00f3nico HITBOT\" \/>\n<meta property=\"og:description\" content=\"El brazo rob\u00f3tico HITBOT 4 Dof puede cargar 1 kg como m\u00e1ximo, su carga nominal es de 0,5 kg, su brazo puede alcanzar los 320 mm y es f\u00e1cil de controlar mediante un programa escrito.\" \/>\n<meta property=\"og:url\" content=\"https:\/\/www.hitbotrobot.com\/es\/product\/1832-robotic-arm\/\" \/>\n<meta property=\"og:site_name\" content=\"Huiling Tech\" \/>\n<meta property=\"article:modified_time\" content=\"2022-09-29T06:32:04+00:00\" \/>\n<meta property=\"og:image\" content=\"https:\/\/www.hitbotrobot.com\/es\/wp-content\/uploads\/2020\/06\/Z-arm-1832-robot-01.jpg\" \/>\n\t<meta property=\"og:image:width\" content=\"600\" \/>\n\t<meta property=\"og:image:height\" content=\"400\" \/>\n\t<meta property=\"og:image:type\" content=\"image\/jpeg\" \/>\n<meta name=\"twitter:card\" content=\"summary_large_image\" \/>\n<meta name=\"twitter:label1\" content=\"Est. reading time\" \/>\n\t<meta name=\"twitter:data1\" content=\"5 minutes\" \/>\n<script type=\"application\/ld+json\" class=\"yoast-schema-graph\">{\"@context\":\"https:\/\/schema.org\",\"@graph\":[{\"@type\":\"WebPage\",\"@id\":\"https:\/\/www.hitbotrobot.com\/es\/product\/1832-robotic-arm\/\",\"url\":\"https:\/\/www.hitbotrobot.com\/es\/product\/1832-robotic-arm\/\",\"name\":\"Brazo rob\u00f3tico de 4 grados de libertad con brazo de 320 mm | Brazo electr\u00f3nico HITBOT\",\"isPartOf\":{\"@id\":\"https:\/\/www.hitbotrobot.com\/es\/#website\"},\"primaryImageOfPage\":{\"@id\":\"https:\/\/www.hitbotrobot.com\/es\/product\/1832-robotic-arm\/#primaryimage\"},\"image\":{\"@id\":\"https:\/\/www.hitbotrobot.com\/es\/product\/1832-robotic-arm\/#primaryimage\"},\"thumbnailUrl\":\"https:\/\/www.hitbotrobot.com\/es\/wp-content\/uploads\/2020\/06\/Z-arm-1832-robot-01.jpg\",\"datePublished\":\"2020-06-10T09:21:44+00:00\",\"dateModified\":\"2022-09-29T06:32:04+00:00\",\"description\":\"El brazo rob\u00f3tico HITBOT 4 Dof puede cargar 1 kg como m\u00e1ximo, su carga nominal es de 0,5 kg, su brazo puede alcanzar los 320 mm y es f\u00e1cil de controlar mediante un programa escrito.\",\"breadcrumb\":{\"@id\":\"https:\/\/www.hitbotrobot.com\/es\/product\/1832-robotic-arm\/#breadcrumb\"},\"inLanguage\":\"en-US\",\"potentialAction\":[{\"@type\":\"ReadAction\",\"target\":[\"https:\/\/www.hitbotrobot.com\/es\/product\/1832-robotic-arm\/\"]}]},{\"@type\":\"ImageObject\",\"inLanguage\":\"en-US\",\"@id\":\"https:\/\/www.hitbotrobot.com\/es\/product\/1832-robotic-arm\/#primaryimage\",\"url\":\"https:\/\/www.hitbotrobot.com\/es\/wp-content\/uploads\/2020\/06\/Z-arm-1832-robot-01.jpg\",\"contentUrl\":\"https:\/\/www.hitbotrobot.com\/es\/wp-content\/uploads\/2020\/06\/Z-arm-1832-robot-01.jpg\",\"width\":600,\"height\":400},{\"@type\":\"BreadcrumbList\",\"@id\":\"https:\/\/www.hitbotrobot.com\/es\/product\/1832-robotic-arm\/#breadcrumb\",\"itemListElement\":[{\"@type\":\"ListItem\",\"position\":1,\"name\":\"Shop\",\"item\":\"https:\/\/www.hitbotrobot.com\/shop\/\"},{\"@type\":\"ListItem\",\"position\":2,\"name\":\"1832 Brazo rob\u00f3tico colaborativo\"}]},{\"@type\":\"WebSite\",\"@id\":\"https:\/\/www.hitbotrobot.com\/es\/#website\",\"url\":\"https:\/\/www.hitbotrobot.com\/es\/\",\"name\":\"Huiling Tech\",\"description\":\"Manufacturer for Robotic Arm\",\"potentialAction\":[{\"@type\":\"SearchAction\",\"target\":{\"@type\":\"EntryPoint\",\"urlTemplate\":\"https:\/\/www.hitbotrobot.com\/es\/?s={search_term_string}\"},\"query-input\":\"required name=search_term_string\"}],\"inLanguage\":\"en-US\"}]}<\/script>\n<!-- \/ Yoast SEO plugin. -->","yoast_head_json":{"title":"Brazo rob\u00f3tico de 4 grados de libertad con brazo de 320 mm | Brazo electr\u00f3nico HITBOT","description":"El brazo rob\u00f3tico HITBOT 4 Dof puede cargar 1 kg como m\u00e1ximo, su carga nominal es de 0,5 kg, su brazo puede alcanzar los 320 mm y es f\u00e1cil de controlar mediante un programa escrito.","robots":{"index":"index","follow":"follow","max-snippet":"max-snippet:-1","max-image-preview":"max-image-preview:large","max-video-preview":"max-video-preview:-1"},"canonical":"https:\/\/www.hitbotrobot.com\/es\/product\/1832-robotic-arm\/","og_locale":"en_US","og_type":"article","og_title":"Brazo rob\u00f3tico de 4 grados de libertad con brazo de 320 mm | Brazo electr\u00f3nico HITBOT","og_description":"El brazo rob\u00f3tico HITBOT 4 Dof puede cargar 1 kg como m\u00e1ximo, su carga nominal es de 0,5 kg, su brazo puede alcanzar los 320 mm y es f\u00e1cil de controlar mediante un programa escrito.","og_url":"https:\/\/www.hitbotrobot.com\/es\/product\/1832-robotic-arm\/","og_site_name":"Huiling Tech","article_modified_time":"2022-09-29T06:32:04+00:00","og_image":[{"width":600,"height":400,"url":"https:\/\/www.hitbotrobot.com\/es\/wp-content\/uploads\/2020\/06\/Z-arm-1832-robot-01.jpg","type":"image\/jpeg"}],"twitter_card":"summary_large_image","twitter_misc":{"Est. reading time":"5 minutes"},"schema":{"@context":"https:\/\/schema.org","@graph":[{"@type":"WebPage","@id":"https:\/\/www.hitbotrobot.com\/es\/product\/1832-robotic-arm\/","url":"https:\/\/www.hitbotrobot.com\/es\/product\/1832-robotic-arm\/","name":"Brazo rob\u00f3tico de 4 grados de libertad con brazo de 320 mm | Brazo electr\u00f3nico HITBOT","isPartOf":{"@id":"https:\/\/www.hitbotrobot.com\/es\/#website"},"primaryImageOfPage":{"@id":"https:\/\/www.hitbotrobot.com\/es\/product\/1832-robotic-arm\/#primaryimage"},"image":{"@id":"https:\/\/www.hitbotrobot.com\/es\/product\/1832-robotic-arm\/#primaryimage"},"thumbnailUrl":"https:\/\/www.hitbotrobot.com\/es\/wp-content\/uploads\/2020\/06\/Z-arm-1832-robot-01.jpg","datePublished":"2020-06-10T09:21:44+00:00","dateModified":"2022-09-29T06:32:04+00:00","description":"El brazo rob\u00f3tico HITBOT 4 Dof puede cargar 1 kg como m\u00e1ximo, su carga nominal es de 0,5 kg, su brazo puede alcanzar los 320 mm y es f\u00e1cil de controlar mediante un programa escrito.","breadcrumb":{"@id":"https:\/\/www.hitbotrobot.com\/es\/product\/1832-robotic-arm\/#breadcrumb"},"inLanguage":"en-US","potentialAction":[{"@type":"ReadAction","target":["https:\/\/www.hitbotrobot.com\/es\/product\/1832-robotic-arm\/"]}]},{"@type":"ImageObject","inLanguage":"en-US","@id":"https:\/\/www.hitbotrobot.com\/es\/product\/1832-robotic-arm\/#primaryimage","url":"https:\/\/www.hitbotrobot.com\/es\/wp-content\/uploads\/2020\/06\/Z-arm-1832-robot-01.jpg","contentUrl":"https:\/\/www.hitbotrobot.com\/es\/wp-content\/uploads\/2020\/06\/Z-arm-1832-robot-01.jpg","width":600,"height":400},{"@type":"BreadcrumbList","@id":"https:\/\/www.hitbotrobot.com\/es\/product\/1832-robotic-arm\/#breadcrumb","itemListElement":[{"@type":"ListItem","position":1,"name":"Shop","item":"https:\/\/www.hitbotrobot.com\/shop\/"},{"@type":"ListItem","position":2,"name":"1832 Brazo rob\u00f3tico colaborativo"}]},{"@type":"WebSite","@id":"https:\/\/www.hitbotrobot.com\/es\/#website","url":"https:\/\/www.hitbotrobot.com\/es\/","name":"Huiling Tech","description":"Manufacturer for Robotic Arm","potentialAction":[{"@type":"SearchAction","target":{"@type":"EntryPoint","urlTemplate":"https:\/\/www.hitbotrobot.com\/es\/?s={search_term_string}"},"query-input":"required name=search_term_string"}],"inLanguage":"en-US"}]}},"_links":{"self":[{"href":"https:\/\/www.hitbotrobot.com\/es\/wp-json\/wp\/v2\/product\/7751","targetHints":{"allow":["GET"]}}],"collection":[{"href":"https:\/\/www.hitbotrobot.com\/es\/wp-json\/wp\/v2\/product"}],"about":[{"href":"https:\/\/www.hitbotrobot.com\/es\/wp-json\/wp\/v2\/types\/product"}],"replies":[{"embeddable":true,"href":"https:\/\/www.hitbotrobot.com\/es\/wp-json\/wp\/v2\/comments?post=7751"}],"wp:featuredmedia":[{"embeddable":true,"href":"https:\/\/www.hitbotrobot.com\/es\/wp-json\/wp\/v2\/media\/16680"}],"wp:attachment":[{"href":"https:\/\/www.hitbotrobot.com\/es\/wp-json\/wp\/v2\/media?parent=7751"}],"wp:term":[{"taxonomy":"product_brand","embeddable":true,"href":"https:\/\/www.hitbotrobot.com\/es\/wp-json\/wp\/v2\/product_brand?post=7751"},{"taxonomy":"product_cat","embeddable":true,"href":"https:\/\/www.hitbotrobot.com\/es\/wp-json\/wp\/v2\/product_cat?post=7751"},{"taxonomy":"product_tag","embeddable":true,"href":"https:\/\/www.hitbotrobot.com\/es\/wp-json\/wp\/v2\/product_tag?post=7751"}],"curies":[{"name":"wp","href":"https:\/\/api.w.org\/{rel}","templated":true}]}}