{"id":7750,"date":"2020-06-10T09:21:44","date_gmt":"2020-06-10T09:21:44","guid":{"rendered":"http:\/\/rstheme.com\/products\/wordpress\/reobiz\/product\/import-placeholder-for-7607\/"},"modified":"2022-09-29T10:13:35","modified_gmt":"2022-09-29T10:13:35","slug":"z-emg-04-robotic-gripper","status":"publish","type":"product","link":"https:\/\/www.hitbotrobot.com\/es\/product\/z-emg-04-robotic-gripper\/","title":{"rendered":"Pinza rob\u00f3tica Z-EMG-04"},"content":{"rendered":"<p><strong>Introducci\u00f3n del producto<\/strong>:<br \/>\nLa pinza rob\u00f3tica Z-EMG-04 puede sujetar f\u00e1cilmente objetos como pan, huevos, t\u00e9, productos electr\u00f3nicos, etc.<br \/>\ntiene muchas caracteristicas:<\/p>\n<ul>\n<li>Peque\u00f1o en tama\u00f1o.<\/li>\n<li>Econ\u00f3mico.<\/li>\n<li>Podr\u00eda agarrar objetos en un espacio peque\u00f1o.<\/li>\n<li>Solo tarda 0,05 s en abrirse y cerrarse.<\/li>\n<li>Larga vida \u00fatil: m\u00e1s de decenas de millones de ciclos, superando las pinzas de aire.<\/li>\n<li>Controlador incorporado: ahorro de espacio, f\u00e1cil de integrar.<\/li>\n<li>Modo de control: entrada y salida de E\/S.<\/li>\n<\/ul>\n<p><img fetchpriority=\"high\" decoding=\"async\" class=\"size-full wp-image-13868 aligncenter\" src=\"https:\/\/www.hitbotrobot.com\/es\/wp-content\/uploads\/2020\/06\/z-emg-04-robotic-gripper-dis-01.jpg\" alt=\"\" width=\"800\" height=\"651\" srcset=\"https:\/\/www.hitbotrobot.com\/es\/wp-content\/uploads\/2020\/06\/z-emg-04-robotic-gripper-dis-01.jpg 800w, https:\/\/www.hitbotrobot.com\/es\/wp-content\/uploads\/2020\/06\/z-emg-04-robotic-gripper-dis-01-768x625.jpg 768w, https:\/\/www.hitbotrobot.com\/es\/wp-content\/uploads\/2020\/06\/z-emg-04-robotic-gripper-dis-01-600x488.jpg 600w\" sizes=\"(max-width: 800px) 100vw, 800px\" \/><br \/>\n<strong>Parametros del producto<\/strong>:<\/p>\n<table style=\"border-collapse: collapse;\" border=\"1\" width=\"90%\" cellspacing=\"0\" cellpadding=\"0\">\n<tbody>\n<tr>\n<td colspan=\"2\">\u00a0 nombre del producto:<\/td>\n<td>\u00a0 Brazo robotico<\/td>\n<\/tr>\n<tr>\n<td colspan=\"2\">\u00a0 Art\u00edculo No.:<\/td>\n<td>\u00a0 Z-EMG-4<\/td>\n<\/tr>\n<tr>\n<td colspan=\"2\">\u00a0 Carrera total<\/td>\n<td>\u00a0 4mm<\/td>\n<\/tr>\n<tr>\n<td colspan=\"2\">\u00a0 Fuerza de sujecion<\/td>\n<td>\u00a0 3-5N<\/td>\n<\/tr>\n<tr>\n<td colspan=\"2\">\u00a0 Sugerencia de frecuencia de movimiento<\/td>\n<td>\u00a0 \u2264150\uff08CPM)<\/td>\n<\/tr>\n<tr>\n<td colspan=\"2\">\u00a0 Dispositivo de sujeci\u00f3n<\/td>\n<td>\u00a0 Resorte de compresi\u00f3n + Leva de correa<\/td>\n<\/tr>\n<tr>\n<td colspan=\"2\">\u00a0 Dispositivo de apertura<\/td>\n<td>\u00a0 Fuerza electromagn\u00e9tica de bobina electromagn\u00e9tica + Strap Cam<\/td>\n<\/tr>\n<tr>\n<td colspan=\"2\">\u00a0 Recommendation Use Environment<\/td>\n<td>\u00a0 0-40\u2103, below 85%RH<\/td>\n<\/tr>\n<tr>\n<td colspan=\"2\">\u00a0 Peso de sujeci\u00f3n recomendado<\/td>\n<td>\u00a0 \u2264100g<\/td>\n<\/tr>\n<tr>\n<td colspan=\"2\">\u00a0 Suministro de grasa para componentes m\u00f3viles<\/td>\n<td>\u00a0 Un mill\u00f3n\/tiempo o un movimiento\/tiempo<\/td>\n<\/tr>\n<tr>\n<td colspan=\"2\">\u00a0 Peso<\/td>\n<td>\u00a0 0.230KG<\/td>\n<\/tr>\n<tr>\n<td colspan=\"2\">\u00a0 Tama\u00f1o del producto<\/td>\n<td>\u00a0 35*26*92mm<\/td>\n<\/tr>\n<tr>\n<td colspan=\"2\">\u00a0 Reacci\u00f3n<\/td>\n<td>\u00a0 Por debajo de 0,5 mm en unilateral<\/td>\n<\/tr>\n<tr>\n<td colspan=\"2\">\u00a0 Modo de control<\/td>\n<td>\u00a0 E\/S digitales<\/td>\n<\/tr>\n<tr>\n<td colspan=\"2\">\u00a0 Voltaje de trabajo<\/td>\n<td>\u00a0 DC24V\u00b110%<\/td>\n<\/tr>\n<tr>\n<td colspan=\"2\">\u00a0 Corriente nominal<\/td>\n<td>\u00a0 0.1A<\/td>\n<\/tr>\n<tr>\n<td colspan=\"2\">\u00a0 Corriente pico<\/td>\n<td>\u00a0 3A<\/td>\n<\/tr>\n<tr>\n<td colspan=\"2\">\u00a0 Voltaje nominal<\/td>\n<td>\u00a0 24V<\/td>\n<\/tr>\n<tr>\n<td colspan=\"2\">\u00a0 Consumo de energ\u00eda en estado de sujeci\u00f3n<\/td>\n<td>\u00a0 0.1W<\/td>\n<\/tr>\n<tr>\n<td colspan=\"2\">\u00a0 Posici\u00f3n del controlador<\/td>\n<td>\u00a0 Incorporado<\/td>\n<\/tr>\n<tr>\n<td colspan=\"2\">\u00a0 Grado de protecci\u00f3n<\/td>\n<td>\u00a0 IP20<\/td>\n<\/tr>\n<\/tbody>\n<\/table>\n<p><strong>Dimensi\u00f3n y diagrama del producto<\/strong>:<br \/>\n<img decoding=\"async\" class=\"size-full wp-image-13869 aligncenter\" src=\"https:\/\/www.hitbotrobot.com\/es\/wp-content\/uploads\/2020\/06\/z-emg-04-robotic-gripper-diagram.jpg\" alt=\"\" width=\"800\" height=\"799\" srcset=\"https:\/\/www.hitbotrobot.com\/es\/wp-content\/uploads\/2020\/06\/z-emg-04-robotic-gripper-diagram.jpg 800w, https:\/\/www.hitbotrobot.com\/es\/wp-content\/uploads\/2020\/06\/z-emg-04-robotic-gripper-diagram-600x599.jpg 600w, https:\/\/www.hitbotrobot.com\/es\/wp-content\/uploads\/2020\/06\/z-emg-04-robotic-gripper-diagram-768x767.jpg 768w, https:\/\/www.hitbotrobot.com\/es\/wp-content\/uploads\/2020\/06\/z-emg-04-robotic-gripper-diagram-500x500.jpg 500w, https:\/\/www.hitbotrobot.com\/es\/wp-content\/uploads\/2020\/06\/z-emg-04-robotic-gripper-diagram-300x300.jpg 300w, https:\/\/www.hitbotrobot.com\/es\/wp-content\/uploads\/2020\/06\/z-emg-04-robotic-gripper-diagram-100x100.jpg 100w\" sizes=\"(max-width: 800px) 100vw, 800px\" \/><br \/>\n<strong>Aplicaci\u00f3n del producto<\/strong>:<br \/>\n<img decoding=\"async\" class=\"size-full wp-image-13870 aligncenter\" src=\"https:\/\/www.hitbotrobot.com\/es\/wp-content\/uploads\/2020\/06\/z-emg-04-robotic-gripper-app.jpg\" alt=\"\" width=\"800\" height=\"423\" srcset=\"https:\/\/www.hitbotrobot.com\/es\/wp-content\/uploads\/2020\/06\/z-emg-04-robotic-gripper-app.jpg 800w, https:\/\/www.hitbotrobot.com\/es\/wp-content\/uploads\/2020\/06\/z-emg-04-robotic-gripper-app-768x406.jpg 768w, https:\/\/www.hitbotrobot.com\/es\/wp-content\/uploads\/2020\/06\/z-emg-04-robotic-gripper-app-600x317.jpg 600w\" sizes=\"(max-width: 800px) 100vw, 800px\" \/><\/p>\n","protected":false},"excerpt":{"rendered":"<p>[embed]https:\/\/www.youtube.com\/watch?v=y0__BKFcLFY&#8230;<\/p>\n","protected":false},"featured_media":13580,"comment_status":"open","ping_status":"closed","template":"","meta":[],"product_brand":[],"product_cat":[39],"product_tag":[105],"class_list":{"0":"post-7750","1":"product","2":"type-product","3":"status-publish","4":"has-post-thumbnail","6":"product_cat-robotic-gripper","7":"product_tag-electric-parallel-gripper","9":"first","10":"instock","11":"shipping-taxable","12":"product-type-simple"},"yoast_head":"<!-- This site is optimized with the Yoast SEO plugin v22.7 - https:\/\/yoast.com\/wordpress\/plugins\/seo\/ -->\n<title>Pinza electromagn\u00e9tica mini con viaje de 4 mm | Pinza de brazo HITBOT<\/title>\n<meta name=\"description\" content=\"La mini pinza electromagn\u00e9tica HITBOT puede sujetar objetos en un espacio estrecho, su controlador est\u00e1 integrado, lo que ocupa un espacio peque\u00f1o y tiene una larga vida \u00fatil (m\u00e1s de decenas de millones de ciclos).\" \/>\n<meta name=\"robots\" content=\"index, follow, max-snippet:-1, max-image-preview:large, max-video-preview:-1\" \/>\n<link rel=\"canonical\" href=\"https:\/\/www.hitbotrobot.com\/es\/product\/z-emg-04-robotic-gripper\/\" \/>\n<meta property=\"og:locale\" content=\"en_US\" \/>\n<meta property=\"og:type\" content=\"article\" \/>\n<meta property=\"og:title\" content=\"Pinza electromagn\u00e9tica mini con viaje de 4 mm | Pinza de brazo HITBOT\" \/>\n<meta property=\"og:description\" content=\"La mini pinza electromagn\u00e9tica HITBOT puede sujetar objetos en un espacio estrecho, su controlador est\u00e1 integrado, lo que ocupa un espacio peque\u00f1o y tiene una larga vida \u00fatil (m\u00e1s de decenas de millones de ciclos).\" \/>\n<meta property=\"og:url\" content=\"https:\/\/www.hitbotrobot.com\/es\/product\/z-emg-04-robotic-gripper\/\" \/>\n<meta property=\"og:site_name\" content=\"Huiling Tech\" \/>\n<meta property=\"article:modified_time\" content=\"2022-09-29T10:13:35+00:00\" \/>\n<meta property=\"og:image\" content=\"https:\/\/www.hitbotrobot.com\/es\/wp-content\/uploads\/2020\/06\/z-emg-04-robotic-gripper-bro-04.jpg\" \/>\n\t<meta property=\"og:image:width\" content=\"600\" \/>\n\t<meta property=\"og:image:height\" content=\"400\" \/>\n\t<meta property=\"og:image:type\" content=\"image\/jpeg\" \/>\n<meta name=\"twitter:card\" content=\"summary_large_image\" \/>\n<meta name=\"twitter:label1\" content=\"Est. reading time\" \/>\n\t<meta name=\"twitter:data1\" content=\"2 minutes\" \/>\n<script type=\"application\/ld+json\" class=\"yoast-schema-graph\">{\"@context\":\"https:\/\/schema.org\",\"@graph\":[{\"@type\":\"WebPage\",\"@id\":\"https:\/\/www.hitbotrobot.com\/es\/product\/z-emg-04-robotic-gripper\/\",\"url\":\"https:\/\/www.hitbotrobot.com\/es\/product\/z-emg-04-robotic-gripper\/\",\"name\":\"Pinza electromagn\u00e9tica mini con viaje de 4 mm | Pinza de brazo HITBOT\",\"isPartOf\":{\"@id\":\"https:\/\/www.hitbotrobot.com\/es\/#website\"},\"primaryImageOfPage\":{\"@id\":\"https:\/\/www.hitbotrobot.com\/es\/product\/z-emg-04-robotic-gripper\/#primaryimage\"},\"image\":{\"@id\":\"https:\/\/www.hitbotrobot.com\/es\/product\/z-emg-04-robotic-gripper\/#primaryimage\"},\"thumbnailUrl\":\"https:\/\/www.hitbotrobot.com\/es\/wp-content\/uploads\/2020\/06\/z-emg-04-robotic-gripper-bro-04.jpg\",\"datePublished\":\"2020-06-10T09:21:44+00:00\",\"dateModified\":\"2022-09-29T10:13:35+00:00\",\"description\":\"La mini pinza electromagn\u00e9tica HITBOT puede sujetar objetos en un espacio estrecho, su controlador est\u00e1 integrado, lo que ocupa un espacio peque\u00f1o y tiene una larga vida \u00fatil (m\u00e1s de decenas de millones de ciclos).\",\"breadcrumb\":{\"@id\":\"https:\/\/www.hitbotrobot.com\/es\/product\/z-emg-04-robotic-gripper\/#breadcrumb\"},\"inLanguage\":\"en-US\",\"potentialAction\":[{\"@type\":\"ReadAction\",\"target\":[\"https:\/\/www.hitbotrobot.com\/es\/product\/z-emg-04-robotic-gripper\/\"]}]},{\"@type\":\"ImageObject\",\"inLanguage\":\"en-US\",\"@id\":\"https:\/\/www.hitbotrobot.com\/es\/product\/z-emg-04-robotic-gripper\/#primaryimage\",\"url\":\"https:\/\/www.hitbotrobot.com\/es\/wp-content\/uploads\/2020\/06\/z-emg-04-robotic-gripper-bro-04.jpg\",\"contentUrl\":\"https:\/\/www.hitbotrobot.com\/es\/wp-content\/uploads\/2020\/06\/z-emg-04-robotic-gripper-bro-04.jpg\",\"width\":600,\"height\":400},{\"@type\":\"BreadcrumbList\",\"@id\":\"https:\/\/www.hitbotrobot.com\/es\/product\/z-emg-04-robotic-gripper\/#breadcrumb\",\"itemListElement\":[{\"@type\":\"ListItem\",\"position\":1,\"name\":\"Shop\",\"item\":\"https:\/\/www.hitbotrobot.com\/shop\/\"},{\"@type\":\"ListItem\",\"position\":2,\"name\":\"Pinza rob\u00f3tica Z-EMG-04\"}]},{\"@type\":\"WebSite\",\"@id\":\"https:\/\/www.hitbotrobot.com\/es\/#website\",\"url\":\"https:\/\/www.hitbotrobot.com\/es\/\",\"name\":\"Huiling Tech\",\"description\":\"Manufacturer for Robotic Arm\",\"potentialAction\":[{\"@type\":\"SearchAction\",\"target\":{\"@type\":\"EntryPoint\",\"urlTemplate\":\"https:\/\/www.hitbotrobot.com\/es\/?s={search_term_string}\"},\"query-input\":\"required name=search_term_string\"}],\"inLanguage\":\"en-US\"}]}<\/script>\n<!-- \/ Yoast SEO plugin. -->","yoast_head_json":{"title":"Pinza electromagn\u00e9tica mini con viaje de 4 mm | Pinza de brazo HITBOT","description":"La mini pinza electromagn\u00e9tica HITBOT puede sujetar objetos en un espacio estrecho, su controlador est\u00e1 integrado, lo que ocupa un espacio peque\u00f1o y tiene una larga vida \u00fatil (m\u00e1s de decenas de millones de ciclos).","robots":{"index":"index","follow":"follow","max-snippet":"max-snippet:-1","max-image-preview":"max-image-preview:large","max-video-preview":"max-video-preview:-1"},"canonical":"https:\/\/www.hitbotrobot.com\/es\/product\/z-emg-04-robotic-gripper\/","og_locale":"en_US","og_type":"article","og_title":"Pinza electromagn\u00e9tica mini con viaje de 4 mm | Pinza de brazo HITBOT","og_description":"La mini pinza electromagn\u00e9tica HITBOT puede sujetar objetos en un espacio estrecho, su controlador est\u00e1 integrado, lo que ocupa un espacio peque\u00f1o y tiene una larga vida \u00fatil (m\u00e1s de decenas de millones de ciclos).","og_url":"https:\/\/www.hitbotrobot.com\/es\/product\/z-emg-04-robotic-gripper\/","og_site_name":"Huiling Tech","article_modified_time":"2022-09-29T10:13:35+00:00","og_image":[{"width":600,"height":400,"url":"https:\/\/www.hitbotrobot.com\/es\/wp-content\/uploads\/2020\/06\/z-emg-04-robotic-gripper-bro-04.jpg","type":"image\/jpeg"}],"twitter_card":"summary_large_image","twitter_misc":{"Est. reading time":"2 minutes"},"schema":{"@context":"https:\/\/schema.org","@graph":[{"@type":"WebPage","@id":"https:\/\/www.hitbotrobot.com\/es\/product\/z-emg-04-robotic-gripper\/","url":"https:\/\/www.hitbotrobot.com\/es\/product\/z-emg-04-robotic-gripper\/","name":"Pinza electromagn\u00e9tica mini con viaje de 4 mm | Pinza de brazo HITBOT","isPartOf":{"@id":"https:\/\/www.hitbotrobot.com\/es\/#website"},"primaryImageOfPage":{"@id":"https:\/\/www.hitbotrobot.com\/es\/product\/z-emg-04-robotic-gripper\/#primaryimage"},"image":{"@id":"https:\/\/www.hitbotrobot.com\/es\/product\/z-emg-04-robotic-gripper\/#primaryimage"},"thumbnailUrl":"https:\/\/www.hitbotrobot.com\/es\/wp-content\/uploads\/2020\/06\/z-emg-04-robotic-gripper-bro-04.jpg","datePublished":"2020-06-10T09:21:44+00:00","dateModified":"2022-09-29T10:13:35+00:00","description":"La mini pinza electromagn\u00e9tica HITBOT puede sujetar objetos en un espacio estrecho, su controlador est\u00e1 integrado, lo que ocupa un espacio peque\u00f1o y tiene una larga vida \u00fatil (m\u00e1s de decenas de millones de ciclos).","breadcrumb":{"@id":"https:\/\/www.hitbotrobot.com\/es\/product\/z-emg-04-robotic-gripper\/#breadcrumb"},"inLanguage":"en-US","potentialAction":[{"@type":"ReadAction","target":["https:\/\/www.hitbotrobot.com\/es\/product\/z-emg-04-robotic-gripper\/"]}]},{"@type":"ImageObject","inLanguage":"en-US","@id":"https:\/\/www.hitbotrobot.com\/es\/product\/z-emg-04-robotic-gripper\/#primaryimage","url":"https:\/\/www.hitbotrobot.com\/es\/wp-content\/uploads\/2020\/06\/z-emg-04-robotic-gripper-bro-04.jpg","contentUrl":"https:\/\/www.hitbotrobot.com\/es\/wp-content\/uploads\/2020\/06\/z-emg-04-robotic-gripper-bro-04.jpg","width":600,"height":400},{"@type":"BreadcrumbList","@id":"https:\/\/www.hitbotrobot.com\/es\/product\/z-emg-04-robotic-gripper\/#breadcrumb","itemListElement":[{"@type":"ListItem","position":1,"name":"Shop","item":"https:\/\/www.hitbotrobot.com\/shop\/"},{"@type":"ListItem","position":2,"name":"Pinza rob\u00f3tica Z-EMG-04"}]},{"@type":"WebSite","@id":"https:\/\/www.hitbotrobot.com\/es\/#website","url":"https:\/\/www.hitbotrobot.com\/es\/","name":"Huiling Tech","description":"Manufacturer for Robotic Arm","potentialAction":[{"@type":"SearchAction","target":{"@type":"EntryPoint","urlTemplate":"https:\/\/www.hitbotrobot.com\/es\/?s={search_term_string}"},"query-input":"required name=search_term_string"}],"inLanguage":"en-US"}]}},"_links":{"self":[{"href":"https:\/\/www.hitbotrobot.com\/es\/wp-json\/wp\/v2\/product\/7750","targetHints":{"allow":["GET"]}}],"collection":[{"href":"https:\/\/www.hitbotrobot.com\/es\/wp-json\/wp\/v2\/product"}],"about":[{"href":"https:\/\/www.hitbotrobot.com\/es\/wp-json\/wp\/v2\/types\/product"}],"replies":[{"embeddable":true,"href":"https:\/\/www.hitbotrobot.com\/es\/wp-json\/wp\/v2\/comments?post=7750"}],"wp:featuredmedia":[{"embeddable":true,"href":"https:\/\/www.hitbotrobot.com\/es\/wp-json\/wp\/v2\/media\/13580"}],"wp:attachment":[{"href":"https:\/\/www.hitbotrobot.com\/es\/wp-json\/wp\/v2\/media?parent=7750"}],"wp:term":[{"taxonomy":"product_brand","embeddable":true,"href":"https:\/\/www.hitbotrobot.com\/es\/wp-json\/wp\/v2\/product_brand?post=7750"},{"taxonomy":"product_cat","embeddable":true,"href":"https:\/\/www.hitbotrobot.com\/es\/wp-json\/wp\/v2\/product_cat?post=7750"},{"taxonomy":"product_tag","embeddable":true,"href":"https:\/\/www.hitbotrobot.com\/es\/wp-json\/wp\/v2\/product_tag?post=7750"}],"curies":[{"name":"wp","href":"https:\/\/api.w.org\/{rel}","templated":true}]}}