{"id":7749,"date":"2020-06-10T09:21:44","date_gmt":"2020-06-10T09:21:44","guid":{"rendered":"http:\/\/rstheme.com\/products\/wordpress\/reobiz\/product\/import-placeholder-for-7606\/"},"modified":"2022-09-29T06:20:02","modified_gmt":"2022-09-29T06:20:02","slug":"1522-robotic-arm","status":"publish","type":"product","link":"https:\/\/www.hitbotrobot.com\/es\/product\/1522-robotic-arm\/","title":{"rendered":"Brazo rob\u00f3tico colaborativo 1522"},"content":{"rendered":"<p><strong>Introducci\u00f3n del producto<\/strong>:<br \/>\nZ-Arm 1522 es un brazo rob\u00f3tico colaborativo ligero de 4 ejes con accionamiento\/control integrado. El terminal de Z-Arm 1522 se puede cambiar, lo cual es conveniente para reemplazar y cumplir con los requisitos de diferentes empresas. Al cambiar los diferentes dispositivos terminales, puede ser su asistente para trabajar con usted. Se puede utilizar en impresoras 3D, manejo de materiales, soldadoras de esta\u00f1o, m\u00e1quinas de grabado l\u00e1ser, robots de clasificaci\u00f3n, etc. Puede realizar lo que pueda imaginar, aumentando la eficiencia y la flexibilidad de trabajo.<br \/>\n<img fetchpriority=\"high\" decoding=\"async\" class=\"size-full wp-image-13783 aligncenter\" src=\"https:\/\/www.hitbotrobot.com\/es\/wp-content\/uploads\/2020\/06\/1552-robotic-arm-dis-01.jpg\" alt=\"\" width=\"800\" height=\"699\" srcset=\"https:\/\/www.hitbotrobot.com\/es\/wp-content\/uploads\/2020\/06\/1552-robotic-arm-dis-01.jpg 800w, https:\/\/www.hitbotrobot.com\/es\/wp-content\/uploads\/2020\/06\/1552-robotic-arm-dis-01-768x671.jpg 768w, https:\/\/www.hitbotrobot.com\/es\/wp-content\/uploads\/2020\/06\/1552-robotic-arm-dis-01-600x524.jpg 600w\" sizes=\"(max-width: 800px) 100vw, 800px\" \/><br \/>\n<strong>Parametros del producto<\/strong>:<\/p>\n<table style=\"border-collapse: collapse;\" border=\"1\" width=\"90%\" cellspacing=\"0\" cellpadding=\"0\">\n<tbody>\n<tr>\n<td colspan=\"2\">\u00a0 nombre del producto:<\/td>\n<td>\u00a0 Brazo robotico<\/td>\n<\/tr>\n<tr>\n<td colspan=\"2\">Art\u00edculo No.:<\/td>\n<td>\u00a0 Z-Arm 1522<\/td>\n<\/tr>\n<tr>\n<td rowspan=\"2\">\u00a0 1 Axis<\/td>\n<td>\u00a0Alcance del brazo<\/td>\n<td>\u00a0 100mm<\/td>\n<\/tr>\n<tr>\n<td>\u00a0Rango de rotaci\u00f3n<\/td>\n<td>\u00a0 \u00b190\u00b0<\/td>\n<\/tr>\n<tr>\n<td rowspan=\"2\">\u00a0 2 Axis<\/td>\n<td>\u00a0Alcance del brazo<\/td>\n<td>\u00a0 120mm<\/td>\n<\/tr>\n<tr>\n<td>\u00a0Rango de rotaci\u00f3n<\/td>\n<td>\u00a0 \u00b1150\u00b0<\/td>\n<\/tr>\n<tr>\n<td>\u00a0 Z Axis<\/td>\n<td>\u00a0Carrera<\/td>\n<td>\u00a0 150mm<\/td>\n<\/tr>\n<tr>\n<td rowspan=\"2\">\u00a0 R Axis<\/td>\n<td>\u00a0Alcanzar<\/td>\n<td>\u00a0 \u00b1180\u00b0<\/td>\n<\/tr>\n<tr>\n<td>\u00a0Velocidad linear<\/td>\n<td>\u00a0 500mm\/s<\/td>\n<\/tr>\n<tr>\n<td colspan=\"2\">\u00a0 Repetibilidad<\/td>\n<td>\u00a0 \u00b10.1mm<\/td>\n<\/tr>\n<tr>\n<td colspan=\"2\">\u00a0 Carga \u00fatil est\u00e1ndar<\/td>\n<td>\u00a0 0.3KG<\/td>\n<\/tr>\n<tr>\n<td colspan=\"2\">\u00a0 Carga \u00fatil m\u00e1xima<\/td>\n<td>\u00a0 0.5KG<\/td>\n<\/tr>\n<tr>\n<td colspan=\"2\">\u00a0 Grado de libertad<\/td>\n<td>\u00a0 3<\/td>\n<\/tr>\n<tr>\n<td colspan=\"2\" rowspan=\"2\">\u00a0 Energ\u00eda<\/td>\n<td>\u00a0 220V\/110V 50-60Hz<\/td>\n<\/tr>\n<tr>\n<td colspan=\"2\">\u00a0Adapter to 24V DC<\/td>\n<\/tr>\n<tr>\n<td colspan=\"2\">\u00a0 Comunicaci\u00f3n<\/td>\n<td>\u00a0 Ethernet<\/td>\n<\/tr>\n<tr>\n<td colspan=\"2\">\u00a0 Altura<\/td>\n<td>\u00a0 400mm<\/td>\n<\/tr>\n<tr>\n<td colspan=\"2\">\u00a0 Peso<\/td>\n<td>\u00a0 4.8Kg<\/td>\n<\/tr>\n<tr>\n<td colspan=\"2\">\u00a0 Par\u00e1metros b\u00e1sicos de instalaci\u00f3n: Tama\u00f1o b\u00e1sico<\/td>\n<td>\u00a0 160*160*45mm<\/td>\n<\/tr>\n<tr>\n<td colspan=\"2\">\u00a0 Par\u00e1metros de instalaci\u00f3n de la base: espacio entre orificios de montaje<\/td>\n<td>\u00a0 160*160mm with 4M 5*12 Screws<\/td>\n<\/tr>\n<tr>\n<td colspan=\"2\">\u00a0 Parada supervisada relacionada con la seguridad<\/td>\n<td>\u00a0 Yes<\/td>\n<\/tr>\n<tr>\n<td colspan=\"2\">\u00a0 Ense\u00f1anza de asideros<\/td>\n<td>\u00a0 Yes<\/td>\n<\/tr>\n<\/tbody>\n<\/table>\n<p><strong>Visualizaci\u00f3n del diagrama del producto<\/strong>:<br \/>\n<img decoding=\"async\" class=\"size-full wp-image-13801 aligncenter\" src=\"https:\/\/www.hitbotrobot.com\/es\/wp-content\/uploads\/2020\/06\/1552-robotic-arm-diagram.jpg\" alt=\"\" width=\"800\" height=\"406\" srcset=\"https:\/\/www.hitbotrobot.com\/es\/wp-content\/uploads\/2020\/06\/1552-robotic-arm-diagram.jpg 800w, https:\/\/www.hitbotrobot.com\/es\/wp-content\/uploads\/2020\/06\/1552-robotic-arm-diagram-768x390.jpg 768w, https:\/\/www.hitbotrobot.com\/es\/wp-content\/uploads\/2020\/06\/1552-robotic-arm-diagram-600x305.jpg 600w\" sizes=\"(max-width: 800px) 100vw, 800px\" \/><\/p>\n","protected":false},"excerpt":{"rendered":"<p>[embed]https:\/\/www.hitbot.cc\/wp-content\/uploads\/2021\/11\/HITBOT-Robot-Arm-02.mp4&#8230;<\/p>\n","protected":false},"featured_media":13573,"comment_status":"open","ping_status":"closed","template":"","meta":[],"product_brand":[],"product_cat":[42],"product_tag":[103],"class_list":{"0":"post-7749","1":"product","2":"type-product","3":"status-publish","4":"has-post-thumbnail","6":"product_cat-robotic-arm","7":"product_tag-4-axis","9":"first","10":"instock","11":"shipping-taxable","12":"product-type-simple"},"yoast_head":"<!-- This site is optimized with the Yoast SEO plugin v22.7 - https:\/\/yoast.com\/wordpress\/plugins\/seo\/ -->\n<title>Brazo rob\u00f3tico 4 Dof para impresi\u00f3n 3D | Brazo rob\u00f3tico HITBOT 3 grados de libertad<\/title>\n<meta name=\"description\" content=\"El brazo rob\u00f3tico HITBOT 4 dof se puede usar para impresi\u00f3n 3D, educaci\u00f3n, ventosa, grabado y dibujo l\u00e1ser, etc. Se puede usar para colaborar en la educaci\u00f3n de los ni\u00f1os.\" \/>\n<meta name=\"robots\" content=\"index, follow, max-snippet:-1, max-image-preview:large, max-video-preview:-1\" \/>\n<link rel=\"canonical\" href=\"https:\/\/www.hitbotrobot.com\/es\/product\/1522-robotic-arm\/\" \/>\n<meta property=\"og:locale\" content=\"en_US\" \/>\n<meta property=\"og:type\" content=\"article\" \/>\n<meta property=\"og:title\" content=\"Brazo rob\u00f3tico 4 Dof para impresi\u00f3n 3D | Brazo rob\u00f3tico HITBOT 3 grados de libertad\" \/>\n<meta property=\"og:description\" content=\"El brazo rob\u00f3tico HITBOT 4 dof se puede usar para impresi\u00f3n 3D, educaci\u00f3n, ventosa, grabado y dibujo l\u00e1ser, etc. Se puede usar para colaborar en la educaci\u00f3n de los ni\u00f1os.\" \/>\n<meta property=\"og:url\" content=\"https:\/\/www.hitbotrobot.com\/es\/product\/1522-robotic-arm\/\" \/>\n<meta property=\"og:site_name\" content=\"Huiling Tech\" \/>\n<meta property=\"article:modified_time\" content=\"2022-09-29T06:20:02+00:00\" \/>\n<meta property=\"og:image\" content=\"https:\/\/www.hitbotrobot.com\/es\/wp-content\/uploads\/2020\/06\/1552-robotic-arm-bro-01.jpg\" \/>\n\t<meta property=\"og:image:width\" content=\"600\" \/>\n\t<meta property=\"og:image:height\" content=\"400\" \/>\n\t<meta property=\"og:image:type\" content=\"image\/jpeg\" \/>\n<meta name=\"twitter:card\" content=\"summary_large_image\" \/>\n<meta name=\"twitter:label1\" content=\"Est. reading time\" \/>\n\t<meta name=\"twitter:data1\" content=\"2 minutes\" \/>\n<script type=\"application\/ld+json\" class=\"yoast-schema-graph\">{\"@context\":\"https:\/\/schema.org\",\"@graph\":[{\"@type\":\"WebPage\",\"@id\":\"https:\/\/www.hitbotrobot.com\/es\/product\/1522-robotic-arm\/\",\"url\":\"https:\/\/www.hitbotrobot.com\/es\/product\/1522-robotic-arm\/\",\"name\":\"Brazo rob\u00f3tico 4 Dof para impresi\u00f3n 3D | Brazo rob\u00f3tico HITBOT 3 grados de libertad\",\"isPartOf\":{\"@id\":\"https:\/\/www.hitbotrobot.com\/es\/#website\"},\"primaryImageOfPage\":{\"@id\":\"https:\/\/www.hitbotrobot.com\/es\/product\/1522-robotic-arm\/#primaryimage\"},\"image\":{\"@id\":\"https:\/\/www.hitbotrobot.com\/es\/product\/1522-robotic-arm\/#primaryimage\"},\"thumbnailUrl\":\"https:\/\/www.hitbotrobot.com\/es\/wp-content\/uploads\/2020\/06\/1552-robotic-arm-bro-01.jpg\",\"datePublished\":\"2020-06-10T09:21:44+00:00\",\"dateModified\":\"2022-09-29T06:20:02+00:00\",\"description\":\"El brazo rob\u00f3tico HITBOT 4 dof se puede usar para impresi\u00f3n 3D, educaci\u00f3n, ventosa, grabado y dibujo l\u00e1ser, etc. Se puede usar para colaborar en la educaci\u00f3n de los ni\u00f1os.\",\"breadcrumb\":{\"@id\":\"https:\/\/www.hitbotrobot.com\/es\/product\/1522-robotic-arm\/#breadcrumb\"},\"inLanguage\":\"en-US\",\"potentialAction\":[{\"@type\":\"ReadAction\",\"target\":[\"https:\/\/www.hitbotrobot.com\/es\/product\/1522-robotic-arm\/\"]}]},{\"@type\":\"ImageObject\",\"inLanguage\":\"en-US\",\"@id\":\"https:\/\/www.hitbotrobot.com\/es\/product\/1522-robotic-arm\/#primaryimage\",\"url\":\"https:\/\/www.hitbotrobot.com\/es\/wp-content\/uploads\/2020\/06\/1552-robotic-arm-bro-01.jpg\",\"contentUrl\":\"https:\/\/www.hitbotrobot.com\/es\/wp-content\/uploads\/2020\/06\/1552-robotic-arm-bro-01.jpg\",\"width\":600,\"height\":400},{\"@type\":\"BreadcrumbList\",\"@id\":\"https:\/\/www.hitbotrobot.com\/es\/product\/1522-robotic-arm\/#breadcrumb\",\"itemListElement\":[{\"@type\":\"ListItem\",\"position\":1,\"name\":\"Shop\",\"item\":\"https:\/\/www.hitbotrobot.com\/shop\/\"},{\"@type\":\"ListItem\",\"position\":2,\"name\":\"Brazo rob\u00f3tico colaborativo 1522\"}]},{\"@type\":\"WebSite\",\"@id\":\"https:\/\/www.hitbotrobot.com\/es\/#website\",\"url\":\"https:\/\/www.hitbotrobot.com\/es\/\",\"name\":\"Huiling Tech\",\"description\":\"Manufacturer for Robotic Arm\",\"potentialAction\":[{\"@type\":\"SearchAction\",\"target\":{\"@type\":\"EntryPoint\",\"urlTemplate\":\"https:\/\/www.hitbotrobot.com\/es\/?s={search_term_string}\"},\"query-input\":\"required name=search_term_string\"}],\"inLanguage\":\"en-US\"}]}<\/script>\n<!-- \/ Yoast SEO plugin. -->","yoast_head_json":{"title":"Brazo rob\u00f3tico 4 Dof para impresi\u00f3n 3D | Brazo rob\u00f3tico HITBOT 3 grados de libertad","description":"El brazo rob\u00f3tico HITBOT 4 dof se puede usar para impresi\u00f3n 3D, educaci\u00f3n, ventosa, grabado y dibujo l\u00e1ser, etc. Se puede usar para colaborar en la educaci\u00f3n de los ni\u00f1os.","robots":{"index":"index","follow":"follow","max-snippet":"max-snippet:-1","max-image-preview":"max-image-preview:large","max-video-preview":"max-video-preview:-1"},"canonical":"https:\/\/www.hitbotrobot.com\/es\/product\/1522-robotic-arm\/","og_locale":"en_US","og_type":"article","og_title":"Brazo rob\u00f3tico 4 Dof para impresi\u00f3n 3D | Brazo rob\u00f3tico HITBOT 3 grados de libertad","og_description":"El brazo rob\u00f3tico HITBOT 4 dof se puede usar para impresi\u00f3n 3D, educaci\u00f3n, ventosa, grabado y dibujo l\u00e1ser, etc. Se puede usar para colaborar en la educaci\u00f3n de los ni\u00f1os.","og_url":"https:\/\/www.hitbotrobot.com\/es\/product\/1522-robotic-arm\/","og_site_name":"Huiling Tech","article_modified_time":"2022-09-29T06:20:02+00:00","og_image":[{"width":600,"height":400,"url":"https:\/\/www.hitbotrobot.com\/es\/wp-content\/uploads\/2020\/06\/1552-robotic-arm-bro-01.jpg","type":"image\/jpeg"}],"twitter_card":"summary_large_image","twitter_misc":{"Est. reading time":"2 minutes"},"schema":{"@context":"https:\/\/schema.org","@graph":[{"@type":"WebPage","@id":"https:\/\/www.hitbotrobot.com\/es\/product\/1522-robotic-arm\/","url":"https:\/\/www.hitbotrobot.com\/es\/product\/1522-robotic-arm\/","name":"Brazo rob\u00f3tico 4 Dof para impresi\u00f3n 3D | Brazo rob\u00f3tico HITBOT 3 grados de libertad","isPartOf":{"@id":"https:\/\/www.hitbotrobot.com\/es\/#website"},"primaryImageOfPage":{"@id":"https:\/\/www.hitbotrobot.com\/es\/product\/1522-robotic-arm\/#primaryimage"},"image":{"@id":"https:\/\/www.hitbotrobot.com\/es\/product\/1522-robotic-arm\/#primaryimage"},"thumbnailUrl":"https:\/\/www.hitbotrobot.com\/es\/wp-content\/uploads\/2020\/06\/1552-robotic-arm-bro-01.jpg","datePublished":"2020-06-10T09:21:44+00:00","dateModified":"2022-09-29T06:20:02+00:00","description":"El brazo rob\u00f3tico HITBOT 4 dof se puede usar para impresi\u00f3n 3D, educaci\u00f3n, ventosa, grabado y dibujo l\u00e1ser, etc. Se puede usar para colaborar en la educaci\u00f3n de los ni\u00f1os.","breadcrumb":{"@id":"https:\/\/www.hitbotrobot.com\/es\/product\/1522-robotic-arm\/#breadcrumb"},"inLanguage":"en-US","potentialAction":[{"@type":"ReadAction","target":["https:\/\/www.hitbotrobot.com\/es\/product\/1522-robotic-arm\/"]}]},{"@type":"ImageObject","inLanguage":"en-US","@id":"https:\/\/www.hitbotrobot.com\/es\/product\/1522-robotic-arm\/#primaryimage","url":"https:\/\/www.hitbotrobot.com\/es\/wp-content\/uploads\/2020\/06\/1552-robotic-arm-bro-01.jpg","contentUrl":"https:\/\/www.hitbotrobot.com\/es\/wp-content\/uploads\/2020\/06\/1552-robotic-arm-bro-01.jpg","width":600,"height":400},{"@type":"BreadcrumbList","@id":"https:\/\/www.hitbotrobot.com\/es\/product\/1522-robotic-arm\/#breadcrumb","itemListElement":[{"@type":"ListItem","position":1,"name":"Shop","item":"https:\/\/www.hitbotrobot.com\/shop\/"},{"@type":"ListItem","position":2,"name":"Brazo rob\u00f3tico colaborativo 1522"}]},{"@type":"WebSite","@id":"https:\/\/www.hitbotrobot.com\/es\/#website","url":"https:\/\/www.hitbotrobot.com\/es\/","name":"Huiling Tech","description":"Manufacturer for Robotic Arm","potentialAction":[{"@type":"SearchAction","target":{"@type":"EntryPoint","urlTemplate":"https:\/\/www.hitbotrobot.com\/es\/?s={search_term_string}"},"query-input":"required name=search_term_string"}],"inLanguage":"en-US"}]}},"_links":{"self":[{"href":"https:\/\/www.hitbotrobot.com\/es\/wp-json\/wp\/v2\/product\/7749","targetHints":{"allow":["GET"]}}],"collection":[{"href":"https:\/\/www.hitbotrobot.com\/es\/wp-json\/wp\/v2\/product"}],"about":[{"href":"https:\/\/www.hitbotrobot.com\/es\/wp-json\/wp\/v2\/types\/product"}],"replies":[{"embeddable":true,"href":"https:\/\/www.hitbotrobot.com\/es\/wp-json\/wp\/v2\/comments?post=7749"}],"wp:featuredmedia":[{"embeddable":true,"href":"https:\/\/www.hitbotrobot.com\/es\/wp-json\/wp\/v2\/media\/13573"}],"wp:attachment":[{"href":"https:\/\/www.hitbotrobot.com\/es\/wp-json\/wp\/v2\/media?parent=7749"}],"wp:term":[{"taxonomy":"product_brand","embeddable":true,"href":"https:\/\/www.hitbotrobot.com\/es\/wp-json\/wp\/v2\/product_brand?post=7749"},{"taxonomy":"product_cat","embeddable":true,"href":"https:\/\/www.hitbotrobot.com\/es\/wp-json\/wp\/v2\/product_cat?post=7749"},{"taxonomy":"product_tag","embeddable":true,"href":"https:\/\/www.hitbotrobot.com\/es\/wp-json\/wp\/v2\/product_tag?post=7749"}],"curies":[{"name":"wp","href":"https:\/\/api.w.org\/{rel}","templated":true}]}}