{"id":7748,"date":"2020-06-10T09:21:44","date_gmt":"2020-06-10T09:21:44","guid":{"rendered":"http:\/\/rstheme.com\/products\/wordpress\/reobiz\/product\/import-placeholder-for-7604\/"},"modified":"2022-09-29T08:39:39","modified_gmt":"2022-09-29T08:39:39","slug":"z-efg-12-robotic-gripper","status":"publish","type":"product","link":"https:\/\/www.hitbotrobot.com\/es\/product\/z-efg-12-robotic-gripper\/","title":{"rendered":"Pinza rob\u00f3tica Z-EFG-12"},"content":{"rendered":"<p><strong>Introducci\u00f3n del producto<\/strong>:<\/p>\n<p>El Z-EFG-12 es una pinza paralela el\u00e9ctrica de 2 dedos, de tama\u00f1o peque\u00f1o pero potente para agarrar muchos objetos blandos como huevos, tuber\u00edas, componentes electr\u00f3nicos, etc..<\/p>\n<ul>\n<li>Adoptar motor sin escobillas DC.<\/li>\n<li>Los terminales se pueden cambiar para cumplir con varios requisitos.<\/li>\n<li>Podr\u00eda usarse para sujetar huevos, tubos de ensayo y otros objetos anulares.<\/li>\n<li>Adecuado para art\u00edculos fr\u00e1giles como laboratorios..<\/li>\n<\/ul>\n<p><img fetchpriority=\"high\" decoding=\"async\" class=\"alignnone size-full wp-image-13897\" src=\"https:\/\/www.hitbotrobot.com\/es\/wp-content\/uploads\/2020\/06\/Z-EFG-12-Robotic-Gripper-dis-01.jpg\" alt=\"\" width=\"800\" height=\"718\" srcset=\"https:\/\/www.hitbotrobot.com\/es\/wp-content\/uploads\/2020\/06\/Z-EFG-12-Robotic-Gripper-dis-01.jpg 800w, https:\/\/www.hitbotrobot.com\/es\/wp-content\/uploads\/2020\/06\/Z-EFG-12-Robotic-Gripper-dis-01-768x689.jpg 768w, https:\/\/www.hitbotrobot.com\/es\/wp-content\/uploads\/2020\/06\/Z-EFG-12-Robotic-Gripper-dis-01-600x539.jpg 600w\" sizes=\"(max-width: 800px) 100vw, 800px\" \/><br \/>\n<strong>Parametros del producto:<\/strong><\/p>\n<table style=\"border-collapse: collapse;\" border=\"1\" width=\"90%\" cellspacing=\"0\" cellpadding=\"0\">\n<tbody>\n<tr>\n<td colspan=\"2\">\u00a0 nombre del producto:<\/td>\n<td>\u00a0 Pinza el\u00e9ctrica rob\u00f3tica<\/td>\n<\/tr>\n<tr>\n<td colspan=\"2\">\u00a0 Art\u00edculo No.:<\/td>\n<td>\u00a0 Z-EFG-12<\/td>\n<\/tr>\n<tr>\n<td colspan=\"2\">\u00a0 Carrera total<\/td>\n<td>\u00a0 12mm<\/td>\n<\/tr>\n<tr>\n<td colspan=\"2\">\u00a0 Fuerza de sujecion<\/td>\n<td>\u00a0 30N<\/td>\n<\/tr>\n<tr>\n<td colspan=\"2\">\u00a0 Peso de agarre recomendado<\/td>\n<td>\u00a0 \u22640.5KG<\/td>\n<\/tr>\n<tr>\n<td colspan=\"2\">\u00a0 Tiempo de movimiento de carrera unidireccional<\/td>\n<td>\u00a0 0.2s<\/td>\n<\/tr>\n<tr>\n<td colspan=\"2\">\u00a0 Grease Supply for Motion Components<\/td>\n<td>\u00a0 6 meses o un mill\u00f3n de movimiento por vez<\/td>\n<\/tr>\n<tr>\n<td colspan=\"2\">\u00a0 Temperatura de trabajo<\/td>\n<td>\u00a0 5-55\u2103<\/td>\n<\/tr>\n<tr>\n<td colspan=\"2\">\u00a0 Humedad de trabajo<\/td>\n<td>\u00a0 RH35-80 (sin escarcha)<\/td>\n<\/tr>\n<tr>\n<td colspan=\"2\">\u00a0 Modo de movimiento<\/td>\n<td>\u00a0 2 dedos paralelos<\/td>\n<\/tr>\n<tr>\n<td colspan=\"2\">\u00a0 Peso del Producto<\/td>\n<td>\u00a0 0.4KG<\/td>\n<\/tr>\n<tr>\n<td colspan=\"2\">\u00a0 Tama\u00f1o del producto<\/td>\n<td>\u00a0 48*32*105.6mm<\/td>\n<\/tr>\n<tr>\n<td colspan=\"2\">\u00a0 Posici\u00f3n del controlador<\/td>\n<td>\u00a0 Incorporado<\/td>\n<\/tr>\n<tr>\n<td colspan=\"2\">\u00a0 Energ\u00eda<\/td>\n<td>\u00a0 5W<\/td>\n<\/tr>\n<tr>\n<td colspan=\"2\">\u00a0 Tipo de motor<\/td>\n<td>\u00a0 DC<\/td>\n<\/tr>\n<tr>\n<td colspan=\"2\">\u00a0 Voltaje nominal<\/td>\n<td>\u00a0 24V<\/td>\n<\/tr>\n<tr>\n<td colspan=\"2\">\u00a0 Corriente de espera<\/td>\n<td>\u00a0 \u22640.02A<\/td>\n<\/tr>\n<tr>\n<td colspan=\"2\">\u00a0 Corriente pico<\/td>\n<td>\u00a0 1A<\/td>\n<\/tr>\n<\/tbody>\n<\/table>\n<p><strong>Descripci\u00f3n del producto<\/strong>:<\/p>\n<p><strong><img decoding=\"async\" class=\"alignnone size-full wp-image-16137 aligncenter\" src=\"https:\/\/www.hitbotrobot.com\/es\/wp-content\/uploads\/2020\/06\/efg-12-hitbot_01.jpg\" alt=\"\" width=\"800\" height=\"613\" srcset=\"https:\/\/www.hitbotrobot.com\/es\/wp-content\/uploads\/2020\/06\/efg-12-hitbot_01.jpg 800w, https:\/\/www.hitbotrobot.com\/es\/wp-content\/uploads\/2020\/06\/efg-12-hitbot_01-768x588.jpg 768w, https:\/\/www.hitbotrobot.com\/es\/wp-content\/uploads\/2020\/06\/efg-12-hitbot_01-600x460.jpg 600w\" sizes=\"(max-width: 800px) 100vw, 800px\" \/> <img decoding=\"async\" class=\"alignnone size-full wp-image-16138 aligncenter\" src=\"https:\/\/www.hitbotrobot.com\/es\/wp-content\/uploads\/2020\/06\/efg-12-hitbot_02.jpg\" alt=\"\" width=\"800\" height=\"614\" srcset=\"https:\/\/www.hitbotrobot.com\/es\/wp-content\/uploads\/2020\/06\/efg-12-hitbot_02.jpg 800w, https:\/\/www.hitbotrobot.com\/es\/wp-content\/uploads\/2020\/06\/efg-12-hitbot_02-768x589.jpg 768w, https:\/\/www.hitbotrobot.com\/es\/wp-content\/uploads\/2020\/06\/efg-12-hitbot_02-600x461.jpg 600w\" sizes=\"(max-width: 800px) 100vw, 800px\" \/> <img loading=\"lazy\" decoding=\"async\" class=\"alignnone size-full wp-image-16139 aligncenter\" src=\"https:\/\/www.hitbotrobot.com\/es\/wp-content\/uploads\/2020\/06\/efg-12-hitbot_03.jpg\" alt=\"\" width=\"800\" height=\"613\" srcset=\"https:\/\/www.hitbotrobot.com\/es\/wp-content\/uploads\/2020\/06\/efg-12-hitbot_03.jpg 800w, https:\/\/www.hitbotrobot.com\/es\/wp-content\/uploads\/2020\/06\/efg-12-hitbot_03-768x588.jpg 768w, https:\/\/www.hitbotrobot.com\/es\/wp-content\/uploads\/2020\/06\/efg-12-hitbot_03-600x460.jpg 600w\" sizes=\"(max-width: 800px) 100vw, 800px\" \/> <img loading=\"lazy\" decoding=\"async\" class=\"alignnone size-full wp-image-16140 aligncenter\" src=\"https:\/\/www.hitbotrobot.com\/es\/wp-content\/uploads\/2020\/06\/efg-12-hitbot_04.jpg\" alt=\"\" width=\"800\" height=\"613\" srcset=\"https:\/\/www.hitbotrobot.com\/es\/wp-content\/uploads\/2020\/06\/efg-12-hitbot_04.jpg 800w, https:\/\/www.hitbotrobot.com\/es\/wp-content\/uploads\/2020\/06\/efg-12-hitbot_04-768x588.jpg 768w, https:\/\/www.hitbotrobot.com\/es\/wp-content\/uploads\/2020\/06\/efg-12-hitbot_04-600x460.jpg 600w\" sizes=\"(max-width: 800px) 100vw, 800px\" \/> <img loading=\"lazy\" decoding=\"async\" class=\"alignnone size-full wp-image-16141 aligncenter\" src=\"https:\/\/www.hitbotrobot.com\/es\/wp-content\/uploads\/2020\/06\/efg-12-hitbot_05.jpg\" alt=\"\" width=\"800\" height=\"614\" srcset=\"https:\/\/www.hitbotrobot.com\/es\/wp-content\/uploads\/2020\/06\/efg-12-hitbot_05.jpg 800w, https:\/\/www.hitbotrobot.com\/es\/wp-content\/uploads\/2020\/06\/efg-12-hitbot_05-768x589.jpg 768w, https:\/\/www.hitbotrobot.com\/es\/wp-content\/uploads\/2020\/06\/efg-12-hitbot_05-600x461.jpg 600w\" sizes=\"(max-width: 800px) 100vw, 800px\" \/> <img loading=\"lazy\" decoding=\"async\" class=\"alignnone size-full wp-image-16142 aligncenter\" src=\"https:\/\/www.hitbotrobot.com\/es\/wp-content\/uploads\/2020\/06\/efg-12-hitbot_06.jpg\" alt=\"\" width=\"800\" height=\"613\" srcset=\"https:\/\/www.hitbotrobot.com\/es\/wp-content\/uploads\/2020\/06\/efg-12-hitbot_06.jpg 800w, https:\/\/www.hitbotrobot.com\/es\/wp-content\/uploads\/2020\/06\/efg-12-hitbot_06-768x588.jpg 768w, https:\/\/www.hitbotrobot.com\/es\/wp-content\/uploads\/2020\/06\/efg-12-hitbot_06-600x460.jpg 600w\" sizes=\"(max-width: 800px) 100vw, 800px\" \/> <img loading=\"lazy\" decoding=\"async\" class=\"alignnone size-full wp-image-16143 aligncenter\" src=\"https:\/\/www.hitbotrobot.com\/es\/wp-content\/uploads\/2020\/06\/efg-12-hitbot_07.jpg\" alt=\"\" width=\"800\" height=\"613\" srcset=\"https:\/\/www.hitbotrobot.com\/es\/wp-content\/uploads\/2020\/06\/efg-12-hitbot_07.jpg 800w, https:\/\/www.hitbotrobot.com\/es\/wp-content\/uploads\/2020\/06\/efg-12-hitbot_07-768x588.jpg 768w, https:\/\/www.hitbotrobot.com\/es\/wp-content\/uploads\/2020\/06\/efg-12-hitbot_07-600x460.jpg 600w\" sizes=\"(max-width: 800px) 100vw, 800px\" \/> <img loading=\"lazy\" decoding=\"async\" class=\"alignnone size-full wp-image-16144 aligncenter\" src=\"https:\/\/www.hitbotrobot.com\/es\/wp-content\/uploads\/2020\/06\/efg-12-hitbot_08.jpg\" alt=\"\" width=\"800\" height=\"613\" srcset=\"https:\/\/www.hitbotrobot.com\/es\/wp-content\/uploads\/2020\/06\/efg-12-hitbot_08.jpg 800w, https:\/\/www.hitbotrobot.com\/es\/wp-content\/uploads\/2020\/06\/efg-12-hitbot_08-768x588.jpg 768w, https:\/\/www.hitbotrobot.com\/es\/wp-content\/uploads\/2020\/06\/efg-12-hitbot_08-600x460.jpg 600w\" sizes=\"(max-width: 800px) 100vw, 800px\" \/> <img loading=\"lazy\" decoding=\"async\" class=\"alignnone wp-image-16150 size-full aligncenter\" src=\"https:\/\/www.hitbotrobot.com\/es\/wp-content\/uploads\/2020\/06\/12-hitbot_09.jpg\" alt=\"\" width=\"800\" height=\"614\" srcset=\"https:\/\/www.hitbotrobot.com\/es\/wp-content\/uploads\/2020\/06\/12-hitbot_09.jpg 800w, https:\/\/www.hitbotrobot.com\/es\/wp-content\/uploads\/2020\/06\/12-hitbot_09-768x589.jpg 768w, https:\/\/www.hitbotrobot.com\/es\/wp-content\/uploads\/2020\/06\/12-hitbot_09-600x461.jpg 600w\" sizes=\"(max-width: 800px) 100vw, 800px\" \/> <img loading=\"lazy\" decoding=\"async\" class=\"alignnone wp-image-16151 size-full aligncenter\" src=\"https:\/\/www.hitbotrobot.com\/es\/wp-content\/uploads\/2020\/06\/12-hitbot_10.jpg\" alt=\"\" width=\"800\" height=\"613\" srcset=\"https:\/\/www.hitbotrobot.com\/es\/wp-content\/uploads\/2020\/06\/12-hitbot_10.jpg 800w, https:\/\/www.hitbotrobot.com\/es\/wp-content\/uploads\/2020\/06\/12-hitbot_10-768x588.jpg 768w, https:\/\/www.hitbotrobot.com\/es\/wp-content\/uploads\/2020\/06\/12-hitbot_10-600x460.jpg 600w\" sizes=\"(max-width: 800px) 100vw, 800px\" \/> <img loading=\"lazy\" decoding=\"async\" class=\"alignnone wp-image-16152 size-full aligncenter\" src=\"https:\/\/www.hitbotrobot.com\/es\/wp-content\/uploads\/2020\/06\/12-hitbot_11.jpg\" alt=\"\" width=\"800\" height=\"613\" srcset=\"https:\/\/www.hitbotrobot.com\/es\/wp-content\/uploads\/2020\/06\/12-hitbot_11.jpg 800w, https:\/\/www.hitbotrobot.com\/es\/wp-content\/uploads\/2020\/06\/12-hitbot_11-768x588.jpg 768w, https:\/\/www.hitbotrobot.com\/es\/wp-content\/uploads\/2020\/06\/12-hitbot_11-600x460.jpg 600w\" sizes=\"(max-width: 800px) 100vw, 800px\" \/> <img loading=\"lazy\" decoding=\"async\" class=\"alignnone size-full wp-image-16148 aligncenter\" src=\"https:\/\/www.hitbotrobot.com\/es\/wp-content\/uploads\/2020\/06\/efg-12-hitbot_12.jpg\" alt=\"\" width=\"800\" height=\"614\" srcset=\"https:\/\/www.hitbotrobot.com\/es\/wp-content\/uploads\/2020\/06\/efg-12-hitbot_12.jpg 800w, https:\/\/www.hitbotrobot.com\/es\/wp-content\/uploads\/2020\/06\/efg-12-hitbot_12-768x589.jpg 768w, https:\/\/www.hitbotrobot.com\/es\/wp-content\/uploads\/2020\/06\/efg-12-hitbot_12-600x461.jpg 600w\" sizes=\"(max-width: 800px) 100vw, 800px\" \/> <img loading=\"lazy\" decoding=\"async\" class=\"alignnone size-full wp-image-16149 aligncenter\" src=\"https:\/\/www.hitbotrobot.com\/es\/wp-content\/uploads\/2020\/06\/efg-12-hitbot_13.jpg\" alt=\"\" width=\"800\" height=\"613\" srcset=\"https:\/\/www.hitbotrobot.com\/es\/wp-content\/uploads\/2020\/06\/efg-12-hitbot_13.jpg 800w, https:\/\/www.hitbotrobot.com\/es\/wp-content\/uploads\/2020\/06\/efg-12-hitbot_13-768x588.jpg 768w, https:\/\/www.hitbotrobot.com\/es\/wp-content\/uploads\/2020\/06\/efg-12-hitbot_13-600x460.jpg 600w\" sizes=\"(max-width: 800px) 100vw, 800px\" \/><\/strong><\/p>\n","protected":false},"excerpt":{"rendered":"<p>[embed]https:\/\/www.youtube.com\/watch?v=yoZd9xk5r3U&#8230;<\/p>\n","protected":false},"featured_media":13606,"comment_status":"open","ping_status":"closed","template":"","meta":[],"product_brand":[],"product_cat":[39],"product_tag":[105],"class_list":{"0":"post-7748","1":"product","2":"type-product","3":"status-publish","4":"has-post-thumbnail","6":"product_cat-robotic-gripper","7":"product_tag-electric-parallel-gripper","9":"first","10":"instock","11":"shipping-taxable","12":"product-type-simple"},"yoast_head":"<!-- This site is optimized with the Yoast SEO plugin v22.7 - https:\/\/yoast.com\/wordpress\/plugins\/seo\/ -->\n<title>Pinza Industrial con Potencia Nominal 5W | Pinza activa HITBOT<\/title>\n<meta name=\"description\" content=\"La pinza industrial HITBOT Z-EFG-12 es una pinza rob\u00f3tica de 2 dedos, su potencia nominal es de 5 W y puede sujetar objetos de 500 g, su fuerza de sujeci\u00f3n es de 30 N, el recorrido es de 12 mm.\" \/>\n<meta name=\"robots\" content=\"index, follow, max-snippet:-1, max-image-preview:large, max-video-preview:-1\" \/>\n<link rel=\"canonical\" href=\"https:\/\/www.hitbotrobot.com\/es\/product\/z-efg-12-robotic-gripper\/\" \/>\n<meta property=\"og:locale\" content=\"en_US\" \/>\n<meta property=\"og:type\" content=\"article\" \/>\n<meta property=\"og:title\" content=\"Pinza Industrial con Potencia Nominal 5W | Pinza activa HITBOT\" \/>\n<meta property=\"og:description\" content=\"La pinza industrial HITBOT Z-EFG-12 es una pinza rob\u00f3tica de 2 dedos, su potencia nominal es de 5 W y puede sujetar objetos de 500 g, su fuerza de sujeci\u00f3n es de 30 N, el recorrido es de 12 mm.\" \/>\n<meta property=\"og:url\" content=\"https:\/\/www.hitbotrobot.com\/es\/product\/z-efg-12-robotic-gripper\/\" \/>\n<meta property=\"og:site_name\" content=\"Huiling Tech\" \/>\n<meta property=\"article:modified_time\" content=\"2022-09-29T08:39:39+00:00\" \/>\n<meta property=\"og:image\" content=\"https:\/\/www.hitbotrobot.com\/es\/wp-content\/uploads\/2020\/06\/Z-EFG-12-Robotic-Gripper-bro-01.jpg\" \/>\n\t<meta property=\"og:image:width\" content=\"600\" \/>\n\t<meta property=\"og:image:height\" content=\"400\" \/>\n\t<meta property=\"og:image:type\" content=\"image\/jpeg\" \/>\n<meta name=\"twitter:card\" content=\"summary_large_image\" \/>\n<meta name=\"twitter:label1\" content=\"Est. reading time\" \/>\n\t<meta name=\"twitter:data1\" content=\"4 minutes\" \/>\n<script type=\"application\/ld+json\" class=\"yoast-schema-graph\">{\"@context\":\"https:\/\/schema.org\",\"@graph\":[{\"@type\":\"WebPage\",\"@id\":\"https:\/\/www.hitbotrobot.com\/es\/product\/z-efg-12-robotic-gripper\/\",\"url\":\"https:\/\/www.hitbotrobot.com\/es\/product\/z-efg-12-robotic-gripper\/\",\"name\":\"Pinza Industrial con Potencia Nominal 5W | Pinza activa HITBOT\",\"isPartOf\":{\"@id\":\"https:\/\/www.hitbotrobot.com\/es\/#website\"},\"primaryImageOfPage\":{\"@id\":\"https:\/\/www.hitbotrobot.com\/es\/product\/z-efg-12-robotic-gripper\/#primaryimage\"},\"image\":{\"@id\":\"https:\/\/www.hitbotrobot.com\/es\/product\/z-efg-12-robotic-gripper\/#primaryimage\"},\"thumbnailUrl\":\"https:\/\/www.hitbotrobot.com\/es\/wp-content\/uploads\/2020\/06\/Z-EFG-12-Robotic-Gripper-bro-01.jpg\",\"datePublished\":\"2020-06-10T09:21:44+00:00\",\"dateModified\":\"2022-09-29T08:39:39+00:00\",\"description\":\"La pinza industrial HITBOT Z-EFG-12 es una pinza rob\u00f3tica de 2 dedos, su potencia nominal es de 5 W y puede sujetar objetos de 500 g, su fuerza de sujeci\u00f3n es de 30 N, el recorrido es de 12 mm.\",\"breadcrumb\":{\"@id\":\"https:\/\/www.hitbotrobot.com\/es\/product\/z-efg-12-robotic-gripper\/#breadcrumb\"},\"inLanguage\":\"en-US\",\"potentialAction\":[{\"@type\":\"ReadAction\",\"target\":[\"https:\/\/www.hitbotrobot.com\/es\/product\/z-efg-12-robotic-gripper\/\"]}]},{\"@type\":\"ImageObject\",\"inLanguage\":\"en-US\",\"@id\":\"https:\/\/www.hitbotrobot.com\/es\/product\/z-efg-12-robotic-gripper\/#primaryimage\",\"url\":\"https:\/\/www.hitbotrobot.com\/es\/wp-content\/uploads\/2020\/06\/Z-EFG-12-Robotic-Gripper-bro-01.jpg\",\"contentUrl\":\"https:\/\/www.hitbotrobot.com\/es\/wp-content\/uploads\/2020\/06\/Z-EFG-12-Robotic-Gripper-bro-01.jpg\",\"width\":600,\"height\":400},{\"@type\":\"BreadcrumbList\",\"@id\":\"https:\/\/www.hitbotrobot.com\/es\/product\/z-efg-12-robotic-gripper\/#breadcrumb\",\"itemListElement\":[{\"@type\":\"ListItem\",\"position\":1,\"name\":\"Shop\",\"item\":\"https:\/\/www.hitbotrobot.com\/shop\/\"},{\"@type\":\"ListItem\",\"position\":2,\"name\":\"Pinza rob\u00f3tica Z-EFG-12\"}]},{\"@type\":\"WebSite\",\"@id\":\"https:\/\/www.hitbotrobot.com\/es\/#website\",\"url\":\"https:\/\/www.hitbotrobot.com\/es\/\",\"name\":\"Huiling Tech\",\"description\":\"Manufacturer for Robotic Arm\",\"potentialAction\":[{\"@type\":\"SearchAction\",\"target\":{\"@type\":\"EntryPoint\",\"urlTemplate\":\"https:\/\/www.hitbotrobot.com\/es\/?s={search_term_string}\"},\"query-input\":\"required name=search_term_string\"}],\"inLanguage\":\"en-US\"}]}<\/script>\n<!-- \/ Yoast SEO plugin. -->","yoast_head_json":{"title":"Pinza Industrial con Potencia Nominal 5W | Pinza activa HITBOT","description":"La pinza industrial HITBOT Z-EFG-12 es una pinza rob\u00f3tica de 2 dedos, su potencia nominal es de 5 W y puede sujetar objetos de 500 g, su fuerza de sujeci\u00f3n es de 30 N, el recorrido es de 12 mm.","robots":{"index":"index","follow":"follow","max-snippet":"max-snippet:-1","max-image-preview":"max-image-preview:large","max-video-preview":"max-video-preview:-1"},"canonical":"https:\/\/www.hitbotrobot.com\/es\/product\/z-efg-12-robotic-gripper\/","og_locale":"en_US","og_type":"article","og_title":"Pinza Industrial con Potencia Nominal 5W | Pinza activa HITBOT","og_description":"La pinza industrial HITBOT Z-EFG-12 es una pinza rob\u00f3tica de 2 dedos, su potencia nominal es de 5 W y puede sujetar objetos de 500 g, su fuerza de sujeci\u00f3n es de 30 N, el recorrido es de 12 mm.","og_url":"https:\/\/www.hitbotrobot.com\/es\/product\/z-efg-12-robotic-gripper\/","og_site_name":"Huiling Tech","article_modified_time":"2022-09-29T08:39:39+00:00","og_image":[{"width":600,"height":400,"url":"https:\/\/www.hitbotrobot.com\/es\/wp-content\/uploads\/2020\/06\/Z-EFG-12-Robotic-Gripper-bro-01.jpg","type":"image\/jpeg"}],"twitter_card":"summary_large_image","twitter_misc":{"Est. reading time":"4 minutes"},"schema":{"@context":"https:\/\/schema.org","@graph":[{"@type":"WebPage","@id":"https:\/\/www.hitbotrobot.com\/es\/product\/z-efg-12-robotic-gripper\/","url":"https:\/\/www.hitbotrobot.com\/es\/product\/z-efg-12-robotic-gripper\/","name":"Pinza Industrial con Potencia Nominal 5W | Pinza activa HITBOT","isPartOf":{"@id":"https:\/\/www.hitbotrobot.com\/es\/#website"},"primaryImageOfPage":{"@id":"https:\/\/www.hitbotrobot.com\/es\/product\/z-efg-12-robotic-gripper\/#primaryimage"},"image":{"@id":"https:\/\/www.hitbotrobot.com\/es\/product\/z-efg-12-robotic-gripper\/#primaryimage"},"thumbnailUrl":"https:\/\/www.hitbotrobot.com\/es\/wp-content\/uploads\/2020\/06\/Z-EFG-12-Robotic-Gripper-bro-01.jpg","datePublished":"2020-06-10T09:21:44+00:00","dateModified":"2022-09-29T08:39:39+00:00","description":"La pinza industrial HITBOT Z-EFG-12 es una pinza rob\u00f3tica de 2 dedos, su potencia nominal es de 5 W y puede sujetar objetos de 500 g, su fuerza de sujeci\u00f3n es de 30 N, el recorrido es de 12 mm.","breadcrumb":{"@id":"https:\/\/www.hitbotrobot.com\/es\/product\/z-efg-12-robotic-gripper\/#breadcrumb"},"inLanguage":"en-US","potentialAction":[{"@type":"ReadAction","target":["https:\/\/www.hitbotrobot.com\/es\/product\/z-efg-12-robotic-gripper\/"]}]},{"@type":"ImageObject","inLanguage":"en-US","@id":"https:\/\/www.hitbotrobot.com\/es\/product\/z-efg-12-robotic-gripper\/#primaryimage","url":"https:\/\/www.hitbotrobot.com\/es\/wp-content\/uploads\/2020\/06\/Z-EFG-12-Robotic-Gripper-bro-01.jpg","contentUrl":"https:\/\/www.hitbotrobot.com\/es\/wp-content\/uploads\/2020\/06\/Z-EFG-12-Robotic-Gripper-bro-01.jpg","width":600,"height":400},{"@type":"BreadcrumbList","@id":"https:\/\/www.hitbotrobot.com\/es\/product\/z-efg-12-robotic-gripper\/#breadcrumb","itemListElement":[{"@type":"ListItem","position":1,"name":"Shop","item":"https:\/\/www.hitbotrobot.com\/shop\/"},{"@type":"ListItem","position":2,"name":"Pinza rob\u00f3tica Z-EFG-12"}]},{"@type":"WebSite","@id":"https:\/\/www.hitbotrobot.com\/es\/#website","url":"https:\/\/www.hitbotrobot.com\/es\/","name":"Huiling Tech","description":"Manufacturer for Robotic Arm","potentialAction":[{"@type":"SearchAction","target":{"@type":"EntryPoint","urlTemplate":"https:\/\/www.hitbotrobot.com\/es\/?s={search_term_string}"},"query-input":"required name=search_term_string"}],"inLanguage":"en-US"}]}},"_links":{"self":[{"href":"https:\/\/www.hitbotrobot.com\/es\/wp-json\/wp\/v2\/product\/7748","targetHints":{"allow":["GET"]}}],"collection":[{"href":"https:\/\/www.hitbotrobot.com\/es\/wp-json\/wp\/v2\/product"}],"about":[{"href":"https:\/\/www.hitbotrobot.com\/es\/wp-json\/wp\/v2\/types\/product"}],"replies":[{"embeddable":true,"href":"https:\/\/www.hitbotrobot.com\/es\/wp-json\/wp\/v2\/comments?post=7748"}],"wp:featuredmedia":[{"embeddable":true,"href":"https:\/\/www.hitbotrobot.com\/es\/wp-json\/wp\/v2\/media\/13606"}],"wp:attachment":[{"href":"https:\/\/www.hitbotrobot.com\/es\/wp-json\/wp\/v2\/media?parent=7748"}],"wp:term":[{"taxonomy":"product_brand","embeddable":true,"href":"https:\/\/www.hitbotrobot.com\/es\/wp-json\/wp\/v2\/product_brand?post=7748"},{"taxonomy":"product_cat","embeddable":true,"href":"https:\/\/www.hitbotrobot.com\/es\/wp-json\/wp\/v2\/product_cat?post=7748"},{"taxonomy":"product_tag","embeddable":true,"href":"https:\/\/www.hitbotrobot.com\/es\/wp-json\/wp\/v2\/product_tag?post=7748"}],"curies":[{"name":"wp","href":"https:\/\/api.w.org\/{rel}","templated":true}]}}