{"id":7747,"date":"2020-06-10T09:21:43","date_gmt":"2020-06-10T09:21:43","guid":{"rendered":"http:\/\/rstheme.com\/products\/wordpress\/reobiz\/product\/import-placeholder-for-7601\/"},"modified":"2022-09-29T09:46:33","modified_gmt":"2022-09-29T09:46:33","slug":"z-efg-8s-robotic-gripper","status":"publish","type":"product","link":"https:\/\/www.hitbotrobot.com\/es\/product\/z-efg-8s-robotic-gripper\/","title":{"rendered":"Pinza rob\u00f3tica Z-EFG-8S"},"content":{"rendered":"<p><strong>Introducci\u00f3n del producto<\/strong>:<br \/>\nZ-EFG-8S es una pinza el\u00e9ctrica rob\u00f3tica integrada con muchas ventajas, como una alta precisi\u00f3n en comparaci\u00f3n con los compresores de aire tradicionales. La pinza el\u00e9ctrica Z-EFG-8S tambi\u00e9n puede sujetar objetos blandos y trabajar con un brazo rob\u00f3tico para crear una l\u00ednea de producci\u00f3n totalmente autom\u00e1tica.<\/p>\n<ul>\n<li>Una peque\u00f1a pero potente pinza el\u00e9ctrica con servomotor.<\/li>\n<li>Los terminales se pueden reemplazar para cumplir con los diferentes requisitos del proyecto.<\/li>\n<li>Podr\u00eda recoger objetos fr\u00e1giles y deformables, como huevos, tubos de ensayo, anillos, etc..<\/li>\n<li>Adecuado para escenas sin fuentes de aire (como laboratorios y hospitales).<\/li>\n<\/ul>\n<p><img fetchpriority=\"high\" decoding=\"async\" class=\"alignnone size-full wp-image-13899\" src=\"https:\/\/www.hitbotrobot.com\/es\/wp-content\/uploads\/2020\/06\/Z-EFG-8-Robotic-Gripper-dis-01.jpg\" alt=\"\" width=\"800\" height=\"730\" srcset=\"https:\/\/www.hitbotrobot.com\/es\/wp-content\/uploads\/2020\/06\/Z-EFG-8-Robotic-Gripper-dis-01.jpg 800w, https:\/\/www.hitbotrobot.com\/es\/wp-content\/uploads\/2020\/06\/Z-EFG-8-Robotic-Gripper-dis-01-768x701.jpg 768w, https:\/\/www.hitbotrobot.com\/es\/wp-content\/uploads\/2020\/06\/Z-EFG-8-Robotic-Gripper-dis-01-600x548.jpg 600w\" sizes=\"(max-width: 800px) 100vw, 800px\" \/><br \/>\n<strong>Parametros del producto<\/strong>:<\/p>\n<table style=\"border-collapse: collapse;\" border=\"1\" width=\"90%\" cellspacing=\"0\" cellpadding=\"0\">\n<tbody>\n<tr>\n<td colspan=\"2\">\u00a0 nombre del producto:<\/td>\n<td>\u00a0 Pinza el\u00e9ctrica rob\u00f3tica<\/td>\n<\/tr>\n<tr>\n<td colspan=\"2\">\u00a0 Art\u00edculo No.:<\/td>\n<td>\u00a0 Z-EFG-8S<\/td>\n<\/tr>\n<tr>\n<td colspan=\"2\">\u00a0 Carrera total<\/td>\n<td>\u00a0 8mm<\/td>\n<\/tr>\n<tr>\n<td colspan=\"2\">\u00a0 Fuerza de sujecion<\/td>\n<td>\u00a0 8-20N<\/td>\n<\/tr>\n<tr>\n<td colspan=\"2\">\u00a0 La fuerza m\u00e1xima de sujeci\u00f3n<\/td>\n<td>\u00a0 \u22640.3kg<\/td>\n<\/tr>\n<tr>\n<td colspan=\"2\">\u00a0 Suministro de grasa para componentes de movimiento<\/td>\n<td>\u00a0 6 meses o un mill\u00f3n de movimientos por vez<\/td>\n<\/tr>\n<tr>\n<td colspan=\"2\">\u00a0 Temperatura de trabajo<\/td>\n<td>\u00a0 5-55\u2103<\/td>\n<\/tr>\n<tr>\n<td colspan=\"2\">\u00a0 Humedad de trabajo<\/td>\n<td>\u00a0 RH35-80 (sin escarcha)<\/td>\n<\/tr>\n<tr>\n<td colspan=\"2\">\u00a0 Modo de movimiento<\/td>\n<td>\u00a0 Paralelo de 2 dedos<\/td>\n<\/tr>\n<tr>\n<td colspan=\"2\">\u00a0 Viajar Ajustable<\/td>\n<td>\u00a0 No<\/td>\n<\/tr>\n<tr>\n<td colspan=\"2\">\u00a0 Fuerza de sujeci\u00f3n ajustable<\/td>\n<td>\u00a0 Yes<\/td>\n<\/tr>\n<tr>\n<td colspan=\"2\">\u00a0 Peso del Producto<\/td>\n<td>\u00a0 0.25kg<\/td>\n<\/tr>\n<tr>\n<td colspan=\"2\">\u00a0 Tama\u00f1o del producto<\/td>\n<td>\u00a0 30*24*93.9mm<\/td>\n<\/tr>\n<tr>\n<td colspan=\"2\">\u00a0 Posici\u00f3n del controlador<\/td>\n<td>\u00a0 Incorporado<\/td>\n<\/tr>\n<tr>\n<td colspan=\"2\">\u00a0 Tipo de motor<\/td>\n<td>\u00a0 Servo motor<\/td>\n<\/tr>\n<tr>\n<td colspan=\"2\">\u00a0 Voltaje nominal<\/td>\n<td>\u00a0 DC24<\/td>\n<\/tr>\n<tr>\n<td colspan=\"2\">\u00a0 Corriente de espera<\/td>\n<td>\u00a0 0.2A<\/td>\n<\/tr>\n<tr>\n<td colspan=\"2\">\u00a0 Corriente pico<\/td>\n<td>\u00a0 0.6A<\/td>\n<\/tr>\n<tr>\n<td colspan=\"2\">\u00a0 Grado de protecci\u00f3n<\/td>\n<td>\u00a0 IP20<\/td>\n<\/tr>\n<\/tbody>\n<\/table>\n<p><strong>Descripci\u00f3n del producto<\/strong>:<br \/>\n<img decoding=\"async\" class=\"alignnone size-full wp-image-16209 aligncenter\" src=\"https:\/\/www.hitbotrobot.com\/es\/wp-content\/uploads\/2020\/06\/z-efg-8s-gripper_01.jpg\" alt=\"\" width=\"800\" height=\"660\" srcset=\"https:\/\/www.hitbotrobot.com\/es\/wp-content\/uploads\/2020\/06\/z-efg-8s-gripper_01.jpg 800w, https:\/\/www.hitbotrobot.com\/es\/wp-content\/uploads\/2020\/06\/z-efg-8s-gripper_01-768x634.jpg 768w, https:\/\/www.hitbotrobot.com\/es\/wp-content\/uploads\/2020\/06\/z-efg-8s-gripper_01-600x495.jpg 600w\" sizes=\"(max-width: 800px) 100vw, 800px\" \/> <img decoding=\"async\" class=\"alignnone size-full wp-image-16210 aligncenter\" src=\"https:\/\/www.hitbotrobot.com\/es\/wp-content\/uploads\/2020\/06\/z-efg-8s-gripper_02.jpg\" alt=\"\" width=\"800\" height=\"660\" srcset=\"https:\/\/www.hitbotrobot.com\/es\/wp-content\/uploads\/2020\/06\/z-efg-8s-gripper_02.jpg 800w, https:\/\/www.hitbotrobot.com\/es\/wp-content\/uploads\/2020\/06\/z-efg-8s-gripper_02-768x634.jpg 768w, https:\/\/www.hitbotrobot.com\/es\/wp-content\/uploads\/2020\/06\/z-efg-8s-gripper_02-600x495.jpg 600w\" sizes=\"(max-width: 800px) 100vw, 800px\" \/> <img loading=\"lazy\" decoding=\"async\" class=\"alignnone size-full wp-image-16211 aligncenter\" src=\"https:\/\/www.hitbotrobot.com\/es\/wp-content\/uploads\/2020\/06\/z-efg-8s-gripper_03.jpg\" alt=\"\" width=\"800\" height=\"660\" srcset=\"https:\/\/www.hitbotrobot.com\/es\/wp-content\/uploads\/2020\/06\/z-efg-8s-gripper_03.jpg 800w, https:\/\/www.hitbotrobot.com\/es\/wp-content\/uploads\/2020\/06\/z-efg-8s-gripper_03-768x634.jpg 768w, https:\/\/www.hitbotrobot.com\/es\/wp-content\/uploads\/2020\/06\/z-efg-8s-gripper_03-600x495.jpg 600w\" sizes=\"(max-width: 800px) 100vw, 800px\" \/> <img loading=\"lazy\" decoding=\"async\" class=\"alignnone size-full wp-image-16212 aligncenter\" src=\"https:\/\/www.hitbotrobot.com\/es\/wp-content\/uploads\/2020\/06\/z-efg-8s-gripper_04.jpg\" alt=\"\" width=\"800\" height=\"660\" srcset=\"https:\/\/www.hitbotrobot.com\/es\/wp-content\/uploads\/2020\/06\/z-efg-8s-gripper_04.jpg 800w, https:\/\/www.hitbotrobot.com\/es\/wp-content\/uploads\/2020\/06\/z-efg-8s-gripper_04-768x634.jpg 768w, https:\/\/www.hitbotrobot.com\/es\/wp-content\/uploads\/2020\/06\/z-efg-8s-gripper_04-600x495.jpg 600w\" sizes=\"(max-width: 800px) 100vw, 800px\" \/> <img loading=\"lazy\" decoding=\"async\" class=\"alignnone size-full wp-image-16213 aligncenter\" src=\"https:\/\/www.hitbotrobot.com\/es\/wp-content\/uploads\/2020\/06\/z-efg-8s-gripper_05.jpg\" alt=\"\" width=\"800\" height=\"660\" srcset=\"https:\/\/www.hitbotrobot.com\/es\/wp-content\/uploads\/2020\/06\/z-efg-8s-gripper_05.jpg 800w, https:\/\/www.hitbotrobot.com\/es\/wp-content\/uploads\/2020\/06\/z-efg-8s-gripper_05-768x634.jpg 768w, https:\/\/www.hitbotrobot.com\/es\/wp-content\/uploads\/2020\/06\/z-efg-8s-gripper_05-600x495.jpg 600w\" sizes=\"(max-width: 800px) 100vw, 800px\" \/> <img loading=\"lazy\" decoding=\"async\" class=\"alignnone size-full wp-image-16214 aligncenter\" src=\"https:\/\/www.hitbotrobot.com\/es\/wp-content\/uploads\/2020\/06\/z-efg-8s-gripper_06.jpg\" alt=\"\" width=\"800\" height=\"660\" srcset=\"https:\/\/www.hitbotrobot.com\/es\/wp-content\/uploads\/2020\/06\/z-efg-8s-gripper_06.jpg 800w, https:\/\/www.hitbotrobot.com\/es\/wp-content\/uploads\/2020\/06\/z-efg-8s-gripper_06-768x634.jpg 768w, https:\/\/www.hitbotrobot.com\/es\/wp-content\/uploads\/2020\/06\/z-efg-8s-gripper_06-600x495.jpg 600w\" sizes=\"(max-width: 800px) 100vw, 800px\" \/> <img loading=\"lazy\" decoding=\"async\" class=\"alignnone size-full wp-image-16215 aligncenter\" src=\"https:\/\/www.hitbotrobot.com\/es\/wp-content\/uploads\/2020\/06\/z-efg-8s-gripper_07.jpg\" alt=\"\" width=\"800\" height=\"660\" srcset=\"https:\/\/www.hitbotrobot.com\/es\/wp-content\/uploads\/2020\/06\/z-efg-8s-gripper_07.jpg 800w, https:\/\/www.hitbotrobot.com\/es\/wp-content\/uploads\/2020\/06\/z-efg-8s-gripper_07-768x634.jpg 768w, https:\/\/www.hitbotrobot.com\/es\/wp-content\/uploads\/2020\/06\/z-efg-8s-gripper_07-600x495.jpg 600w\" sizes=\"(max-width: 800px) 100vw, 800px\" \/> <img loading=\"lazy\" decoding=\"async\" class=\"alignnone size-full wp-image-16216 aligncenter\" src=\"https:\/\/www.hitbotrobot.com\/es\/wp-content\/uploads\/2020\/06\/z-efg-8s-gripper_08.jpg\" alt=\"\" width=\"800\" height=\"660\" srcset=\"https:\/\/www.hitbotrobot.com\/es\/wp-content\/uploads\/2020\/06\/z-efg-8s-gripper_08.jpg 800w, https:\/\/www.hitbotrobot.com\/es\/wp-content\/uploads\/2020\/06\/z-efg-8s-gripper_08-768x634.jpg 768w, https:\/\/www.hitbotrobot.com\/es\/wp-content\/uploads\/2020\/06\/z-efg-8s-gripper_08-600x495.jpg 600w\" sizes=\"(max-width: 800px) 100vw, 800px\" \/> <img loading=\"lazy\" decoding=\"async\" class=\"alignnone size-full wp-image-16217 aligncenter\" src=\"https:\/\/www.hitbotrobot.com\/es\/wp-content\/uploads\/2020\/06\/z-efg-8s-gripper_09.jpg\" alt=\"\" width=\"800\" height=\"660\" srcset=\"https:\/\/www.hitbotrobot.com\/es\/wp-content\/uploads\/2020\/06\/z-efg-8s-gripper_09.jpg 800w, https:\/\/www.hitbotrobot.com\/es\/wp-content\/uploads\/2020\/06\/z-efg-8s-gripper_09-768x634.jpg 768w, https:\/\/www.hitbotrobot.com\/es\/wp-content\/uploads\/2020\/06\/z-efg-8s-gripper_09-600x495.jpg 600w\" sizes=\"(max-width: 800px) 100vw, 800px\" \/> <img loading=\"lazy\" decoding=\"async\" class=\"alignnone size-full wp-image-16218 aligncenter\" src=\"https:\/\/www.hitbotrobot.com\/es\/wp-content\/uploads\/2020\/06\/z-efg-8s-gripper_10.jpg\" alt=\"\" width=\"800\" height=\"660\" srcset=\"https:\/\/www.hitbotrobot.com\/es\/wp-content\/uploads\/2020\/06\/z-efg-8s-gripper_10.jpg 800w, https:\/\/www.hitbotrobot.com\/es\/wp-content\/uploads\/2020\/06\/z-efg-8s-gripper_10-768x634.jpg 768w, https:\/\/www.hitbotrobot.com\/es\/wp-content\/uploads\/2020\/06\/z-efg-8s-gripper_10-600x495.jpg 600w\" sizes=\"(max-width: 800px) 100vw, 800px\" \/> <img loading=\"lazy\" decoding=\"async\" class=\"alignnone size-full wp-image-16219 aligncenter\" src=\"https:\/\/www.hitbotrobot.com\/es\/wp-content\/uploads\/2020\/06\/z-efg-8s-gripper_11.jpg\" alt=\"\" width=\"800\" height=\"660\" srcset=\"https:\/\/www.hitbotrobot.com\/es\/wp-content\/uploads\/2020\/06\/z-efg-8s-gripper_11.jpg 800w, https:\/\/www.hitbotrobot.com\/es\/wp-content\/uploads\/2020\/06\/z-efg-8s-gripper_11-768x634.jpg 768w, https:\/\/www.hitbotrobot.com\/es\/wp-content\/uploads\/2020\/06\/z-efg-8s-gripper_11-600x495.jpg 600w\" sizes=\"(max-width: 800px) 100vw, 800px\" \/> <img loading=\"lazy\" decoding=\"async\" class=\"alignnone size-full wp-image-16220 aligncenter\" src=\"https:\/\/www.hitbotrobot.com\/es\/wp-content\/uploads\/2020\/06\/z-efg-8s-gripper_12.jpg\" alt=\"\" width=\"800\" height=\"660\" srcset=\"https:\/\/www.hitbotrobot.com\/es\/wp-content\/uploads\/2020\/06\/z-efg-8s-gripper_12.jpg 800w, https:\/\/www.hitbotrobot.com\/es\/wp-content\/uploads\/2020\/06\/z-efg-8s-gripper_12-768x634.jpg 768w, https:\/\/www.hitbotrobot.com\/es\/wp-content\/uploads\/2020\/06\/z-efg-8s-gripper_12-600x495.jpg 600w\" sizes=\"(max-width: 800px) 100vw, 800px\" \/><\/p>\n","protected":false},"excerpt":{"rendered":"<p>[embed]https:\/\/www.youtube.com\/watch?v=5lNGACvlocA&#8230;<\/p>\n","protected":false},"featured_media":13615,"comment_status":"open","ping_status":"closed","template":"","meta":[],"product_brand":[],"product_cat":[39],"product_tag":[105],"class_list":{"0":"post-7747","1":"product","2":"type-product","3":"status-publish","4":"has-post-thumbnail","6":"product_cat-robotic-gripper","7":"product_tag-electric-parallel-gripper","9":"first","10":"instock","11":"shipping-taxable","12":"product-type-simple"},"yoast_head":"<!-- This site is optimized with the Yoast SEO plugin v22.7 - https:\/\/yoast.com\/wordpress\/plugins\/seo\/ -->\n<title>Pinza manual rob\u00f3tica con motor BLDC | Pinza el\u00e9ctrica HITBOT<\/title>\n<meta name=\"description\" content=\"La pinza de mano del robot HITBOT Z-EFG-8S puede sujetar objetos de 300 g, es para usar un motor de corriente continua sin escobillas y poder realizar una pinza suave, como puede sujetar huevos, etc.\" \/>\n<meta name=\"robots\" content=\"index, follow, max-snippet:-1, max-image-preview:large, max-video-preview:-1\" \/>\n<link rel=\"canonical\" href=\"https:\/\/www.hitbotrobot.com\/es\/product\/z-efg-8s-robotic-gripper\/\" \/>\n<meta property=\"og:locale\" content=\"en_US\" \/>\n<meta property=\"og:type\" content=\"article\" \/>\n<meta property=\"og:title\" content=\"Pinza manual rob\u00f3tica con motor BLDC | Pinza el\u00e9ctrica HITBOT\" \/>\n<meta property=\"og:description\" content=\"La pinza de mano del robot HITBOT Z-EFG-8S puede sujetar objetos de 300 g, es para usar un motor de corriente continua sin escobillas y poder realizar una pinza suave, como puede sujetar huevos, etc.\" \/>\n<meta property=\"og:url\" content=\"https:\/\/www.hitbotrobot.com\/es\/product\/z-efg-8s-robotic-gripper\/\" \/>\n<meta property=\"og:site_name\" content=\"Huiling Tech\" \/>\n<meta property=\"article:modified_time\" content=\"2022-09-29T09:46:33+00:00\" \/>\n<meta property=\"og:image\" content=\"https:\/\/www.hitbotrobot.com\/es\/wp-content\/uploads\/2020\/06\/Z-EFG-8-Robotic-Gripper-bro-01.jpg\" \/>\n\t<meta property=\"og:image:width\" content=\"600\" \/>\n\t<meta property=\"og:image:height\" content=\"400\" \/>\n\t<meta property=\"og:image:type\" content=\"image\/jpeg\" \/>\n<meta name=\"twitter:card\" content=\"summary_large_image\" \/>\n<meta name=\"twitter:label1\" content=\"Est. reading time\" \/>\n\t<meta name=\"twitter:data1\" content=\"4 minutes\" \/>\n<script type=\"application\/ld+json\" class=\"yoast-schema-graph\">{\"@context\":\"https:\/\/schema.org\",\"@graph\":[{\"@type\":\"WebPage\",\"@id\":\"https:\/\/www.hitbotrobot.com\/es\/product\/z-efg-8s-robotic-gripper\/\",\"url\":\"https:\/\/www.hitbotrobot.com\/es\/product\/z-efg-8s-robotic-gripper\/\",\"name\":\"Pinza manual rob\u00f3tica con motor BLDC | Pinza el\u00e9ctrica HITBOT\",\"isPartOf\":{\"@id\":\"https:\/\/www.hitbotrobot.com\/es\/#website\"},\"primaryImageOfPage\":{\"@id\":\"https:\/\/www.hitbotrobot.com\/es\/product\/z-efg-8s-robotic-gripper\/#primaryimage\"},\"image\":{\"@id\":\"https:\/\/www.hitbotrobot.com\/es\/product\/z-efg-8s-robotic-gripper\/#primaryimage\"},\"thumbnailUrl\":\"https:\/\/www.hitbotrobot.com\/es\/wp-content\/uploads\/2020\/06\/Z-EFG-8-Robotic-Gripper-bro-01.jpg\",\"datePublished\":\"2020-06-10T09:21:43+00:00\",\"dateModified\":\"2022-09-29T09:46:33+00:00\",\"description\":\"La pinza de mano del robot HITBOT Z-EFG-8S puede sujetar objetos de 300 g, es para usar un motor de corriente continua sin escobillas y poder realizar una pinza suave, como puede sujetar huevos, etc.\",\"breadcrumb\":{\"@id\":\"https:\/\/www.hitbotrobot.com\/es\/product\/z-efg-8s-robotic-gripper\/#breadcrumb\"},\"inLanguage\":\"en-US\",\"potentialAction\":[{\"@type\":\"ReadAction\",\"target\":[\"https:\/\/www.hitbotrobot.com\/es\/product\/z-efg-8s-robotic-gripper\/\"]}]},{\"@type\":\"ImageObject\",\"inLanguage\":\"en-US\",\"@id\":\"https:\/\/www.hitbotrobot.com\/es\/product\/z-efg-8s-robotic-gripper\/#primaryimage\",\"url\":\"https:\/\/www.hitbotrobot.com\/es\/wp-content\/uploads\/2020\/06\/Z-EFG-8-Robotic-Gripper-bro-01.jpg\",\"contentUrl\":\"https:\/\/www.hitbotrobot.com\/es\/wp-content\/uploads\/2020\/06\/Z-EFG-8-Robotic-Gripper-bro-01.jpg\",\"width\":600,\"height\":400},{\"@type\":\"BreadcrumbList\",\"@id\":\"https:\/\/www.hitbotrobot.com\/es\/product\/z-efg-8s-robotic-gripper\/#breadcrumb\",\"itemListElement\":[{\"@type\":\"ListItem\",\"position\":1,\"name\":\"Shop\",\"item\":\"https:\/\/www.hitbotrobot.com\/shop\/\"},{\"@type\":\"ListItem\",\"position\":2,\"name\":\"Pinza rob\u00f3tica Z-EFG-8S\"}]},{\"@type\":\"WebSite\",\"@id\":\"https:\/\/www.hitbotrobot.com\/es\/#website\",\"url\":\"https:\/\/www.hitbotrobot.com\/es\/\",\"name\":\"Huiling Tech\",\"description\":\"Manufacturer for Robotic Arm\",\"potentialAction\":[{\"@type\":\"SearchAction\",\"target\":{\"@type\":\"EntryPoint\",\"urlTemplate\":\"https:\/\/www.hitbotrobot.com\/es\/?s={search_term_string}\"},\"query-input\":\"required name=search_term_string\"}],\"inLanguage\":\"en-US\"}]}<\/script>\n<!-- \/ Yoast SEO plugin. -->","yoast_head_json":{"title":"Pinza manual rob\u00f3tica con motor BLDC | Pinza el\u00e9ctrica HITBOT","description":"La pinza de mano del robot HITBOT Z-EFG-8S puede sujetar objetos de 300 g, es para usar un motor de corriente continua sin escobillas y poder realizar una pinza suave, como puede sujetar huevos, etc.","robots":{"index":"index","follow":"follow","max-snippet":"max-snippet:-1","max-image-preview":"max-image-preview:large","max-video-preview":"max-video-preview:-1"},"canonical":"https:\/\/www.hitbotrobot.com\/es\/product\/z-efg-8s-robotic-gripper\/","og_locale":"en_US","og_type":"article","og_title":"Pinza manual rob\u00f3tica con motor BLDC | Pinza el\u00e9ctrica HITBOT","og_description":"La pinza de mano del robot HITBOT Z-EFG-8S puede sujetar objetos de 300 g, es para usar un motor de corriente continua sin escobillas y poder realizar una pinza suave, como puede sujetar huevos, etc.","og_url":"https:\/\/www.hitbotrobot.com\/es\/product\/z-efg-8s-robotic-gripper\/","og_site_name":"Huiling Tech","article_modified_time":"2022-09-29T09:46:33+00:00","og_image":[{"width":600,"height":400,"url":"https:\/\/www.hitbotrobot.com\/es\/wp-content\/uploads\/2020\/06\/Z-EFG-8-Robotic-Gripper-bro-01.jpg","type":"image\/jpeg"}],"twitter_card":"summary_large_image","twitter_misc":{"Est. reading time":"4 minutes"},"schema":{"@context":"https:\/\/schema.org","@graph":[{"@type":"WebPage","@id":"https:\/\/www.hitbotrobot.com\/es\/product\/z-efg-8s-robotic-gripper\/","url":"https:\/\/www.hitbotrobot.com\/es\/product\/z-efg-8s-robotic-gripper\/","name":"Pinza manual rob\u00f3tica con motor BLDC | Pinza el\u00e9ctrica HITBOT","isPartOf":{"@id":"https:\/\/www.hitbotrobot.com\/es\/#website"},"primaryImageOfPage":{"@id":"https:\/\/www.hitbotrobot.com\/es\/product\/z-efg-8s-robotic-gripper\/#primaryimage"},"image":{"@id":"https:\/\/www.hitbotrobot.com\/es\/product\/z-efg-8s-robotic-gripper\/#primaryimage"},"thumbnailUrl":"https:\/\/www.hitbotrobot.com\/es\/wp-content\/uploads\/2020\/06\/Z-EFG-8-Robotic-Gripper-bro-01.jpg","datePublished":"2020-06-10T09:21:43+00:00","dateModified":"2022-09-29T09:46:33+00:00","description":"La pinza de mano del robot HITBOT Z-EFG-8S puede sujetar objetos de 300 g, es para usar un motor de corriente continua sin escobillas y poder realizar una pinza suave, como puede sujetar huevos, etc.","breadcrumb":{"@id":"https:\/\/www.hitbotrobot.com\/es\/product\/z-efg-8s-robotic-gripper\/#breadcrumb"},"inLanguage":"en-US","potentialAction":[{"@type":"ReadAction","target":["https:\/\/www.hitbotrobot.com\/es\/product\/z-efg-8s-robotic-gripper\/"]}]},{"@type":"ImageObject","inLanguage":"en-US","@id":"https:\/\/www.hitbotrobot.com\/es\/product\/z-efg-8s-robotic-gripper\/#primaryimage","url":"https:\/\/www.hitbotrobot.com\/es\/wp-content\/uploads\/2020\/06\/Z-EFG-8-Robotic-Gripper-bro-01.jpg","contentUrl":"https:\/\/www.hitbotrobot.com\/es\/wp-content\/uploads\/2020\/06\/Z-EFG-8-Robotic-Gripper-bro-01.jpg","width":600,"height":400},{"@type":"BreadcrumbList","@id":"https:\/\/www.hitbotrobot.com\/es\/product\/z-efg-8s-robotic-gripper\/#breadcrumb","itemListElement":[{"@type":"ListItem","position":1,"name":"Shop","item":"https:\/\/www.hitbotrobot.com\/shop\/"},{"@type":"ListItem","position":2,"name":"Pinza rob\u00f3tica Z-EFG-8S"}]},{"@type":"WebSite","@id":"https:\/\/www.hitbotrobot.com\/es\/#website","url":"https:\/\/www.hitbotrobot.com\/es\/","name":"Huiling Tech","description":"Manufacturer for Robotic Arm","potentialAction":[{"@type":"SearchAction","target":{"@type":"EntryPoint","urlTemplate":"https:\/\/www.hitbotrobot.com\/es\/?s={search_term_string}"},"query-input":"required name=search_term_string"}],"inLanguage":"en-US"}]}},"_links":{"self":[{"href":"https:\/\/www.hitbotrobot.com\/es\/wp-json\/wp\/v2\/product\/7747","targetHints":{"allow":["GET"]}}],"collection":[{"href":"https:\/\/www.hitbotrobot.com\/es\/wp-json\/wp\/v2\/product"}],"about":[{"href":"https:\/\/www.hitbotrobot.com\/es\/wp-json\/wp\/v2\/types\/product"}],"replies":[{"embeddable":true,"href":"https:\/\/www.hitbotrobot.com\/es\/wp-json\/wp\/v2\/comments?post=7747"}],"wp:featuredmedia":[{"embeddable":true,"href":"https:\/\/www.hitbotrobot.com\/es\/wp-json\/wp\/v2\/media\/13615"}],"wp:attachment":[{"href":"https:\/\/www.hitbotrobot.com\/es\/wp-json\/wp\/v2\/media?parent=7747"}],"wp:term":[{"taxonomy":"product_brand","embeddable":true,"href":"https:\/\/www.hitbotrobot.com\/es\/wp-json\/wp\/v2\/product_brand?post=7747"},{"taxonomy":"product_cat","embeddable":true,"href":"https:\/\/www.hitbotrobot.com\/es\/wp-json\/wp\/v2\/product_cat?post=7747"},{"taxonomy":"product_tag","embeddable":true,"href":"https:\/\/www.hitbotrobot.com\/es\/wp-json\/wp\/v2\/product_tag?post=7747"}],"curies":[{"name":"wp","href":"https:\/\/api.w.org\/{rel}","templated":true}]}}