{"id":7746,"date":"2020-06-10T09:21:41","date_gmt":"2020-06-10T09:21:41","guid":{"rendered":"http:\/\/rstheme.com\/products\/wordpress\/reobiz\/product\/import-placeholder-for-7587\/"},"modified":"2022-09-30T02:55:13","modified_gmt":"2022-09-30T02:55:13","slug":"z-mod-se-82-20se-actuators","status":"publish","type":"product","link":"https:\/\/www.hitbotrobot.com\/es\/product\/z-mod-se-82-20se-actuators\/","title":{"rendered":"Actuadores Z-Mod-SE-82-20SE"},"content":{"rendered":"<p><strong>Introducci\u00f3n del producto<\/strong>:<\/p>\n<p>El actuador rob\u00f3tico Z-mod tiene una apariencia hermosa, altamente integrado, peque\u00f1o y potente. Simplifica los pasos de instalaci\u00f3n.<\/p>\n<ul>\n<li>Alta integraci\u00f3n todo en uno.<br \/>\nRealiza una gran innovaci\u00f3n en forma de m\u00f3dulo tradicional al eliminar acoples y sensores. El motor y el controlador altamente integrados est\u00e1n integrados en el m\u00f3dulo interno.<br \/>\nMaximice la utilizaci\u00f3n del espacio y maximice la distancia de conducci\u00f3n.<\/li>\n<li>El software es f\u00e1cil de usar.<br \/>\nNo es necesario establecer una plataforma de movimiento por s\u00ed mismo, se puede operar f\u00e1cilmente con el software de control de la serie Z-Arm.<br \/>\nEl entorno programable se ha simplificado enormemente, lo que permite a los clientes sin experiencia trabajar conjuntamente de forma eficaz con los actuadores.<\/li>\n<li>Simplificado, pero poderoso.<br \/>\nEl control de circuito cerrado y el posicionamiento se pueden lograr sin sensores.<\/li>\n<li>Funci\u00f3n colaborativa especializada.<br \/>\n1). Se puede lograr una mayor precisi\u00f3n de posicionamiento ajustando los elementos y fijando la orientaci\u00f3n.<br \/>\n2). El modo Force-torque\/motion puede funcionar simult\u00e1neamente sin aclaraci\u00f3n.<br \/>\n3). Podr\u00eda detectar autom\u00e1ticamente la altura del objeto y decidir la pr\u00f3xima actividad de recoger y colocar.<br \/>\n4). Estas funciones han hecho que el movimiento Z-Mod sea m\u00e1s inteligente.<\/li>\n<li>Excelente calidad, rentable.<br \/>\nZ-mod tiene un rendimiento de grado industrial a un precio de solo unos pocos cientos de d\u00f3lares para un servicio m\u00e1s personalizado.<\/li>\n<\/ul>\n<p><img fetchpriority=\"high\" decoding=\"async\" class=\"size-full wp-image-13902 aligncenter\" src=\"https:\/\/www.hitbotrobot.com\/es\/wp-content\/uploads\/2020\/06\/Z-Mod-SE-54-10SE-dis-01.jpg\" alt=\"\" width=\"800\" height=\"334\" srcset=\"https:\/\/www.hitbotrobot.com\/es\/wp-content\/uploads\/2020\/06\/Z-Mod-SE-54-10SE-dis-01.jpg 800w, https:\/\/www.hitbotrobot.com\/es\/wp-content\/uploads\/2020\/06\/Z-Mod-SE-54-10SE-dis-01-768x321.jpg 768w, https:\/\/www.hitbotrobot.com\/es\/wp-content\/uploads\/2020\/06\/Z-Mod-SE-54-10SE-dis-01-600x251.jpg 600w\" sizes=\"(max-width: 800px) 100vw, 800px\" \/> <img decoding=\"async\" class=\"size-full wp-image-13903 aligncenter\" src=\"https:\/\/www.hitbotrobot.com\/es\/wp-content\/uploads\/2020\/06\/Z-Mod-SE-54-10SE-dis-02.jpg\" alt=\"\" width=\"800\" height=\"441\" srcset=\"https:\/\/www.hitbotrobot.com\/es\/wp-content\/uploads\/2020\/06\/Z-Mod-SE-54-10SE-dis-02.jpg 800w, https:\/\/www.hitbotrobot.com\/es\/wp-content\/uploads\/2020\/06\/Z-Mod-SE-54-10SE-dis-02-768x423.jpg 768w, https:\/\/www.hitbotrobot.com\/es\/wp-content\/uploads\/2020\/06\/Z-Mod-SE-54-10SE-dis-02-600x331.jpg 600w\" sizes=\"(max-width: 800px) 100vw, 800px\" \/><br \/>\n<strong>Parametros del producto<\/strong>:<br \/>\n<img decoding=\"async\" class=\"size-full wp-image-13907 aligncenter\" src=\"https:\/\/www.hitbotrobot.com\/es\/wp-content\/uploads\/2020\/06\/Z-Mod-SE-54-10SE-para-001.jpg\" alt=\"\" width=\"800\" height=\"298\" srcset=\"https:\/\/www.hitbotrobot.com\/es\/wp-content\/uploads\/2020\/06\/Z-Mod-SE-54-10SE-para-001.jpg 800w, https:\/\/www.hitbotrobot.com\/es\/wp-content\/uploads\/2020\/06\/Z-Mod-SE-54-10SE-para-001-768x286.jpg 768w, https:\/\/www.hitbotrobot.com\/es\/wp-content\/uploads\/2020\/06\/Z-Mod-SE-54-10SE-para-001-600x224.jpg 600w\" sizes=\"(max-width: 800px) 100vw, 800px\" \/><img loading=\"lazy\" decoding=\"async\" class=\"size-full wp-image-13905 aligncenter\" src=\"https:\/\/www.hitbotrobot.com\/es\/wp-content\/uploads\/2020\/06\/Z-Mod-SE-54-10SE-para-02.jpg\" alt=\"\" width=\"800\" height=\"293\" srcset=\"https:\/\/www.hitbotrobot.com\/es\/wp-content\/uploads\/2020\/06\/Z-Mod-SE-54-10SE-para-02.jpg 800w, https:\/\/www.hitbotrobot.com\/es\/wp-content\/uploads\/2020\/06\/Z-Mod-SE-54-10SE-para-02-768x281.jpg 768w, https:\/\/www.hitbotrobot.com\/es\/wp-content\/uploads\/2020\/06\/Z-Mod-SE-54-10SE-para-02-600x220.jpg 600w\" sizes=\"(max-width: 800px) 100vw, 800px\" \/><br \/>\n<strong>Diagrama del producto<\/strong>:<br \/>\n<img loading=\"lazy\" decoding=\"async\" class=\"size-full wp-image-13910 aligncenter\" src=\"https:\/\/www.hitbotrobot.com\/es\/wp-content\/uploads\/2020\/06\/Z-Mod-SE-54-10SE-diagram.jpg\" alt=\"\" width=\"800\" height=\"678\" srcset=\"https:\/\/www.hitbotrobot.com\/es\/wp-content\/uploads\/2020\/06\/Z-Mod-SE-54-10SE-diagram.jpg 800w, https:\/\/www.hitbotrobot.com\/es\/wp-content\/uploads\/2020\/06\/Z-Mod-SE-54-10SE-diagram-768x651.jpg 768w, https:\/\/www.hitbotrobot.com\/es\/wp-content\/uploads\/2020\/06\/Z-Mod-SE-54-10SE-diagram-80x68.jpg 80w, https:\/\/www.hitbotrobot.com\/es\/wp-content\/uploads\/2020\/06\/Z-Mod-SE-54-10SE-diagram-600x509.jpg 600w\" sizes=\"(max-width: 800px) 100vw, 800px\" \/><\/p>\n","protected":false},"excerpt":{"rendered":"<p>[embed]https:\/\/www.hitbot.cc\/wp-content\/uploads\/2021\/11\/smart-actuator.m4v&#8230;<\/p>\n","protected":false},"featured_media":13617,"comment_status":"open","ping_status":"closed","template":"","meta":[],"product_brand":[],"product_cat":[66],"product_tag":[],"class_list":{"0":"post-7746","1":"product","2":"type-product","3":"status-publish","4":"has-post-thumbnail","6":"product_cat-actuator","8":"first","9":"instock","10":"shipping-taxable","11":"product-type-simple"},"yoast_head":"<!-- This site is optimized with the Yoast SEO plugin v22.7 - https:\/\/yoast.com\/wordpress\/plugins\/seo\/ -->\n<title>Actuador de motor el\u00e9ctrico con servomotor de 200 W CC | Cilindro el\u00e9ctrico HITBOT<\/title>\n<meta name=\"description\" content=\"El actuador de motor el\u00e9ctrico HITBOT utiliza un servomotor de CC de 200 W, su velocidad puede alcanzar los 1000 mm\/s, su motor y controlador est\u00e1n integrados, lo que ha ahorrado espacio.\" \/>\n<meta name=\"robots\" content=\"index, follow, max-snippet:-1, max-image-preview:large, max-video-preview:-1\" \/>\n<link rel=\"canonical\" href=\"https:\/\/www.hitbotrobot.com\/es\/product\/z-mod-se-82-20se-actuators\/\" \/>\n<meta property=\"og:locale\" content=\"en_US\" \/>\n<meta property=\"og:type\" content=\"article\" \/>\n<meta property=\"og:title\" content=\"Actuador de motor el\u00e9ctrico con servomotor de 200 W CC | Cilindro el\u00e9ctrico HITBOT\" \/>\n<meta property=\"og:description\" content=\"El actuador de motor el\u00e9ctrico HITBOT utiliza un servomotor de CC de 200 W, su velocidad puede alcanzar los 1000 mm\/s, su motor y controlador est\u00e1n integrados, lo que ha ahorrado espacio.\" \/>\n<meta property=\"og:url\" content=\"https:\/\/www.hitbotrobot.com\/es\/product\/z-mod-se-82-20se-actuators\/\" \/>\n<meta property=\"og:site_name\" content=\"Huiling Tech\" \/>\n<meta property=\"article:modified_time\" content=\"2022-09-30T02:55:13+00:00\" \/>\n<meta property=\"og:image\" content=\"https:\/\/www.hitbotrobot.com\/es\/wp-content\/uploads\/2020\/06\/Z-Mod-SE-54-10SE-bro-01.jpg\" \/>\n\t<meta property=\"og:image:width\" content=\"600\" \/>\n\t<meta property=\"og:image:height\" content=\"400\" \/>\n\t<meta property=\"og:image:type\" content=\"image\/jpeg\" \/>\n<meta name=\"twitter:card\" content=\"summary_large_image\" \/>\n<meta name=\"twitter:label1\" content=\"Est. reading time\" \/>\n\t<meta name=\"twitter:data1\" content=\"2 minutes\" \/>\n<script type=\"application\/ld+json\" class=\"yoast-schema-graph\">{\"@context\":\"https:\/\/schema.org\",\"@graph\":[{\"@type\":\"WebPage\",\"@id\":\"https:\/\/www.hitbotrobot.com\/es\/product\/z-mod-se-82-20se-actuators\/\",\"url\":\"https:\/\/www.hitbotrobot.com\/es\/product\/z-mod-se-82-20se-actuators\/\",\"name\":\"Actuador de motor el\u00e9ctrico con servomotor de 200 W CC | Cilindro el\u00e9ctrico HITBOT\",\"isPartOf\":{\"@id\":\"https:\/\/www.hitbotrobot.com\/es\/#website\"},\"primaryImageOfPage\":{\"@id\":\"https:\/\/www.hitbotrobot.com\/es\/product\/z-mod-se-82-20se-actuators\/#primaryimage\"},\"image\":{\"@id\":\"https:\/\/www.hitbotrobot.com\/es\/product\/z-mod-se-82-20se-actuators\/#primaryimage\"},\"thumbnailUrl\":\"https:\/\/www.hitbotrobot.com\/es\/wp-content\/uploads\/2020\/06\/Z-Mod-SE-54-10SE-bro-01.jpg\",\"datePublished\":\"2020-06-10T09:21:41+00:00\",\"dateModified\":\"2022-09-30T02:55:13+00:00\",\"description\":\"El actuador de motor el\u00e9ctrico HITBOT utiliza un servomotor de CC de 200 W, su velocidad puede alcanzar los 1000 mm\/s, su motor y controlador est\u00e1n integrados, lo que ha ahorrado espacio.\",\"breadcrumb\":{\"@id\":\"https:\/\/www.hitbotrobot.com\/es\/product\/z-mod-se-82-20se-actuators\/#breadcrumb\"},\"inLanguage\":\"en-US\",\"potentialAction\":[{\"@type\":\"ReadAction\",\"target\":[\"https:\/\/www.hitbotrobot.com\/es\/product\/z-mod-se-82-20se-actuators\/\"]}]},{\"@type\":\"ImageObject\",\"inLanguage\":\"en-US\",\"@id\":\"https:\/\/www.hitbotrobot.com\/es\/product\/z-mod-se-82-20se-actuators\/#primaryimage\",\"url\":\"https:\/\/www.hitbotrobot.com\/es\/wp-content\/uploads\/2020\/06\/Z-Mod-SE-54-10SE-bro-01.jpg\",\"contentUrl\":\"https:\/\/www.hitbotrobot.com\/es\/wp-content\/uploads\/2020\/06\/Z-Mod-SE-54-10SE-bro-01.jpg\",\"width\":600,\"height\":400},{\"@type\":\"BreadcrumbList\",\"@id\":\"https:\/\/www.hitbotrobot.com\/es\/product\/z-mod-se-82-20se-actuators\/#breadcrumb\",\"itemListElement\":[{\"@type\":\"ListItem\",\"position\":1,\"name\":\"Shop\",\"item\":\"https:\/\/www.hitbotrobot.com\/shop\/\"},{\"@type\":\"ListItem\",\"position\":2,\"name\":\"Actuadores Z-Mod-SE-82-20SE\"}]},{\"@type\":\"WebSite\",\"@id\":\"https:\/\/www.hitbotrobot.com\/es\/#website\",\"url\":\"https:\/\/www.hitbotrobot.com\/es\/\",\"name\":\"Huiling Tech\",\"description\":\"Manufacturer for Robotic Arm\",\"potentialAction\":[{\"@type\":\"SearchAction\",\"target\":{\"@type\":\"EntryPoint\",\"urlTemplate\":\"https:\/\/www.hitbotrobot.com\/es\/?s={search_term_string}\"},\"query-input\":\"required name=search_term_string\"}],\"inLanguage\":\"en-US\"}]}<\/script>\n<!-- \/ Yoast SEO plugin. -->","yoast_head_json":{"title":"Actuador de motor el\u00e9ctrico con servomotor de 200 W CC | Cilindro el\u00e9ctrico HITBOT","description":"El actuador de motor el\u00e9ctrico HITBOT utiliza un servomotor de CC de 200 W, su velocidad puede alcanzar los 1000 mm\/s, su motor y controlador est\u00e1n integrados, lo que ha ahorrado espacio.","robots":{"index":"index","follow":"follow","max-snippet":"max-snippet:-1","max-image-preview":"max-image-preview:large","max-video-preview":"max-video-preview:-1"},"canonical":"https:\/\/www.hitbotrobot.com\/es\/product\/z-mod-se-82-20se-actuators\/","og_locale":"en_US","og_type":"article","og_title":"Actuador de motor el\u00e9ctrico con servomotor de 200 W CC | Cilindro el\u00e9ctrico HITBOT","og_description":"El actuador de motor el\u00e9ctrico HITBOT utiliza un servomotor de CC de 200 W, su velocidad puede alcanzar los 1000 mm\/s, su motor y controlador est\u00e1n integrados, lo que ha ahorrado espacio.","og_url":"https:\/\/www.hitbotrobot.com\/es\/product\/z-mod-se-82-20se-actuators\/","og_site_name":"Huiling Tech","article_modified_time":"2022-09-30T02:55:13+00:00","og_image":[{"width":600,"height":400,"url":"https:\/\/www.hitbotrobot.com\/es\/wp-content\/uploads\/2020\/06\/Z-Mod-SE-54-10SE-bro-01.jpg","type":"image\/jpeg"}],"twitter_card":"summary_large_image","twitter_misc":{"Est. reading time":"2 minutes"},"schema":{"@context":"https:\/\/schema.org","@graph":[{"@type":"WebPage","@id":"https:\/\/www.hitbotrobot.com\/es\/product\/z-mod-se-82-20se-actuators\/","url":"https:\/\/www.hitbotrobot.com\/es\/product\/z-mod-se-82-20se-actuators\/","name":"Actuador de motor el\u00e9ctrico con servomotor de 200 W CC | Cilindro el\u00e9ctrico HITBOT","isPartOf":{"@id":"https:\/\/www.hitbotrobot.com\/es\/#website"},"primaryImageOfPage":{"@id":"https:\/\/www.hitbotrobot.com\/es\/product\/z-mod-se-82-20se-actuators\/#primaryimage"},"image":{"@id":"https:\/\/www.hitbotrobot.com\/es\/product\/z-mod-se-82-20se-actuators\/#primaryimage"},"thumbnailUrl":"https:\/\/www.hitbotrobot.com\/es\/wp-content\/uploads\/2020\/06\/Z-Mod-SE-54-10SE-bro-01.jpg","datePublished":"2020-06-10T09:21:41+00:00","dateModified":"2022-09-30T02:55:13+00:00","description":"El actuador de motor el\u00e9ctrico HITBOT utiliza un servomotor de CC de 200 W, su velocidad puede alcanzar los 1000 mm\/s, su motor y controlador est\u00e1n integrados, lo que ha ahorrado espacio.","breadcrumb":{"@id":"https:\/\/www.hitbotrobot.com\/es\/product\/z-mod-se-82-20se-actuators\/#breadcrumb"},"inLanguage":"en-US","potentialAction":[{"@type":"ReadAction","target":["https:\/\/www.hitbotrobot.com\/es\/product\/z-mod-se-82-20se-actuators\/"]}]},{"@type":"ImageObject","inLanguage":"en-US","@id":"https:\/\/www.hitbotrobot.com\/es\/product\/z-mod-se-82-20se-actuators\/#primaryimage","url":"https:\/\/www.hitbotrobot.com\/es\/wp-content\/uploads\/2020\/06\/Z-Mod-SE-54-10SE-bro-01.jpg","contentUrl":"https:\/\/www.hitbotrobot.com\/es\/wp-content\/uploads\/2020\/06\/Z-Mod-SE-54-10SE-bro-01.jpg","width":600,"height":400},{"@type":"BreadcrumbList","@id":"https:\/\/www.hitbotrobot.com\/es\/product\/z-mod-se-82-20se-actuators\/#breadcrumb","itemListElement":[{"@type":"ListItem","position":1,"name":"Shop","item":"https:\/\/www.hitbotrobot.com\/shop\/"},{"@type":"ListItem","position":2,"name":"Actuadores Z-Mod-SE-82-20SE"}]},{"@type":"WebSite","@id":"https:\/\/www.hitbotrobot.com\/es\/#website","url":"https:\/\/www.hitbotrobot.com\/es\/","name":"Huiling Tech","description":"Manufacturer for Robotic Arm","potentialAction":[{"@type":"SearchAction","target":{"@type":"EntryPoint","urlTemplate":"https:\/\/www.hitbotrobot.com\/es\/?s={search_term_string}"},"query-input":"required name=search_term_string"}],"inLanguage":"en-US"}]}},"_links":{"self":[{"href":"https:\/\/www.hitbotrobot.com\/es\/wp-json\/wp\/v2\/product\/7746","targetHints":{"allow":["GET"]}}],"collection":[{"href":"https:\/\/www.hitbotrobot.com\/es\/wp-json\/wp\/v2\/product"}],"about":[{"href":"https:\/\/www.hitbotrobot.com\/es\/wp-json\/wp\/v2\/types\/product"}],"replies":[{"embeddable":true,"href":"https:\/\/www.hitbotrobot.com\/es\/wp-json\/wp\/v2\/comments?post=7746"}],"wp:featuredmedia":[{"embeddable":true,"href":"https:\/\/www.hitbotrobot.com\/es\/wp-json\/wp\/v2\/media\/13617"}],"wp:attachment":[{"href":"https:\/\/www.hitbotrobot.com\/es\/wp-json\/wp\/v2\/media?parent=7746"}],"wp:term":[{"taxonomy":"product_brand","embeddable":true,"href":"https:\/\/www.hitbotrobot.com\/es\/wp-json\/wp\/v2\/product_brand?post=7746"},{"taxonomy":"product_cat","embeddable":true,"href":"https:\/\/www.hitbotrobot.com\/es\/wp-json\/wp\/v2\/product_cat?post=7746"},{"taxonomy":"product_tag","embeddable":true,"href":"https:\/\/www.hitbotrobot.com\/es\/wp-json\/wp\/v2\/product_tag?post=7746"}],"curies":[{"name":"wp","href":"https:\/\/api.w.org\/{rel}","templated":true}]}}