{"id":16742,"date":"2022-09-16T05:36:58","date_gmt":"2022-09-16T05:36:58","guid":{"rendered":"https:\/\/www.hitbotrobot.com\/?post_type=product&#038;p=16742"},"modified":"2026-01-27T22:34:12","modified_gmt":"2026-01-27T22:34:12","slug":"z-arm-2442e","status":"publish","type":"product","link":"https:\/\/www.hitbotrobot.com\/es\/product\/z-arm-2442e\/","title":{"rendered":"Brazo rob\u00f3tico cil\u00edndrico Z-Arm 2442E con alta precisi\u00f3n de 0,03 mm"},"content":{"rendered":"<p><img fetchpriority=\"high\" decoding=\"async\" class=\"alignnone size-full wp-image-16743 aligncenter\" src=\"https:\/\/www.hitbotrobot.com\/es\/wp-content\/uploads\/2022\/09\/2142E-robot_01.jpg\" alt=\"\" width=\"800\" height=\"691\" srcset=\"https:\/\/www.hitbotrobot.com\/es\/wp-content\/uploads\/2022\/09\/2142E-robot_01.jpg 800w, https:\/\/www.hitbotrobot.com\/es\/wp-content\/uploads\/2022\/09\/2142E-robot_01-768x663.jpg 768w, https:\/\/www.hitbotrobot.com\/es\/wp-content\/uploads\/2022\/09\/2142E-robot_01-80x68.jpg 80w, https:\/\/www.hitbotrobot.com\/es\/wp-content\/uploads\/2022\/09\/2142E-robot_01-600x518.jpg 600w\" sizes=\"(max-width: 800px) 100vw, 800px\" \/> <img decoding=\"async\" class=\"alignnone size-full wp-image-16744 aligncenter\" src=\"https:\/\/www.hitbotrobot.com\/es\/wp-content\/uploads\/2022\/09\/2142E-robot_02.jpg\" alt=\"\" width=\"800\" height=\"690\" srcset=\"https:\/\/www.hitbotrobot.com\/es\/wp-content\/uploads\/2022\/09\/2142E-robot_02.jpg 800w, https:\/\/www.hitbotrobot.com\/es\/wp-content\/uploads\/2022\/09\/2142E-robot_02-768x662.jpg 768w, https:\/\/www.hitbotrobot.com\/es\/wp-content\/uploads\/2022\/09\/2142E-robot_02-80x68.jpg 80w, https:\/\/www.hitbotrobot.com\/es\/wp-content\/uploads\/2022\/09\/2142E-robot_02-600x518.jpg 600w\" sizes=\"(max-width: 800px) 100vw, 800px\" \/> <img decoding=\"async\" class=\"alignnone size-full wp-image-16745 aligncenter\" src=\"https:\/\/www.hitbotrobot.com\/es\/wp-content\/uploads\/2022\/09\/2142E-robot_03.jpg\" alt=\"\" width=\"800\" height=\"691\" srcset=\"https:\/\/www.hitbotrobot.com\/es\/wp-content\/uploads\/2022\/09\/2142E-robot_03.jpg 800w, https:\/\/www.hitbotrobot.com\/es\/wp-content\/uploads\/2022\/09\/2142E-robot_03-768x663.jpg 768w, https:\/\/www.hitbotrobot.com\/es\/wp-content\/uploads\/2022\/09\/2142E-robot_03-80x68.jpg 80w, https:\/\/www.hitbotrobot.com\/es\/wp-content\/uploads\/2022\/09\/2142E-robot_03-600x518.jpg 600w\" sizes=\"(max-width: 800px) 100vw, 800px\" \/> <img loading=\"lazy\" decoding=\"async\" class=\"alignnone size-full wp-image-16746 aligncenter\" src=\"https:\/\/www.hitbotrobot.com\/es\/wp-content\/uploads\/2022\/09\/2142E-robot_04.jpg\" alt=\"\" width=\"800\" height=\"690\" srcset=\"https:\/\/www.hitbotrobot.com\/es\/wp-content\/uploads\/2022\/09\/2142E-robot_04.jpg 800w, https:\/\/www.hitbotrobot.com\/es\/wp-content\/uploads\/2022\/09\/2142E-robot_04-768x662.jpg 768w, https:\/\/www.hitbotrobot.com\/es\/wp-content\/uploads\/2022\/09\/2142E-robot_04-80x68.jpg 80w, https:\/\/www.hitbotrobot.com\/es\/wp-content\/uploads\/2022\/09\/2142E-robot_04-600x518.jpg 600w\" sizes=\"(max-width: 800px) 100vw, 800px\" \/> <img loading=\"lazy\" decoding=\"async\" class=\"alignnone size-full wp-image-16747 aligncenter\" src=\"https:\/\/www.hitbotrobot.com\/es\/wp-content\/uploads\/2022\/09\/2142E-robot_05.jpg\" alt=\"\" width=\"800\" height=\"691\" srcset=\"https:\/\/www.hitbotrobot.com\/es\/wp-content\/uploads\/2022\/09\/2142E-robot_05.jpg 800w, https:\/\/www.hitbotrobot.com\/es\/wp-content\/uploads\/2022\/09\/2142E-robot_05-768x663.jpg 768w, https:\/\/www.hitbotrobot.com\/es\/wp-content\/uploads\/2022\/09\/2142E-robot_05-80x68.jpg 80w, https:\/\/www.hitbotrobot.com\/es\/wp-content\/uploads\/2022\/09\/2142E-robot_05-600x518.jpg 600w\" sizes=\"(max-width: 800px) 100vw, 800px\" \/> <img loading=\"lazy\" decoding=\"async\" class=\"alignnone size-full wp-image-16748 aligncenter\" src=\"https:\/\/www.hitbotrobot.com\/es\/wp-content\/uploads\/2022\/09\/2142E-robot_06.jpg\" alt=\"\" width=\"800\" height=\"690\" srcset=\"https:\/\/www.hitbotrobot.com\/es\/wp-content\/uploads\/2022\/09\/2142E-robot_06.jpg 800w, https:\/\/www.hitbotrobot.com\/es\/wp-content\/uploads\/2022\/09\/2142E-robot_06-768x662.jpg 768w, https:\/\/www.hitbotrobot.com\/es\/wp-content\/uploads\/2022\/09\/2142E-robot_06-80x68.jpg 80w, https:\/\/www.hitbotrobot.com\/es\/wp-content\/uploads\/2022\/09\/2142E-robot_06-600x518.jpg 600w\" sizes=\"(max-width: 800px) 100vw, 800px\" \/> <img loading=\"lazy\" decoding=\"async\" class=\"alignnone size-full wp-image-16749 aligncenter\" src=\"https:\/\/www.hitbotrobot.com\/es\/wp-content\/uploads\/2022\/09\/2142E-robot_07.jpg\" alt=\"\" width=\"800\" height=\"691\" srcset=\"https:\/\/www.hitbotrobot.com\/es\/wp-content\/uploads\/2022\/09\/2142E-robot_07.jpg 800w, https:\/\/www.hitbotrobot.com\/es\/wp-content\/uploads\/2022\/09\/2142E-robot_07-768x663.jpg 768w, https:\/\/www.hitbotrobot.com\/es\/wp-content\/uploads\/2022\/09\/2142E-robot_07-80x68.jpg 80w, https:\/\/www.hitbotrobot.com\/es\/wp-content\/uploads\/2022\/09\/2142E-robot_07-600x518.jpg 600w\" sizes=\"(max-width: 800px) 100vw, 800px\" \/> <img loading=\"lazy\" decoding=\"async\" class=\"alignnone size-full wp-image-16750 aligncenter\" src=\"https:\/\/www.hitbotrobot.com\/es\/wp-content\/uploads\/2022\/09\/2142E-robot_08.jpg\" alt=\"\" width=\"800\" height=\"690\" srcset=\"https:\/\/www.hitbotrobot.com\/es\/wp-content\/uploads\/2022\/09\/2142E-robot_08.jpg 800w, https:\/\/www.hitbotrobot.com\/es\/wp-content\/uploads\/2022\/09\/2142E-robot_08-768x662.jpg 768w, https:\/\/www.hitbotrobot.com\/es\/wp-content\/uploads\/2022\/09\/2142E-robot_08-80x68.jpg 80w, https:\/\/www.hitbotrobot.com\/es\/wp-content\/uploads\/2022\/09\/2142E-robot_08-600x518.jpg 600w\" sizes=\"(max-width: 800px) 100vw, 800px\" \/> <img loading=\"lazy\" decoding=\"async\" class=\"alignnone size-full wp-image-16751 aligncenter\" src=\"https:\/\/www.hitbotrobot.com\/es\/wp-content\/uploads\/2022\/09\/2142E-robot_09.jpg\" alt=\"\" width=\"800\" height=\"691\" srcset=\"https:\/\/www.hitbotrobot.com\/es\/wp-content\/uploads\/2022\/09\/2142E-robot_09.jpg 800w, https:\/\/www.hitbotrobot.com\/es\/wp-content\/uploads\/2022\/09\/2142E-robot_09-768x663.jpg 768w, https:\/\/www.hitbotrobot.com\/es\/wp-content\/uploads\/2022\/09\/2142E-robot_09-80x68.jpg 80w, https:\/\/www.hitbotrobot.com\/es\/wp-content\/uploads\/2022\/09\/2142E-robot_09-600x518.jpg 600w\" sizes=\"(max-width: 800px) 100vw, 800px\" \/> <img loading=\"lazy\" decoding=\"async\" class=\"alignnone size-full wp-image-16752 aligncenter\" src=\"https:\/\/www.hitbotrobot.com\/es\/wp-content\/uploads\/2022\/09\/2142E-robot_10.jpg\" alt=\"\" width=\"800\" height=\"690\" srcset=\"https:\/\/www.hitbotrobot.com\/es\/wp-content\/uploads\/2022\/09\/2142E-robot_10.jpg 800w, https:\/\/www.hitbotrobot.com\/es\/wp-content\/uploads\/2022\/09\/2142E-robot_10-768x662.jpg 768w, https:\/\/www.hitbotrobot.com\/es\/wp-content\/uploads\/2022\/09\/2142E-robot_10-80x68.jpg 80w, https:\/\/www.hitbotrobot.com\/es\/wp-content\/uploads\/2022\/09\/2142E-robot_10-600x518.jpg 600w\" sizes=\"(max-width: 800px) 100vw, 800px\" \/> <img loading=\"lazy\" decoding=\"async\" class=\"alignnone size-full wp-image-16753 aligncenter\" src=\"https:\/\/www.hitbotrobot.com\/es\/wp-content\/uploads\/2022\/09\/2142E-robot_11.jpg\" alt=\"\" width=\"800\" height=\"691\" srcset=\"https:\/\/www.hitbotrobot.com\/es\/wp-content\/uploads\/2022\/09\/2142E-robot_11.jpg 800w, https:\/\/www.hitbotrobot.com\/es\/wp-content\/uploads\/2022\/09\/2142E-robot_11-768x663.jpg 768w, https:\/\/www.hitbotrobot.com\/es\/wp-content\/uploads\/2022\/09\/2142E-robot_11-80x68.jpg 80w, https:\/\/www.hitbotrobot.com\/es\/wp-content\/uploads\/2022\/09\/2142E-robot_11-600x518.jpg 600w\" sizes=\"(max-width: 800px) 100vw, 800px\" \/> <img loading=\"lazy\" decoding=\"async\" class=\"alignnone size-full wp-image-16754 aligncenter\" src=\"https:\/\/www.hitbotrobot.com\/es\/wp-content\/uploads\/2022\/09\/2142E-robot_12.jpg\" alt=\"\" width=\"800\" height=\"690\" srcset=\"https:\/\/www.hitbotrobot.com\/es\/wp-content\/uploads\/2022\/09\/2142E-robot_12.jpg 800w, https:\/\/www.hitbotrobot.com\/es\/wp-content\/uploads\/2022\/09\/2142E-robot_12-768x662.jpg 768w, https:\/\/www.hitbotrobot.com\/es\/wp-content\/uploads\/2022\/09\/2142E-robot_12-80x68.jpg 80w, https:\/\/www.hitbotrobot.com\/es\/wp-content\/uploads\/2022\/09\/2142E-robot_12-600x518.jpg 600w\" sizes=\"(max-width: 800px) 100vw, 800px\" \/> <img loading=\"lazy\" decoding=\"async\" class=\"wp-image-16762 size-full aligncenter\" src=\"https:\/\/www.hitbotrobot.com\/es\/wp-content\/uploads\/2022\/09\/2142E-robot_013.jpg\" alt=\"\" width=\"800\" height=\"691\" srcset=\"https:\/\/www.hitbotrobot.com\/es\/wp-content\/uploads\/2022\/09\/2142E-robot_013.jpg 800w, https:\/\/www.hitbotrobot.com\/es\/wp-content\/uploads\/2022\/09\/2142E-robot_013-768x663.jpg 768w, https:\/\/www.hitbotrobot.com\/es\/wp-content\/uploads\/2022\/09\/2142E-robot_013-80x68.jpg 80w, https:\/\/www.hitbotrobot.com\/es\/wp-content\/uploads\/2022\/09\/2142E-robot_013-600x518.jpg 600w\" sizes=\"(max-width: 800px) 100vw, 800px\" \/> <img loading=\"lazy\" decoding=\"async\" class=\"alignnone size-full wp-image-16756 aligncenter\" src=\"https:\/\/www.hitbotrobot.com\/es\/wp-content\/uploads\/2022\/09\/2142E-robot_14.jpg\" alt=\"\" width=\"800\" height=\"690\" srcset=\"https:\/\/www.hitbotrobot.com\/es\/wp-content\/uploads\/2022\/09\/2142E-robot_14.jpg 800w, https:\/\/www.hitbotrobot.com\/es\/wp-content\/uploads\/2022\/09\/2142E-robot_14-768x662.jpg 768w, https:\/\/www.hitbotrobot.com\/es\/wp-content\/uploads\/2022\/09\/2142E-robot_14-80x68.jpg 80w, https:\/\/www.hitbotrobot.com\/es\/wp-content\/uploads\/2022\/09\/2142E-robot_14-600x518.jpg 600w\" sizes=\"(max-width: 800px) 100vw, 800px\" \/><img loading=\"lazy\" decoding=\"async\" class=\"alignnone size-full wp-image-16757 aligncenter\" src=\"https:\/\/www.hitbotrobot.com\/es\/wp-content\/uploads\/2022\/09\/2142E-robot_15.jpg\" alt=\"\" width=\"800\" height=\"691\" srcset=\"https:\/\/www.hitbotrobot.com\/es\/wp-content\/uploads\/2022\/09\/2142E-robot_15.jpg 800w, https:\/\/www.hitbotrobot.com\/es\/wp-content\/uploads\/2022\/09\/2142E-robot_15-768x663.jpg 768w, https:\/\/www.hitbotrobot.com\/es\/wp-content\/uploads\/2022\/09\/2142E-robot_15-80x68.jpg 80w, https:\/\/www.hitbotrobot.com\/es\/wp-content\/uploads\/2022\/09\/2142E-robot_15-600x518.jpg 600w\" sizes=\"(max-width: 800px) 100vw, 800px\" \/><\/p>\n","protected":false},"excerpt":{"rendered":"<p>[embed]https:\/\/www.youtube.com\/watch?v=0jU5iuGCN0k&#8230;<\/p>\n","protected":false},"featured_media":16758,"comment_status":"open","ping_status":"closed","template":"","meta":[],"product_brand":[],"product_cat":[42],"product_tag":[103],"class_list":{"0":"post-16742","1":"product","2":"type-product","3":"status-publish","4":"has-post-thumbnail","6":"product_cat-robotic-arm","7":"product_tag-4-axis","9":"first","10":"instock","11":"shipping-taxable","12":"product-type-simple"},"yoast_head":"<!-- This site is optimized with the Yoast SEO plugin v22.7 - https:\/\/yoast.com\/wordpress\/plugins\/seo\/ -->\n<title>Brazo rob\u00f3tico cil\u00edndrico de alta precisi\u00f3n de 0,03 mm | HITBOT Z-Arm 2442E Brazo Scara<\/title>\n<meta name=\"description\" content=\"El brazo rob\u00f3tico cil\u00edndrico Z-Arm 2442E puede cargar objetos de 3 kg como m\u00e1ximo, su altura se puede personalizar dentro de 1 m, el rango de rotaci\u00f3n del eje R puede alcanzar \u00b1 1080 \u00b0.\" \/>\n<meta name=\"robots\" content=\"index, follow, max-snippet:-1, max-image-preview:large, max-video-preview:-1\" \/>\n<link rel=\"canonical\" href=\"https:\/\/www.hitbotrobot.com\/es\/product\/z-arm-2442e\/\" \/>\n<meta property=\"og:locale\" content=\"en_US\" \/>\n<meta property=\"og:type\" content=\"article\" \/>\n<meta property=\"og:title\" content=\"Brazo rob\u00f3tico cil\u00edndrico de alta precisi\u00f3n de 0,03 mm | HITBOT Z-Arm 2442E Brazo Scara\" \/>\n<meta property=\"og:description\" content=\"El brazo rob\u00f3tico cil\u00edndrico Z-Arm 2442E puede cargar objetos de 3 kg como m\u00e1ximo, su altura se puede personalizar dentro de 1 m, el rango de rotaci\u00f3n del eje R puede alcanzar \u00b1 1080 \u00b0.\" \/>\n<meta property=\"og:url\" content=\"https:\/\/www.hitbotrobot.com\/es\/product\/z-arm-2442e\/\" \/>\n<meta property=\"og:site_name\" content=\"Huiling Tech\" \/>\n<meta property=\"article:modified_time\" content=\"2026-01-27T22:34:12+00:00\" \/>\n<meta property=\"og:image\" content=\"https:\/\/www.hitbotrobot.com\/es\/wp-content\/uploads\/2022\/09\/Z-Arm-2442-robot-front-01.jpg\" \/>\n\t<meta property=\"og:image:width\" content=\"600\" \/>\n\t<meta property=\"og:image:height\" content=\"400\" \/>\n\t<meta property=\"og:image:type\" content=\"image\/jpeg\" \/>\n<meta name=\"twitter:card\" content=\"summary_large_image\" \/>\n<meta name=\"twitter:label1\" content=\"Est. reading time\" \/>\n\t<meta name=\"twitter:data1\" content=\"3 minutes\" \/>\n<script type=\"application\/ld+json\" class=\"yoast-schema-graph\">{\"@context\":\"https:\/\/schema.org\",\"@graph\":[{\"@type\":\"WebPage\",\"@id\":\"https:\/\/www.hitbotrobot.com\/es\/product\/z-arm-2442e\/\",\"url\":\"https:\/\/www.hitbotrobot.com\/es\/product\/z-arm-2442e\/\",\"name\":\"Brazo rob\u00f3tico cil\u00edndrico de alta precisi\u00f3n de 0,03 mm | HITBOT Z-Arm 2442E Brazo Scara\",\"isPartOf\":{\"@id\":\"https:\/\/www.hitbotrobot.com\/es\/#website\"},\"primaryImageOfPage\":{\"@id\":\"https:\/\/www.hitbotrobot.com\/es\/product\/z-arm-2442e\/#primaryimage\"},\"image\":{\"@id\":\"https:\/\/www.hitbotrobot.com\/es\/product\/z-arm-2442e\/#primaryimage\"},\"thumbnailUrl\":\"https:\/\/www.hitbotrobot.com\/es\/wp-content\/uploads\/2022\/09\/Z-Arm-2442-robot-front-01.jpg\",\"datePublished\":\"2022-09-16T05:36:58+00:00\",\"dateModified\":\"2026-01-27T22:34:12+00:00\",\"description\":\"El brazo rob\u00f3tico cil\u00edndrico Z-Arm 2442E puede cargar objetos de 3 kg como m\u00e1ximo, su altura se puede personalizar dentro de 1 m, el rango de rotaci\u00f3n del eje R puede alcanzar \u00b1 1080 \u00b0.\",\"breadcrumb\":{\"@id\":\"https:\/\/www.hitbotrobot.com\/es\/product\/z-arm-2442e\/#breadcrumb\"},\"inLanguage\":\"en-US\",\"potentialAction\":[{\"@type\":\"ReadAction\",\"target\":[\"https:\/\/www.hitbotrobot.com\/es\/product\/z-arm-2442e\/\"]}]},{\"@type\":\"ImageObject\",\"inLanguage\":\"en-US\",\"@id\":\"https:\/\/www.hitbotrobot.com\/es\/product\/z-arm-2442e\/#primaryimage\",\"url\":\"https:\/\/www.hitbotrobot.com\/es\/wp-content\/uploads\/2022\/09\/Z-Arm-2442-robot-front-01.jpg\",\"contentUrl\":\"https:\/\/www.hitbotrobot.com\/es\/wp-content\/uploads\/2022\/09\/Z-Arm-2442-robot-front-01.jpg\",\"width\":600,\"height\":400},{\"@type\":\"BreadcrumbList\",\"@id\":\"https:\/\/www.hitbotrobot.com\/es\/product\/z-arm-2442e\/#breadcrumb\",\"itemListElement\":[{\"@type\":\"ListItem\",\"position\":1,\"name\":\"Shop\",\"item\":\"https:\/\/www.hitbotrobot.com\/shop\/\"},{\"@type\":\"ListItem\",\"position\":2,\"name\":\"Brazo rob\u00f3tico cil\u00edndrico Z-Arm 2442E con alta precisi\u00f3n de 0,03 mm\"}]},{\"@type\":\"WebSite\",\"@id\":\"https:\/\/www.hitbotrobot.com\/es\/#website\",\"url\":\"https:\/\/www.hitbotrobot.com\/es\/\",\"name\":\"Huiling Tech\",\"description\":\"Manufacturer for Robotic Arm\",\"potentialAction\":[{\"@type\":\"SearchAction\",\"target\":{\"@type\":\"EntryPoint\",\"urlTemplate\":\"https:\/\/www.hitbotrobot.com\/es\/?s={search_term_string}\"},\"query-input\":\"required name=search_term_string\"}],\"inLanguage\":\"en-US\"}]}<\/script>\n<!-- \/ Yoast SEO plugin. -->","yoast_head_json":{"title":"Brazo rob\u00f3tico cil\u00edndrico de alta precisi\u00f3n de 0,03 mm | HITBOT Z-Arm 2442E Brazo Scara","description":"El brazo rob\u00f3tico cil\u00edndrico Z-Arm 2442E puede cargar objetos de 3 kg como m\u00e1ximo, su altura se puede personalizar dentro de 1 m, el rango de rotaci\u00f3n del eje R puede alcanzar \u00b1 1080 \u00b0.","robots":{"index":"index","follow":"follow","max-snippet":"max-snippet:-1","max-image-preview":"max-image-preview:large","max-video-preview":"max-video-preview:-1"},"canonical":"https:\/\/www.hitbotrobot.com\/es\/product\/z-arm-2442e\/","og_locale":"en_US","og_type":"article","og_title":"Brazo rob\u00f3tico cil\u00edndrico de alta precisi\u00f3n de 0,03 mm | HITBOT Z-Arm 2442E Brazo Scara","og_description":"El brazo rob\u00f3tico cil\u00edndrico Z-Arm 2442E puede cargar objetos de 3 kg como m\u00e1ximo, su altura se puede personalizar dentro de 1 m, el rango de rotaci\u00f3n del eje R puede alcanzar \u00b1 1080 \u00b0.","og_url":"https:\/\/www.hitbotrobot.com\/es\/product\/z-arm-2442e\/","og_site_name":"Huiling Tech","article_modified_time":"2026-01-27T22:34:12+00:00","og_image":[{"width":600,"height":400,"url":"https:\/\/www.hitbotrobot.com\/es\/wp-content\/uploads\/2022\/09\/Z-Arm-2442-robot-front-01.jpg","type":"image\/jpeg"}],"twitter_card":"summary_large_image","twitter_misc":{"Est. reading time":"3 minutes"},"schema":{"@context":"https:\/\/schema.org","@graph":[{"@type":"WebPage","@id":"https:\/\/www.hitbotrobot.com\/es\/product\/z-arm-2442e\/","url":"https:\/\/www.hitbotrobot.com\/es\/product\/z-arm-2442e\/","name":"Brazo rob\u00f3tico cil\u00edndrico de alta precisi\u00f3n de 0,03 mm | HITBOT Z-Arm 2442E Brazo Scara","isPartOf":{"@id":"https:\/\/www.hitbotrobot.com\/es\/#website"},"primaryImageOfPage":{"@id":"https:\/\/www.hitbotrobot.com\/es\/product\/z-arm-2442e\/#primaryimage"},"image":{"@id":"https:\/\/www.hitbotrobot.com\/es\/product\/z-arm-2442e\/#primaryimage"},"thumbnailUrl":"https:\/\/www.hitbotrobot.com\/es\/wp-content\/uploads\/2022\/09\/Z-Arm-2442-robot-front-01.jpg","datePublished":"2022-09-16T05:36:58+00:00","dateModified":"2026-01-27T22:34:12+00:00","description":"El brazo rob\u00f3tico cil\u00edndrico Z-Arm 2442E puede cargar objetos de 3 kg como m\u00e1ximo, su altura se puede personalizar dentro de 1 m, el rango de rotaci\u00f3n del eje R puede alcanzar \u00b1 1080 \u00b0.","breadcrumb":{"@id":"https:\/\/www.hitbotrobot.com\/es\/product\/z-arm-2442e\/#breadcrumb"},"inLanguage":"en-US","potentialAction":[{"@type":"ReadAction","target":["https:\/\/www.hitbotrobot.com\/es\/product\/z-arm-2442e\/"]}]},{"@type":"ImageObject","inLanguage":"en-US","@id":"https:\/\/www.hitbotrobot.com\/es\/product\/z-arm-2442e\/#primaryimage","url":"https:\/\/www.hitbotrobot.com\/es\/wp-content\/uploads\/2022\/09\/Z-Arm-2442-robot-front-01.jpg","contentUrl":"https:\/\/www.hitbotrobot.com\/es\/wp-content\/uploads\/2022\/09\/Z-Arm-2442-robot-front-01.jpg","width":600,"height":400},{"@type":"BreadcrumbList","@id":"https:\/\/www.hitbotrobot.com\/es\/product\/z-arm-2442e\/#breadcrumb","itemListElement":[{"@type":"ListItem","position":1,"name":"Shop","item":"https:\/\/www.hitbotrobot.com\/shop\/"},{"@type":"ListItem","position":2,"name":"Brazo rob\u00f3tico cil\u00edndrico Z-Arm 2442E con alta precisi\u00f3n de 0,03 mm"}]},{"@type":"WebSite","@id":"https:\/\/www.hitbotrobot.com\/es\/#website","url":"https:\/\/www.hitbotrobot.com\/es\/","name":"Huiling Tech","description":"Manufacturer for Robotic Arm","potentialAction":[{"@type":"SearchAction","target":{"@type":"EntryPoint","urlTemplate":"https:\/\/www.hitbotrobot.com\/es\/?s={search_term_string}"},"query-input":"required name=search_term_string"}],"inLanguage":"en-US"}]}},"_links":{"self":[{"href":"https:\/\/www.hitbotrobot.com\/es\/wp-json\/wp\/v2\/product\/16742","targetHints":{"allow":["GET"]}}],"collection":[{"href":"https:\/\/www.hitbotrobot.com\/es\/wp-json\/wp\/v2\/product"}],"about":[{"href":"https:\/\/www.hitbotrobot.com\/es\/wp-json\/wp\/v2\/types\/product"}],"replies":[{"embeddable":true,"href":"https:\/\/www.hitbotrobot.com\/es\/wp-json\/wp\/v2\/comments?post=16742"}],"wp:featuredmedia":[{"embeddable":true,"href":"https:\/\/www.hitbotrobot.com\/es\/wp-json\/wp\/v2\/media\/16758"}],"wp:attachment":[{"href":"https:\/\/www.hitbotrobot.com\/es\/wp-json\/wp\/v2\/media?parent=16742"}],"wp:term":[{"taxonomy":"product_brand","embeddable":true,"href":"https:\/\/www.hitbotrobot.com\/es\/wp-json\/wp\/v2\/product_brand?post=16742"},{"taxonomy":"product_cat","embeddable":true,"href":"https:\/\/www.hitbotrobot.com\/es\/wp-json\/wp\/v2\/product_cat?post=16742"},{"taxonomy":"product_tag","embeddable":true,"href":"https:\/\/www.hitbotrobot.com\/es\/wp-json\/wp\/v2\/product_tag?post=16742"}],"curies":[{"name":"wp","href":"https:\/\/api.w.org\/{rel}","templated":true}]}}