{"id":16670,"date":"2022-08-04T03:12:07","date_gmt":"2022-08-04T03:12:07","guid":{"rendered":"https:\/\/www.hitbotrobot.com\/?post_type=product&#038;p=16670"},"modified":"2022-09-29T08:28:29","modified_gmt":"2022-09-29T08:28:29","slug":"z-efg-20f","status":"publish","type":"product","link":"https:\/\/www.hitbotrobot.com\/es\/product\/z-efg-20f\/","title":{"rendered":"Pinza mec\u00e1nica HITBOT en rob\u00f3tica | Control de fuerza de alta precisi\u00f3n 0.3N"},"content":{"rendered":"<p><img fetchpriority=\"high\" decoding=\"async\" class=\"alignnone size-full wp-image-16709 aligncenter\" src=\"https:\/\/www.hitbotrobot.com\/es\/wp-content\/uploads\/2022\/07\/Z-EFG-20F_01.jpg\" alt=\"\" width=\"800\" height=\"620\" srcset=\"https:\/\/www.hitbotrobot.com\/es\/wp-content\/uploads\/2022\/07\/Z-EFG-20F_01.jpg 800w, https:\/\/www.hitbotrobot.com\/es\/wp-content\/uploads\/2022\/07\/Z-EFG-20F_01-768x595.jpg 768w, https:\/\/www.hitbotrobot.com\/es\/wp-content\/uploads\/2022\/07\/Z-EFG-20F_01-600x465.jpg 600w\" sizes=\"(max-width: 800px) 100vw, 800px\" \/> <img decoding=\"async\" class=\"alignnone size-full wp-image-16710 aligncenter\" src=\"https:\/\/www.hitbotrobot.com\/es\/wp-content\/uploads\/2022\/07\/Z-EFG-20F_02.jpg\" alt=\"\" width=\"800\" height=\"620\" srcset=\"https:\/\/www.hitbotrobot.com\/es\/wp-content\/uploads\/2022\/07\/Z-EFG-20F_02.jpg 800w, https:\/\/www.hitbotrobot.com\/es\/wp-content\/uploads\/2022\/07\/Z-EFG-20F_02-768x595.jpg 768w, https:\/\/www.hitbotrobot.com\/es\/wp-content\/uploads\/2022\/07\/Z-EFG-20F_02-600x465.jpg 600w\" sizes=\"(max-width: 800px) 100vw, 800px\" \/> <img decoding=\"async\" class=\"alignnone size-full wp-image-16711 aligncenter\" src=\"https:\/\/www.hitbotrobot.com\/es\/wp-content\/uploads\/2022\/07\/Z-EFG-20F_03.jpg\" alt=\"\" width=\"800\" height=\"620\" srcset=\"https:\/\/www.hitbotrobot.com\/es\/wp-content\/uploads\/2022\/07\/Z-EFG-20F_03.jpg 800w, https:\/\/www.hitbotrobot.com\/es\/wp-content\/uploads\/2022\/07\/Z-EFG-20F_03-768x595.jpg 768w, https:\/\/www.hitbotrobot.com\/es\/wp-content\/uploads\/2022\/07\/Z-EFG-20F_03-600x465.jpg 600w\" sizes=\"(max-width: 800px) 100vw, 800px\" \/> <img loading=\"lazy\" decoding=\"async\" class=\"alignnone size-full wp-image-16712 aligncenter\" src=\"https:\/\/www.hitbotrobot.com\/es\/wp-content\/uploads\/2022\/07\/Z-EFG-20F_04.jpg\" alt=\"\" width=\"800\" height=\"620\" srcset=\"https:\/\/www.hitbotrobot.com\/es\/wp-content\/uploads\/2022\/07\/Z-EFG-20F_04.jpg 800w, https:\/\/www.hitbotrobot.com\/es\/wp-content\/uploads\/2022\/07\/Z-EFG-20F_04-768x595.jpg 768w, https:\/\/www.hitbotrobot.com\/es\/wp-content\/uploads\/2022\/07\/Z-EFG-20F_04-600x465.jpg 600w\" sizes=\"(max-width: 800px) 100vw, 800px\" \/> <img loading=\"lazy\" decoding=\"async\" class=\"alignnone size-full wp-image-16713 aligncenter\" src=\"https:\/\/www.hitbotrobot.com\/es\/wp-content\/uploads\/2022\/07\/Z-EFG-20F_05.jpg\" alt=\"\" width=\"800\" height=\"620\" srcset=\"https:\/\/www.hitbotrobot.com\/es\/wp-content\/uploads\/2022\/07\/Z-EFG-20F_05.jpg 800w, https:\/\/www.hitbotrobot.com\/es\/wp-content\/uploads\/2022\/07\/Z-EFG-20F_05-768x595.jpg 768w, https:\/\/www.hitbotrobot.com\/es\/wp-content\/uploads\/2022\/07\/Z-EFG-20F_05-600x465.jpg 600w\" sizes=\"(max-width: 800px) 100vw, 800px\" \/> <img loading=\"lazy\" decoding=\"async\" class=\"alignnone size-full wp-image-16714 aligncenter\" src=\"https:\/\/www.hitbotrobot.com\/es\/wp-content\/uploads\/2022\/07\/Z-EFG-20F_06.jpg\" alt=\"\" width=\"800\" height=\"620\" srcset=\"https:\/\/www.hitbotrobot.com\/es\/wp-content\/uploads\/2022\/07\/Z-EFG-20F_06.jpg 800w, https:\/\/www.hitbotrobot.com\/es\/wp-content\/uploads\/2022\/07\/Z-EFG-20F_06-768x595.jpg 768w, https:\/\/www.hitbotrobot.com\/es\/wp-content\/uploads\/2022\/07\/Z-EFG-20F_06-600x465.jpg 600w\" sizes=\"(max-width: 800px) 100vw, 800px\" \/> <img loading=\"lazy\" decoding=\"async\" class=\"alignnone size-full wp-image-16715 aligncenter\" src=\"https:\/\/www.hitbotrobot.com\/es\/wp-content\/uploads\/2022\/07\/Z-EFG-20F_07.jpg\" alt=\"\" width=\"800\" height=\"620\" srcset=\"https:\/\/www.hitbotrobot.com\/es\/wp-content\/uploads\/2022\/07\/Z-EFG-20F_07.jpg 800w, https:\/\/www.hitbotrobot.com\/es\/wp-content\/uploads\/2022\/07\/Z-EFG-20F_07-768x595.jpg 768w, https:\/\/www.hitbotrobot.com\/es\/wp-content\/uploads\/2022\/07\/Z-EFG-20F_07-600x465.jpg 600w\" sizes=\"(max-width: 800px) 100vw, 800px\" \/> <img loading=\"lazy\" decoding=\"async\" class=\"alignnone size-full wp-image-16716 aligncenter\" src=\"https:\/\/www.hitbotrobot.com\/es\/wp-content\/uploads\/2022\/07\/Z-EFG-20F_08.jpg\" alt=\"\" width=\"800\" height=\"620\" srcset=\"https:\/\/www.hitbotrobot.com\/es\/wp-content\/uploads\/2022\/07\/Z-EFG-20F_08.jpg 800w, https:\/\/www.hitbotrobot.com\/es\/wp-content\/uploads\/2022\/07\/Z-EFG-20F_08-768x595.jpg 768w, https:\/\/www.hitbotrobot.com\/es\/wp-content\/uploads\/2022\/07\/Z-EFG-20F_08-600x465.jpg 600w\" sizes=\"(max-width: 800px) 100vw, 800px\" \/> <img loading=\"lazy\" decoding=\"async\" class=\"alignnone size-full wp-image-16717 aligncenter\" src=\"https:\/\/www.hitbotrobot.com\/es\/wp-content\/uploads\/2022\/07\/Z-EFG-20F_09.jpg\" alt=\"\" width=\"800\" height=\"619\" srcset=\"https:\/\/www.hitbotrobot.com\/es\/wp-content\/uploads\/2022\/07\/Z-EFG-20F_09.jpg 800w, https:\/\/www.hitbotrobot.com\/es\/wp-content\/uploads\/2022\/07\/Z-EFG-20F_09-768x594.jpg 768w, https:\/\/www.hitbotrobot.com\/es\/wp-content\/uploads\/2022\/07\/Z-EFG-20F_09-600x464.jpg 600w\" sizes=\"(max-width: 800px) 100vw, 800px\" \/> <img loading=\"lazy\" decoding=\"async\" class=\"alignnone size-full wp-image-16718 aligncenter\" src=\"https:\/\/www.hitbotrobot.com\/es\/wp-content\/uploads\/2022\/07\/Z-EFG-20F_10.jpg\" alt=\"\" width=\"800\" height=\"620\" srcset=\"https:\/\/www.hitbotrobot.com\/es\/wp-content\/uploads\/2022\/07\/Z-EFG-20F_10.jpg 800w, https:\/\/www.hitbotrobot.com\/es\/wp-content\/uploads\/2022\/07\/Z-EFG-20F_10-768x595.jpg 768w, https:\/\/www.hitbotrobot.com\/es\/wp-content\/uploads\/2022\/07\/Z-EFG-20F_10-600x465.jpg 600w\" sizes=\"(max-width: 800px) 100vw, 800px\" \/> <img loading=\"lazy\" decoding=\"async\" class=\"alignnone size-full wp-image-16719 aligncenter\" src=\"https:\/\/www.hitbotrobot.com\/es\/wp-content\/uploads\/2022\/07\/Z-EFG-20F_11.jpg\" alt=\"\" width=\"800\" height=\"620\" srcset=\"https:\/\/www.hitbotrobot.com\/es\/wp-content\/uploads\/2022\/07\/Z-EFG-20F_11.jpg 800w, https:\/\/www.hitbotrobot.com\/es\/wp-content\/uploads\/2022\/07\/Z-EFG-20F_11-768x595.jpg 768w, https:\/\/www.hitbotrobot.com\/es\/wp-content\/uploads\/2022\/07\/Z-EFG-20F_11-600x465.jpg 600w\" sizes=\"(max-width: 800px) 100vw, 800px\" \/> <img loading=\"lazy\" decoding=\"async\" class=\"alignnone size-full wp-image-16720 aligncenter\" src=\"https:\/\/www.hitbotrobot.com\/es\/wp-content\/uploads\/2022\/07\/Z-EFG-20F_12.jpg\" alt=\"\" width=\"800\" height=\"620\" srcset=\"https:\/\/www.hitbotrobot.com\/es\/wp-content\/uploads\/2022\/07\/Z-EFG-20F_12.jpg 800w, https:\/\/www.hitbotrobot.com\/es\/wp-content\/uploads\/2022\/07\/Z-EFG-20F_12-768x595.jpg 768w, https:\/\/www.hitbotrobot.com\/es\/wp-content\/uploads\/2022\/07\/Z-EFG-20F_12-600x465.jpg 600w\" sizes=\"(max-width: 800px) 100vw, 800px\" \/> <img loading=\"lazy\" decoding=\"async\" class=\"alignnone size-full wp-image-16721 aligncenter\" src=\"https:\/\/www.hitbotrobot.com\/es\/wp-content\/uploads\/2022\/07\/Z-EFG-20F_13.jpg\" alt=\"\" width=\"800\" height=\"620\" srcset=\"https:\/\/www.hitbotrobot.com\/es\/wp-content\/uploads\/2022\/07\/Z-EFG-20F_13.jpg 800w, https:\/\/www.hitbotrobot.com\/es\/wp-content\/uploads\/2022\/07\/Z-EFG-20F_13-768x595.jpg 768w, https:\/\/www.hitbotrobot.com\/es\/wp-content\/uploads\/2022\/07\/Z-EFG-20F_13-600x465.jpg 600w\" sizes=\"(max-width: 800px) 100vw, 800px\" \/> <img loading=\"lazy\" decoding=\"async\" class=\"alignnone size-full wp-image-16722 aligncenter\" src=\"https:\/\/www.hitbotrobot.com\/es\/wp-content\/uploads\/2022\/07\/Z-EFG-20F_14.jpg\" alt=\"\" width=\"800\" height=\"620\" srcset=\"https:\/\/www.hitbotrobot.com\/es\/wp-content\/uploads\/2022\/07\/Z-EFG-20F_14.jpg 800w, https:\/\/www.hitbotrobot.com\/es\/wp-content\/uploads\/2022\/07\/Z-EFG-20F_14-768x595.jpg 768w, https:\/\/www.hitbotrobot.com\/es\/wp-content\/uploads\/2022\/07\/Z-EFG-20F_14-600x465.jpg 600w\" sizes=\"(max-width: 800px) 100vw, 800px\" \/> <img loading=\"lazy\" decoding=\"async\" class=\"alignnone size-full wp-image-16723 aligncenter\" src=\"https:\/\/www.hitbotrobot.com\/es\/wp-content\/uploads\/2022\/07\/Z-EFG-20F_15.jpg\" alt=\"\" width=\"800\" height=\"620\" srcset=\"https:\/\/www.hitbotrobot.com\/es\/wp-content\/uploads\/2022\/07\/Z-EFG-20F_15.jpg 800w, https:\/\/www.hitbotrobot.com\/es\/wp-content\/uploads\/2022\/07\/Z-EFG-20F_15-768x595.jpg 768w, https:\/\/www.hitbotrobot.com\/es\/wp-content\/uploads\/2022\/07\/Z-EFG-20F_15-600x465.jpg 600w\" sizes=\"(max-width: 800px) 100vw, 800px\" \/> <img loading=\"lazy\" decoding=\"async\" class=\"alignnone size-full wp-image-16724 aligncenter\" src=\"https:\/\/www.hitbotrobot.com\/es\/wp-content\/uploads\/2022\/07\/Z-EFG-20F_16.jpg\" alt=\"\" width=\"800\" height=\"620\" srcset=\"https:\/\/www.hitbotrobot.com\/es\/wp-content\/uploads\/2022\/07\/Z-EFG-20F_16.jpg 800w, https:\/\/www.hitbotrobot.com\/es\/wp-content\/uploads\/2022\/07\/Z-EFG-20F_16-768x595.jpg 768w, https:\/\/www.hitbotrobot.com\/es\/wp-content\/uploads\/2022\/07\/Z-EFG-20F_16-600x465.jpg 600w\" sizes=\"(max-width: 800px) 100vw, 800px\" \/><\/p>\n","protected":false},"excerpt":{"rendered":"<p>[embed]https:\/\/www.youtube.com\/watch?v=yoZd9xk5r3U&#8230;<\/p>\n","protected":false},"featured_media":16704,"comment_status":"open","ping_status":"closed","template":"","meta":[],"product_brand":[],"product_cat":[39],"product_tag":[105],"class_list":{"0":"post-16670","1":"product","2":"type-product","3":"status-publish","4":"has-post-thumbnail","6":"product_cat-robotic-gripper","7":"product_tag-electric-parallel-gripper","9":"first","10":"instock","11":"shipping-taxable","12":"product-type-simple"},"yoast_head":"<!-- This site is optimized with the Yoast SEO plugin v22.7 - https:\/\/yoast.com\/wordpress\/plugins\/seo\/ -->\n<title>Pinza mec\u00e1nica HITBOT en rob\u00f3tica | Control de fuerza de alta precisi\u00f3n 0.3N<\/title>\n<meta name=\"description\" content=\"La pinza mec\u00e1nica HITBOT en rob\u00f3tica admite la l\u00ednea principal Modbus para controlar, ocupa poco espacio, es f\u00e1cil de integrar, su fuerza y velocidad se pueden controlar f\u00e1cilmente.\" \/>\n<meta name=\"robots\" content=\"index, follow, max-snippet:-1, max-image-preview:large, max-video-preview:-1\" \/>\n<link rel=\"canonical\" href=\"https:\/\/www.hitbotrobot.com\/es\/product\/z-efg-20f\/\" \/>\n<meta property=\"og:locale\" content=\"en_US\" \/>\n<meta property=\"og:type\" content=\"article\" \/>\n<meta property=\"og:title\" content=\"Pinza mec\u00e1nica HITBOT en rob\u00f3tica | Control de fuerza de alta precisi\u00f3n 0.3N\" \/>\n<meta property=\"og:description\" content=\"La pinza mec\u00e1nica HITBOT en rob\u00f3tica admite la l\u00ednea principal Modbus para controlar, ocupa poco espacio, es f\u00e1cil de integrar, su fuerza y velocidad se pueden controlar f\u00e1cilmente.\" \/>\n<meta property=\"og:url\" content=\"https:\/\/www.hitbotrobot.com\/es\/product\/z-efg-20f\/\" \/>\n<meta property=\"og:site_name\" content=\"Huiling Tech\" \/>\n<meta property=\"article:modified_time\" content=\"2022-09-29T08:28:29+00:00\" \/>\n<meta property=\"og:image\" content=\"https:\/\/www.hitbotrobot.com\/es\/wp-content\/uploads\/2022\/07\/z-efg-20f-bro-01.jpg\" \/>\n\t<meta property=\"og:image:width\" content=\"600\" \/>\n\t<meta property=\"og:image:height\" content=\"400\" \/>\n\t<meta property=\"og:image:type\" content=\"image\/jpeg\" \/>\n<meta name=\"twitter:card\" content=\"summary_large_image\" \/>\n<meta name=\"twitter:label1\" content=\"Est. reading time\" \/>\n\t<meta name=\"twitter:data1\" content=\"4 minutes\" \/>\n<script type=\"application\/ld+json\" class=\"yoast-schema-graph\">{\"@context\":\"https:\/\/schema.org\",\"@graph\":[{\"@type\":\"WebPage\",\"@id\":\"https:\/\/www.hitbotrobot.com\/es\/product\/z-efg-20f\/\",\"url\":\"https:\/\/www.hitbotrobot.com\/es\/product\/z-efg-20f\/\",\"name\":\"Pinza mec\u00e1nica HITBOT en rob\u00f3tica | Control de fuerza de alta precisi\u00f3n 0.3N\",\"isPartOf\":{\"@id\":\"https:\/\/www.hitbotrobot.com\/es\/#website\"},\"primaryImageOfPage\":{\"@id\":\"https:\/\/www.hitbotrobot.com\/es\/product\/z-efg-20f\/#primaryimage\"},\"image\":{\"@id\":\"https:\/\/www.hitbotrobot.com\/es\/product\/z-efg-20f\/#primaryimage\"},\"thumbnailUrl\":\"https:\/\/www.hitbotrobot.com\/es\/wp-content\/uploads\/2022\/07\/z-efg-20f-bro-01.jpg\",\"datePublished\":\"2022-08-04T03:12:07+00:00\",\"dateModified\":\"2022-09-29T08:28:29+00:00\",\"description\":\"La pinza mec\u00e1nica HITBOT en rob\u00f3tica admite la l\u00ednea principal Modbus para controlar, ocupa poco espacio, es f\u00e1cil de integrar, su fuerza y velocidad se pueden controlar f\u00e1cilmente.\",\"breadcrumb\":{\"@id\":\"https:\/\/www.hitbotrobot.com\/es\/product\/z-efg-20f\/#breadcrumb\"},\"inLanguage\":\"en-US\",\"potentialAction\":[{\"@type\":\"ReadAction\",\"target\":[\"https:\/\/www.hitbotrobot.com\/es\/product\/z-efg-20f\/\"]}]},{\"@type\":\"ImageObject\",\"inLanguage\":\"en-US\",\"@id\":\"https:\/\/www.hitbotrobot.com\/es\/product\/z-efg-20f\/#primaryimage\",\"url\":\"https:\/\/www.hitbotrobot.com\/es\/wp-content\/uploads\/2022\/07\/z-efg-20f-bro-01.jpg\",\"contentUrl\":\"https:\/\/www.hitbotrobot.com\/es\/wp-content\/uploads\/2022\/07\/z-efg-20f-bro-01.jpg\",\"width\":600,\"height\":400},{\"@type\":\"BreadcrumbList\",\"@id\":\"https:\/\/www.hitbotrobot.com\/es\/product\/z-efg-20f\/#breadcrumb\",\"itemListElement\":[{\"@type\":\"ListItem\",\"position\":1,\"name\":\"Shop\",\"item\":\"https:\/\/www.hitbotrobot.com\/shop\/\"},{\"@type\":\"ListItem\",\"position\":2,\"name\":\"Pinza mec\u00e1nica HITBOT en rob\u00f3tica | Control de fuerza de alta precisi\u00f3n 0.3N\"}]},{\"@type\":\"WebSite\",\"@id\":\"https:\/\/www.hitbotrobot.com\/es\/#website\",\"url\":\"https:\/\/www.hitbotrobot.com\/es\/\",\"name\":\"Huiling Tech\",\"description\":\"Manufacturer for Robotic Arm\",\"potentialAction\":[{\"@type\":\"SearchAction\",\"target\":{\"@type\":\"EntryPoint\",\"urlTemplate\":\"https:\/\/www.hitbotrobot.com\/es\/?s={search_term_string}\"},\"query-input\":\"required name=search_term_string\"}],\"inLanguage\":\"en-US\"}]}<\/script>\n<!-- \/ Yoast SEO plugin. -->","yoast_head_json":{"title":"Pinza mec\u00e1nica HITBOT en rob\u00f3tica | Control de fuerza de alta precisi\u00f3n 0.3N","description":"La pinza mec\u00e1nica HITBOT en rob\u00f3tica admite la l\u00ednea principal Modbus para controlar, ocupa poco espacio, es f\u00e1cil de integrar, su fuerza y velocidad se pueden controlar f\u00e1cilmente.","robots":{"index":"index","follow":"follow","max-snippet":"max-snippet:-1","max-image-preview":"max-image-preview:large","max-video-preview":"max-video-preview:-1"},"canonical":"https:\/\/www.hitbotrobot.com\/es\/product\/z-efg-20f\/","og_locale":"en_US","og_type":"article","og_title":"Pinza mec\u00e1nica HITBOT en rob\u00f3tica | Control de fuerza de alta precisi\u00f3n 0.3N","og_description":"La pinza mec\u00e1nica HITBOT en rob\u00f3tica admite la l\u00ednea principal Modbus para controlar, ocupa poco espacio, es f\u00e1cil de integrar, su fuerza y velocidad se pueden controlar f\u00e1cilmente.","og_url":"https:\/\/www.hitbotrobot.com\/es\/product\/z-efg-20f\/","og_site_name":"Huiling Tech","article_modified_time":"2022-09-29T08:28:29+00:00","og_image":[{"width":600,"height":400,"url":"https:\/\/www.hitbotrobot.com\/es\/wp-content\/uploads\/2022\/07\/z-efg-20f-bro-01.jpg","type":"image\/jpeg"}],"twitter_card":"summary_large_image","twitter_misc":{"Est. reading time":"4 minutes"},"schema":{"@context":"https:\/\/schema.org","@graph":[{"@type":"WebPage","@id":"https:\/\/www.hitbotrobot.com\/es\/product\/z-efg-20f\/","url":"https:\/\/www.hitbotrobot.com\/es\/product\/z-efg-20f\/","name":"Pinza mec\u00e1nica HITBOT en rob\u00f3tica | Control de fuerza de alta precisi\u00f3n 0.3N","isPartOf":{"@id":"https:\/\/www.hitbotrobot.com\/es\/#website"},"primaryImageOfPage":{"@id":"https:\/\/www.hitbotrobot.com\/es\/product\/z-efg-20f\/#primaryimage"},"image":{"@id":"https:\/\/www.hitbotrobot.com\/es\/product\/z-efg-20f\/#primaryimage"},"thumbnailUrl":"https:\/\/www.hitbotrobot.com\/es\/wp-content\/uploads\/2022\/07\/z-efg-20f-bro-01.jpg","datePublished":"2022-08-04T03:12:07+00:00","dateModified":"2022-09-29T08:28:29+00:00","description":"La pinza mec\u00e1nica HITBOT en rob\u00f3tica admite la l\u00ednea principal Modbus para controlar, ocupa poco espacio, es f\u00e1cil de integrar, su fuerza y velocidad se pueden controlar f\u00e1cilmente.","breadcrumb":{"@id":"https:\/\/www.hitbotrobot.com\/es\/product\/z-efg-20f\/#breadcrumb"},"inLanguage":"en-US","potentialAction":[{"@type":"ReadAction","target":["https:\/\/www.hitbotrobot.com\/es\/product\/z-efg-20f\/"]}]},{"@type":"ImageObject","inLanguage":"en-US","@id":"https:\/\/www.hitbotrobot.com\/es\/product\/z-efg-20f\/#primaryimage","url":"https:\/\/www.hitbotrobot.com\/es\/wp-content\/uploads\/2022\/07\/z-efg-20f-bro-01.jpg","contentUrl":"https:\/\/www.hitbotrobot.com\/es\/wp-content\/uploads\/2022\/07\/z-efg-20f-bro-01.jpg","width":600,"height":400},{"@type":"BreadcrumbList","@id":"https:\/\/www.hitbotrobot.com\/es\/product\/z-efg-20f\/#breadcrumb","itemListElement":[{"@type":"ListItem","position":1,"name":"Shop","item":"https:\/\/www.hitbotrobot.com\/shop\/"},{"@type":"ListItem","position":2,"name":"Pinza mec\u00e1nica HITBOT en rob\u00f3tica | Control de fuerza de alta precisi\u00f3n 0.3N"}]},{"@type":"WebSite","@id":"https:\/\/www.hitbotrobot.com\/es\/#website","url":"https:\/\/www.hitbotrobot.com\/es\/","name":"Huiling Tech","description":"Manufacturer for Robotic Arm","potentialAction":[{"@type":"SearchAction","target":{"@type":"EntryPoint","urlTemplate":"https:\/\/www.hitbotrobot.com\/es\/?s={search_term_string}"},"query-input":"required name=search_term_string"}],"inLanguage":"en-US"}]}},"_links":{"self":[{"href":"https:\/\/www.hitbotrobot.com\/es\/wp-json\/wp\/v2\/product\/16670","targetHints":{"allow":["GET"]}}],"collection":[{"href":"https:\/\/www.hitbotrobot.com\/es\/wp-json\/wp\/v2\/product"}],"about":[{"href":"https:\/\/www.hitbotrobot.com\/es\/wp-json\/wp\/v2\/types\/product"}],"replies":[{"embeddable":true,"href":"https:\/\/www.hitbotrobot.com\/es\/wp-json\/wp\/v2\/comments?post=16670"}],"wp:featuredmedia":[{"embeddable":true,"href":"https:\/\/www.hitbotrobot.com\/es\/wp-json\/wp\/v2\/media\/16704"}],"wp:attachment":[{"href":"https:\/\/www.hitbotrobot.com\/es\/wp-json\/wp\/v2\/media?parent=16670"}],"wp:term":[{"taxonomy":"product_brand","embeddable":true,"href":"https:\/\/www.hitbotrobot.com\/es\/wp-json\/wp\/v2\/product_brand?post=16670"},{"taxonomy":"product_cat","embeddable":true,"href":"https:\/\/www.hitbotrobot.com\/es\/wp-json\/wp\/v2\/product_cat?post=16670"},{"taxonomy":"product_tag","embeddable":true,"href":"https:\/\/www.hitbotrobot.com\/es\/wp-json\/wp\/v2\/product_tag?post=16670"}],"curies":[{"name":"wp","href":"https:\/\/api.w.org\/{rel}","templated":true}]}}