{"id":16603,"date":"2022-07-01T10:11:20","date_gmt":"2022-07-01T10:11:20","guid":{"rendered":"https:\/\/www.hitbotrobot.com\/?post_type=product&#038;p=16603"},"modified":"2022-09-30T01:15:50","modified_gmt":"2022-09-30T01:15:50","slug":"z-erg-20-100s","status":"publish","type":"product","link":"https:\/\/www.hitbotrobot.com\/es\/product\/z-erg-20-100s\/","title":{"rendered":"Pinza el\u00e9ctrica con rotaci\u00f3n Z-ERG-20-100S"},"content":{"rendered":"<p><strong>Introducci\u00f3n del producto:<\/strong><\/p>\n<p>Basado en el art\u00edculo de Z-EFG-20, y de acuerdo con la reacci\u00f3n del mercado, HITBOT dise\u00f1\u00f3 un nuevo art\u00edculo, llamado Z-EFG-20-100, tiene una mayor fuerza de sujeci\u00f3n y se puede usar para m\u00e1s objetos. Como pinza el\u00e9ctrica con funci\u00f3n de rotaci\u00f3n, tiene muchas ventajas:<\/p>\n<ol>\n<li>Admite rotaci\u00f3n infinita y rotaci\u00f3n relativa, sin anillo deslizante y su costo de mantenimiento es bajo.<\/li>\n<li>Su velocidad de rotaci\u00f3n y fuerza de sujeci\u00f3n se pueden controlar con precisi\u00f3n.<\/li>\n<li>Tiene decenas de millones de ciclos, que es una larga vida \u00fatil, m\u00e1s all\u00e1 de la pinza de aire..<\/li>\n<li>Su controlador est\u00e1 incorporado, lo que ocupar\u00eda un peque\u00f1o espacio de trabajo, conveniente para integrar.<\/li>\n<li>Modo de control: Admite l\u00ednea principal Modbus y E\/S para controlar.<\/li>\n<li>Su fuerza de sujeci\u00f3n puede ser de hasta 100 N, el par de rotaci\u00f3n puede ser de hasta 1,5 N.m.<\/li>\n<\/ol>\n<p><strong>Parametros del producto<\/strong>:<\/p>\n<table style=\"border-collapse: collapse;\" border=\"1\" width=\"90%\" cellspacing=\"0\" cellpadding=\"0\">\n<tbody>\n<tr>\n<td colspan=\"2\">\u00a0 nombre del producto:<\/td>\n<td>\u00a0 Pinza el\u00e9ctrica rob\u00f3tica<\/td>\n<\/tr>\n<tr>\n<td colspan=\"2\">\u00a0 Art\u00edculo No.:<\/td>\n<td>\u00a0 Z-ERG-20-100S<\/td>\n<\/tr>\n<tr>\n<td colspan=\"2\">\u00a0 Carrera total<\/td>\n<td>\u00a0 20mm<\/td>\n<\/tr>\n<tr>\n<td colspan=\"2\">\u00a0 Fuerza de sujecion<\/td>\n<td>\u00a0 30-100N \uff08adjustable)<\/td>\n<\/tr>\n<tr>\n<td colspan=\"2\">\u00a0 Repetibilidad<\/td>\n<td>\u00a0 \u00b10.2mm<\/td>\n<\/tr>\n<tr>\n<td colspan=\"2\">\u00a0 Sugerencia Peso de sujeci\u00f3n<\/td>\n<td>\u00a0 \u00a0\u2264 1.0kg<\/td>\n<\/tr>\n<tr>\n<td colspan=\"2\">\u00a0 Tipo de transmisi\u00f3n<\/td>\n<td>\u00a0 \u00a0Cremallera y pi\u00f1\u00f3n + Gu\u00eda lineal<\/td>\n<\/tr>\n<tr>\n<td colspan=\"2\">\u00a0 Suministro de grasa para componentes de movimiento<\/td>\n<td>\u00a0 6 meses o un mill\u00f3n de movimientos por vez<\/td>\n<\/tr>\n<tr>\n<td colspan=\"2\">\u00a0 Tiempo de movimiento de carrera unidireccional<\/td>\n<td>\u00a0 0.3s<\/td>\n<\/tr>\n<tr>\n<td colspan=\"2\">\u00a0 El par de rotaci\u00f3n m\u00e1ximo<\/td>\n<td>\u00a0 1.5NM<\/td>\n<\/tr>\n<tr>\n<td colspan=\"2\">\u00a0 La velocidad m\u00e1xima de rotaci\u00f3n<\/td>\n<td>\u00a0 180RPM<\/td>\n<\/tr>\n<tr>\n<td colspan=\"2\">\u00a0 Rango de rotaci\u00f3n<\/td>\n<td>\u00a0 Rotaci\u00f3n infinita<\/td>\n<\/tr>\n<tr>\n<td colspan=\"2\">\u00a0 Holgura de rotaci\u00f3n<\/td>\n<td>\u00a0 \u00b11\u00b0<\/td>\n<\/tr>\n<tr>\n<td colspan=\"2\">\u00a0 Tipo de motor<\/td>\n<td>\u00a0 Servo Motor<\/td>\n<\/tr>\n<tr>\n<td colspan=\"2\">\u00a0 Peso<\/td>\n<td>\u00a01.2KG<\/td>\n<\/tr>\n<tr>\n<td colspan=\"2\">\u00a0 Tama\u00f1o del producto<\/td>\n<td>\u00a0 54*54*170mm<\/td>\n<\/tr>\n<tr>\n<td colspan=\"2\">\u00a0 Voltaje de trabajo<\/td>\n<td>\u00a0 24V \u00b110%<\/td>\n<\/tr>\n<tr>\n<td colspan=\"2\">\u00a0 Corriente nominal<\/td>\n<td>\u00a0 2.0A<\/td>\n<\/tr>\n<tr>\n<td colspan=\"2\">\u00a0 Corriente maxima<\/td>\n<td>\u00a0 4.0A<\/td>\n<\/tr>\n<tr>\n<td colspan=\"2\">\u00a0 Grado de protecci\u00f3n<\/td>\n<td>\u00a0 IP40<\/td>\n<\/tr>\n<tr>\n<td colspan=\"2\">\u00a0 Temperatura de trabajo<\/td>\n<td>\u00a0 5-55\u2103<\/td>\n<\/tr>\n<tr>\n<td colspan=\"2\">\u00a0 Humedad de trabajo<\/td>\n<td>\u00a0 RH35-80 ( sin escarcha )<\/td>\n<\/tr>\n<\/tbody>\n<\/table>\n","protected":false},"excerpt":{"rendered":"<p>[embed]https:\/\/www.youtube.com\/watch?v=y6ZZNVS&#8211;5Y&#8230;<\/p>\n","protected":false},"featured_media":16604,"comment_status":"open","ping_status":"closed","template":"","meta":[],"product_brand":[],"product_cat":[39],"product_tag":[105],"class_list":{"0":"post-16603","1":"product","2":"type-product","3":"status-publish","4":"has-post-thumbnail","6":"product_cat-robotic-gripper","7":"product_tag-electric-parallel-gripper","9":"first","10":"instock","11":"shipping-taxable","12":"product-type-simple"},"yoast_head":"<!-- This site is optimized with the Yoast SEO plugin v22.7 - https:\/\/yoast.com\/wordpress\/plugins\/seo\/ -->\n<title>Pinza el\u00e9ctrica con rotaci\u00f3n | Fuerza de sujeci\u00f3n 30-100N Ajustable | HITBOT<\/title>\n<meta name=\"description\" content=\"La pinza el\u00e9ctrica HITBOT con rotaci\u00f3n puede sujetar objetos de 1 kg, su fuerza de sujeci\u00f3n es ajustable de 30 a 100 N, la repetibilidad es de \u00b1 0,02 mm, con servomotor y controlador integrados.\" \/>\n<meta name=\"robots\" content=\"index, follow, max-snippet:-1, max-image-preview:large, max-video-preview:-1\" \/>\n<link rel=\"canonical\" href=\"https:\/\/www.hitbotrobot.com\/es\/product\/z-erg-20-100s\/\" \/>\n<meta property=\"og:locale\" content=\"en_US\" \/>\n<meta property=\"og:type\" content=\"article\" \/>\n<meta property=\"og:title\" content=\"Pinza el\u00e9ctrica con rotaci\u00f3n | Fuerza de sujeci\u00f3n 30-100N Ajustable | HITBOT\" \/>\n<meta property=\"og:description\" content=\"La pinza el\u00e9ctrica HITBOT con rotaci\u00f3n puede sujetar objetos de 1 kg, su fuerza de sujeci\u00f3n es ajustable de 30 a 100 N, la repetibilidad es de \u00b1 0,02 mm, con servomotor y controlador integrados.\" \/>\n<meta property=\"og:url\" content=\"https:\/\/www.hitbotrobot.com\/es\/product\/z-erg-20-100s\/\" \/>\n<meta property=\"og:site_name\" content=\"Huiling Tech\" \/>\n<meta property=\"article:modified_time\" content=\"2022-09-30T01:15:50+00:00\" \/>\n<meta property=\"og:image\" content=\"https:\/\/www.hitbotrobot.com\/es\/wp-content\/uploads\/2022\/07\/Z-ERG-20-100S-gripper-01.jpg\" \/>\n\t<meta property=\"og:image:width\" content=\"600\" \/>\n\t<meta property=\"og:image:height\" content=\"400\" \/>\n\t<meta property=\"og:image:type\" content=\"image\/jpeg\" \/>\n<meta name=\"twitter:card\" content=\"summary_large_image\" \/>\n<meta name=\"twitter:label1\" content=\"Est. reading time\" \/>\n\t<meta name=\"twitter:data1\" content=\"2 minutes\" \/>\n<script type=\"application\/ld+json\" class=\"yoast-schema-graph\">{\"@context\":\"https:\/\/schema.org\",\"@graph\":[{\"@type\":\"WebPage\",\"@id\":\"https:\/\/www.hitbotrobot.com\/es\/product\/z-erg-20-100s\/\",\"url\":\"https:\/\/www.hitbotrobot.com\/es\/product\/z-erg-20-100s\/\",\"name\":\"Pinza el\u00e9ctrica con rotaci\u00f3n | Fuerza de sujeci\u00f3n 30-100N Ajustable | HITBOT\",\"isPartOf\":{\"@id\":\"https:\/\/www.hitbotrobot.com\/es\/#website\"},\"primaryImageOfPage\":{\"@id\":\"https:\/\/www.hitbotrobot.com\/es\/product\/z-erg-20-100s\/#primaryimage\"},\"image\":{\"@id\":\"https:\/\/www.hitbotrobot.com\/es\/product\/z-erg-20-100s\/#primaryimage\"},\"thumbnailUrl\":\"https:\/\/www.hitbotrobot.com\/es\/wp-content\/uploads\/2022\/07\/Z-ERG-20-100S-gripper-01.jpg\",\"datePublished\":\"2022-07-01T10:11:20+00:00\",\"dateModified\":\"2022-09-30T01:15:50+00:00\",\"description\":\"La pinza el\u00e9ctrica HITBOT con rotaci\u00f3n puede sujetar objetos de 1 kg, su fuerza de sujeci\u00f3n es ajustable de 30 a 100 N, la repetibilidad es de \u00b1 0,02 mm, con servomotor y controlador integrados.\",\"breadcrumb\":{\"@id\":\"https:\/\/www.hitbotrobot.com\/es\/product\/z-erg-20-100s\/#breadcrumb\"},\"inLanguage\":\"en-US\",\"potentialAction\":[{\"@type\":\"ReadAction\",\"target\":[\"https:\/\/www.hitbotrobot.com\/es\/product\/z-erg-20-100s\/\"]}]},{\"@type\":\"ImageObject\",\"inLanguage\":\"en-US\",\"@id\":\"https:\/\/www.hitbotrobot.com\/es\/product\/z-erg-20-100s\/#primaryimage\",\"url\":\"https:\/\/www.hitbotrobot.com\/es\/wp-content\/uploads\/2022\/07\/Z-ERG-20-100S-gripper-01.jpg\",\"contentUrl\":\"https:\/\/www.hitbotrobot.com\/es\/wp-content\/uploads\/2022\/07\/Z-ERG-20-100S-gripper-01.jpg\",\"width\":600,\"height\":400},{\"@type\":\"BreadcrumbList\",\"@id\":\"https:\/\/www.hitbotrobot.com\/es\/product\/z-erg-20-100s\/#breadcrumb\",\"itemListElement\":[{\"@type\":\"ListItem\",\"position\":1,\"name\":\"Shop\",\"item\":\"https:\/\/www.hitbotrobot.com\/shop\/\"},{\"@type\":\"ListItem\",\"position\":2,\"name\":\"Pinza el\u00e9ctrica con rotaci\u00f3n Z-ERG-20-100S\"}]},{\"@type\":\"WebSite\",\"@id\":\"https:\/\/www.hitbotrobot.com\/es\/#website\",\"url\":\"https:\/\/www.hitbotrobot.com\/es\/\",\"name\":\"Huiling Tech\",\"description\":\"Manufacturer for Robotic Arm\",\"potentialAction\":[{\"@type\":\"SearchAction\",\"target\":{\"@type\":\"EntryPoint\",\"urlTemplate\":\"https:\/\/www.hitbotrobot.com\/es\/?s={search_term_string}\"},\"query-input\":\"required name=search_term_string\"}],\"inLanguage\":\"en-US\"}]}<\/script>\n<!-- \/ Yoast SEO plugin. -->","yoast_head_json":{"title":"Pinza el\u00e9ctrica con rotaci\u00f3n | Fuerza de sujeci\u00f3n 30-100N Ajustable | HITBOT","description":"La pinza el\u00e9ctrica HITBOT con rotaci\u00f3n puede sujetar objetos de 1 kg, su fuerza de sujeci\u00f3n es ajustable de 30 a 100 N, la repetibilidad es de \u00b1 0,02 mm, con servomotor y controlador integrados.","robots":{"index":"index","follow":"follow","max-snippet":"max-snippet:-1","max-image-preview":"max-image-preview:large","max-video-preview":"max-video-preview:-1"},"canonical":"https:\/\/www.hitbotrobot.com\/es\/product\/z-erg-20-100s\/","og_locale":"en_US","og_type":"article","og_title":"Pinza el\u00e9ctrica con rotaci\u00f3n | Fuerza de sujeci\u00f3n 30-100N Ajustable | HITBOT","og_description":"La pinza el\u00e9ctrica HITBOT con rotaci\u00f3n puede sujetar objetos de 1 kg, su fuerza de sujeci\u00f3n es ajustable de 30 a 100 N, la repetibilidad es de \u00b1 0,02 mm, con servomotor y controlador integrados.","og_url":"https:\/\/www.hitbotrobot.com\/es\/product\/z-erg-20-100s\/","og_site_name":"Huiling Tech","article_modified_time":"2022-09-30T01:15:50+00:00","og_image":[{"width":600,"height":400,"url":"https:\/\/www.hitbotrobot.com\/es\/wp-content\/uploads\/2022\/07\/Z-ERG-20-100S-gripper-01.jpg","type":"image\/jpeg"}],"twitter_card":"summary_large_image","twitter_misc":{"Est. reading time":"2 minutes"},"schema":{"@context":"https:\/\/schema.org","@graph":[{"@type":"WebPage","@id":"https:\/\/www.hitbotrobot.com\/es\/product\/z-erg-20-100s\/","url":"https:\/\/www.hitbotrobot.com\/es\/product\/z-erg-20-100s\/","name":"Pinza el\u00e9ctrica con rotaci\u00f3n | Fuerza de sujeci\u00f3n 30-100N Ajustable | HITBOT","isPartOf":{"@id":"https:\/\/www.hitbotrobot.com\/es\/#website"},"primaryImageOfPage":{"@id":"https:\/\/www.hitbotrobot.com\/es\/product\/z-erg-20-100s\/#primaryimage"},"image":{"@id":"https:\/\/www.hitbotrobot.com\/es\/product\/z-erg-20-100s\/#primaryimage"},"thumbnailUrl":"https:\/\/www.hitbotrobot.com\/es\/wp-content\/uploads\/2022\/07\/Z-ERG-20-100S-gripper-01.jpg","datePublished":"2022-07-01T10:11:20+00:00","dateModified":"2022-09-30T01:15:50+00:00","description":"La pinza el\u00e9ctrica HITBOT con rotaci\u00f3n puede sujetar objetos de 1 kg, su fuerza de sujeci\u00f3n es ajustable de 30 a 100 N, la repetibilidad es de \u00b1 0,02 mm, con servomotor y controlador integrados.","breadcrumb":{"@id":"https:\/\/www.hitbotrobot.com\/es\/product\/z-erg-20-100s\/#breadcrumb"},"inLanguage":"en-US","potentialAction":[{"@type":"ReadAction","target":["https:\/\/www.hitbotrobot.com\/es\/product\/z-erg-20-100s\/"]}]},{"@type":"ImageObject","inLanguage":"en-US","@id":"https:\/\/www.hitbotrobot.com\/es\/product\/z-erg-20-100s\/#primaryimage","url":"https:\/\/www.hitbotrobot.com\/es\/wp-content\/uploads\/2022\/07\/Z-ERG-20-100S-gripper-01.jpg","contentUrl":"https:\/\/www.hitbotrobot.com\/es\/wp-content\/uploads\/2022\/07\/Z-ERG-20-100S-gripper-01.jpg","width":600,"height":400},{"@type":"BreadcrumbList","@id":"https:\/\/www.hitbotrobot.com\/es\/product\/z-erg-20-100s\/#breadcrumb","itemListElement":[{"@type":"ListItem","position":1,"name":"Shop","item":"https:\/\/www.hitbotrobot.com\/shop\/"},{"@type":"ListItem","position":2,"name":"Pinza el\u00e9ctrica con rotaci\u00f3n Z-ERG-20-100S"}]},{"@type":"WebSite","@id":"https:\/\/www.hitbotrobot.com\/es\/#website","url":"https:\/\/www.hitbotrobot.com\/es\/","name":"Huiling Tech","description":"Manufacturer for Robotic Arm","potentialAction":[{"@type":"SearchAction","target":{"@type":"EntryPoint","urlTemplate":"https:\/\/www.hitbotrobot.com\/es\/?s={search_term_string}"},"query-input":"required name=search_term_string"}],"inLanguage":"en-US"}]}},"_links":{"self":[{"href":"https:\/\/www.hitbotrobot.com\/es\/wp-json\/wp\/v2\/product\/16603","targetHints":{"allow":["GET"]}}],"collection":[{"href":"https:\/\/www.hitbotrobot.com\/es\/wp-json\/wp\/v2\/product"}],"about":[{"href":"https:\/\/www.hitbotrobot.com\/es\/wp-json\/wp\/v2\/types\/product"}],"replies":[{"embeddable":true,"href":"https:\/\/www.hitbotrobot.com\/es\/wp-json\/wp\/v2\/comments?post=16603"}],"wp:featuredmedia":[{"embeddable":true,"href":"https:\/\/www.hitbotrobot.com\/es\/wp-json\/wp\/v2\/media\/16604"}],"wp:attachment":[{"href":"https:\/\/www.hitbotrobot.com\/es\/wp-json\/wp\/v2\/media?parent=16603"}],"wp:term":[{"taxonomy":"product_brand","embeddable":true,"href":"https:\/\/www.hitbotrobot.com\/es\/wp-json\/wp\/v2\/product_brand?post=16603"},{"taxonomy":"product_cat","embeddable":true,"href":"https:\/\/www.hitbotrobot.com\/es\/wp-json\/wp\/v2\/product_cat?post=16603"},{"taxonomy":"product_tag","embeddable":true,"href":"https:\/\/www.hitbotrobot.com\/es\/wp-json\/wp\/v2\/product_tag?post=16603"}],"curies":[{"name":"wp","href":"https:\/\/api.w.org\/{rel}","templated":true}]}}