{"id":16458,"date":"2022-05-27T05:40:06","date_gmt":"2022-05-27T05:40:06","guid":{"rendered":"https:\/\/www.hitbotrobot.com\/?post_type=product&#038;p=16458"},"modified":"2023-04-14T15:05:15","modified_gmt":"2023-04-14T15:05:15","slug":"4160-robot-arm","status":"publish","type":"product","link":"https:\/\/www.hitbotrobot.com\/es\/product\/4160-robot-arm\/","title":{"rendered":"Brazo rob\u00f3tico industrial peque\u00f1o 4160 con brazo de 410 mm de 1 eje m\u00e1s 2 ejes"},"content":{"rendered":"<p><img fetchpriority=\"high\" decoding=\"async\" class=\"alignnone size-full wp-image-16463 aligncenter\" src=\"https:\/\/www.hitbotrobot.com\/es\/wp-content\/uploads\/2022\/05\/4160-robot-arm_01.jpg\" alt=\"\" width=\"800\" height=\"669\" srcset=\"https:\/\/www.hitbotrobot.com\/es\/wp-content\/uploads\/2022\/05\/4160-robot-arm_01.jpg 800w, https:\/\/www.hitbotrobot.com\/es\/wp-content\/uploads\/2022\/05\/4160-robot-arm_01-768x642.jpg 768w, https:\/\/www.hitbotrobot.com\/es\/wp-content\/uploads\/2022\/05\/4160-robot-arm_01-80x68.jpg 80w, https:\/\/www.hitbotrobot.com\/es\/wp-content\/uploads\/2022\/05\/4160-robot-arm_01-600x502.jpg 600w\" sizes=\"(max-width: 800px) 100vw, 800px\" \/> <img decoding=\"async\" class=\"alignnone size-full wp-image-16464 aligncenter\" src=\"https:\/\/www.hitbotrobot.com\/es\/wp-content\/uploads\/2022\/05\/4160-robot-arm_02.jpg\" alt=\"\" width=\"800\" height=\"669\" srcset=\"https:\/\/www.hitbotrobot.com\/es\/wp-content\/uploads\/2022\/05\/4160-robot-arm_02.jpg 800w, https:\/\/www.hitbotrobot.com\/es\/wp-content\/uploads\/2022\/05\/4160-robot-arm_02-768x642.jpg 768w, https:\/\/www.hitbotrobot.com\/es\/wp-content\/uploads\/2022\/05\/4160-robot-arm_02-80x68.jpg 80w, https:\/\/www.hitbotrobot.com\/es\/wp-content\/uploads\/2022\/05\/4160-robot-arm_02-600x502.jpg 600w\" sizes=\"(max-width: 800px) 100vw, 800px\" \/> <img decoding=\"async\" class=\"alignnone size-full wp-image-16465 aligncenter\" src=\"https:\/\/www.hitbotrobot.com\/es\/wp-content\/uploads\/2022\/05\/4160-robot-arm_03.jpg\" alt=\"\" width=\"800\" height=\"670\" srcset=\"https:\/\/www.hitbotrobot.com\/es\/wp-content\/uploads\/2022\/05\/4160-robot-arm_03.jpg 800w, https:\/\/www.hitbotrobot.com\/es\/wp-content\/uploads\/2022\/05\/4160-robot-arm_03-768x643.jpg 768w, https:\/\/www.hitbotrobot.com\/es\/wp-content\/uploads\/2022\/05\/4160-robot-arm_03-80x68.jpg 80w, https:\/\/www.hitbotrobot.com\/es\/wp-content\/uploads\/2022\/05\/4160-robot-arm_03-600x503.jpg 600w\" sizes=\"(max-width: 800px) 100vw, 800px\" \/> <img loading=\"lazy\" decoding=\"async\" class=\"alignnone size-full wp-image-16466 aligncenter\" src=\"https:\/\/www.hitbotrobot.com\/es\/wp-content\/uploads\/2022\/05\/4160-robot-arm_04.jpg\" alt=\"\" width=\"800\" height=\"669\" srcset=\"https:\/\/www.hitbotrobot.com\/es\/wp-content\/uploads\/2022\/05\/4160-robot-arm_04.jpg 800w, https:\/\/www.hitbotrobot.com\/es\/wp-content\/uploads\/2022\/05\/4160-robot-arm_04-768x642.jpg 768w, https:\/\/www.hitbotrobot.com\/es\/wp-content\/uploads\/2022\/05\/4160-robot-arm_04-80x68.jpg 80w, https:\/\/www.hitbotrobot.com\/es\/wp-content\/uploads\/2022\/05\/4160-robot-arm_04-600x502.jpg 600w\" sizes=\"(max-width: 800px) 100vw, 800px\" \/> <img loading=\"lazy\" decoding=\"async\" class=\"alignnone size-full wp-image-16467 aligncenter\" src=\"https:\/\/www.hitbotrobot.com\/es\/wp-content\/uploads\/2022\/05\/4160-robot-arm_05.jpg\" alt=\"\" width=\"800\" height=\"669\" srcset=\"https:\/\/www.hitbotrobot.com\/es\/wp-content\/uploads\/2022\/05\/4160-robot-arm_05.jpg 800w, https:\/\/www.hitbotrobot.com\/es\/wp-content\/uploads\/2022\/05\/4160-robot-arm_05-768x642.jpg 768w, https:\/\/www.hitbotrobot.com\/es\/wp-content\/uploads\/2022\/05\/4160-robot-arm_05-80x68.jpg 80w, https:\/\/www.hitbotrobot.com\/es\/wp-content\/uploads\/2022\/05\/4160-robot-arm_05-600x502.jpg 600w\" sizes=\"(max-width: 800px) 100vw, 800px\" \/> <img loading=\"lazy\" decoding=\"async\" class=\"alignnone size-full wp-image-16468 aligncenter\" src=\"https:\/\/www.hitbotrobot.com\/es\/wp-content\/uploads\/2022\/05\/4160-robot-arm_06.jpg\" alt=\"\" width=\"800\" height=\"669\" srcset=\"https:\/\/www.hitbotrobot.com\/es\/wp-content\/uploads\/2022\/05\/4160-robot-arm_06.jpg 800w, https:\/\/www.hitbotrobot.com\/es\/wp-content\/uploads\/2022\/05\/4160-robot-arm_06-768x642.jpg 768w, https:\/\/www.hitbotrobot.com\/es\/wp-content\/uploads\/2022\/05\/4160-robot-arm_06-80x68.jpg 80w, https:\/\/www.hitbotrobot.com\/es\/wp-content\/uploads\/2022\/05\/4160-robot-arm_06-600x502.jpg 600w\" sizes=\"(max-width: 800px) 100vw, 800px\" \/> <img loading=\"lazy\" decoding=\"async\" class=\"alignnone size-full wp-image-16469 aligncenter\" src=\"https:\/\/www.hitbotrobot.com\/es\/wp-content\/uploads\/2022\/05\/4160-robot-arm_07.jpg\" alt=\"\" width=\"800\" height=\"669\" srcset=\"https:\/\/www.hitbotrobot.com\/es\/wp-content\/uploads\/2022\/05\/4160-robot-arm_07.jpg 800w, https:\/\/www.hitbotrobot.com\/es\/wp-content\/uploads\/2022\/05\/4160-robot-arm_07-768x642.jpg 768w, https:\/\/www.hitbotrobot.com\/es\/wp-content\/uploads\/2022\/05\/4160-robot-arm_07-80x68.jpg 80w, https:\/\/www.hitbotrobot.com\/es\/wp-content\/uploads\/2022\/05\/4160-robot-arm_07-600x502.jpg 600w\" sizes=\"(max-width: 800px) 100vw, 800px\" \/> <img loading=\"lazy\" decoding=\"async\" class=\"alignnone size-full wp-image-16470 aligncenter\" src=\"https:\/\/www.hitbotrobot.com\/es\/wp-content\/uploads\/2022\/05\/4160-robot-arm_08.jpg\" alt=\"\" width=\"800\" height=\"669\" srcset=\"https:\/\/www.hitbotrobot.com\/es\/wp-content\/uploads\/2022\/05\/4160-robot-arm_08.jpg 800w, https:\/\/www.hitbotrobot.com\/es\/wp-content\/uploads\/2022\/05\/4160-robot-arm_08-768x642.jpg 768w, https:\/\/www.hitbotrobot.com\/es\/wp-content\/uploads\/2022\/05\/4160-robot-arm_08-80x68.jpg 80w, https:\/\/www.hitbotrobot.com\/es\/wp-content\/uploads\/2022\/05\/4160-robot-arm_08-600x502.jpg 600w\" sizes=\"(max-width: 800px) 100vw, 800px\" \/> <img loading=\"lazy\" decoding=\"async\" class=\"alignnone size-full wp-image-16471 aligncenter\" src=\"https:\/\/www.hitbotrobot.com\/es\/wp-content\/uploads\/2022\/05\/4160-robot-arm_09.jpg\" alt=\"\" width=\"800\" height=\"670\" srcset=\"https:\/\/www.hitbotrobot.com\/es\/wp-content\/uploads\/2022\/05\/4160-robot-arm_09.jpg 800w, https:\/\/www.hitbotrobot.com\/es\/wp-content\/uploads\/2022\/05\/4160-robot-arm_09-768x643.jpg 768w, https:\/\/www.hitbotrobot.com\/es\/wp-content\/uploads\/2022\/05\/4160-robot-arm_09-80x68.jpg 80w, https:\/\/www.hitbotrobot.com\/es\/wp-content\/uploads\/2022\/05\/4160-robot-arm_09-600x503.jpg 600w\" sizes=\"(max-width: 800px) 100vw, 800px\" \/> <img loading=\"lazy\" decoding=\"async\" class=\"alignnone size-full wp-image-16472 aligncenter\" src=\"https:\/\/www.hitbotrobot.com\/es\/wp-content\/uploads\/2022\/05\/4160-robot-arm_10.jpg\" alt=\"\" width=\"800\" height=\"669\" srcset=\"https:\/\/www.hitbotrobot.com\/es\/wp-content\/uploads\/2022\/05\/4160-robot-arm_10.jpg 800w, https:\/\/www.hitbotrobot.com\/es\/wp-content\/uploads\/2022\/05\/4160-robot-arm_10-768x642.jpg 768w, https:\/\/www.hitbotrobot.com\/es\/wp-content\/uploads\/2022\/05\/4160-robot-arm_10-80x68.jpg 80w, https:\/\/www.hitbotrobot.com\/es\/wp-content\/uploads\/2022\/05\/4160-robot-arm_10-600x502.jpg 600w\" sizes=\"(max-width: 800px) 100vw, 800px\" \/> <img loading=\"lazy\" decoding=\"async\" class=\"alignnone size-full wp-image-16473 aligncenter\" src=\"https:\/\/www.hitbotrobot.com\/es\/wp-content\/uploads\/2022\/05\/4160-robot-arm_11.jpg\" alt=\"\" width=\"800\" height=\"669\" srcset=\"https:\/\/www.hitbotrobot.com\/es\/wp-content\/uploads\/2022\/05\/4160-robot-arm_11.jpg 800w, https:\/\/www.hitbotrobot.com\/es\/wp-content\/uploads\/2022\/05\/4160-robot-arm_11-768x642.jpg 768w, https:\/\/www.hitbotrobot.com\/es\/wp-content\/uploads\/2022\/05\/4160-robot-arm_11-80x68.jpg 80w, https:\/\/www.hitbotrobot.com\/es\/wp-content\/uploads\/2022\/05\/4160-robot-arm_11-600x502.jpg 600w\" sizes=\"(max-width: 800px) 100vw, 800px\" \/> <img loading=\"lazy\" decoding=\"async\" class=\"alignnone size-full wp-image-16474 aligncenter\" src=\"https:\/\/www.hitbotrobot.com\/es\/wp-content\/uploads\/2022\/05\/4160-robot-arm_12.jpg\" alt=\"\" width=\"800\" height=\"669\" srcset=\"https:\/\/www.hitbotrobot.com\/es\/wp-content\/uploads\/2022\/05\/4160-robot-arm_12.jpg 800w, https:\/\/www.hitbotrobot.com\/es\/wp-content\/uploads\/2022\/05\/4160-robot-arm_12-768x642.jpg 768w, https:\/\/www.hitbotrobot.com\/es\/wp-content\/uploads\/2022\/05\/4160-robot-arm_12-80x68.jpg 80w, https:\/\/www.hitbotrobot.com\/es\/wp-content\/uploads\/2022\/05\/4160-robot-arm_12-600x502.jpg 600w\" sizes=\"(max-width: 800px) 100vw, 800px\" \/> <img loading=\"lazy\" decoding=\"async\" class=\"alignnone size-full wp-image-16475 aligncenter\" src=\"https:\/\/www.hitbotrobot.com\/es\/wp-content\/uploads\/2022\/05\/4160-robot-arm_13.jpg\" alt=\"\" width=\"800\" height=\"669\" srcset=\"https:\/\/www.hitbotrobot.com\/es\/wp-content\/uploads\/2022\/05\/4160-robot-arm_13.jpg 800w, https:\/\/www.hitbotrobot.com\/es\/wp-content\/uploads\/2022\/05\/4160-robot-arm_13-768x642.jpg 768w, https:\/\/www.hitbotrobot.com\/es\/wp-content\/uploads\/2022\/05\/4160-robot-arm_13-80x68.jpg 80w, https:\/\/www.hitbotrobot.com\/es\/wp-content\/uploads\/2022\/05\/4160-robot-arm_13-600x502.jpg 600w\" sizes=\"(max-width: 800px) 100vw, 800px\" \/> <img loading=\"lazy\" decoding=\"async\" class=\"alignnone size-full wp-image-16476 aligncenter\" src=\"https:\/\/www.hitbotrobot.com\/es\/wp-content\/uploads\/2022\/05\/4160-robot-arm_14.jpg\" alt=\"\" width=\"800\" height=\"669\" srcset=\"https:\/\/www.hitbotrobot.com\/es\/wp-content\/uploads\/2022\/05\/4160-robot-arm_14.jpg 800w, https:\/\/www.hitbotrobot.com\/es\/wp-content\/uploads\/2022\/05\/4160-robot-arm_14-768x642.jpg 768w, https:\/\/www.hitbotrobot.com\/es\/wp-content\/uploads\/2022\/05\/4160-robot-arm_14-80x68.jpg 80w, https:\/\/www.hitbotrobot.com\/es\/wp-content\/uploads\/2022\/05\/4160-robot-arm_14-600x502.jpg 600w\" sizes=\"(max-width: 800px) 100vw, 800px\" \/> <img loading=\"lazy\" decoding=\"async\" class=\"alignnone size-full wp-image-16477 aligncenter\" src=\"https:\/\/www.hitbotrobot.com\/es\/wp-content\/uploads\/2022\/05\/4160-robot-arm_15.jpg\" alt=\"\" width=\"800\" height=\"670\" srcset=\"https:\/\/www.hitbotrobot.com\/es\/wp-content\/uploads\/2022\/05\/4160-robot-arm_15.jpg 800w, https:\/\/www.hitbotrobot.com\/es\/wp-content\/uploads\/2022\/05\/4160-robot-arm_15-768x643.jpg 768w, https:\/\/www.hitbotrobot.com\/es\/wp-content\/uploads\/2022\/05\/4160-robot-arm_15-80x68.jpg 80w, https:\/\/www.hitbotrobot.com\/es\/wp-content\/uploads\/2022\/05\/4160-robot-arm_15-600x503.jpg 600w\" sizes=\"(max-width: 800px) 100vw, 800px\" \/> <img loading=\"lazy\" decoding=\"async\" class=\"alignnone size-full wp-image-16478 aligncenter\" src=\"https:\/\/www.hitbotrobot.com\/es\/wp-content\/uploads\/2022\/05\/4160-robot-arm_16.jpg\" alt=\"\" width=\"800\" height=\"669\" srcset=\"https:\/\/www.hitbotrobot.com\/es\/wp-content\/uploads\/2022\/05\/4160-robot-arm_16.jpg 800w, https:\/\/www.hitbotrobot.com\/es\/wp-content\/uploads\/2022\/05\/4160-robot-arm_16-768x642.jpg 768w, https:\/\/www.hitbotrobot.com\/es\/wp-content\/uploads\/2022\/05\/4160-robot-arm_16-80x68.jpg 80w, https:\/\/www.hitbotrobot.com\/es\/wp-content\/uploads\/2022\/05\/4160-robot-arm_16-600x502.jpg 600w\" sizes=\"(max-width: 800px) 100vw, 800px\" \/> <img loading=\"lazy\" decoding=\"async\" class=\"alignnone size-full wp-image-16479 aligncenter\" src=\"https:\/\/www.hitbotrobot.com\/es\/wp-content\/uploads\/2022\/05\/4160-robot-arm_17.jpg\" alt=\"\" width=\"800\" height=\"669\" srcset=\"https:\/\/www.hitbotrobot.com\/es\/wp-content\/uploads\/2022\/05\/4160-robot-arm_17.jpg 800w, https:\/\/www.hitbotrobot.com\/es\/wp-content\/uploads\/2022\/05\/4160-robot-arm_17-768x642.jpg 768w, https:\/\/www.hitbotrobot.com\/es\/wp-content\/uploads\/2022\/05\/4160-robot-arm_17-80x68.jpg 80w, https:\/\/www.hitbotrobot.com\/es\/wp-content\/uploads\/2022\/05\/4160-robot-arm_17-600x502.jpg 600w\" sizes=\"(max-width: 800px) 100vw, 800px\" \/><\/p>\n","protected":false},"excerpt":{"rendered":"<p>[embed]https:\/\/www.youtube.com\/watch?v=0jU5iuGCN0k&#8230;<\/p>\n","protected":false},"featured_media":16696,"comment_status":"open","ping_status":"closed","template":"","meta":[],"product_brand":[],"product_cat":[42],"product_tag":[103],"class_list":{"0":"post-16458","1":"product","2":"type-product","3":"status-publish","4":"has-post-thumbnail","6":"product_cat-robotic-arm","7":"product_tag-4-axis","9":"first","10":"instock","11":"shipping-taxable","12":"product-type-simple"},"yoast_head":"<!-- This site is optimized with the Yoast SEO plugin v22.7 - https:\/\/yoast.com\/wordpress\/plugins\/seo\/ -->\n<title>Brazo rob\u00f3tico industrial peque\u00f1o con brazo de 410 mm de 1 eje m\u00e1s 2 ejes | HITBOT Brazo Z 4160<\/title>\n<meta name=\"description\" content=\"Z-Arm 4160 es un peque\u00f1o brazo rob\u00f3tico industrial, la extensi\u00f3n del brazo de 1 eje es de 325 mm, 2 ejes es de 275 mm, la carga m\u00e1xima puede ser de hasta 3,5 kg, la velocidad lineal es de 1500 mm\/s con una carga de 3 kg.\" \/>\n<meta name=\"robots\" content=\"index, follow, max-snippet:-1, max-image-preview:large, max-video-preview:-1\" \/>\n<link rel=\"canonical\" href=\"https:\/\/www.hitbotrobot.com\/es\/product\/4160-robot-arm\/\" \/>\n<meta property=\"og:locale\" content=\"en_US\" \/>\n<meta property=\"og:type\" content=\"article\" \/>\n<meta property=\"og:title\" content=\"Brazo rob\u00f3tico industrial peque\u00f1o con brazo de 410 mm de 1 eje m\u00e1s 2 ejes | HITBOT Brazo Z 4160\" \/>\n<meta property=\"og:description\" content=\"Z-Arm 4160 es un peque\u00f1o brazo rob\u00f3tico industrial, la extensi\u00f3n del brazo de 1 eje es de 325 mm, 2 ejes es de 275 mm, la carga m\u00e1xima puede ser de hasta 3,5 kg, la velocidad lineal es de 1500 mm\/s con una carga de 3 kg.\" \/>\n<meta property=\"og:url\" content=\"https:\/\/www.hitbotrobot.com\/es\/product\/4160-robot-arm\/\" \/>\n<meta property=\"og:site_name\" content=\"Huiling Tech\" \/>\n<meta property=\"article:modified_time\" content=\"2023-04-14T15:05:15+00:00\" \/>\n<meta property=\"og:image\" content=\"https:\/\/www.hitbotrobot.com\/es\/wp-content\/uploads\/2022\/05\/4160-robot-arm-01.jpg\" \/>\n\t<meta property=\"og:image:width\" content=\"600\" \/>\n\t<meta property=\"og:image:height\" content=\"400\" \/>\n\t<meta property=\"og:image:type\" content=\"image\/jpeg\" \/>\n<meta name=\"twitter:card\" content=\"summary_large_image\" \/>\n<meta name=\"twitter:label1\" content=\"Est. reading time\" \/>\n\t<meta name=\"twitter:data1\" content=\"4 minutes\" \/>\n<script type=\"application\/ld+json\" class=\"yoast-schema-graph\">{\"@context\":\"https:\/\/schema.org\",\"@graph\":[{\"@type\":\"WebPage\",\"@id\":\"https:\/\/www.hitbotrobot.com\/es\/product\/4160-robot-arm\/\",\"url\":\"https:\/\/www.hitbotrobot.com\/es\/product\/4160-robot-arm\/\",\"name\":\"Brazo rob\u00f3tico industrial peque\u00f1o con brazo de 410 mm de 1 eje m\u00e1s 2 ejes | HITBOT Brazo Z 4160\",\"isPartOf\":{\"@id\":\"https:\/\/www.hitbotrobot.com\/es\/#website\"},\"primaryImageOfPage\":{\"@id\":\"https:\/\/www.hitbotrobot.com\/es\/product\/4160-robot-arm\/#primaryimage\"},\"image\":{\"@id\":\"https:\/\/www.hitbotrobot.com\/es\/product\/4160-robot-arm\/#primaryimage\"},\"thumbnailUrl\":\"https:\/\/www.hitbotrobot.com\/es\/wp-content\/uploads\/2022\/05\/4160-robot-arm-01.jpg\",\"datePublished\":\"2022-05-27T05:40:06+00:00\",\"dateModified\":\"2023-04-14T15:05:15+00:00\",\"description\":\"Z-Arm 4160 es un peque\u00f1o brazo rob\u00f3tico industrial, la extensi\u00f3n del brazo de 1 eje es de 325 mm, 2 ejes es de 275 mm, la carga m\u00e1xima puede ser de hasta 3,5 kg, la velocidad lineal es de 1500 mm\/s con una carga de 3 kg.\",\"breadcrumb\":{\"@id\":\"https:\/\/www.hitbotrobot.com\/es\/product\/4160-robot-arm\/#breadcrumb\"},\"inLanguage\":\"en-US\",\"potentialAction\":[{\"@type\":\"ReadAction\",\"target\":[\"https:\/\/www.hitbotrobot.com\/es\/product\/4160-robot-arm\/\"]}]},{\"@type\":\"ImageObject\",\"inLanguage\":\"en-US\",\"@id\":\"https:\/\/www.hitbotrobot.com\/es\/product\/4160-robot-arm\/#primaryimage\",\"url\":\"https:\/\/www.hitbotrobot.com\/es\/wp-content\/uploads\/2022\/05\/4160-robot-arm-01.jpg\",\"contentUrl\":\"https:\/\/www.hitbotrobot.com\/es\/wp-content\/uploads\/2022\/05\/4160-robot-arm-01.jpg\",\"width\":600,\"height\":400},{\"@type\":\"BreadcrumbList\",\"@id\":\"https:\/\/www.hitbotrobot.com\/es\/product\/4160-robot-arm\/#breadcrumb\",\"itemListElement\":[{\"@type\":\"ListItem\",\"position\":1,\"name\":\"Shop\",\"item\":\"https:\/\/www.hitbotrobot.com\/shop\/\"},{\"@type\":\"ListItem\",\"position\":2,\"name\":\"Brazo rob\u00f3tico industrial peque\u00f1o 4160 con brazo de 410 mm de 1 eje m\u00e1s 2 ejes\"}]},{\"@type\":\"WebSite\",\"@id\":\"https:\/\/www.hitbotrobot.com\/es\/#website\",\"url\":\"https:\/\/www.hitbotrobot.com\/es\/\",\"name\":\"Huiling Tech\",\"description\":\"Manufacturer for Robotic Arm\",\"potentialAction\":[{\"@type\":\"SearchAction\",\"target\":{\"@type\":\"EntryPoint\",\"urlTemplate\":\"https:\/\/www.hitbotrobot.com\/es\/?s={search_term_string}\"},\"query-input\":\"required name=search_term_string\"}],\"inLanguage\":\"en-US\"}]}<\/script>\n<!-- \/ Yoast SEO plugin. -->","yoast_head_json":{"title":"Brazo rob\u00f3tico industrial peque\u00f1o con brazo de 410 mm de 1 eje m\u00e1s 2 ejes | HITBOT Brazo Z 4160","description":"Z-Arm 4160 es un peque\u00f1o brazo rob\u00f3tico industrial, la extensi\u00f3n del brazo de 1 eje es de 325 mm, 2 ejes es de 275 mm, la carga m\u00e1xima puede ser de hasta 3,5 kg, la velocidad lineal es de 1500 mm\/s con una carga de 3 kg.","robots":{"index":"index","follow":"follow","max-snippet":"max-snippet:-1","max-image-preview":"max-image-preview:large","max-video-preview":"max-video-preview:-1"},"canonical":"https:\/\/www.hitbotrobot.com\/es\/product\/4160-robot-arm\/","og_locale":"en_US","og_type":"article","og_title":"Brazo rob\u00f3tico industrial peque\u00f1o con brazo de 410 mm de 1 eje m\u00e1s 2 ejes | HITBOT Brazo Z 4160","og_description":"Z-Arm 4160 es un peque\u00f1o brazo rob\u00f3tico industrial, la extensi\u00f3n del brazo de 1 eje es de 325 mm, 2 ejes es de 275 mm, la carga m\u00e1xima puede ser de hasta 3,5 kg, la velocidad lineal es de 1500 mm\/s con una carga de 3 kg.","og_url":"https:\/\/www.hitbotrobot.com\/es\/product\/4160-robot-arm\/","og_site_name":"Huiling Tech","article_modified_time":"2023-04-14T15:05:15+00:00","og_image":[{"width":600,"height":400,"url":"https:\/\/www.hitbotrobot.com\/es\/wp-content\/uploads\/2022\/05\/4160-robot-arm-01.jpg","type":"image\/jpeg"}],"twitter_card":"summary_large_image","twitter_misc":{"Est. reading time":"4 minutes"},"schema":{"@context":"https:\/\/schema.org","@graph":[{"@type":"WebPage","@id":"https:\/\/www.hitbotrobot.com\/es\/product\/4160-robot-arm\/","url":"https:\/\/www.hitbotrobot.com\/es\/product\/4160-robot-arm\/","name":"Brazo rob\u00f3tico industrial peque\u00f1o con brazo de 410 mm de 1 eje m\u00e1s 2 ejes | HITBOT Brazo Z 4160","isPartOf":{"@id":"https:\/\/www.hitbotrobot.com\/es\/#website"},"primaryImageOfPage":{"@id":"https:\/\/www.hitbotrobot.com\/es\/product\/4160-robot-arm\/#primaryimage"},"image":{"@id":"https:\/\/www.hitbotrobot.com\/es\/product\/4160-robot-arm\/#primaryimage"},"thumbnailUrl":"https:\/\/www.hitbotrobot.com\/es\/wp-content\/uploads\/2022\/05\/4160-robot-arm-01.jpg","datePublished":"2022-05-27T05:40:06+00:00","dateModified":"2023-04-14T15:05:15+00:00","description":"Z-Arm 4160 es un peque\u00f1o brazo rob\u00f3tico industrial, la extensi\u00f3n del brazo de 1 eje es de 325 mm, 2 ejes es de 275 mm, la carga m\u00e1xima puede ser de hasta 3,5 kg, la velocidad lineal es de 1500 mm\/s con una carga de 3 kg.","breadcrumb":{"@id":"https:\/\/www.hitbotrobot.com\/es\/product\/4160-robot-arm\/#breadcrumb"},"inLanguage":"en-US","potentialAction":[{"@type":"ReadAction","target":["https:\/\/www.hitbotrobot.com\/es\/product\/4160-robot-arm\/"]}]},{"@type":"ImageObject","inLanguage":"en-US","@id":"https:\/\/www.hitbotrobot.com\/es\/product\/4160-robot-arm\/#primaryimage","url":"https:\/\/www.hitbotrobot.com\/es\/wp-content\/uploads\/2022\/05\/4160-robot-arm-01.jpg","contentUrl":"https:\/\/www.hitbotrobot.com\/es\/wp-content\/uploads\/2022\/05\/4160-robot-arm-01.jpg","width":600,"height":400},{"@type":"BreadcrumbList","@id":"https:\/\/www.hitbotrobot.com\/es\/product\/4160-robot-arm\/#breadcrumb","itemListElement":[{"@type":"ListItem","position":1,"name":"Shop","item":"https:\/\/www.hitbotrobot.com\/shop\/"},{"@type":"ListItem","position":2,"name":"Brazo rob\u00f3tico industrial peque\u00f1o 4160 con brazo de 410 mm de 1 eje m\u00e1s 2 ejes"}]},{"@type":"WebSite","@id":"https:\/\/www.hitbotrobot.com\/es\/#website","url":"https:\/\/www.hitbotrobot.com\/es\/","name":"Huiling Tech","description":"Manufacturer for Robotic Arm","potentialAction":[{"@type":"SearchAction","target":{"@type":"EntryPoint","urlTemplate":"https:\/\/www.hitbotrobot.com\/es\/?s={search_term_string}"},"query-input":"required name=search_term_string"}],"inLanguage":"en-US"}]}},"_links":{"self":[{"href":"https:\/\/www.hitbotrobot.com\/es\/wp-json\/wp\/v2\/product\/16458","targetHints":{"allow":["GET"]}}],"collection":[{"href":"https:\/\/www.hitbotrobot.com\/es\/wp-json\/wp\/v2\/product"}],"about":[{"href":"https:\/\/www.hitbotrobot.com\/es\/wp-json\/wp\/v2\/types\/product"}],"replies":[{"embeddable":true,"href":"https:\/\/www.hitbotrobot.com\/es\/wp-json\/wp\/v2\/comments?post=16458"}],"wp:featuredmedia":[{"embeddable":true,"href":"https:\/\/www.hitbotrobot.com\/es\/wp-json\/wp\/v2\/media\/16696"}],"wp:attachment":[{"href":"https:\/\/www.hitbotrobot.com\/es\/wp-json\/wp\/v2\/media?parent=16458"}],"wp:term":[{"taxonomy":"product_brand","embeddable":true,"href":"https:\/\/www.hitbotrobot.com\/es\/wp-json\/wp\/v2\/product_brand?post=16458"},{"taxonomy":"product_cat","embeddable":true,"href":"https:\/\/www.hitbotrobot.com\/es\/wp-json\/wp\/v2\/product_cat?post=16458"},{"taxonomy":"product_tag","embeddable":true,"href":"https:\/\/www.hitbotrobot.com\/es\/wp-json\/wp\/v2\/product_tag?post=16458"}],"curies":[{"name":"wp","href":"https:\/\/api.w.org\/{rel}","templated":true}]}}