{"id":16365,"date":"2022-05-12T08:59:02","date_gmt":"2022-05-12T08:59:02","guid":{"rendered":"https:\/\/www.hitbotrobot.com\/?post_type=product&#038;p=16365"},"modified":"2022-09-29T08:23:55","modified_gmt":"2022-09-29T08:23:55","slug":"6142-robot-arm","status":"publish","type":"product","link":"https:\/\/www.hitbotrobot.com\/es\/product\/6142-robot-arm\/","title":{"rendered":"6142 Brazo rob\u00f3tico peque\u00f1o con 4 grados de libertad"},"content":{"rendered":"<p><strong>Introducci\u00f3n del producto<\/strong>:<br \/>\nZ-Arm 6142 es un brazo rob\u00f3tico liviano, su extensi\u00f3n de brazo es de 420 mm (1 eje + segundo eje), la repetibilidad es de \u00b1 0,03 mm, puede ser seguro trabajar con humanos y tiene un controlador de conducci\u00f3n integrado. Algunas ventajas se muestran a continuaci\u00f3n.:<\/p>\n<ul>\n<li>Compacto y de precisi\u00f3n.<br \/>\nFlexible para implementar en varios escenarios de aplicaci\u00f3n.<\/li>\n<li>Simple pero vers\u00e1til.<br \/>\nF\u00e1cil de programar y usar, aprendizaje de arrastre manual, compatible con SDK.<\/li>\n<li>Colaborativo y seguro.<br \/>\nCompatible con detecci\u00f3n de colisiones, colaboraci\u00f3n inteligente entre humanos y m\u00e1quinas.<\/li>\n<\/ul>\n<p><strong>Descripci\u00f3n del producto<\/strong>:<br \/>\n<img fetchpriority=\"high\" decoding=\"async\" class=\"alignnone size-full wp-image-16370 aligncenter\" src=\"https:\/\/www.hitbotrobot.com\/es\/wp-content\/uploads\/2022\/05\/6142-robot-arm-detail.jpg\" alt=\"\" width=\"800\" height=\"892\" srcset=\"https:\/\/www.hitbotrobot.com\/es\/wp-content\/uploads\/2022\/05\/6142-robot-arm-detail.jpg 800w, https:\/\/www.hitbotrobot.com\/es\/wp-content\/uploads\/2022\/05\/6142-robot-arm-detail-768x856.jpg 768w, https:\/\/www.hitbotrobot.com\/es\/wp-content\/uploads\/2022\/05\/6142-robot-arm-detail-600x669.jpg 600w\" sizes=\"(max-width: 800px) 100vw, 800px\" \/><br \/>\n<img decoding=\"async\" class=\"alignnone size-full wp-image-16371 aligncenter\" src=\"https:\/\/www.hitbotrobot.com\/es\/wp-content\/uploads\/2022\/05\/6142-robot-arm-detail-02.jpg\" alt=\"\" width=\"800\" height=\"454\" srcset=\"https:\/\/www.hitbotrobot.com\/es\/wp-content\/uploads\/2022\/05\/6142-robot-arm-detail-02.jpg 800w, https:\/\/www.hitbotrobot.com\/es\/wp-content\/uploads\/2022\/05\/6142-robot-arm-detail-02-768x436.jpg 768w, https:\/\/www.hitbotrobot.com\/es\/wp-content\/uploads\/2022\/05\/6142-robot-arm-detail-02-600x341.jpg 600w\" sizes=\"(max-width: 800px) 100vw, 800px\" \/> <img decoding=\"async\" class=\"alignnone size-full wp-image-16372 aligncenter\" src=\"https:\/\/www.hitbotrobot.com\/es\/wp-content\/uploads\/2022\/05\/6142-robot-arm-detail-03.jpg\" alt=\"\" width=\"800\" height=\"556\" srcset=\"https:\/\/www.hitbotrobot.com\/es\/wp-content\/uploads\/2022\/05\/6142-robot-arm-detail-03.jpg 800w, https:\/\/www.hitbotrobot.com\/es\/wp-content\/uploads\/2022\/05\/6142-robot-arm-detail-03-768x534.jpg 768w, https:\/\/www.hitbotrobot.com\/es\/wp-content\/uploads\/2022\/05\/6142-robot-arm-detail-03-600x417.jpg 600w\" sizes=\"(max-width: 800px) 100vw, 800px\" \/> <img loading=\"lazy\" decoding=\"async\" class=\"alignnone size-full wp-image-16373 aligncenter\" src=\"https:\/\/www.hitbotrobot.com\/es\/wp-content\/uploads\/2022\/05\/6142-robot-arm-detail-04_01.jpg\" alt=\"\" width=\"800\" height=\"506\" srcset=\"https:\/\/www.hitbotrobot.com\/es\/wp-content\/uploads\/2022\/05\/6142-robot-arm-detail-04_01.jpg 800w, https:\/\/www.hitbotrobot.com\/es\/wp-content\/uploads\/2022\/05\/6142-robot-arm-detail-04_01-768x486.jpg 768w, https:\/\/www.hitbotrobot.com\/es\/wp-content\/uploads\/2022\/05\/6142-robot-arm-detail-04_01-600x380.jpg 600w\" sizes=\"(max-width: 800px) 100vw, 800px\" \/> <img loading=\"lazy\" decoding=\"async\" class=\"alignnone size-full wp-image-16374 aligncenter\" src=\"https:\/\/www.hitbotrobot.com\/es\/wp-content\/uploads\/2022\/05\/6142-robot-arm-detail-04_02.jpg\" alt=\"\" width=\"800\" height=\"505\" srcset=\"https:\/\/www.hitbotrobot.com\/es\/wp-content\/uploads\/2022\/05\/6142-robot-arm-detail-04_02.jpg 800w, https:\/\/www.hitbotrobot.com\/es\/wp-content\/uploads\/2022\/05\/6142-robot-arm-detail-04_02-768x485.jpg 768w, https:\/\/www.hitbotrobot.com\/es\/wp-content\/uploads\/2022\/05\/6142-robot-arm-detail-04_02-600x379.jpg 600w\" sizes=\"(max-width: 800px) 100vw, 800px\" \/><\/p>\n","protected":false},"excerpt":{"rendered":"<p>[embed]https:\/\/www.youtube.com\/watch?v=0jU5iuGCN0k&#8230;<\/p>\n","protected":false},"featured_media":16366,"comment_status":"open","ping_status":"closed","template":"","meta":[],"product_brand":[],"product_cat":[42],"product_tag":[103],"class_list":{"0":"post-16365","1":"product","2":"type-product","3":"status-publish","4":"has-post-thumbnail","6":"product_cat-robotic-arm","7":"product_tag-4-axis","9":"first","10":"instock","11":"shipping-taxable","12":"product-type-simple"},"yoast_head":"<!-- This site is optimized with the Yoast SEO plugin v22.7 - https:\/\/yoast.com\/wordpress\/plugins\/seo\/ -->\n<title>Peque\u00f1o brazo rob\u00f3tico con 4 grados de libertad | Brazo mec\u00e1nico HITBOT<\/title>\n<meta name=\"description\" content=\"HITBOT Z-Arm 6142 es un brazo rob\u00f3tico de cuatro grados de libertad, es liviano y colaborativo, con conducci\u00f3n y controlador integrados, f\u00e1cil de operar.\" \/>\n<meta name=\"robots\" content=\"index, follow, max-snippet:-1, max-image-preview:large, max-video-preview:-1\" \/>\n<link rel=\"canonical\" href=\"https:\/\/www.hitbotrobot.com\/es\/product\/6142-robot-arm\/\" \/>\n<meta property=\"og:locale\" content=\"en_US\" \/>\n<meta property=\"og:type\" content=\"article\" \/>\n<meta property=\"og:title\" content=\"Peque\u00f1o brazo rob\u00f3tico con 4 grados de libertad | Brazo mec\u00e1nico HITBOT\" \/>\n<meta property=\"og:description\" content=\"HITBOT Z-Arm 6142 es un brazo rob\u00f3tico de cuatro grados de libertad, es liviano y colaborativo, con conducci\u00f3n y controlador integrados, f\u00e1cil de operar.\" \/>\n<meta property=\"og:url\" content=\"https:\/\/www.hitbotrobot.com\/es\/product\/6142-robot-arm\/\" \/>\n<meta property=\"og:site_name\" content=\"Huiling Tech\" \/>\n<meta property=\"article:modified_time\" content=\"2022-09-29T08:23:55+00:00\" \/>\n<meta property=\"og:image\" content=\"https:\/\/www.hitbotrobot.com\/es\/wp-content\/uploads\/2022\/05\/6142-robot-arm-bro-01.jpg\" \/>\n\t<meta property=\"og:image:width\" content=\"600\" \/>\n\t<meta property=\"og:image:height\" content=\"400\" \/>\n\t<meta property=\"og:image:type\" content=\"image\/jpeg\" \/>\n<meta name=\"twitter:card\" content=\"summary_large_image\" \/>\n<meta name=\"twitter:label1\" content=\"Est. reading time\" \/>\n\t<meta name=\"twitter:data1\" content=\"2 minutes\" \/>\n<script type=\"application\/ld+json\" class=\"yoast-schema-graph\">{\"@context\":\"https:\/\/schema.org\",\"@graph\":[{\"@type\":\"WebPage\",\"@id\":\"https:\/\/www.hitbotrobot.com\/es\/product\/6142-robot-arm\/\",\"url\":\"https:\/\/www.hitbotrobot.com\/es\/product\/6142-robot-arm\/\",\"name\":\"Peque\u00f1o brazo rob\u00f3tico con 4 grados de libertad | Brazo mec\u00e1nico HITBOT\",\"isPartOf\":{\"@id\":\"https:\/\/www.hitbotrobot.com\/es\/#website\"},\"primaryImageOfPage\":{\"@id\":\"https:\/\/www.hitbotrobot.com\/es\/product\/6142-robot-arm\/#primaryimage\"},\"image\":{\"@id\":\"https:\/\/www.hitbotrobot.com\/es\/product\/6142-robot-arm\/#primaryimage\"},\"thumbnailUrl\":\"https:\/\/www.hitbotrobot.com\/es\/wp-content\/uploads\/2022\/05\/6142-robot-arm-bro-01.jpg\",\"datePublished\":\"2022-05-12T08:59:02+00:00\",\"dateModified\":\"2022-09-29T08:23:55+00:00\",\"description\":\"HITBOT Z-Arm 6142 es un brazo rob\u00f3tico de cuatro grados de libertad, es liviano y colaborativo, con conducci\u00f3n y controlador integrados, f\u00e1cil de operar.\",\"breadcrumb\":{\"@id\":\"https:\/\/www.hitbotrobot.com\/es\/product\/6142-robot-arm\/#breadcrumb\"},\"inLanguage\":\"en-US\",\"potentialAction\":[{\"@type\":\"ReadAction\",\"target\":[\"https:\/\/www.hitbotrobot.com\/es\/product\/6142-robot-arm\/\"]}]},{\"@type\":\"ImageObject\",\"inLanguage\":\"en-US\",\"@id\":\"https:\/\/www.hitbotrobot.com\/es\/product\/6142-robot-arm\/#primaryimage\",\"url\":\"https:\/\/www.hitbotrobot.com\/es\/wp-content\/uploads\/2022\/05\/6142-robot-arm-bro-01.jpg\",\"contentUrl\":\"https:\/\/www.hitbotrobot.com\/es\/wp-content\/uploads\/2022\/05\/6142-robot-arm-bro-01.jpg\",\"width\":600,\"height\":400},{\"@type\":\"BreadcrumbList\",\"@id\":\"https:\/\/www.hitbotrobot.com\/es\/product\/6142-robot-arm\/#breadcrumb\",\"itemListElement\":[{\"@type\":\"ListItem\",\"position\":1,\"name\":\"Shop\",\"item\":\"https:\/\/www.hitbotrobot.com\/shop\/\"},{\"@type\":\"ListItem\",\"position\":2,\"name\":\"6142 Brazo rob\u00f3tico peque\u00f1o con 4 grados de libertad\"}]},{\"@type\":\"WebSite\",\"@id\":\"https:\/\/www.hitbotrobot.com\/es\/#website\",\"url\":\"https:\/\/www.hitbotrobot.com\/es\/\",\"name\":\"Huiling Tech\",\"description\":\"Manufacturer for Robotic Arm\",\"potentialAction\":[{\"@type\":\"SearchAction\",\"target\":{\"@type\":\"EntryPoint\",\"urlTemplate\":\"https:\/\/www.hitbotrobot.com\/es\/?s={search_term_string}\"},\"query-input\":\"required name=search_term_string\"}],\"inLanguage\":\"en-US\"}]}<\/script>\n<!-- \/ Yoast SEO plugin. -->","yoast_head_json":{"title":"Peque\u00f1o brazo rob\u00f3tico con 4 grados de libertad | Brazo mec\u00e1nico HITBOT","description":"HITBOT Z-Arm 6142 es un brazo rob\u00f3tico de cuatro grados de libertad, es liviano y colaborativo, con conducci\u00f3n y controlador integrados, f\u00e1cil de operar.","robots":{"index":"index","follow":"follow","max-snippet":"max-snippet:-1","max-image-preview":"max-image-preview:large","max-video-preview":"max-video-preview:-1"},"canonical":"https:\/\/www.hitbotrobot.com\/es\/product\/6142-robot-arm\/","og_locale":"en_US","og_type":"article","og_title":"Peque\u00f1o brazo rob\u00f3tico con 4 grados de libertad | Brazo mec\u00e1nico HITBOT","og_description":"HITBOT Z-Arm 6142 es un brazo rob\u00f3tico de cuatro grados de libertad, es liviano y colaborativo, con conducci\u00f3n y controlador integrados, f\u00e1cil de operar.","og_url":"https:\/\/www.hitbotrobot.com\/es\/product\/6142-robot-arm\/","og_site_name":"Huiling Tech","article_modified_time":"2022-09-29T08:23:55+00:00","og_image":[{"width":600,"height":400,"url":"https:\/\/www.hitbotrobot.com\/es\/wp-content\/uploads\/2022\/05\/6142-robot-arm-bro-01.jpg","type":"image\/jpeg"}],"twitter_card":"summary_large_image","twitter_misc":{"Est. reading time":"2 minutes"},"schema":{"@context":"https:\/\/schema.org","@graph":[{"@type":"WebPage","@id":"https:\/\/www.hitbotrobot.com\/es\/product\/6142-robot-arm\/","url":"https:\/\/www.hitbotrobot.com\/es\/product\/6142-robot-arm\/","name":"Peque\u00f1o brazo rob\u00f3tico con 4 grados de libertad | Brazo mec\u00e1nico HITBOT","isPartOf":{"@id":"https:\/\/www.hitbotrobot.com\/es\/#website"},"primaryImageOfPage":{"@id":"https:\/\/www.hitbotrobot.com\/es\/product\/6142-robot-arm\/#primaryimage"},"image":{"@id":"https:\/\/www.hitbotrobot.com\/es\/product\/6142-robot-arm\/#primaryimage"},"thumbnailUrl":"https:\/\/www.hitbotrobot.com\/es\/wp-content\/uploads\/2022\/05\/6142-robot-arm-bro-01.jpg","datePublished":"2022-05-12T08:59:02+00:00","dateModified":"2022-09-29T08:23:55+00:00","description":"HITBOT Z-Arm 6142 es un brazo rob\u00f3tico de cuatro grados de libertad, es liviano y colaborativo, con conducci\u00f3n y controlador integrados, f\u00e1cil de operar.","breadcrumb":{"@id":"https:\/\/www.hitbotrobot.com\/es\/product\/6142-robot-arm\/#breadcrumb"},"inLanguage":"en-US","potentialAction":[{"@type":"ReadAction","target":["https:\/\/www.hitbotrobot.com\/es\/product\/6142-robot-arm\/"]}]},{"@type":"ImageObject","inLanguage":"en-US","@id":"https:\/\/www.hitbotrobot.com\/es\/product\/6142-robot-arm\/#primaryimage","url":"https:\/\/www.hitbotrobot.com\/es\/wp-content\/uploads\/2022\/05\/6142-robot-arm-bro-01.jpg","contentUrl":"https:\/\/www.hitbotrobot.com\/es\/wp-content\/uploads\/2022\/05\/6142-robot-arm-bro-01.jpg","width":600,"height":400},{"@type":"BreadcrumbList","@id":"https:\/\/www.hitbotrobot.com\/es\/product\/6142-robot-arm\/#breadcrumb","itemListElement":[{"@type":"ListItem","position":1,"name":"Shop","item":"https:\/\/www.hitbotrobot.com\/shop\/"},{"@type":"ListItem","position":2,"name":"6142 Brazo rob\u00f3tico peque\u00f1o con 4 grados de libertad"}]},{"@type":"WebSite","@id":"https:\/\/www.hitbotrobot.com\/es\/#website","url":"https:\/\/www.hitbotrobot.com\/es\/","name":"Huiling Tech","description":"Manufacturer for Robotic Arm","potentialAction":[{"@type":"SearchAction","target":{"@type":"EntryPoint","urlTemplate":"https:\/\/www.hitbotrobot.com\/es\/?s={search_term_string}"},"query-input":"required name=search_term_string"}],"inLanguage":"en-US"}]}},"_links":{"self":[{"href":"https:\/\/www.hitbotrobot.com\/es\/wp-json\/wp\/v2\/product\/16365","targetHints":{"allow":["GET"]}}],"collection":[{"href":"https:\/\/www.hitbotrobot.com\/es\/wp-json\/wp\/v2\/product"}],"about":[{"href":"https:\/\/www.hitbotrobot.com\/es\/wp-json\/wp\/v2\/types\/product"}],"replies":[{"embeddable":true,"href":"https:\/\/www.hitbotrobot.com\/es\/wp-json\/wp\/v2\/comments?post=16365"}],"wp:featuredmedia":[{"embeddable":true,"href":"https:\/\/www.hitbotrobot.com\/es\/wp-json\/wp\/v2\/media\/16366"}],"wp:attachment":[{"href":"https:\/\/www.hitbotrobot.com\/es\/wp-json\/wp\/v2\/media?parent=16365"}],"wp:term":[{"taxonomy":"product_brand","embeddable":true,"href":"https:\/\/www.hitbotrobot.com\/es\/wp-json\/wp\/v2\/product_brand?post=16365"},{"taxonomy":"product_cat","embeddable":true,"href":"https:\/\/www.hitbotrobot.com\/es\/wp-json\/wp\/v2\/product_cat?post=16365"},{"taxonomy":"product_tag","embeddable":true,"href":"https:\/\/www.hitbotrobot.com\/es\/wp-json\/wp\/v2\/product_tag?post=16365"}],"curies":[{"name":"wp","href":"https:\/\/api.w.org\/{rel}","templated":true}]}}