{"id":16237,"date":"2022-04-24T07:43:23","date_gmt":"2022-04-24T07:43:23","guid":{"rendered":"https:\/\/www.hitbotrobot.com\/?post_type=product&#038;p=16237"},"modified":"2022-09-29T09:14:18","modified_gmt":"2022-09-29T09:14:18","slug":"z-efg-26-electric-gripper","status":"publish","type":"product","link":"https:\/\/www.hitbotrobot.com\/es\/product\/z-efg-26-electric-gripper\/","title":{"rendered":"Pinza el\u00e9ctrica Z-EFG-26 con controlado por 485 (Modbus)"},"content":{"rendered":"<p><img fetchpriority=\"high\" decoding=\"async\" class=\"alignnone size-full wp-image-16243 aligncenter\" src=\"https:\/\/www.hitbotrobot.com\/es\/wp-content\/uploads\/2022\/04\/Z-EFG-26-Gripper_01.jpg\" alt=\"\" width=\"800\" height=\"633\" srcset=\"https:\/\/www.hitbotrobot.com\/es\/wp-content\/uploads\/2022\/04\/Z-EFG-26-Gripper_01.jpg 800w, https:\/\/www.hitbotrobot.com\/es\/wp-content\/uploads\/2022\/04\/Z-EFG-26-Gripper_01-768x608.jpg 768w, https:\/\/www.hitbotrobot.com\/es\/wp-content\/uploads\/2022\/04\/Z-EFG-26-Gripper_01-340x270.jpg 340w, https:\/\/www.hitbotrobot.com\/es\/wp-content\/uploads\/2022\/04\/Z-EFG-26-Gripper_01-600x475.jpg 600w\" sizes=\"(max-width: 800px) 100vw, 800px\" \/> <img decoding=\"async\" class=\"alignnone size-full wp-image-16244 aligncenter\" src=\"https:\/\/www.hitbotrobot.com\/es\/wp-content\/uploads\/2022\/04\/Z-EFG-26-Gripper_02.jpg\" alt=\"\" width=\"800\" height=\"633\" srcset=\"https:\/\/www.hitbotrobot.com\/es\/wp-content\/uploads\/2022\/04\/Z-EFG-26-Gripper_02.jpg 800w, https:\/\/www.hitbotrobot.com\/es\/wp-content\/uploads\/2022\/04\/Z-EFG-26-Gripper_02-768x608.jpg 768w, https:\/\/www.hitbotrobot.com\/es\/wp-content\/uploads\/2022\/04\/Z-EFG-26-Gripper_02-340x270.jpg 340w, https:\/\/www.hitbotrobot.com\/es\/wp-content\/uploads\/2022\/04\/Z-EFG-26-Gripper_02-600x475.jpg 600w\" sizes=\"(max-width: 800px) 100vw, 800px\" \/> <img decoding=\"async\" class=\"alignnone size-full wp-image-16245 aligncenter\" src=\"https:\/\/www.hitbotrobot.com\/es\/wp-content\/uploads\/2022\/04\/Z-EFG-26-Gripper_03.jpg\" alt=\"\" width=\"800\" height=\"633\" srcset=\"https:\/\/www.hitbotrobot.com\/es\/wp-content\/uploads\/2022\/04\/Z-EFG-26-Gripper_03.jpg 800w, https:\/\/www.hitbotrobot.com\/es\/wp-content\/uploads\/2022\/04\/Z-EFG-26-Gripper_03-768x608.jpg 768w, https:\/\/www.hitbotrobot.com\/es\/wp-content\/uploads\/2022\/04\/Z-EFG-26-Gripper_03-340x270.jpg 340w, https:\/\/www.hitbotrobot.com\/es\/wp-content\/uploads\/2022\/04\/Z-EFG-26-Gripper_03-600x475.jpg 600w\" sizes=\"(max-width: 800px) 100vw, 800px\" \/> <img loading=\"lazy\" decoding=\"async\" class=\"alignnone size-full wp-image-16246 aligncenter\" src=\"https:\/\/www.hitbotrobot.com\/es\/wp-content\/uploads\/2022\/04\/Z-EFG-26-Gripper_04.jpg\" alt=\"\" width=\"800\" height=\"633\" srcset=\"https:\/\/www.hitbotrobot.com\/es\/wp-content\/uploads\/2022\/04\/Z-EFG-26-Gripper_04.jpg 800w, https:\/\/www.hitbotrobot.com\/es\/wp-content\/uploads\/2022\/04\/Z-EFG-26-Gripper_04-768x608.jpg 768w, https:\/\/www.hitbotrobot.com\/es\/wp-content\/uploads\/2022\/04\/Z-EFG-26-Gripper_04-340x270.jpg 340w, https:\/\/www.hitbotrobot.com\/es\/wp-content\/uploads\/2022\/04\/Z-EFG-26-Gripper_04-600x475.jpg 600w\" sizes=\"(max-width: 800px) 100vw, 800px\" \/> <img loading=\"lazy\" decoding=\"async\" class=\"alignnone size-full wp-image-16247 aligncenter\" src=\"https:\/\/www.hitbotrobot.com\/es\/wp-content\/uploads\/2022\/04\/Z-EFG-26-Gripper_05.jpg\" alt=\"\" width=\"800\" height=\"633\" srcset=\"https:\/\/www.hitbotrobot.com\/es\/wp-content\/uploads\/2022\/04\/Z-EFG-26-Gripper_05.jpg 800w, https:\/\/www.hitbotrobot.com\/es\/wp-content\/uploads\/2022\/04\/Z-EFG-26-Gripper_05-768x608.jpg 768w, https:\/\/www.hitbotrobot.com\/es\/wp-content\/uploads\/2022\/04\/Z-EFG-26-Gripper_05-340x270.jpg 340w, https:\/\/www.hitbotrobot.com\/es\/wp-content\/uploads\/2022\/04\/Z-EFG-26-Gripper_05-600x475.jpg 600w\" sizes=\"(max-width: 800px) 100vw, 800px\" \/> <img loading=\"lazy\" decoding=\"async\" class=\"alignnone size-full wp-image-16248 aligncenter\" src=\"https:\/\/www.hitbotrobot.com\/es\/wp-content\/uploads\/2022\/04\/Z-EFG-26-Gripper_06.jpg\" alt=\"\" width=\"800\" height=\"633\" srcset=\"https:\/\/www.hitbotrobot.com\/es\/wp-content\/uploads\/2022\/04\/Z-EFG-26-Gripper_06.jpg 800w, https:\/\/www.hitbotrobot.com\/es\/wp-content\/uploads\/2022\/04\/Z-EFG-26-Gripper_06-768x608.jpg 768w, https:\/\/www.hitbotrobot.com\/es\/wp-content\/uploads\/2022\/04\/Z-EFG-26-Gripper_06-340x270.jpg 340w, https:\/\/www.hitbotrobot.com\/es\/wp-content\/uploads\/2022\/04\/Z-EFG-26-Gripper_06-600x475.jpg 600w\" sizes=\"(max-width: 800px) 100vw, 800px\" \/> <img loading=\"lazy\" decoding=\"async\" class=\"alignnone size-full wp-image-16249 aligncenter\" src=\"https:\/\/www.hitbotrobot.com\/es\/wp-content\/uploads\/2022\/04\/Z-EFG-26-Gripper_07.jpg\" alt=\"\" width=\"800\" height=\"633\" srcset=\"https:\/\/www.hitbotrobot.com\/es\/wp-content\/uploads\/2022\/04\/Z-EFG-26-Gripper_07.jpg 800w, https:\/\/www.hitbotrobot.com\/es\/wp-content\/uploads\/2022\/04\/Z-EFG-26-Gripper_07-768x608.jpg 768w, https:\/\/www.hitbotrobot.com\/es\/wp-content\/uploads\/2022\/04\/Z-EFG-26-Gripper_07-340x270.jpg 340w, https:\/\/www.hitbotrobot.com\/es\/wp-content\/uploads\/2022\/04\/Z-EFG-26-Gripper_07-600x475.jpg 600w\" sizes=\"(max-width: 800px) 100vw, 800px\" \/> <img loading=\"lazy\" decoding=\"async\" class=\"alignnone size-full wp-image-16250 aligncenter\" src=\"https:\/\/www.hitbotrobot.com\/es\/wp-content\/uploads\/2022\/04\/Z-EFG-26-Gripper_08.jpg\" alt=\"\" width=\"800\" height=\"633\" srcset=\"https:\/\/www.hitbotrobot.com\/es\/wp-content\/uploads\/2022\/04\/Z-EFG-26-Gripper_08.jpg 800w, https:\/\/www.hitbotrobot.com\/es\/wp-content\/uploads\/2022\/04\/Z-EFG-26-Gripper_08-768x608.jpg 768w, https:\/\/www.hitbotrobot.com\/es\/wp-content\/uploads\/2022\/04\/Z-EFG-26-Gripper_08-340x270.jpg 340w, https:\/\/www.hitbotrobot.com\/es\/wp-content\/uploads\/2022\/04\/Z-EFG-26-Gripper_08-600x475.jpg 600w\" sizes=\"(max-width: 800px) 100vw, 800px\" \/> <img loading=\"lazy\" decoding=\"async\" class=\"alignnone size-full wp-image-16251 aligncenter\" src=\"https:\/\/www.hitbotrobot.com\/es\/wp-content\/uploads\/2022\/04\/Z-EFG-26-Gripper_09.jpg\" alt=\"\" width=\"800\" height=\"633\" srcset=\"https:\/\/www.hitbotrobot.com\/es\/wp-content\/uploads\/2022\/04\/Z-EFG-26-Gripper_09.jpg 800w, https:\/\/www.hitbotrobot.com\/es\/wp-content\/uploads\/2022\/04\/Z-EFG-26-Gripper_09-768x608.jpg 768w, https:\/\/www.hitbotrobot.com\/es\/wp-content\/uploads\/2022\/04\/Z-EFG-26-Gripper_09-340x270.jpg 340w, https:\/\/www.hitbotrobot.com\/es\/wp-content\/uploads\/2022\/04\/Z-EFG-26-Gripper_09-600x475.jpg 600w\" sizes=\"(max-width: 800px) 100vw, 800px\" \/> <img loading=\"lazy\" decoding=\"async\" class=\"alignnone size-full wp-image-16252 aligncenter\" src=\"https:\/\/www.hitbotrobot.com\/es\/wp-content\/uploads\/2022\/04\/Z-EFG-26-Gripper_10.jpg\" alt=\"\" width=\"800\" height=\"633\" srcset=\"https:\/\/www.hitbotrobot.com\/es\/wp-content\/uploads\/2022\/04\/Z-EFG-26-Gripper_10.jpg 800w, https:\/\/www.hitbotrobot.com\/es\/wp-content\/uploads\/2022\/04\/Z-EFG-26-Gripper_10-768x608.jpg 768w, https:\/\/www.hitbotrobot.com\/es\/wp-content\/uploads\/2022\/04\/Z-EFG-26-Gripper_10-340x270.jpg 340w, https:\/\/www.hitbotrobot.com\/es\/wp-content\/uploads\/2022\/04\/Z-EFG-26-Gripper_10-600x475.jpg 600w\" sizes=\"(max-width: 800px) 100vw, 800px\" \/> <img loading=\"lazy\" decoding=\"async\" class=\"alignnone size-full wp-image-16253 aligncenter\" src=\"https:\/\/www.hitbotrobot.com\/es\/wp-content\/uploads\/2022\/04\/Z-EFG-26-Gripper_11.jpg\" alt=\"\" width=\"800\" height=\"633\" srcset=\"https:\/\/www.hitbotrobot.com\/es\/wp-content\/uploads\/2022\/04\/Z-EFG-26-Gripper_11.jpg 800w, https:\/\/www.hitbotrobot.com\/es\/wp-content\/uploads\/2022\/04\/Z-EFG-26-Gripper_11-768x608.jpg 768w, https:\/\/www.hitbotrobot.com\/es\/wp-content\/uploads\/2022\/04\/Z-EFG-26-Gripper_11-340x270.jpg 340w, https:\/\/www.hitbotrobot.com\/es\/wp-content\/uploads\/2022\/04\/Z-EFG-26-Gripper_11-600x475.jpg 600w\" sizes=\"(max-width: 800px) 100vw, 800px\" \/> <img loading=\"lazy\" decoding=\"async\" class=\"alignnone size-full wp-image-16254 aligncenter\" src=\"https:\/\/www.hitbotrobot.com\/es\/wp-content\/uploads\/2022\/04\/Z-EFG-26-Gripper_12.jpg\" alt=\"\" width=\"800\" height=\"633\" srcset=\"https:\/\/www.hitbotrobot.com\/es\/wp-content\/uploads\/2022\/04\/Z-EFG-26-Gripper_12.jpg 800w, https:\/\/www.hitbotrobot.com\/es\/wp-content\/uploads\/2022\/04\/Z-EFG-26-Gripper_12-768x608.jpg 768w, https:\/\/www.hitbotrobot.com\/es\/wp-content\/uploads\/2022\/04\/Z-EFG-26-Gripper_12-340x270.jpg 340w, https:\/\/www.hitbotrobot.com\/es\/wp-content\/uploads\/2022\/04\/Z-EFG-26-Gripper_12-600x475.jpg 600w\" sizes=\"(max-width: 800px) 100vw, 800px\" \/> <img loading=\"lazy\" decoding=\"async\" class=\"alignnone size-full wp-image-16255 aligncenter\" src=\"https:\/\/www.hitbotrobot.com\/es\/wp-content\/uploads\/2022\/04\/Z-EFG-26-Gripper_13.jpg\" alt=\"\" width=\"800\" height=\"633\" srcset=\"https:\/\/www.hitbotrobot.com\/es\/wp-content\/uploads\/2022\/04\/Z-EFG-26-Gripper_13.jpg 800w, https:\/\/www.hitbotrobot.com\/es\/wp-content\/uploads\/2022\/04\/Z-EFG-26-Gripper_13-768x608.jpg 768w, https:\/\/www.hitbotrobot.com\/es\/wp-content\/uploads\/2022\/04\/Z-EFG-26-Gripper_13-340x270.jpg 340w, https:\/\/www.hitbotrobot.com\/es\/wp-content\/uploads\/2022\/04\/Z-EFG-26-Gripper_13-600x475.jpg 600w\" sizes=\"(max-width: 800px) 100vw, 800px\" \/> <img loading=\"lazy\" decoding=\"async\" class=\"alignnone size-full wp-image-16256 aligncenter\" src=\"https:\/\/www.hitbotrobot.com\/es\/wp-content\/uploads\/2022\/04\/Z-EFG-26-Gripper_14.jpg\" alt=\"\" width=\"800\" height=\"633\" srcset=\"https:\/\/www.hitbotrobot.com\/es\/wp-content\/uploads\/2022\/04\/Z-EFG-26-Gripper_14.jpg 800w, https:\/\/www.hitbotrobot.com\/es\/wp-content\/uploads\/2022\/04\/Z-EFG-26-Gripper_14-768x608.jpg 768w, https:\/\/www.hitbotrobot.com\/es\/wp-content\/uploads\/2022\/04\/Z-EFG-26-Gripper_14-340x270.jpg 340w, https:\/\/www.hitbotrobot.com\/es\/wp-content\/uploads\/2022\/04\/Z-EFG-26-Gripper_14-600x475.jpg 600w\" sizes=\"(max-width: 800px) 100vw, 800px\" \/> <img loading=\"lazy\" decoding=\"async\" class=\"alignnone size-full wp-image-16257 aligncenter\" src=\"https:\/\/www.hitbotrobot.com\/es\/wp-content\/uploads\/2022\/04\/Z-EFG-26-Gripper_15.jpg\" alt=\"\" width=\"800\" height=\"633\" srcset=\"https:\/\/www.hitbotrobot.com\/es\/wp-content\/uploads\/2022\/04\/Z-EFG-26-Gripper_15.jpg 800w, https:\/\/www.hitbotrobot.com\/es\/wp-content\/uploads\/2022\/04\/Z-EFG-26-Gripper_15-768x608.jpg 768w, https:\/\/www.hitbotrobot.com\/es\/wp-content\/uploads\/2022\/04\/Z-EFG-26-Gripper_15-340x270.jpg 340w, https:\/\/www.hitbotrobot.com\/es\/wp-content\/uploads\/2022\/04\/Z-EFG-26-Gripper_15-600x475.jpg 600w\" sizes=\"(max-width: 800px) 100vw, 800px\" \/><\/p>\n","protected":false},"excerpt":{"rendered":"<p>[embed]https:\/\/www.hitbot.cc\/assets\/video\/z-arm\/robot-arm.mp4&#8230;<\/p>\n","protected":false},"featured_media":16238,"comment_status":"open","ping_status":"closed","template":"","meta":[],"product_brand":[],"product_cat":[39],"product_tag":[105],"class_list":{"0":"post-16237","1":"product","2":"type-product","3":"status-publish","4":"has-post-thumbnail","6":"product_cat-robotic-gripper","7":"product_tag-electric-parallel-gripper","9":"first","10":"instock","11":"shipping-taxable","12":"product-type-simple"},"yoast_head":"<!-- This site is optimized with the Yoast SEO plugin v22.7 - https:\/\/yoast.com\/wordpress\/plugins\/seo\/ -->\n<title>Pinza paletizadora el\u00e9ctrica de garra servo_controlada por Modbus | Pinza suave HITBOT<\/title>\n<meta name=\"description\" content=\"La pinza de paletizaci\u00f3n el\u00e9ctrica de garra servo Z-EFG-26 tiene 26 mm de recorrido total, la repetibilidad es de \u00b1 0,02 mm, la fuerza de sujeci\u00f3n es ajustable de 6 a 15 N y est\u00e1 controlada por Modbus.\" \/>\n<meta name=\"robots\" content=\"index, follow, max-snippet:-1, max-image-preview:large, max-video-preview:-1\" \/>\n<link rel=\"canonical\" href=\"https:\/\/www.hitbotrobot.com\/es\/product\/z-efg-26-electric-gripper\/\" \/>\n<meta property=\"og:locale\" content=\"en_US\" \/>\n<meta property=\"og:type\" content=\"article\" \/>\n<meta property=\"og:title\" content=\"Pinza paletizadora el\u00e9ctrica de garra servo_controlada por Modbus | Pinza suave HITBOT\" \/>\n<meta property=\"og:description\" content=\"La pinza de paletizaci\u00f3n el\u00e9ctrica de garra servo Z-EFG-26 tiene 26 mm de recorrido total, la repetibilidad es de \u00b1 0,02 mm, la fuerza de sujeci\u00f3n es ajustable de 6 a 15 N y est\u00e1 controlada por Modbus.\" \/>\n<meta property=\"og:url\" content=\"https:\/\/www.hitbotrobot.com\/es\/product\/z-efg-26-electric-gripper\/\" \/>\n<meta property=\"og:site_name\" content=\"Huiling Tech\" \/>\n<meta property=\"article:modified_time\" content=\"2022-09-29T09:14:18+00:00\" \/>\n<meta property=\"og:image\" content=\"https:\/\/www.hitbotrobot.com\/es\/wp-content\/uploads\/2022\/04\/z-efg-26-electric-gripper-01.jpg\" \/>\n\t<meta property=\"og:image:width\" content=\"600\" \/>\n\t<meta property=\"og:image:height\" content=\"400\" \/>\n\t<meta property=\"og:image:type\" content=\"image\/jpeg\" \/>\n<meta name=\"twitter:card\" content=\"summary_large_image\" \/>\n<meta name=\"twitter:label1\" content=\"Est. reading time\" \/>\n\t<meta name=\"twitter:data1\" content=\"3 minutes\" \/>\n<script type=\"application\/ld+json\" class=\"yoast-schema-graph\">{\"@context\":\"https:\/\/schema.org\",\"@graph\":[{\"@type\":\"WebPage\",\"@id\":\"https:\/\/www.hitbotrobot.com\/es\/product\/z-efg-26-electric-gripper\/\",\"url\":\"https:\/\/www.hitbotrobot.com\/es\/product\/z-efg-26-electric-gripper\/\",\"name\":\"Pinza paletizadora el\u00e9ctrica de garra servo_controlada por Modbus | Pinza suave HITBOT\",\"isPartOf\":{\"@id\":\"https:\/\/www.hitbotrobot.com\/es\/#website\"},\"primaryImageOfPage\":{\"@id\":\"https:\/\/www.hitbotrobot.com\/es\/product\/z-efg-26-electric-gripper\/#primaryimage\"},\"image\":{\"@id\":\"https:\/\/www.hitbotrobot.com\/es\/product\/z-efg-26-electric-gripper\/#primaryimage\"},\"thumbnailUrl\":\"https:\/\/www.hitbotrobot.com\/es\/wp-content\/uploads\/2022\/04\/z-efg-26-electric-gripper-01.jpg\",\"datePublished\":\"2022-04-24T07:43:23+00:00\",\"dateModified\":\"2022-09-29T09:14:18+00:00\",\"description\":\"La pinza de paletizaci\u00f3n el\u00e9ctrica de garra servo Z-EFG-26 tiene 26 mm de recorrido total, la repetibilidad es de \u00b1 0,02 mm, la fuerza de sujeci\u00f3n es ajustable de 6 a 15 N y est\u00e1 controlada por Modbus.\",\"breadcrumb\":{\"@id\":\"https:\/\/www.hitbotrobot.com\/es\/product\/z-efg-26-electric-gripper\/#breadcrumb\"},\"inLanguage\":\"en-US\",\"potentialAction\":[{\"@type\":\"ReadAction\",\"target\":[\"https:\/\/www.hitbotrobot.com\/es\/product\/z-efg-26-electric-gripper\/\"]}]},{\"@type\":\"ImageObject\",\"inLanguage\":\"en-US\",\"@id\":\"https:\/\/www.hitbotrobot.com\/es\/product\/z-efg-26-electric-gripper\/#primaryimage\",\"url\":\"https:\/\/www.hitbotrobot.com\/es\/wp-content\/uploads\/2022\/04\/z-efg-26-electric-gripper-01.jpg\",\"contentUrl\":\"https:\/\/www.hitbotrobot.com\/es\/wp-content\/uploads\/2022\/04\/z-efg-26-electric-gripper-01.jpg\",\"width\":600,\"height\":400},{\"@type\":\"BreadcrumbList\",\"@id\":\"https:\/\/www.hitbotrobot.com\/es\/product\/z-efg-26-electric-gripper\/#breadcrumb\",\"itemListElement\":[{\"@type\":\"ListItem\",\"position\":1,\"name\":\"Shop\",\"item\":\"https:\/\/www.hitbotrobot.com\/shop\/\"},{\"@type\":\"ListItem\",\"position\":2,\"name\":\"Pinza el\u00e9ctrica Z-EFG-26 con controlado por 485 (Modbus)\"}]},{\"@type\":\"WebSite\",\"@id\":\"https:\/\/www.hitbotrobot.com\/es\/#website\",\"url\":\"https:\/\/www.hitbotrobot.com\/es\/\",\"name\":\"Huiling Tech\",\"description\":\"Manufacturer for Robotic Arm\",\"potentialAction\":[{\"@type\":\"SearchAction\",\"target\":{\"@type\":\"EntryPoint\",\"urlTemplate\":\"https:\/\/www.hitbotrobot.com\/es\/?s={search_term_string}\"},\"query-input\":\"required name=search_term_string\"}],\"inLanguage\":\"en-US\"}]}<\/script>\n<!-- \/ Yoast SEO plugin. -->","yoast_head_json":{"title":"Pinza paletizadora el\u00e9ctrica de garra servo_controlada por Modbus | Pinza suave HITBOT","description":"La pinza de paletizaci\u00f3n el\u00e9ctrica de garra servo Z-EFG-26 tiene 26 mm de recorrido total, la repetibilidad es de \u00b1 0,02 mm, la fuerza de sujeci\u00f3n es ajustable de 6 a 15 N y est\u00e1 controlada por Modbus.","robots":{"index":"index","follow":"follow","max-snippet":"max-snippet:-1","max-image-preview":"max-image-preview:large","max-video-preview":"max-video-preview:-1"},"canonical":"https:\/\/www.hitbotrobot.com\/es\/product\/z-efg-26-electric-gripper\/","og_locale":"en_US","og_type":"article","og_title":"Pinza paletizadora el\u00e9ctrica de garra servo_controlada por Modbus | Pinza suave HITBOT","og_description":"La pinza de paletizaci\u00f3n el\u00e9ctrica de garra servo Z-EFG-26 tiene 26 mm de recorrido total, la repetibilidad es de \u00b1 0,02 mm, la fuerza de sujeci\u00f3n es ajustable de 6 a 15 N y est\u00e1 controlada por Modbus.","og_url":"https:\/\/www.hitbotrobot.com\/es\/product\/z-efg-26-electric-gripper\/","og_site_name":"Huiling Tech","article_modified_time":"2022-09-29T09:14:18+00:00","og_image":[{"width":600,"height":400,"url":"https:\/\/www.hitbotrobot.com\/es\/wp-content\/uploads\/2022\/04\/z-efg-26-electric-gripper-01.jpg","type":"image\/jpeg"}],"twitter_card":"summary_large_image","twitter_misc":{"Est. reading time":"3 minutes"},"schema":{"@context":"https:\/\/schema.org","@graph":[{"@type":"WebPage","@id":"https:\/\/www.hitbotrobot.com\/es\/product\/z-efg-26-electric-gripper\/","url":"https:\/\/www.hitbotrobot.com\/es\/product\/z-efg-26-electric-gripper\/","name":"Pinza paletizadora el\u00e9ctrica de garra servo_controlada por Modbus | Pinza suave HITBOT","isPartOf":{"@id":"https:\/\/www.hitbotrobot.com\/es\/#website"},"primaryImageOfPage":{"@id":"https:\/\/www.hitbotrobot.com\/es\/product\/z-efg-26-electric-gripper\/#primaryimage"},"image":{"@id":"https:\/\/www.hitbotrobot.com\/es\/product\/z-efg-26-electric-gripper\/#primaryimage"},"thumbnailUrl":"https:\/\/www.hitbotrobot.com\/es\/wp-content\/uploads\/2022\/04\/z-efg-26-electric-gripper-01.jpg","datePublished":"2022-04-24T07:43:23+00:00","dateModified":"2022-09-29T09:14:18+00:00","description":"La pinza de paletizaci\u00f3n el\u00e9ctrica de garra servo Z-EFG-26 tiene 26 mm de recorrido total, la repetibilidad es de \u00b1 0,02 mm, la fuerza de sujeci\u00f3n es ajustable de 6 a 15 N y est\u00e1 controlada por Modbus.","breadcrumb":{"@id":"https:\/\/www.hitbotrobot.com\/es\/product\/z-efg-26-electric-gripper\/#breadcrumb"},"inLanguage":"en-US","potentialAction":[{"@type":"ReadAction","target":["https:\/\/www.hitbotrobot.com\/es\/product\/z-efg-26-electric-gripper\/"]}]},{"@type":"ImageObject","inLanguage":"en-US","@id":"https:\/\/www.hitbotrobot.com\/es\/product\/z-efg-26-electric-gripper\/#primaryimage","url":"https:\/\/www.hitbotrobot.com\/es\/wp-content\/uploads\/2022\/04\/z-efg-26-electric-gripper-01.jpg","contentUrl":"https:\/\/www.hitbotrobot.com\/es\/wp-content\/uploads\/2022\/04\/z-efg-26-electric-gripper-01.jpg","width":600,"height":400},{"@type":"BreadcrumbList","@id":"https:\/\/www.hitbotrobot.com\/es\/product\/z-efg-26-electric-gripper\/#breadcrumb","itemListElement":[{"@type":"ListItem","position":1,"name":"Shop","item":"https:\/\/www.hitbotrobot.com\/shop\/"},{"@type":"ListItem","position":2,"name":"Pinza el\u00e9ctrica Z-EFG-26 con controlado por 485 (Modbus)"}]},{"@type":"WebSite","@id":"https:\/\/www.hitbotrobot.com\/es\/#website","url":"https:\/\/www.hitbotrobot.com\/es\/","name":"Huiling Tech","description":"Manufacturer for Robotic Arm","potentialAction":[{"@type":"SearchAction","target":{"@type":"EntryPoint","urlTemplate":"https:\/\/www.hitbotrobot.com\/es\/?s={search_term_string}"},"query-input":"required name=search_term_string"}],"inLanguage":"en-US"}]}},"_links":{"self":[{"href":"https:\/\/www.hitbotrobot.com\/es\/wp-json\/wp\/v2\/product\/16237","targetHints":{"allow":["GET"]}}],"collection":[{"href":"https:\/\/www.hitbotrobot.com\/es\/wp-json\/wp\/v2\/product"}],"about":[{"href":"https:\/\/www.hitbotrobot.com\/es\/wp-json\/wp\/v2\/types\/product"}],"replies":[{"embeddable":true,"href":"https:\/\/www.hitbotrobot.com\/es\/wp-json\/wp\/v2\/comments?post=16237"}],"wp:featuredmedia":[{"embeddable":true,"href":"https:\/\/www.hitbotrobot.com\/es\/wp-json\/wp\/v2\/media\/16238"}],"wp:attachment":[{"href":"https:\/\/www.hitbotrobot.com\/es\/wp-json\/wp\/v2\/media?parent=16237"}],"wp:term":[{"taxonomy":"product_brand","embeddable":true,"href":"https:\/\/www.hitbotrobot.com\/es\/wp-json\/wp\/v2\/product_brand?post=16237"},{"taxonomy":"product_cat","embeddable":true,"href":"https:\/\/www.hitbotrobot.com\/es\/wp-json\/wp\/v2\/product_cat?post=16237"},{"taxonomy":"product_tag","embeddable":true,"href":"https:\/\/www.hitbotrobot.com\/es\/wp-json\/wp\/v2\/product_tag?post=16237"}],"curies":[{"name":"wp","href":"https:\/\/api.w.org\/{rel}","templated":true}]}}