{"id":16051,"date":"2022-02-21T09:04:11","date_gmt":"2022-02-21T09:04:11","guid":{"rendered":"https:\/\/www.hitbotrobot.com\/?post_type=product&#038;p=16051"},"modified":"2022-09-30T03:23:40","modified_gmt":"2022-09-30T03:23:40","slug":"z-mod-st-54b","status":"publish","type":"product","link":"https:\/\/www.hitbotrobot.com\/es\/product\/z-mod-st-54b\/","title":{"rendered":"Actuador el\u00e9ctrico Z-Mod-ST-54B"},"content":{"rendered":"<p><strong>Introducci\u00f3n del producto<\/strong>:<br \/>\nEl actuador rob\u00f3tico Z-mod tiene una apariencia hermosa, altamente integrado, peque\u00f1o y potente. Simplifica los pasos de instalaci\u00f3n.<br \/>\nLos actuadores el\u00e9ctricos de la serie ST tienen muchas ventajas.<\/p>\n<p><strong>ventajas:<\/strong><\/p>\n<ol>\n<li>El controlador de la serie de tornillos est\u00e1 integrado y el controlador de la serie de correas es externo.<\/li>\n<li>Tiene un nivel base de alta precisi\u00f3n..<\/li>\n<li>Las tuercas tienen cero contragolpe.<\/li>\n<\/ol>\n<p><strong>Caracter\u00edsticas del producto:<\/strong><\/p>\n<ol>\n<li>Con la relaci\u00f3n entre la carrera m\u00e1xima y la longitud total bajo la misma carrera de efecto, la longitud total es m\u00e1s corta.<\/li>\n<li>Es m\u00e1s adecuado para ocasiones como carga peque\u00f1a, alta velocidad y espacio peque\u00f1o.<\/li>\n<li>Est\u00e1 lo suficientemente apretado como para que ni el tornillo ni la correa de distribuci\u00f3n queden expuestos.<\/li>\n<\/ol>\n<p><img fetchpriority=\"high\" decoding=\"async\" class=\"alignnone size-full wp-image-16052\" src=\"https:\/\/www.hitbotrobot.com\/es\/wp-content\/uploads\/2022\/02\/Z-Mod-ST54B-actuator-02.jpg\" alt=\"\" width=\"800\" height=\"333\" srcset=\"https:\/\/www.hitbotrobot.com\/es\/wp-content\/uploads\/2022\/02\/Z-Mod-ST54B-actuator-02.jpg 800w, https:\/\/www.hitbotrobot.com\/es\/wp-content\/uploads\/2022\/02\/Z-Mod-ST54B-actuator-02-768x320.jpg 768w, https:\/\/www.hitbotrobot.com\/es\/wp-content\/uploads\/2022\/02\/Z-Mod-ST54B-actuator-02-600x250.jpg 600w\" sizes=\"(max-width: 800px) 100vw, 800px\" \/><\/p>\n<p><strong>Parametros del producto<\/strong>:<\/p>\n<table border=\"1\" width=\"1005\" cellspacing=\"0\" cellpadding=\"0\">\n<tbody>\n<tr>\n<td style=\"text-align: left;\" align=\"left\" valign=\"middle\" width=\"30%\">Art\u00edculo No.:<\/td>\n<td style=\"text-align: left;\" colspan=\"2\" align=\"left\" valign=\"middle\">HL42CM06<\/td>\n<\/tr>\n<tr>\n<td style=\"text-align: left;\" align=\"left\" valign=\"middle\" width=\"30%\">Par nominal\uff08N\u00b7m\uff09<\/td>\n<td style=\"text-align: left;\" colspan=\"2\" align=\"left\" valign=\"middle\">Compruebe el diagrama de rendimiento de Curve<\/td>\n<\/tr>\n<tr>\n<td style=\"text-align: left;\" align=\"left\" valign=\"middle\" width=\"30%\">paso de rosca\uff08mm\uff09<\/td>\n<td style=\"text-align: left;\" colspan=\"2\" align=\"left\" valign=\"middle\">54<\/td>\n<\/tr>\n<tr>\n<td style=\"text-align: left;\" align=\"left\" valign=\"middle\" width=\"30%\">La velocidad m\u00e1xima\uff08mm\/sec\uff09<\/td>\n<td style=\"text-align: left;\" align=\"left\" valign=\"middle\" width=\"35%\">Horizontal\uff1a300\uff08load 1.5kg\uff09<\/td>\n<td style=\"text-align: left;\" align=\"left\" valign=\"middle\" width=\"35%\">Vertical\uff1a220\uff08load 1.5kg\uff09<\/td>\n<\/tr>\n<tr>\n<td style=\"text-align: left;\" align=\"left\" valign=\"middle\" width=\"30%\">Velocidad acelerada (mm\/sec\u00b2)<\/td>\n<td style=\"text-align: left;\" align=\"left\" valign=\"middle\">\/<\/td>\n<td style=\"text-align: left;\" align=\"left\" valign=\"middle\">\/<\/td>\n<\/tr>\n<tr>\n<td style=\"text-align: left;\" align=\"left\" valign=\"middle\" width=\"30%\">La capacidad de carga m\u00e1xima Horizontal\/Montado en la pared\uff08kg\uff09<\/td>\n<td style=\"text-align: left;\" colspan=\"2\" align=\"left\" valign=\"middle\">4<\/td>\n<\/tr>\n<tr>\n<td style=\"text-align: left;\" align=\"left\" valign=\"middle\" width=\"30%\">Vertical<\/td>\n<td style=\"text-align: left;\" colspan=\"2\" align=\"left\" valign=\"middle\">1.5<\/td>\n<\/tr>\n<tr>\n<td style=\"text-align: left;\" align=\"left\" valign=\"middle\" width=\"30%\">Clasificaci\u00f3n de empuje\uff08N\uff09<\/td>\n<td style=\"text-align: left;\" colspan=\"2\" align=\"left\" valign=\"middle\">30\uff08Horizontal\uff09<\/td>\n<\/tr>\n<tr>\n<td style=\"text-align: left;\" align=\"left\" valign=\"middle\" width=\"30%\">Rango de carrera (mm)<\/td>\n<td style=\"text-align: left;\" colspan=\"2\" align=\"left\" valign=\"middle\">100-500\uff08100 intervalo\uff09<\/td>\n<\/tr>\n<tr>\n<td style=\"text-align: left;\" align=\"left\" valign=\"middle\" width=\"30%\">Velocidad nominal del motor\uff08RPM\uff09<\/td>\n<td style=\"text-align: left;\" colspan=\"2\" align=\"left\" valign=\"middle\">Compruebe el diagrama de rendimiento de Curve<\/td>\n<\/tr>\n<tr>\n<td style=\"text-align: left;\" colspan=\"3\" align=\"left\" valign=\"middle\">Aviso: 1G = 9800 mm\/seg2, la velocidad m\u00e1xima es solo para referencia, la carga y la velocidad son inversas<\/td>\n<\/tr>\n<tr>\n<td style=\"text-align: left;\" align=\"left\" valign=\"middle\" width=\"30%\">Repetibilidad<\/td>\n<td style=\"text-align: left;\" colspan=\"2\" align=\"left\" valign=\"middle\">\u00b10.03mm<\/td>\n<\/tr>\n<tr>\n<td style=\"text-align: left;\" align=\"left\" valign=\"middle\" width=\"30%\">Modo de conducci\u00f3n<\/td>\n<td style=\"text-align: left;\" colspan=\"2\" align=\"left\" valign=\"middle\">correa s\u00edncrona<\/td>\n<\/tr>\n<tr>\n<td style=\"text-align: left;\" align=\"left\" valign=\"middle\" width=\"30%\">Momento m\u00e1ximo din\u00e1mico permitido (Nota 1)<\/td>\n<td style=\"text-align: left;\" colspan=\"2\" align=\"left\" valign=\"middle\">Ma\uff1a34.7N\u00b7m\uff0cMb\uff1a34.7N\u00b7m\uff0cMc\uff1a55.6N\u00b7m<\/td>\n<\/tr>\n<tr>\n<td style=\"text-align: left;\" align=\"left\" valign=\"middle\" width=\"30%\">Longitud de extensi\u00f3n permitida de la carga<\/td>\n<td style=\"text-align: left;\" colspan=\"2\" align=\"left\" valign=\"middle\">120mm<\/td>\n<\/tr>\n<tr>\n<td style=\"text-align: left;\" align=\"left\" valign=\"middle\" width=\"30%\">Sensor<\/td>\n<td style=\"text-align: left;\" colspan=\"2\" align=\"left\" valign=\"middle\">\/<\/td>\n<\/tr>\n<tr>\n<td style=\"text-align: left;\" align=\"left\" valign=\"middle\" width=\"30%\">Longitud del cable del sensor<\/td>\n<td style=\"text-align: left;\" colspan=\"2\" align=\"left\" valign=\"middle\">1.5m<\/td>\n<\/tr>\n<tr>\n<td style=\"text-align: left;\" align=\"left\" valign=\"middle\" width=\"30%\">Material de base<\/td>\n<td style=\"text-align: left;\" colspan=\"2\" align=\"left\" valign=\"middle\">Aluminio extruido, negro brillante<\/td>\n<\/tr>\n<tr>\n<td style=\"text-align: left;\" align=\"left\" valign=\"middle\" width=\"30%\">Requisito de precisi\u00f3n del \u00e1rea de instalaci\u00f3n<\/td>\n<td style=\"text-align: left;\" colspan=\"2\" align=\"left\" valign=\"middle\">Uniformidad 0,05 mm por debajo<\/td>\n<\/tr>\n<tr>\n<td style=\"text-align: left;\" align=\"left\" valign=\"middle\" width=\"30%\">Ambiente de trabajo<\/td>\n<td style=\"text-align: left;\" colspan=\"2\" align=\"left\" valign=\"middle\">0-40\u00b0C,85\uff05RH]\uff08sin escarcha \uff09<\/td>\n<\/tr>\n<tr>\n<td style=\"text-align: left;\" colspan=\"3\" align=\"left\" valign=\"middle\">Nota 1: el valor est\u00e1 bajo la condici\u00f3n de 10000 km de vida \u00fatil<\/td>\n<\/tr>\n<\/tbody>\n<\/table>\n<p><strong>Diagrama del producto<\/strong>:<br \/>\n<img decoding=\"async\" class=\"size-full wp-image-16053 aligncenter\" src=\"https:\/\/www.hitbotrobot.com\/es\/wp-content\/uploads\/2022\/02\/Z-Mod-ST54B-actuator-03.jpg\" alt=\"\" width=\"800\" height=\"462\" srcset=\"https:\/\/www.hitbotrobot.com\/es\/wp-content\/uploads\/2022\/02\/Z-Mod-ST54B-actuator-03.jpg 800w, https:\/\/www.hitbotrobot.com\/es\/wp-content\/uploads\/2022\/02\/Z-Mod-ST54B-actuator-03-768x444.jpg 768w, https:\/\/www.hitbotrobot.com\/es\/wp-content\/uploads\/2022\/02\/Z-Mod-ST54B-actuator-03-600x347.jpg 600w\" sizes=\"(max-width: 800px) 100vw, 800px\" \/><\/p>\n","protected":false},"excerpt":{"rendered":"<p>[embed]https:\/\/www.hitbot.cc\/wp-content\/uploads\/2021\/11\/smart-actuator.m4v&#8230;<\/p>\n","protected":false},"featured_media":16054,"comment_status":"open","ping_status":"closed","template":"","meta":[],"product_brand":[],"product_cat":[66],"product_tag":[],"class_list":{"0":"post-16051","1":"product","2":"type-product","3":"status-publish","4":"has-post-thumbnail","6":"product_cat-actuator","8":"first","9":"instock","10":"shipping-taxable","11":"product-type-simple"},"yoast_head":"<!-- This site is optimized with the Yoast SEO plugin v22.7 - https:\/\/yoast.com\/wordpress\/plugins\/seo\/ -->\n<title>Actuador de v\u00e1lvula lineal el\u00e9ctrico | HITBOT Actuador de Robot<\/title>\n<meta name=\"description\" content=\"El actuador de la articulaci\u00f3n del robot HITBOT es f\u00e1cil de controlar por programa, tiene un motor y un controlador integrados en el interior, no necesita un sensor externo, tambi\u00e9n es f\u00e1cil colaborar con humanos.\" \/>\n<meta name=\"robots\" content=\"index, follow, max-snippet:-1, max-image-preview:large, max-video-preview:-1\" \/>\n<link rel=\"canonical\" href=\"https:\/\/www.hitbotrobot.com\/es\/product\/z-mod-st-54b\/\" \/>\n<meta property=\"og:locale\" content=\"en_US\" \/>\n<meta property=\"og:type\" content=\"article\" \/>\n<meta property=\"og:title\" content=\"Actuador de v\u00e1lvula lineal el\u00e9ctrico | HITBOT Actuador de Robot\" \/>\n<meta property=\"og:description\" content=\"El actuador de la articulaci\u00f3n del robot HITBOT es f\u00e1cil de controlar por programa, tiene un motor y un controlador integrados en el interior, no necesita un sensor externo, tambi\u00e9n es f\u00e1cil colaborar con humanos.\" \/>\n<meta property=\"og:url\" content=\"https:\/\/www.hitbotrobot.com\/es\/product\/z-mod-st-54b\/\" \/>\n<meta property=\"og:site_name\" content=\"Huiling Tech\" \/>\n<meta property=\"article:modified_time\" content=\"2022-09-30T03:23:40+00:00\" \/>\n<meta property=\"og:image\" content=\"https:\/\/www.hitbotrobot.com\/es\/wp-content\/uploads\/2022\/02\/Z-Mod-ST54B-actuator-01.jpg\" \/>\n\t<meta property=\"og:image:width\" content=\"600\" \/>\n\t<meta property=\"og:image:height\" content=\"400\" \/>\n\t<meta property=\"og:image:type\" content=\"image\/jpeg\" \/>\n<meta name=\"twitter:card\" content=\"summary_large_image\" \/>\n<meta name=\"twitter:label1\" content=\"Est. reading time\" \/>\n\t<meta name=\"twitter:data1\" content=\"2 minutes\" \/>\n<script type=\"application\/ld+json\" class=\"yoast-schema-graph\">{\"@context\":\"https:\/\/schema.org\",\"@graph\":[{\"@type\":\"WebPage\",\"@id\":\"https:\/\/www.hitbotrobot.com\/es\/product\/z-mod-st-54b\/\",\"url\":\"https:\/\/www.hitbotrobot.com\/es\/product\/z-mod-st-54b\/\",\"name\":\"Actuador de v\u00e1lvula lineal el\u00e9ctrico | HITBOT Actuador de Robot\",\"isPartOf\":{\"@id\":\"https:\/\/www.hitbotrobot.com\/es\/#website\"},\"primaryImageOfPage\":{\"@id\":\"https:\/\/www.hitbotrobot.com\/es\/product\/z-mod-st-54b\/#primaryimage\"},\"image\":{\"@id\":\"https:\/\/www.hitbotrobot.com\/es\/product\/z-mod-st-54b\/#primaryimage\"},\"thumbnailUrl\":\"https:\/\/www.hitbotrobot.com\/es\/wp-content\/uploads\/2022\/02\/Z-Mod-ST54B-actuator-01.jpg\",\"datePublished\":\"2022-02-21T09:04:11+00:00\",\"dateModified\":\"2022-09-30T03:23:40+00:00\",\"description\":\"El actuador de la articulaci\u00f3n del robot HITBOT es f\u00e1cil de controlar por programa, tiene un motor y un controlador integrados en el interior, no necesita un sensor externo, tambi\u00e9n es f\u00e1cil colaborar con humanos.\",\"breadcrumb\":{\"@id\":\"https:\/\/www.hitbotrobot.com\/es\/product\/z-mod-st-54b\/#breadcrumb\"},\"inLanguage\":\"en-US\",\"potentialAction\":[{\"@type\":\"ReadAction\",\"target\":[\"https:\/\/www.hitbotrobot.com\/es\/product\/z-mod-st-54b\/\"]}]},{\"@type\":\"ImageObject\",\"inLanguage\":\"en-US\",\"@id\":\"https:\/\/www.hitbotrobot.com\/es\/product\/z-mod-st-54b\/#primaryimage\",\"url\":\"https:\/\/www.hitbotrobot.com\/es\/wp-content\/uploads\/2022\/02\/Z-Mod-ST54B-actuator-01.jpg\",\"contentUrl\":\"https:\/\/www.hitbotrobot.com\/es\/wp-content\/uploads\/2022\/02\/Z-Mod-ST54B-actuator-01.jpg\",\"width\":600,\"height\":400},{\"@type\":\"BreadcrumbList\",\"@id\":\"https:\/\/www.hitbotrobot.com\/es\/product\/z-mod-st-54b\/#breadcrumb\",\"itemListElement\":[{\"@type\":\"ListItem\",\"position\":1,\"name\":\"Shop\",\"item\":\"https:\/\/www.hitbotrobot.com\/shop\/\"},{\"@type\":\"ListItem\",\"position\":2,\"name\":\"Actuador el\u00e9ctrico Z-Mod-ST-54B\"}]},{\"@type\":\"WebSite\",\"@id\":\"https:\/\/www.hitbotrobot.com\/es\/#website\",\"url\":\"https:\/\/www.hitbotrobot.com\/es\/\",\"name\":\"Huiling Tech\",\"description\":\"Manufacturer for Robotic Arm\",\"potentialAction\":[{\"@type\":\"SearchAction\",\"target\":{\"@type\":\"EntryPoint\",\"urlTemplate\":\"https:\/\/www.hitbotrobot.com\/es\/?s={search_term_string}\"},\"query-input\":\"required name=search_term_string\"}],\"inLanguage\":\"en-US\"}]}<\/script>\n<!-- \/ Yoast SEO plugin. -->","yoast_head_json":{"title":"Actuador de v\u00e1lvula lineal el\u00e9ctrico | HITBOT Actuador de Robot","description":"El actuador de la articulaci\u00f3n del robot HITBOT es f\u00e1cil de controlar por programa, tiene un motor y un controlador integrados en el interior, no necesita un sensor externo, tambi\u00e9n es f\u00e1cil colaborar con humanos.","robots":{"index":"index","follow":"follow","max-snippet":"max-snippet:-1","max-image-preview":"max-image-preview:large","max-video-preview":"max-video-preview:-1"},"canonical":"https:\/\/www.hitbotrobot.com\/es\/product\/z-mod-st-54b\/","og_locale":"en_US","og_type":"article","og_title":"Actuador de v\u00e1lvula lineal el\u00e9ctrico | HITBOT Actuador de Robot","og_description":"El actuador de la articulaci\u00f3n del robot HITBOT es f\u00e1cil de controlar por programa, tiene un motor y un controlador integrados en el interior, no necesita un sensor externo, tambi\u00e9n es f\u00e1cil colaborar con humanos.","og_url":"https:\/\/www.hitbotrobot.com\/es\/product\/z-mod-st-54b\/","og_site_name":"Huiling Tech","article_modified_time":"2022-09-30T03:23:40+00:00","og_image":[{"width":600,"height":400,"url":"https:\/\/www.hitbotrobot.com\/es\/wp-content\/uploads\/2022\/02\/Z-Mod-ST54B-actuator-01.jpg","type":"image\/jpeg"}],"twitter_card":"summary_large_image","twitter_misc":{"Est. reading time":"2 minutes"},"schema":{"@context":"https:\/\/schema.org","@graph":[{"@type":"WebPage","@id":"https:\/\/www.hitbotrobot.com\/es\/product\/z-mod-st-54b\/","url":"https:\/\/www.hitbotrobot.com\/es\/product\/z-mod-st-54b\/","name":"Actuador de v\u00e1lvula lineal el\u00e9ctrico | HITBOT Actuador de Robot","isPartOf":{"@id":"https:\/\/www.hitbotrobot.com\/es\/#website"},"primaryImageOfPage":{"@id":"https:\/\/www.hitbotrobot.com\/es\/product\/z-mod-st-54b\/#primaryimage"},"image":{"@id":"https:\/\/www.hitbotrobot.com\/es\/product\/z-mod-st-54b\/#primaryimage"},"thumbnailUrl":"https:\/\/www.hitbotrobot.com\/es\/wp-content\/uploads\/2022\/02\/Z-Mod-ST54B-actuator-01.jpg","datePublished":"2022-02-21T09:04:11+00:00","dateModified":"2022-09-30T03:23:40+00:00","description":"El actuador de la articulaci\u00f3n del robot HITBOT es f\u00e1cil de controlar por programa, tiene un motor y un controlador integrados en el interior, no necesita un sensor externo, tambi\u00e9n es f\u00e1cil colaborar con humanos.","breadcrumb":{"@id":"https:\/\/www.hitbotrobot.com\/es\/product\/z-mod-st-54b\/#breadcrumb"},"inLanguage":"en-US","potentialAction":[{"@type":"ReadAction","target":["https:\/\/www.hitbotrobot.com\/es\/product\/z-mod-st-54b\/"]}]},{"@type":"ImageObject","inLanguage":"en-US","@id":"https:\/\/www.hitbotrobot.com\/es\/product\/z-mod-st-54b\/#primaryimage","url":"https:\/\/www.hitbotrobot.com\/es\/wp-content\/uploads\/2022\/02\/Z-Mod-ST54B-actuator-01.jpg","contentUrl":"https:\/\/www.hitbotrobot.com\/es\/wp-content\/uploads\/2022\/02\/Z-Mod-ST54B-actuator-01.jpg","width":600,"height":400},{"@type":"BreadcrumbList","@id":"https:\/\/www.hitbotrobot.com\/es\/product\/z-mod-st-54b\/#breadcrumb","itemListElement":[{"@type":"ListItem","position":1,"name":"Shop","item":"https:\/\/www.hitbotrobot.com\/shop\/"},{"@type":"ListItem","position":2,"name":"Actuador el\u00e9ctrico Z-Mod-ST-54B"}]},{"@type":"WebSite","@id":"https:\/\/www.hitbotrobot.com\/es\/#website","url":"https:\/\/www.hitbotrobot.com\/es\/","name":"Huiling Tech","description":"Manufacturer for Robotic Arm","potentialAction":[{"@type":"SearchAction","target":{"@type":"EntryPoint","urlTemplate":"https:\/\/www.hitbotrobot.com\/es\/?s={search_term_string}"},"query-input":"required name=search_term_string"}],"inLanguage":"en-US"}]}},"_links":{"self":[{"href":"https:\/\/www.hitbotrobot.com\/es\/wp-json\/wp\/v2\/product\/16051","targetHints":{"allow":["GET"]}}],"collection":[{"href":"https:\/\/www.hitbotrobot.com\/es\/wp-json\/wp\/v2\/product"}],"about":[{"href":"https:\/\/www.hitbotrobot.com\/es\/wp-json\/wp\/v2\/types\/product"}],"replies":[{"embeddable":true,"href":"https:\/\/www.hitbotrobot.com\/es\/wp-json\/wp\/v2\/comments?post=16051"}],"wp:featuredmedia":[{"embeddable":true,"href":"https:\/\/www.hitbotrobot.com\/es\/wp-json\/wp\/v2\/media\/16054"}],"wp:attachment":[{"href":"https:\/\/www.hitbotrobot.com\/es\/wp-json\/wp\/v2\/media?parent=16051"}],"wp:term":[{"taxonomy":"product_brand","embeddable":true,"href":"https:\/\/www.hitbotrobot.com\/es\/wp-json\/wp\/v2\/product_brand?post=16051"},{"taxonomy":"product_cat","embeddable":true,"href":"https:\/\/www.hitbotrobot.com\/es\/wp-json\/wp\/v2\/product_cat?post=16051"},{"taxonomy":"product_tag","embeddable":true,"href":"https:\/\/www.hitbotrobot.com\/es\/wp-json\/wp\/v2\/product_tag?post=16051"}],"curies":[{"name":"wp","href":"https:\/\/api.w.org\/{rel}","templated":true}]}}