{"id":16041,"date":"2022-02-21T06:55:48","date_gmt":"2022-02-21T06:55:48","guid":{"rendered":"https:\/\/www.hitbotrobot.com\/?post_type=product&#038;p=16041"},"modified":"2022-09-30T01:46:34","modified_gmt":"2022-09-30T01:46:34","slug":"z-mod-kk-80-20se","status":"publish","type":"product","link":"https:\/\/www.hitbotrobot.com\/es\/product\/z-mod-kk-80-20se\/","title":{"rendered":"Actuador el\u00e9ctrico Z-Mod-KK-86-20SE"},"content":{"rendered":"<p><strong>Introducci\u00f3n del producto<\/strong>:<\/p>\n<p>El actuador rob\u00f3tico Z-mod tiene una apariencia hermosa, altamente integrado, peque\u00f1o y potente. Simplifica los pasos de instalaci\u00f3n.<\/p>\n<ul>\n<li><strong>Alta integraci\u00f3n todo en uno<\/strong>.<br \/>\nRealiza una gran innovaci\u00f3n en forma de m\u00f3dulo tradicional al eliminar acoples y sensores. El motor y el controlador altamente integrados est\u00e1n integrados en el m\u00f3dulo interno.<br \/>\nMaximice la utilizaci\u00f3n del espacio y maximice la distancia de conducci\u00f3n.<\/li>\n<li><strong>El software es f\u00e1cil de usar<\/strong>.<br \/>\nNo es necesario establecer una plataforma de movimiento por s\u00ed mismo, se puede operar f\u00e1cilmente con el software de control de la serie Z-Arm.<br \/>\nEl entorno programable se ha simplificado enormemente, lo que permite a los clientes inexpertos colaborar eficazmente con los actuadores.<\/li>\n<li><strong>Simplificado, pero poderoso<\/strong>.<br \/>\nEl control de circuito cerrado y el posicionamiento se pueden lograr sin sensores.<\/li>\n<li><strong>Funci\u00f3n colaborativa especializada.<\/strong><br \/>\n1). Se puede lograr una mayor precisi\u00f3n de posicionamiento ajustando los elementos y fijando la orientaci\u00f3n.<br \/>\n2). El modo Force-torque\/motion puede funcionar simult\u00e1neamente sin aclaraci\u00f3n.<br \/>\n3). Podr\u00eda detectar autom\u00e1ticamente la altura del objeto y decidir la pr\u00f3xima actividad de recoger y colocar.<br \/>\n4). Estas funciones han hecho que el movimiento Z-Mod sea m\u00e1s inteligente.<\/li>\n<li><strong>Excelente calidad, rentable<\/strong>.<br \/>\nZ-mod tiene un rendimiento de grado industrial a un precio de solo unos pocos cientos de d\u00f3lares para un servicio m\u00e1s personalizado.<\/li>\n<\/ul>\n<p><img fetchpriority=\"high\" decoding=\"async\" class=\"size-full wp-image-16043 aligncenter\" src=\"https:\/\/www.hitbotrobot.com\/es\/wp-content\/uploads\/2022\/02\/Z-Mod-KK86-actuator-02.jpg\" alt=\"\" width=\"800\" height=\"305\" srcset=\"https:\/\/www.hitbotrobot.com\/es\/wp-content\/uploads\/2022\/02\/Z-Mod-KK86-actuator-02.jpg 800w, https:\/\/www.hitbotrobot.com\/es\/wp-content\/uploads\/2022\/02\/Z-Mod-KK86-actuator-02-768x293.jpg 768w, https:\/\/www.hitbotrobot.com\/es\/wp-content\/uploads\/2022\/02\/Z-Mod-KK86-actuator-02-600x229.jpg 600w\" sizes=\"(max-width: 800px) 100vw, 800px\" \/><\/p>\n<p><strong>Parametros del producto<\/strong>:<\/p>\n<table border=\"1\" width=\"100%\" cellspacing=\"0\" cellpadding=\"0\">\n<tbody>\n<tr>\n<td width=\"25%\">Art\u00edculo No.:<\/td>\n<td colspan=\"2\" align=\"center\">Z-Mod-KK-86-20SE<\/td>\n<\/tr>\n<tr>\n<td width=\"25%\">Motor el\u00e9ctrico<\/td>\n<td colspan=\"2\" align=\"center\">200W\/DC24V<\/td>\n<\/tr>\n<tr>\n<td width=\"25%\">Par nominal (N.m)<\/td>\n<td colspan=\"2\" align=\"center\">0.64<\/td>\n<\/tr>\n<tr>\n<td width=\"25%\">Cable de husillo de bolas (mm)<\/td>\n<td align=\"center\" width=\"20%\">10<\/td>\n<td align=\"center\" width=\"23%\">20<\/td>\n<\/tr>\n<tr>\n<td width=\"25%\">La velocidad m\u00e1xima\uff08mm\/sec)<\/td>\n<td align=\"center\" width=\"20%\">500<\/td>\n<td align=\"center\">1000<\/td>\n<\/tr>\n<tr>\n<td width=\"25%\">Aceleraci\u00f3n nominal<\/td>\n<td align=\"center\" width=\"20%\">0.3G<\/td>\n<td align=\"center\">0.3G<\/td>\n<\/tr>\n<tr>\n<td width=\"25%\">La carga m\u00e1xima horizontal\/colgante (kg)<\/td>\n<td align=\"center\" width=\"20%\">30<\/td>\n<td align=\"center\">15<\/td>\n<\/tr>\n<tr>\n<td width=\"25%\">Vertical<\/td>\n<td align=\"center\" width=\"20%\">12<\/td>\n<td align=\"center\">6<\/td>\n<\/tr>\n<tr>\n<td width=\"25%\">Empuje nominal (N)<\/td>\n<td align=\"center\" width=\"20%\">361.7<\/td>\n<td align=\"center\">180.9<\/td>\n<\/tr>\n<tr>\n<td width=\"25%\">Carrera<\/td>\n<td colspan=\"2\" align=\"center\">210-610 (100 intervalo \uff09810<\/td>\n<\/tr>\n<tr>\n<td width=\"25%\">Velocidad nominal del motor ( RPM)<\/td>\n<td colspan=\"2\" align=\"center\">3000<\/td>\n<\/tr>\n<tr>\n<td colspan=\"3\">Observaci\u00f3n: 1G=9800mm\/sec2\u3002<\/td>\n<\/tr>\n<tr>\n<td width=\"25%\">Repetibilidad<\/td>\n<td colspan=\"2\" align=\"center\">\u00b10.025mm<\/td>\n<\/tr>\n<tr>\n<td width=\"25%\">Modo de conducci\u00f3n<\/td>\n<td colspan=\"2\" align=\"center\">husillo de bolas \u03c615mm pasar al grado C7<\/td>\n<\/tr>\n<tr>\n<td width=\"25%\">Momento m\u00e1ximo din\u00e1mico permitido (observaci\u00f3n 1)<\/td>\n<td colspan=\"2\" align=\"center\">Ma\uff1a622N\u00b7m\uff0cMb\uff1a622N\u00b7m\uff0cMc\uff1a1507N\u00b7m<\/td>\n<\/tr>\n<tr>\n<td width=\"25%\">Longitud de extensi\u00f3n permitida<\/td>\n<td colspan=\"2\" align=\"center\">\/<\/td>\n<\/tr>\n<tr>\n<td width=\"25%\">Sensor<\/td>\n<td colspan=\"2\" align=\"center\">\u2460-LS,\u2461HOME,\u2462+LS ,NPN, 24V DC<\/td>\n<\/tr>\n<tr>\n<td width=\"25%\">Longitud del cable de la m\u00e1quina de inducci\u00f3n<\/td>\n<td colspan=\"2\" align=\"center\">2m<\/td>\n<\/tr>\n<tr>\n<td width=\"25%\">Material de base<\/td>\n<td colspan=\"2\" align=\"center\">Acero fundido, brillo negro<\/td>\n<\/tr>\n<tr>\n<td width=\"25%\">Requisito preciso del \u00e1rea de instalaci\u00f3n<\/td>\n<td colspan=\"2\" align=\"center\">Uniformidad, por debajo de 0,05 mm<\/td>\n<\/tr>\n<tr>\n<td width=\"25%\">Ambiente de trabajo<\/td>\n<td colspan=\"2\" align=\"center\">0-40\u2103\uff0c85%RH\uff08sin escarcha\uff09<\/td>\n<\/tr>\n<tr>\n<td colspan=\"3\">Observaci\u00f3n 1: cuando la vida a pie es de 10000 km<\/td>\n<\/tr>\n<\/tbody>\n<\/table>\n<p><strong>Descripci\u00f3n del producto<\/strong>:<br \/>\n<img decoding=\"async\" class=\"size-full wp-image-16531 aligncenter\" src=\"https:\/\/www.hitbotrobot.com\/es\/wp-content\/uploads\/2022\/02\/Z-Mod-KK86-actuator_01.jpg\" alt=\"\" width=\"800\" height=\"663\" srcset=\"https:\/\/www.hitbotrobot.com\/es\/wp-content\/uploads\/2022\/02\/Z-Mod-KK86-actuator_01.jpg 800w, https:\/\/www.hitbotrobot.com\/es\/wp-content\/uploads\/2022\/02\/Z-Mod-KK86-actuator_01-768x636.jpg 768w, https:\/\/www.hitbotrobot.com\/es\/wp-content\/uploads\/2022\/02\/Z-Mod-KK86-actuator_01-600x497.jpg 600w\" sizes=\"(max-width: 800px) 100vw, 800px\" \/> <img decoding=\"async\" class=\"size-full wp-image-16532 aligncenter\" src=\"https:\/\/www.hitbotrobot.com\/es\/wp-content\/uploads\/2022\/02\/Z-Mod-KK86-actuator_02.jpg\" alt=\"\" width=\"800\" height=\"663\" srcset=\"https:\/\/www.hitbotrobot.com\/es\/wp-content\/uploads\/2022\/02\/Z-Mod-KK86-actuator_02.jpg 800w, https:\/\/www.hitbotrobot.com\/es\/wp-content\/uploads\/2022\/02\/Z-Mod-KK86-actuator_02-768x636.jpg 768w, https:\/\/www.hitbotrobot.com\/es\/wp-content\/uploads\/2022\/02\/Z-Mod-KK86-actuator_02-600x497.jpg 600w\" sizes=\"(max-width: 800px) 100vw, 800px\" \/> <img loading=\"lazy\" decoding=\"async\" class=\"size-full wp-image-16533 aligncenter\" src=\"https:\/\/www.hitbotrobot.com\/es\/wp-content\/uploads\/2022\/02\/Z-Mod-KK86-actuator_03.jpg\" alt=\"\" width=\"800\" height=\"663\" srcset=\"https:\/\/www.hitbotrobot.com\/es\/wp-content\/uploads\/2022\/02\/Z-Mod-KK86-actuator_03.jpg 800w, https:\/\/www.hitbotrobot.com\/es\/wp-content\/uploads\/2022\/02\/Z-Mod-KK86-actuator_03-768x636.jpg 768w, https:\/\/www.hitbotrobot.com\/es\/wp-content\/uploads\/2022\/02\/Z-Mod-KK86-actuator_03-600x497.jpg 600w\" sizes=\"(max-width: 800px) 100vw, 800px\" \/> <img loading=\"lazy\" decoding=\"async\" class=\"size-full wp-image-16534 aligncenter\" src=\"https:\/\/www.hitbotrobot.com\/es\/wp-content\/uploads\/2022\/02\/Z-Mod-KK86-actuator_04.jpg\" alt=\"\" width=\"800\" height=\"664\" srcset=\"https:\/\/www.hitbotrobot.com\/es\/wp-content\/uploads\/2022\/02\/Z-Mod-KK86-actuator_04.jpg 800w, https:\/\/www.hitbotrobot.com\/es\/wp-content\/uploads\/2022\/02\/Z-Mod-KK86-actuator_04-768x637.jpg 768w, https:\/\/www.hitbotrobot.com\/es\/wp-content\/uploads\/2022\/02\/Z-Mod-KK86-actuator_04-600x498.jpg 600w\" sizes=\"(max-width: 800px) 100vw, 800px\" \/> <img loading=\"lazy\" decoding=\"async\" class=\"size-full wp-image-16535 aligncenter\" src=\"https:\/\/www.hitbotrobot.com\/es\/wp-content\/uploads\/2022\/02\/Z-Mod-KK86-actuator_05.jpg\" alt=\"\" width=\"800\" height=\"663\" srcset=\"https:\/\/www.hitbotrobot.com\/es\/wp-content\/uploads\/2022\/02\/Z-Mod-KK86-actuator_05.jpg 800w, https:\/\/www.hitbotrobot.com\/es\/wp-content\/uploads\/2022\/02\/Z-Mod-KK86-actuator_05-768x636.jpg 768w, https:\/\/www.hitbotrobot.com\/es\/wp-content\/uploads\/2022\/02\/Z-Mod-KK86-actuator_05-600x497.jpg 600w\" sizes=\"(max-width: 800px) 100vw, 800px\" \/> <img loading=\"lazy\" decoding=\"async\" class=\"size-full wp-image-16536 aligncenter\" src=\"https:\/\/www.hitbotrobot.com\/es\/wp-content\/uploads\/2022\/02\/Z-Mod-KK86-actuator_06.jpg\" alt=\"\" width=\"800\" height=\"663\" srcset=\"https:\/\/www.hitbotrobot.com\/es\/wp-content\/uploads\/2022\/02\/Z-Mod-KK86-actuator_06.jpg 800w, https:\/\/www.hitbotrobot.com\/es\/wp-content\/uploads\/2022\/02\/Z-Mod-KK86-actuator_06-768x636.jpg 768w, https:\/\/www.hitbotrobot.com\/es\/wp-content\/uploads\/2022\/02\/Z-Mod-KK86-actuator_06-600x497.jpg 600w\" sizes=\"(max-width: 800px) 100vw, 800px\" \/> <img loading=\"lazy\" decoding=\"async\" class=\"size-full wp-image-16537 aligncenter\" src=\"https:\/\/www.hitbotrobot.com\/es\/wp-content\/uploads\/2022\/02\/Z-Mod-KK86-actuator_07.jpg\" alt=\"\" width=\"800\" height=\"663\" srcset=\"https:\/\/www.hitbotrobot.com\/es\/wp-content\/uploads\/2022\/02\/Z-Mod-KK86-actuator_07.jpg 800w, https:\/\/www.hitbotrobot.com\/es\/wp-content\/uploads\/2022\/02\/Z-Mod-KK86-actuator_07-768x636.jpg 768w, https:\/\/www.hitbotrobot.com\/es\/wp-content\/uploads\/2022\/02\/Z-Mod-KK86-actuator_07-600x497.jpg 600w\" sizes=\"(max-width: 800px) 100vw, 800px\" \/> <img loading=\"lazy\" decoding=\"async\" class=\"size-full wp-image-16538 aligncenter\" src=\"https:\/\/www.hitbotrobot.com\/es\/wp-content\/uploads\/2022\/02\/Z-Mod-KK86-actuator_08.jpg\" alt=\"\" width=\"800\" height=\"663\" srcset=\"https:\/\/www.hitbotrobot.com\/es\/wp-content\/uploads\/2022\/02\/Z-Mod-KK86-actuator_08.jpg 800w, https:\/\/www.hitbotrobot.com\/es\/wp-content\/uploads\/2022\/02\/Z-Mod-KK86-actuator_08-768x636.jpg 768w, https:\/\/www.hitbotrobot.com\/es\/wp-content\/uploads\/2022\/02\/Z-Mod-KK86-actuator_08-600x497.jpg 600w\" sizes=\"(max-width: 800px) 100vw, 800px\" \/> <img loading=\"lazy\" decoding=\"async\" class=\"size-full wp-image-16539 aligncenter\" src=\"https:\/\/www.hitbotrobot.com\/es\/wp-content\/uploads\/2022\/02\/Z-Mod-KK86-actuator_09.jpg\" alt=\"\" width=\"800\" height=\"663\" srcset=\"https:\/\/www.hitbotrobot.com\/es\/wp-content\/uploads\/2022\/02\/Z-Mod-KK86-actuator_09.jpg 800w, https:\/\/www.hitbotrobot.com\/es\/wp-content\/uploads\/2022\/02\/Z-Mod-KK86-actuator_09-768x636.jpg 768w, https:\/\/www.hitbotrobot.com\/es\/wp-content\/uploads\/2022\/02\/Z-Mod-KK86-actuator_09-600x497.jpg 600w\" sizes=\"(max-width: 800px) 100vw, 800px\" \/> <img loading=\"lazy\" decoding=\"async\" class=\"size-full wp-image-16540 aligncenter\" src=\"https:\/\/www.hitbotrobot.com\/es\/wp-content\/uploads\/2022\/02\/Z-Mod-KK86-actuator_10.jpg\" alt=\"\" width=\"800\" height=\"663\" srcset=\"https:\/\/www.hitbotrobot.com\/es\/wp-content\/uploads\/2022\/02\/Z-Mod-KK86-actuator_10.jpg 800w, https:\/\/www.hitbotrobot.com\/es\/wp-content\/uploads\/2022\/02\/Z-Mod-KK86-actuator_10-768x636.jpg 768w, https:\/\/www.hitbotrobot.com\/es\/wp-content\/uploads\/2022\/02\/Z-Mod-KK86-actuator_10-600x497.jpg 600w\" sizes=\"(max-width: 800px) 100vw, 800px\" \/> <img loading=\"lazy\" decoding=\"async\" class=\"size-full wp-image-16541 aligncenter\" src=\"https:\/\/www.hitbotrobot.com\/es\/wp-content\/uploads\/2022\/02\/Z-Mod-KK86-actuator_11.jpg\" alt=\"\" width=\"800\" height=\"663\" srcset=\"https:\/\/www.hitbotrobot.com\/es\/wp-content\/uploads\/2022\/02\/Z-Mod-KK86-actuator_11.jpg 800w, https:\/\/www.hitbotrobot.com\/es\/wp-content\/uploads\/2022\/02\/Z-Mod-KK86-actuator_11-768x636.jpg 768w, https:\/\/www.hitbotrobot.com\/es\/wp-content\/uploads\/2022\/02\/Z-Mod-KK86-actuator_11-600x497.jpg 600w\" sizes=\"(max-width: 800px) 100vw, 800px\" \/> <img loading=\"lazy\" decoding=\"async\" class=\"size-full wp-image-16542 aligncenter\" src=\"https:\/\/www.hitbotrobot.com\/es\/wp-content\/uploads\/2022\/02\/Z-Mod-KK86-actuator_12.jpg\" alt=\"\" width=\"800\" height=\"664\" srcset=\"https:\/\/www.hitbotrobot.com\/es\/wp-content\/uploads\/2022\/02\/Z-Mod-KK86-actuator_12.jpg 800w, https:\/\/www.hitbotrobot.com\/es\/wp-content\/uploads\/2022\/02\/Z-Mod-KK86-actuator_12-768x637.jpg 768w, https:\/\/www.hitbotrobot.com\/es\/wp-content\/uploads\/2022\/02\/Z-Mod-KK86-actuator_12-600x498.jpg 600w\" sizes=\"(max-width: 800px) 100vw, 800px\" \/> <img loading=\"lazy\" decoding=\"async\" class=\"size-full wp-image-16543 aligncenter\" src=\"https:\/\/www.hitbotrobot.com\/es\/wp-content\/uploads\/2022\/02\/Z-Mod-KK86-actuator_13.jpg\" alt=\"\" width=\"800\" height=\"663\" srcset=\"https:\/\/www.hitbotrobot.com\/es\/wp-content\/uploads\/2022\/02\/Z-Mod-KK86-actuator_13.jpg 800w, https:\/\/www.hitbotrobot.com\/es\/wp-content\/uploads\/2022\/02\/Z-Mod-KK86-actuator_13-768x636.jpg 768w, https:\/\/www.hitbotrobot.com\/es\/wp-content\/uploads\/2022\/02\/Z-Mod-KK86-actuator_13-600x497.jpg 600w\" sizes=\"(max-width: 800px) 100vw, 800px\" \/> <img loading=\"lazy\" decoding=\"async\" class=\"size-full wp-image-16544 aligncenter\" src=\"https:\/\/www.hitbotrobot.com\/es\/wp-content\/uploads\/2022\/02\/Z-Mod-KK86-actuator_14.jpg\" alt=\"\" width=\"800\" height=\"663\" srcset=\"https:\/\/www.hitbotrobot.com\/es\/wp-content\/uploads\/2022\/02\/Z-Mod-KK86-actuator_14.jpg 800w, https:\/\/www.hitbotrobot.com\/es\/wp-content\/uploads\/2022\/02\/Z-Mod-KK86-actuator_14-768x636.jpg 768w, https:\/\/www.hitbotrobot.com\/es\/wp-content\/uploads\/2022\/02\/Z-Mod-KK86-actuator_14-600x497.jpg 600w\" sizes=\"(max-width: 800px) 100vw, 800px\" \/> <img loading=\"lazy\" decoding=\"async\" class=\"size-full wp-image-16545 aligncenter\" src=\"https:\/\/www.hitbotrobot.com\/es\/wp-content\/uploads\/2022\/02\/Z-Mod-KK86-actuator_15.jpg\" alt=\"\" width=\"800\" height=\"663\" srcset=\"https:\/\/www.hitbotrobot.com\/es\/wp-content\/uploads\/2022\/02\/Z-Mod-KK86-actuator_15.jpg 800w, https:\/\/www.hitbotrobot.com\/es\/wp-content\/uploads\/2022\/02\/Z-Mod-KK86-actuator_15-768x636.jpg 768w, https:\/\/www.hitbotrobot.com\/es\/wp-content\/uploads\/2022\/02\/Z-Mod-KK86-actuator_15-600x497.jpg 600w\" sizes=\"(max-width: 800px) 100vw, 800px\" \/><\/p>\n","protected":false},"excerpt":{"rendered":"<p>[embed]https:\/\/www.hitbot.cc\/wp-content\/uploads\/2021\/11\/smart-actuator.m4v&#8230;<\/p>\n","protected":false},"featured_media":16042,"comment_status":"open","ping_status":"closed","template":"","meta":[],"product_brand":[],"product_cat":[66],"product_tag":[],"class_list":{"0":"post-16041","1":"product","2":"type-product","3":"status-publish","4":"has-post-thumbnail","6":"product_cat-actuator","8":"first","9":"instock","10":"shipping-taxable","11":"product-type-simple"},"yoast_head":"<!-- This site is optimized with the Yoast SEO plugin v22.7 - https:\/\/yoast.com\/wordpress\/plugins\/seo\/ -->\n<title>Actuador El\u00e9ctrico 24V con Motor El\u00e9ctrico 200W | HITBOT Actuador de Robot<\/title>\n<meta name=\"description\" content=\"El actuador de la articulaci\u00f3n del robot HITBOT es f\u00e1cil de controlar por programa, tiene un motor y un controlador integrados en el interior, no necesita un sensor externo, tambi\u00e9n es f\u00e1cil colaborar con humanos.\" \/>\n<meta name=\"robots\" content=\"index, follow, max-snippet:-1, max-image-preview:large, max-video-preview:-1\" \/>\n<link rel=\"canonical\" href=\"https:\/\/www.hitbotrobot.com\/es\/product\/z-mod-kk-80-20se\/\" \/>\n<meta property=\"og:locale\" content=\"en_US\" \/>\n<meta property=\"og:type\" content=\"article\" \/>\n<meta property=\"og:title\" content=\"Actuador El\u00e9ctrico 24V con Motor El\u00e9ctrico 200W | HITBOT Actuador de Robot\" \/>\n<meta property=\"og:description\" content=\"El actuador de la articulaci\u00f3n del robot HITBOT es f\u00e1cil de controlar por programa, tiene un motor y un controlador integrados en el interior, no necesita un sensor externo, tambi\u00e9n es f\u00e1cil colaborar con humanos.\" \/>\n<meta property=\"og:url\" content=\"https:\/\/www.hitbotrobot.com\/es\/product\/z-mod-kk-80-20se\/\" \/>\n<meta property=\"og:site_name\" content=\"Huiling Tech\" \/>\n<meta property=\"article:modified_time\" content=\"2022-09-30T01:46:34+00:00\" \/>\n<meta property=\"og:image\" content=\"https:\/\/www.hitbotrobot.com\/es\/wp-content\/uploads\/2022\/02\/Z-Mod-KK86-actuator-01.jpg\" \/>\n\t<meta property=\"og:image:width\" content=\"600\" \/>\n\t<meta property=\"og:image:height\" content=\"400\" \/>\n\t<meta property=\"og:image:type\" content=\"image\/jpeg\" \/>\n<meta name=\"twitter:card\" content=\"summary_large_image\" \/>\n<meta name=\"twitter:label1\" content=\"Est. reading time\" \/>\n\t<meta name=\"twitter:data1\" content=\"5 minutes\" \/>\n<script type=\"application\/ld+json\" class=\"yoast-schema-graph\">{\"@context\":\"https:\/\/schema.org\",\"@graph\":[{\"@type\":\"WebPage\",\"@id\":\"https:\/\/www.hitbotrobot.com\/es\/product\/z-mod-kk-80-20se\/\",\"url\":\"https:\/\/www.hitbotrobot.com\/es\/product\/z-mod-kk-80-20se\/\",\"name\":\"Actuador El\u00e9ctrico 24V con Motor El\u00e9ctrico 200W | HITBOT Actuador de Robot\",\"isPartOf\":{\"@id\":\"https:\/\/www.hitbotrobot.com\/es\/#website\"},\"primaryImageOfPage\":{\"@id\":\"https:\/\/www.hitbotrobot.com\/es\/product\/z-mod-kk-80-20se\/#primaryimage\"},\"image\":{\"@id\":\"https:\/\/www.hitbotrobot.com\/es\/product\/z-mod-kk-80-20se\/#primaryimage\"},\"thumbnailUrl\":\"https:\/\/www.hitbotrobot.com\/es\/wp-content\/uploads\/2022\/02\/Z-Mod-KK86-actuator-01.jpg\",\"datePublished\":\"2022-02-21T06:55:48+00:00\",\"dateModified\":\"2022-09-30T01:46:34+00:00\",\"description\":\"El actuador de la articulaci\u00f3n del robot HITBOT es f\u00e1cil de controlar por programa, tiene un motor y un controlador integrados en el interior, no necesita un sensor externo, tambi\u00e9n es f\u00e1cil colaborar con humanos.\",\"breadcrumb\":{\"@id\":\"https:\/\/www.hitbotrobot.com\/es\/product\/z-mod-kk-80-20se\/#breadcrumb\"},\"inLanguage\":\"en-US\",\"potentialAction\":[{\"@type\":\"ReadAction\",\"target\":[\"https:\/\/www.hitbotrobot.com\/es\/product\/z-mod-kk-80-20se\/\"]}]},{\"@type\":\"ImageObject\",\"inLanguage\":\"en-US\",\"@id\":\"https:\/\/www.hitbotrobot.com\/es\/product\/z-mod-kk-80-20se\/#primaryimage\",\"url\":\"https:\/\/www.hitbotrobot.com\/es\/wp-content\/uploads\/2022\/02\/Z-Mod-KK86-actuator-01.jpg\",\"contentUrl\":\"https:\/\/www.hitbotrobot.com\/es\/wp-content\/uploads\/2022\/02\/Z-Mod-KK86-actuator-01.jpg\",\"width\":600,\"height\":400},{\"@type\":\"BreadcrumbList\",\"@id\":\"https:\/\/www.hitbotrobot.com\/es\/product\/z-mod-kk-80-20se\/#breadcrumb\",\"itemListElement\":[{\"@type\":\"ListItem\",\"position\":1,\"name\":\"Shop\",\"item\":\"https:\/\/www.hitbotrobot.com\/shop\/\"},{\"@type\":\"ListItem\",\"position\":2,\"name\":\"Actuador el\u00e9ctrico Z-Mod-KK-86-20SE\"}]},{\"@type\":\"WebSite\",\"@id\":\"https:\/\/www.hitbotrobot.com\/es\/#website\",\"url\":\"https:\/\/www.hitbotrobot.com\/es\/\",\"name\":\"Huiling Tech\",\"description\":\"Manufacturer for Robotic Arm\",\"potentialAction\":[{\"@type\":\"SearchAction\",\"target\":{\"@type\":\"EntryPoint\",\"urlTemplate\":\"https:\/\/www.hitbotrobot.com\/es\/?s={search_term_string}\"},\"query-input\":\"required name=search_term_string\"}],\"inLanguage\":\"en-US\"}]}<\/script>\n<!-- \/ Yoast SEO plugin. -->","yoast_head_json":{"title":"Actuador El\u00e9ctrico 24V con Motor El\u00e9ctrico 200W | HITBOT Actuador de Robot","description":"El actuador de la articulaci\u00f3n del robot HITBOT es f\u00e1cil de controlar por programa, tiene un motor y un controlador integrados en el interior, no necesita un sensor externo, tambi\u00e9n es f\u00e1cil colaborar con humanos.","robots":{"index":"index","follow":"follow","max-snippet":"max-snippet:-1","max-image-preview":"max-image-preview:large","max-video-preview":"max-video-preview:-1"},"canonical":"https:\/\/www.hitbotrobot.com\/es\/product\/z-mod-kk-80-20se\/","og_locale":"en_US","og_type":"article","og_title":"Actuador El\u00e9ctrico 24V con Motor El\u00e9ctrico 200W | HITBOT Actuador de Robot","og_description":"El actuador de la articulaci\u00f3n del robot HITBOT es f\u00e1cil de controlar por programa, tiene un motor y un controlador integrados en el interior, no necesita un sensor externo, tambi\u00e9n es f\u00e1cil colaborar con humanos.","og_url":"https:\/\/www.hitbotrobot.com\/es\/product\/z-mod-kk-80-20se\/","og_site_name":"Huiling Tech","article_modified_time":"2022-09-30T01:46:34+00:00","og_image":[{"width":600,"height":400,"url":"https:\/\/www.hitbotrobot.com\/es\/wp-content\/uploads\/2022\/02\/Z-Mod-KK86-actuator-01.jpg","type":"image\/jpeg"}],"twitter_card":"summary_large_image","twitter_misc":{"Est. reading time":"5 minutes"},"schema":{"@context":"https:\/\/schema.org","@graph":[{"@type":"WebPage","@id":"https:\/\/www.hitbotrobot.com\/es\/product\/z-mod-kk-80-20se\/","url":"https:\/\/www.hitbotrobot.com\/es\/product\/z-mod-kk-80-20se\/","name":"Actuador El\u00e9ctrico 24V con Motor El\u00e9ctrico 200W | HITBOT Actuador de Robot","isPartOf":{"@id":"https:\/\/www.hitbotrobot.com\/es\/#website"},"primaryImageOfPage":{"@id":"https:\/\/www.hitbotrobot.com\/es\/product\/z-mod-kk-80-20se\/#primaryimage"},"image":{"@id":"https:\/\/www.hitbotrobot.com\/es\/product\/z-mod-kk-80-20se\/#primaryimage"},"thumbnailUrl":"https:\/\/www.hitbotrobot.com\/es\/wp-content\/uploads\/2022\/02\/Z-Mod-KK86-actuator-01.jpg","datePublished":"2022-02-21T06:55:48+00:00","dateModified":"2022-09-30T01:46:34+00:00","description":"El actuador de la articulaci\u00f3n del robot HITBOT es f\u00e1cil de controlar por programa, tiene un motor y un controlador integrados en el interior, no necesita un sensor externo, tambi\u00e9n es f\u00e1cil colaborar con humanos.","breadcrumb":{"@id":"https:\/\/www.hitbotrobot.com\/es\/product\/z-mod-kk-80-20se\/#breadcrumb"},"inLanguage":"en-US","potentialAction":[{"@type":"ReadAction","target":["https:\/\/www.hitbotrobot.com\/es\/product\/z-mod-kk-80-20se\/"]}]},{"@type":"ImageObject","inLanguage":"en-US","@id":"https:\/\/www.hitbotrobot.com\/es\/product\/z-mod-kk-80-20se\/#primaryimage","url":"https:\/\/www.hitbotrobot.com\/es\/wp-content\/uploads\/2022\/02\/Z-Mod-KK86-actuator-01.jpg","contentUrl":"https:\/\/www.hitbotrobot.com\/es\/wp-content\/uploads\/2022\/02\/Z-Mod-KK86-actuator-01.jpg","width":600,"height":400},{"@type":"BreadcrumbList","@id":"https:\/\/www.hitbotrobot.com\/es\/product\/z-mod-kk-80-20se\/#breadcrumb","itemListElement":[{"@type":"ListItem","position":1,"name":"Shop","item":"https:\/\/www.hitbotrobot.com\/shop\/"},{"@type":"ListItem","position":2,"name":"Actuador el\u00e9ctrico Z-Mod-KK-86-20SE"}]},{"@type":"WebSite","@id":"https:\/\/www.hitbotrobot.com\/es\/#website","url":"https:\/\/www.hitbotrobot.com\/es\/","name":"Huiling Tech","description":"Manufacturer for Robotic Arm","potentialAction":[{"@type":"SearchAction","target":{"@type":"EntryPoint","urlTemplate":"https:\/\/www.hitbotrobot.com\/es\/?s={search_term_string}"},"query-input":"required name=search_term_string"}],"inLanguage":"en-US"}]}},"_links":{"self":[{"href":"https:\/\/www.hitbotrobot.com\/es\/wp-json\/wp\/v2\/product\/16041","targetHints":{"allow":["GET"]}}],"collection":[{"href":"https:\/\/www.hitbotrobot.com\/es\/wp-json\/wp\/v2\/product"}],"about":[{"href":"https:\/\/www.hitbotrobot.com\/es\/wp-json\/wp\/v2\/types\/product"}],"replies":[{"embeddable":true,"href":"https:\/\/www.hitbotrobot.com\/es\/wp-json\/wp\/v2\/comments?post=16041"}],"wp:featuredmedia":[{"embeddable":true,"href":"https:\/\/www.hitbotrobot.com\/es\/wp-json\/wp\/v2\/media\/16042"}],"wp:attachment":[{"href":"https:\/\/www.hitbotrobot.com\/es\/wp-json\/wp\/v2\/media?parent=16041"}],"wp:term":[{"taxonomy":"product_brand","embeddable":true,"href":"https:\/\/www.hitbotrobot.com\/es\/wp-json\/wp\/v2\/product_brand?post=16041"},{"taxonomy":"product_cat","embeddable":true,"href":"https:\/\/www.hitbotrobot.com\/es\/wp-json\/wp\/v2\/product_cat?post=16041"},{"taxonomy":"product_tag","embeddable":true,"href":"https:\/\/www.hitbotrobot.com\/es\/wp-json\/wp\/v2\/product_tag?post=16041"}],"curies":[{"name":"wp","href":"https:\/\/api.w.org\/{rel}","templated":true}]}}