{"id":16030,"date":"2022-02-21T03:05:49","date_gmt":"2022-02-21T03:05:49","guid":{"rendered":"https:\/\/www.hitbotrobot.com\/?post_type=product&#038;p=16030"},"modified":"2024-02-10T01:47:50","modified_gmt":"2024-02-10T01:47:50","slug":"z-mod-se-120-40se","status":"publish","type":"product","link":"https:\/\/www.hitbotrobot.com\/es\/product\/z-mod-se-120-40se\/","title":{"rendered":"Actuador el\u00e9ctrico rob\u00f3tico Z-Mod-SE-120-40SE"},"content":{"rendered":"<p><strong>Introducci\u00f3n del producto<\/strong>:<br \/>\nEl actuador rob\u00f3tico Z-mod tiene una apariencia hermosa, alta integraci\u00f3n con figura peque\u00f1a, funci\u00f3n potente. Ha simplificado los pasos de instalaci\u00f3n..<\/p>\n<ul>\n<li>Alta integraci\u00f3n todo en uno.<br \/>\nSe ha realizado una gran innovaci\u00f3n bajo la forma de m\u00f3dulo tradicional, en el que se ha eliminado acoplamiento y sensor. El motor y el controlador altamente integrados est\u00e1n incorporados en el m\u00f3dulo interno.<br \/>\nLa utilizaci\u00f3n del espacio es perfecta, la distancia de viaje tiene el m\u00e1ximo.<\/li>\n<li>El software es f\u00e1cil de usar.<br \/>\nNo es necesario establecer la plataforma de movimiento por s\u00ed mismos, es f\u00e1cil de operar solo con la serie de software de control Z-Arm.<br \/>\nEl entorno programable se ha simplificado extremadamente, para que los clientes que no tienen experiencia puedan trabajar conjuntamente con el actuador de manera eficiente..<\/li>\n<li>Simplificado, pero poderoso.<br \/>\nNo necesita sensor, tambi\u00e9n puede realizar control de bucle cerrado y determinaci\u00f3n de posici\u00f3n.<\/li>\n<li>Funci\u00f3n Colaborativa Especializada.<br \/>\nLa mayor precisi\u00f3n de posicionamiento se puede lograr ajustando los componentes y la direcci\u00f3n de fijaci\u00f3n.<br \/>\nEl modo Force torque\/motion puede funcionar al mismo tiempo, no es necesario aclararlo.<br \/>\nPuede ser autom\u00e1tico para detectar la altura del objeto, para decidir la futura actividad de toma y ajuste.\u2026\u2026<br \/>\nEstas funciones han hecho que Z-Mod se mueva con m\u00e1s inteligencia.<\/li>\n<li>Excelente calidad con alto costo-rendimiento.<br \/>\nEl modo Z es un rendimiento de industrializaci\u00f3n, pero solo necesita algunos cientos de d\u00f3lares, lo que puede proporcionar un servicio m\u00e1s personalizado.<\/li>\n<\/ul>\n<p><strong>Parametros del producto<\/strong>:<\/p>\n<table border=\"1\" width=\"100%\" cellspacing=\"0\" cellpadding=\"0\">\n<tbody>\n<tr>\n<td width=\"25%\">Art\u00edculo No.:<\/td>\n<td colspan=\"4\" align=\"center\">Z-Mod-SE-120-40SE<\/td>\n<\/tr>\n<tr>\n<td width=\"25%\">Motor el\u00e9ctrico<\/td>\n<td colspan=\"4\" align=\"center\">400W\/DC48V<\/td>\n<\/tr>\n<tr>\n<td width=\"25%\">Par nominal (N.m)<\/td>\n<td colspan=\"4\" align=\"center\">0.64<\/td>\n<\/tr>\n<tr>\n<td width=\"25%\">Cable de husillo de bolas (mm)<\/td>\n<td align=\"center\" width=\"20%\">5<\/td>\n<td align=\"center\" width=\"23%\">10<\/td>\n<td align=\"center\" width=\"18%\">20<\/td>\n<td align=\"center\" width=\"14%\">32<\/td>\n<\/tr>\n<tr>\n<td width=\"25%\">La velocidad m\u00e1xima\uff08mm\/sec)<\/td>\n<td align=\"center\" width=\"20%\">250<\/td>\n<td align=\"center\">500<\/td>\n<td align=\"center\">1000<\/td>\n<td align=\"center\">1600<\/td>\n<\/tr>\n<tr>\n<td width=\"25%\">Aceleraci\u00f3n nominal<\/td>\n<td align=\"center\" width=\"20%\">0.3G<\/td>\n<td align=\"center\">0.3G<\/td>\n<td align=\"center\">0.3G<\/td>\n<td align=\"center\">0.3G<\/td>\n<\/tr>\n<tr>\n<td width=\"25%\">La carga m\u00e1xima horizontal\/colgante (kg)<\/td>\n<td align=\"center\" width=\"20%\">90<\/td>\n<td align=\"center\">70<\/td>\n<td align=\"center\">35<\/td>\n<td align=\"center\">26<\/td>\n<\/tr>\n<tr>\n<td width=\"25%\">Vertical<\/td>\n<td align=\"center\" width=\"20%\">36<\/td>\n<td align=\"center\">8<\/td>\n<td align=\"center\">11<\/td>\n<td align=\"center\">8<\/td>\n<\/tr>\n<tr>\n<td width=\"25%\">Empuje nominal (N)<\/td>\n<td align=\"center\" width=\"20%\">1436.3<\/td>\n<td align=\"center\">718.2<\/td>\n<td align=\"center\">359.1<\/td>\n<td align=\"center\">224.4<\/td>\n<\/tr>\n<tr>\n<td width=\"25%\">Carrera<\/td>\n<td colspan=\"4\" align=\"center\">50-1250 (50 intervalo\uff09<\/td>\n<\/tr>\n<tr>\n<td width=\"25%\">Velocidad nominal del motor ( RPM)<\/td>\n<td colspan=\"4\" align=\"center\">3000<\/td>\n<\/tr>\n<tr>\n<td colspan=\"5\">Observaci\u00f3n: 1G=9800mm\/sec2\u3002<\/td>\n<\/tr>\n<tr>\n<td width=\"25%\">Repetibilidad<\/td>\n<td colspan=\"4\" align=\"center\">\u00b10.01mm<\/td>\n<\/tr>\n<tr>\n<td width=\"25%\">Modo de conducci\u00f3n<\/td>\n<td colspan=\"4\" align=\"center\">Husillo de bolas de \u03c616 mm, vuelta a grado C7<\/td>\n<\/tr>\n<tr>\n<td width=\"25%\">Momento m\u00e1ximo din\u00e1mico permitido (observaci\u00f3n 1)<\/td>\n<td colspan=\"4\" align=\"center\">Ma\uff1a141N\u00b7m\uff0cMb\uff1a140.1N\u00b7m\uff0cMc\uff1a288.3N\u00b7m<\/td>\n<\/tr>\n<tr>\n<td width=\"25%\">Longitud de extensi\u00f3n permitida<\/td>\n<td colspan=\"4\" align=\"center\">500mm below<\/td>\n<\/tr>\n<tr>\n<td width=\"25%\">Sensor<\/td>\n<td colspan=\"4\" align=\"center\">\u2460-LS,\u2461HOME,\u2462+LS ,NPN, 24V DC<\/td>\n<\/tr>\n<tr>\n<td width=\"25%\">Longitud del cable de la m\u00e1quina de inducci\u00f3n<\/td>\n<td colspan=\"4\" align=\"center\">2m<\/td>\n<\/tr>\n<tr>\n<td width=\"25%\">Material de base<\/td>\n<td colspan=\"4\" align=\"center\">Material de aluminio extruido, brillo blanco.<\/td>\n<\/tr>\n<tr>\n<td width=\"25%\">Requisito preciso del \u00e1rea de instalaci\u00f3n<\/td>\n<td colspan=\"4\" align=\"center\">uniformidad, por debajo de 0,05 mm<\/td>\n<\/tr>\n<tr>\n<td width=\"25%\">Ambiente de trabajo<\/td>\n<td colspan=\"4\" align=\"center\">0-4\u2103\uff0c85%RH\uff08No Frost\uff09<\/td>\n<\/tr>\n<tr>\n<td colspan=\"5\">Observaci\u00f3n 1: cuando la vida a pie es de 10000 km<\/td>\n<\/tr>\n<\/tbody>\n<\/table>\n<p><strong>Diagrama del producto<\/strong>:<br \/>\n<img fetchpriority=\"high\" decoding=\"async\" class=\"alignnone size-full wp-image-16036\" src=\"https:\/\/www.hitbotrobot.com\/es\/wp-content\/uploads\/2022\/02\/Z-Mod-SE-120-actuator-03.jpg\" alt=\"\" width=\"800\" height=\"516\" srcset=\"https:\/\/www.hitbotrobot.com\/es\/wp-content\/uploads\/2022\/02\/Z-Mod-SE-120-actuator-03.jpg 800w, https:\/\/www.hitbotrobot.com\/es\/wp-content\/uploads\/2022\/02\/Z-Mod-SE-120-actuator-03-768x495.jpg 768w, https:\/\/www.hitbotrobot.com\/es\/wp-content\/uploads\/2022\/02\/Z-Mod-SE-120-actuator-03-600x387.jpg 600w\" sizes=\"(max-width: 800px) 100vw, 800px\" \/><\/p>\n","protected":false},"excerpt":{"rendered":"<p>[embed]https:\/\/www.hitbot.cc\/wp-content\/uploads\/2021\/11\/smart-actuator.m4v&#8230;<\/p>\n","protected":false},"featured_media":16027,"comment_status":"open","ping_status":"closed","template":"","meta":[],"product_brand":[],"product_cat":[66],"product_tag":[],"class_list":{"0":"post-16030","1":"product","2":"type-product","3":"status-publish","4":"has-post-thumbnail","6":"product_cat-actuator","8":"first","9":"instock","10":"shipping-taxable","11":"product-type-simple"},"yoast_head":"<!-- This site is optimized with the Yoast SEO plugin v22.7 - https:\/\/yoast.com\/wordpress\/plugins\/seo\/ -->\n<title>Actuador El\u00e9ctrico 48V con Alta Integraci\u00f3n | HITBOT Actuador de Robot<\/title>\n<meta name=\"description\" content=\"El actuador de la articulaci\u00f3n del robot HITBOT es f\u00e1cil de controlar por programa, tiene un motor y un controlador integrados en el interior, no necesita un sensor externo, tambi\u00e9n es f\u00e1cil colaborar con humanos.\" \/>\n<meta name=\"robots\" content=\"index, follow, max-snippet:-1, max-image-preview:large, max-video-preview:-1\" \/>\n<link rel=\"canonical\" href=\"https:\/\/www.hitbotrobot.com\/es\/product\/z-mod-se-120-40se\/\" \/>\n<meta property=\"og:locale\" content=\"en_US\" \/>\n<meta property=\"og:type\" content=\"article\" \/>\n<meta property=\"og:title\" content=\"Actuador El\u00e9ctrico 48V con Alta Integraci\u00f3n | HITBOT Actuador de Robot\" \/>\n<meta property=\"og:description\" content=\"El actuador de la articulaci\u00f3n del robot HITBOT es f\u00e1cil de controlar por programa, tiene un motor y un controlador integrados en el interior, no necesita un sensor externo, tambi\u00e9n es f\u00e1cil colaborar con humanos.\" \/>\n<meta property=\"og:url\" content=\"https:\/\/www.hitbotrobot.com\/es\/product\/z-mod-se-120-40se\/\" \/>\n<meta property=\"og:site_name\" content=\"Huiling Tech\" \/>\n<meta property=\"article:modified_time\" content=\"2024-02-10T01:47:50+00:00\" \/>\n<meta property=\"og:image\" content=\"https:\/\/www.hitbotrobot.com\/es\/wp-content\/uploads\/2022\/02\/Z-Mod-SE-102-actuator-01.jpg\" \/>\n\t<meta property=\"og:image:width\" content=\"600\" \/>\n\t<meta property=\"og:image:height\" content=\"400\" \/>\n\t<meta property=\"og:image:type\" content=\"image\/jpeg\" \/>\n<meta name=\"twitter:card\" content=\"summary_large_image\" \/>\n<meta name=\"twitter:label1\" content=\"Est. reading time\" \/>\n\t<meta name=\"twitter:data1\" content=\"2 minutes\" \/>\n<script type=\"application\/ld+json\" class=\"yoast-schema-graph\">{\"@context\":\"https:\/\/schema.org\",\"@graph\":[{\"@type\":\"WebPage\",\"@id\":\"https:\/\/www.hitbotrobot.com\/es\/product\/z-mod-se-120-40se\/\",\"url\":\"https:\/\/www.hitbotrobot.com\/es\/product\/z-mod-se-120-40se\/\",\"name\":\"Actuador El\u00e9ctrico 48V con Alta Integraci\u00f3n | HITBOT Actuador de Robot\",\"isPartOf\":{\"@id\":\"https:\/\/www.hitbotrobot.com\/es\/#website\"},\"primaryImageOfPage\":{\"@id\":\"https:\/\/www.hitbotrobot.com\/es\/product\/z-mod-se-120-40se\/#primaryimage\"},\"image\":{\"@id\":\"https:\/\/www.hitbotrobot.com\/es\/product\/z-mod-se-120-40se\/#primaryimage\"},\"thumbnailUrl\":\"https:\/\/www.hitbotrobot.com\/es\/wp-content\/uploads\/2022\/02\/Z-Mod-SE-102-actuator-01.jpg\",\"datePublished\":\"2022-02-21T03:05:49+00:00\",\"dateModified\":\"2024-02-10T01:47:50+00:00\",\"description\":\"El actuador de la articulaci\u00f3n del robot HITBOT es f\u00e1cil de controlar por programa, tiene un motor y un controlador integrados en el interior, no necesita un sensor externo, tambi\u00e9n es f\u00e1cil colaborar con humanos.\",\"breadcrumb\":{\"@id\":\"https:\/\/www.hitbotrobot.com\/es\/product\/z-mod-se-120-40se\/#breadcrumb\"},\"inLanguage\":\"en-US\",\"potentialAction\":[{\"@type\":\"ReadAction\",\"target\":[\"https:\/\/www.hitbotrobot.com\/es\/product\/z-mod-se-120-40se\/\"]}]},{\"@type\":\"ImageObject\",\"inLanguage\":\"en-US\",\"@id\":\"https:\/\/www.hitbotrobot.com\/es\/product\/z-mod-se-120-40se\/#primaryimage\",\"url\":\"https:\/\/www.hitbotrobot.com\/es\/wp-content\/uploads\/2022\/02\/Z-Mod-SE-102-actuator-01.jpg\",\"contentUrl\":\"https:\/\/www.hitbotrobot.com\/es\/wp-content\/uploads\/2022\/02\/Z-Mod-SE-102-actuator-01.jpg\",\"width\":600,\"height\":400},{\"@type\":\"BreadcrumbList\",\"@id\":\"https:\/\/www.hitbotrobot.com\/es\/product\/z-mod-se-120-40se\/#breadcrumb\",\"itemListElement\":[{\"@type\":\"ListItem\",\"position\":1,\"name\":\"Shop\",\"item\":\"https:\/\/www.hitbotrobot.com\/shop\/\"},{\"@type\":\"ListItem\",\"position\":2,\"name\":\"Actuador el\u00e9ctrico rob\u00f3tico Z-Mod-SE-120-40SE\"}]},{\"@type\":\"WebSite\",\"@id\":\"https:\/\/www.hitbotrobot.com\/es\/#website\",\"url\":\"https:\/\/www.hitbotrobot.com\/es\/\",\"name\":\"Huiling Tech\",\"description\":\"Manufacturer for Robotic Arm\",\"potentialAction\":[{\"@type\":\"SearchAction\",\"target\":{\"@type\":\"EntryPoint\",\"urlTemplate\":\"https:\/\/www.hitbotrobot.com\/es\/?s={search_term_string}\"},\"query-input\":\"required name=search_term_string\"}],\"inLanguage\":\"en-US\"}]}<\/script>\n<!-- \/ Yoast SEO plugin. -->","yoast_head_json":{"title":"Actuador El\u00e9ctrico 48V con Alta Integraci\u00f3n | HITBOT Actuador de Robot","description":"El actuador de la articulaci\u00f3n del robot HITBOT es f\u00e1cil de controlar por programa, tiene un motor y un controlador integrados en el interior, no necesita un sensor externo, tambi\u00e9n es f\u00e1cil colaborar con humanos.","robots":{"index":"index","follow":"follow","max-snippet":"max-snippet:-1","max-image-preview":"max-image-preview:large","max-video-preview":"max-video-preview:-1"},"canonical":"https:\/\/www.hitbotrobot.com\/es\/product\/z-mod-se-120-40se\/","og_locale":"en_US","og_type":"article","og_title":"Actuador El\u00e9ctrico 48V con Alta Integraci\u00f3n | HITBOT Actuador de Robot","og_description":"El actuador de la articulaci\u00f3n del robot HITBOT es f\u00e1cil de controlar por programa, tiene un motor y un controlador integrados en el interior, no necesita un sensor externo, tambi\u00e9n es f\u00e1cil colaborar con humanos.","og_url":"https:\/\/www.hitbotrobot.com\/es\/product\/z-mod-se-120-40se\/","og_site_name":"Huiling Tech","article_modified_time":"2024-02-10T01:47:50+00:00","og_image":[{"width":600,"height":400,"url":"https:\/\/www.hitbotrobot.com\/es\/wp-content\/uploads\/2022\/02\/Z-Mod-SE-102-actuator-01.jpg","type":"image\/jpeg"}],"twitter_card":"summary_large_image","twitter_misc":{"Est. reading time":"2 minutes"},"schema":{"@context":"https:\/\/schema.org","@graph":[{"@type":"WebPage","@id":"https:\/\/www.hitbotrobot.com\/es\/product\/z-mod-se-120-40se\/","url":"https:\/\/www.hitbotrobot.com\/es\/product\/z-mod-se-120-40se\/","name":"Actuador El\u00e9ctrico 48V con Alta Integraci\u00f3n | HITBOT Actuador de Robot","isPartOf":{"@id":"https:\/\/www.hitbotrobot.com\/es\/#website"},"primaryImageOfPage":{"@id":"https:\/\/www.hitbotrobot.com\/es\/product\/z-mod-se-120-40se\/#primaryimage"},"image":{"@id":"https:\/\/www.hitbotrobot.com\/es\/product\/z-mod-se-120-40se\/#primaryimage"},"thumbnailUrl":"https:\/\/www.hitbotrobot.com\/es\/wp-content\/uploads\/2022\/02\/Z-Mod-SE-102-actuator-01.jpg","datePublished":"2022-02-21T03:05:49+00:00","dateModified":"2024-02-10T01:47:50+00:00","description":"El actuador de la articulaci\u00f3n del robot HITBOT es f\u00e1cil de controlar por programa, tiene un motor y un controlador integrados en el interior, no necesita un sensor externo, tambi\u00e9n es f\u00e1cil colaborar con humanos.","breadcrumb":{"@id":"https:\/\/www.hitbotrobot.com\/es\/product\/z-mod-se-120-40se\/#breadcrumb"},"inLanguage":"en-US","potentialAction":[{"@type":"ReadAction","target":["https:\/\/www.hitbotrobot.com\/es\/product\/z-mod-se-120-40se\/"]}]},{"@type":"ImageObject","inLanguage":"en-US","@id":"https:\/\/www.hitbotrobot.com\/es\/product\/z-mod-se-120-40se\/#primaryimage","url":"https:\/\/www.hitbotrobot.com\/es\/wp-content\/uploads\/2022\/02\/Z-Mod-SE-102-actuator-01.jpg","contentUrl":"https:\/\/www.hitbotrobot.com\/es\/wp-content\/uploads\/2022\/02\/Z-Mod-SE-102-actuator-01.jpg","width":600,"height":400},{"@type":"BreadcrumbList","@id":"https:\/\/www.hitbotrobot.com\/es\/product\/z-mod-se-120-40se\/#breadcrumb","itemListElement":[{"@type":"ListItem","position":1,"name":"Shop","item":"https:\/\/www.hitbotrobot.com\/shop\/"},{"@type":"ListItem","position":2,"name":"Actuador el\u00e9ctrico rob\u00f3tico Z-Mod-SE-120-40SE"}]},{"@type":"WebSite","@id":"https:\/\/www.hitbotrobot.com\/es\/#website","url":"https:\/\/www.hitbotrobot.com\/es\/","name":"Huiling Tech","description":"Manufacturer for Robotic Arm","potentialAction":[{"@type":"SearchAction","target":{"@type":"EntryPoint","urlTemplate":"https:\/\/www.hitbotrobot.com\/es\/?s={search_term_string}"},"query-input":"required name=search_term_string"}],"inLanguage":"en-US"}]}},"_links":{"self":[{"href":"https:\/\/www.hitbotrobot.com\/es\/wp-json\/wp\/v2\/product\/16030","targetHints":{"allow":["GET"]}}],"collection":[{"href":"https:\/\/www.hitbotrobot.com\/es\/wp-json\/wp\/v2\/product"}],"about":[{"href":"https:\/\/www.hitbotrobot.com\/es\/wp-json\/wp\/v2\/types\/product"}],"replies":[{"embeddable":true,"href":"https:\/\/www.hitbotrobot.com\/es\/wp-json\/wp\/v2\/comments?post=16030"}],"wp:featuredmedia":[{"embeddable":true,"href":"https:\/\/www.hitbotrobot.com\/es\/wp-json\/wp\/v2\/media\/16027"}],"wp:attachment":[{"href":"https:\/\/www.hitbotrobot.com\/es\/wp-json\/wp\/v2\/media?parent=16030"}],"wp:term":[{"taxonomy":"product_brand","embeddable":true,"href":"https:\/\/www.hitbotrobot.com\/es\/wp-json\/wp\/v2\/product_brand?post=16030"},{"taxonomy":"product_cat","embeddable":true,"href":"https:\/\/www.hitbotrobot.com\/es\/wp-json\/wp\/v2\/product_cat?post=16030"},{"taxonomy":"product_tag","embeddable":true,"href":"https:\/\/www.hitbotrobot.com\/es\/wp-json\/wp\/v2\/product_tag?post=16030"}],"curies":[{"name":"wp","href":"https:\/\/api.w.org\/{rel}","templated":true}]}}