{"id":16008,"date":"2022-02-14T09:28:19","date_gmt":"2022-02-14T09:28:19","guid":{"rendered":"https:\/\/www.hitbotrobot.com\/?post_type=product&#038;p=16008"},"modified":"2022-09-29T09:40:36","modified_gmt":"2022-09-29T09:40:36","slug":"z-efg-50","status":"publish","type":"product","link":"https:\/\/www.hitbotrobot.com\/es\/product\/z-efg-50\/","title":{"rendered":"Pinza el\u00e9ctrica Z-EFG-50"},"content":{"rendered":"<p><strong>Introducci\u00f3n del producto<\/strong>:<br \/>\nZ-EFG-50 es una pinza el\u00e9ctrica, con servomotor. El Z-EFG-50 tiene motor y controlador integrados, su tama\u00f1o es peque\u00f1o, pero tiene una funci\u00f3n poderosa, puede reemplazar la pinza de aire tradicional y ahorra mucho espacio de trabajo.<\/p>\n<ul>\n<li>Z-EFG-50 has the function of clamping drop and district output.<\/li>\n<li>Its force, bit, speed can be actually controlled by Modbus.<\/li>\n<li>Long Lifespan: tens of million circle, better than air gripper.<\/li>\n<li>Controller is built-in, its working space is small, easy to integrate.<\/li>\n<li>Control Mode: 485 (Modbus RTU), Pulse, I\/O.<\/li>\n<\/ul>\n<p><img fetchpriority=\"high\" decoding=\"async\" class=\"alignnone size-full wp-image-16009\" src=\"https:\/\/www.hitbotrobot.com\/es\/wp-content\/uploads\/2022\/02\/Z-EFG-50-Robot-Arm-02.jpg\" alt=\"\" width=\"800\" height=\"625\" srcset=\"https:\/\/www.hitbotrobot.com\/es\/wp-content\/uploads\/2022\/02\/Z-EFG-50-Robot-Arm-02.jpg 800w, https:\/\/www.hitbotrobot.com\/es\/wp-content\/uploads\/2022\/02\/Z-EFG-50-Robot-Arm-02-768x600.jpg 768w, https:\/\/www.hitbotrobot.com\/es\/wp-content\/uploads\/2022\/02\/Z-EFG-50-Robot-Arm-02-600x469.jpg 600w\" sizes=\"(max-width: 800px) 100vw, 800px\" \/><\/p>\n<p><strong>Product Parameters<\/strong>:<\/p>\n<table style=\"border-collapse: collapse;\" border=\"1\" width=\"90%\" cellspacing=\"0\" cellpadding=\"0\">\n<tbody>\n<tr>\n<td colspan=\"2\">\u00a0 Product Name:<\/td>\n<td>\u00a0 Robotic Electric Gripper<\/td>\n<\/tr>\n<tr>\n<td colspan=\"2\">\u00a0 Item No.:<\/td>\n<td>\u00a0 Z-EFG-50<\/td>\n<\/tr>\n<tr>\n<td colspan=\"2\">\u00a0 Total Stroke<\/td>\n<td>\u00a0 50mm<\/td>\n<\/tr>\n<tr>\n<td colspan=\"2\">\u00a0 Clamping Force<\/td>\n<td>\u00a0 15N-50N<\/td>\n<\/tr>\n<tr>\n<td colspan=\"2\">\u00a0 Repeatability<\/td>\n<td>\u00a0 \u00b10.02mm<\/td>\n<\/tr>\n<tr>\n<td colspan=\"2\">\u00a0 Recommended Clamping Weight<\/td>\n<td>\u00a0 \u22640.5kg<\/td>\n<\/tr>\n<tr>\n<td colspan=\"2\">\u00a0 Transmission Mode<\/td>\n<td>\u00a0 Rack and pinion + linear guide<\/td>\n<\/tr>\n<tr>\n<td colspan=\"2\">\u00a0 Grease supply of moving components<\/td>\n<td>\u00a0 1 million per time or every six months per time<\/td>\n<\/tr>\n<tr>\n<td colspan=\"2\">\u00a0 Motion time of Single Stroke<\/td>\n<td>\u00a0 0.3s<\/td>\n<\/tr>\n<tr>\n<td colspan=\"2\">\u00a0 Motor Type<\/td>\n<td>\u00a0 Servo Motor<\/td>\n<\/tr>\n<tr>\n<td colspan=\"2\">\u00a0 Product Weight<\/td>\n<td>\u00a0 0.7KG<\/td>\n<\/tr>\n<tr>\n<td colspan=\"2\">\u00a0 Product Dimension(L*W*H)<\/td>\n<td>\u00a0 68mm*38mm*108mm<\/td>\n<\/tr>\n<tr>\n<td colspan=\"2\">\u00a0 Work Voltage<\/td>\n<td>\u00a0 24V\u00b110%<\/td>\n<\/tr>\n<tr>\n<td colspan=\"2\">\u00a0 Motion Mode<\/td>\n<td>\u00a0 Two fingers parallel<\/td>\n<\/tr>\n<tr>\n<td colspan=\"2\">\u00a0 Stroke Adjustable<\/td>\n<td>\u00a0 Support<\/td>\n<\/tr>\n<tr>\n<td colspan=\"2\">\u00a0 Clamping Force Adjustable<\/td>\n<td>\u00a0 Support<\/td>\n<\/tr>\n<tr>\n<td colspan=\"2\">\u00a0 Peak Current<\/td>\n<td>\u00a0 1A<\/td>\n<\/tr>\n<tr>\n<td colspan=\"2\">\u00a0 Rated Current<\/td>\n<td>\u00a0 0.5A<\/td>\n<\/tr>\n<tr>\n<td colspan=\"2\">\u00a0 The Maximum Current<\/td>\n<td>\u00a0 2A<\/td>\n<\/tr>\n<tr>\n<td colspan=\"2\">\u00a0 Protection Grade<\/td>\n<td>\u00a0 IP20<\/td>\n<\/tr>\n<tr>\n<td colspan=\"2\">\u00a0 Working Temperature Range<\/td>\n<td>\u00a0 5-55\u2103<\/td>\n<\/tr>\n<tr>\n<td colspan=\"2\">\u00a0 Working Humidity Range<\/td>\n<td>\u00a0 RH35-80 (No Frost)<\/td>\n<\/tr>\n<\/tbody>\n<\/table>\n<p><strong>Product Description:<\/strong><br \/>\n<img decoding=\"async\" class=\"alignnone size-full wp-image-15976\" src=\"https:\/\/www.hitbotrobot.com\/es\/wp-content\/uploads\/2022\/02\/Z-EFG-20-robot-electric-detail-02.jpg\" alt=\"\" width=\"800\" height=\"310\" srcset=\"https:\/\/www.hitbotrobot.com\/es\/wp-content\/uploads\/2022\/02\/Z-EFG-20-robot-electric-detail-02.jpg 800w, https:\/\/www.hitbotrobot.com\/es\/wp-content\/uploads\/2022\/02\/Z-EFG-20-robot-electric-detail-02-768x298.jpg 768w, https:\/\/www.hitbotrobot.com\/es\/wp-content\/uploads\/2022\/02\/Z-EFG-20-robot-electric-detail-02-600x233.jpg 600w\" sizes=\"(max-width: 800px) 100vw, 800px\" \/><\/p>\n<p><strong>Product Size Diagram<\/strong>:<br \/>\n<img decoding=\"async\" class=\"alignnone size-full wp-image-16011\" src=\"https:\/\/www.hitbotrobot.com\/es\/wp-content\/uploads\/2022\/02\/Z-EFG-50-Robot-Arm-03.jpg\" alt=\"\" width=\"800\" height=\"495\" srcset=\"https:\/\/www.hitbotrobot.com\/es\/wp-content\/uploads\/2022\/02\/Z-EFG-50-Robot-Arm-03.jpg 800w, https:\/\/www.hitbotrobot.com\/es\/wp-content\/uploads\/2022\/02\/Z-EFG-50-Robot-Arm-03-768x475.jpg 768w, https:\/\/www.hitbotrobot.com\/es\/wp-content\/uploads\/2022\/02\/Z-EFG-50-Robot-Arm-03-255x157.jpg 255w, https:\/\/www.hitbotrobot.com\/es\/wp-content\/uploads\/2022\/02\/Z-EFG-50-Robot-Arm-03-600x371.jpg 600w\" sizes=\"(max-width: 800px) 100vw, 800px\" \/> <img loading=\"lazy\" decoding=\"async\" class=\"alignnone size-full wp-image-16012\" src=\"https:\/\/www.hitbotrobot.com\/es\/wp-content\/uploads\/2022\/02\/Z-EFG-50-Robot-Arm-04.jpg\" alt=\"\" width=\"800\" height=\"528\" srcset=\"https:\/\/www.hitbotrobot.com\/es\/wp-content\/uploads\/2022\/02\/Z-EFG-50-Robot-Arm-04.jpg 800w, https:\/\/www.hitbotrobot.com\/es\/wp-content\/uploads\/2022\/02\/Z-EFG-50-Robot-Arm-04-768x507.jpg 768w, https:\/\/www.hitbotrobot.com\/es\/wp-content\/uploads\/2022\/02\/Z-EFG-50-Robot-Arm-04-600x396.jpg 600w\" sizes=\"(max-width: 800px) 100vw, 800px\" \/><\/p>\n<p><strong>Product Application:<\/strong><br \/>\n<img loading=\"lazy\" decoding=\"async\" class=\"alignnone size-full wp-image-15979\" src=\"https:\/\/www.hitbotrobot.com\/es\/wp-content\/uploads\/2022\/02\/Z-EFG-20-robot-electric-detail-05.jpg\" alt=\"\" width=\"800\" height=\"414\" srcset=\"https:\/\/www.hitbotrobot.com\/es\/wp-content\/uploads\/2022\/02\/Z-EFG-20-robot-electric-detail-05.jpg 800w, https:\/\/www.hitbotrobot.com\/es\/wp-content\/uploads\/2022\/02\/Z-EFG-20-robot-electric-detail-05-768x397.jpg 768w, https:\/\/www.hitbotrobot.com\/es\/wp-content\/uploads\/2022\/02\/Z-EFG-20-robot-electric-detail-05-600x311.jpg 600w\" sizes=\"(max-width: 800px) 100vw, 800px\" \/><\/p>\n","protected":false},"excerpt":{"rendered":"<p>[embed]https:\/\/www.youtube.com\/watch?v=yoZd9xk5r3U&#8230;<\/p>\n","protected":false},"featured_media":16013,"comment_status":"open","ping_status":"closed","template":"","meta":[],"product_brand":[],"product_cat":[39],"product_tag":[105],"class_list":{"0":"post-16008","1":"product","2":"type-product","3":"status-publish","4":"has-post-thumbnail","6":"product_cat-robotic-gripper","7":"product_tag-electric-parallel-gripper","9":"first","10":"instock","11":"shipping-taxable","12":"product-type-simple"},"yoast_head":"<!-- This site is optimized with the Yoast SEO plugin v22.7 - https:\/\/yoast.com\/wordpress\/plugins\/seo\/ -->\n<title>50mm Stroke Soft Gripper_Servo Driving Electric 2-Fingers Parallel Gripper | HITBOT<\/title>\n<meta name=\"description\" content=\"Z-EFG-50 soft gripper has 50mm for total stroke, it is driven by servo motor, also named as servo driving electric 2-fingers parallel gripper.\" \/>\n<meta name=\"robots\" content=\"index, follow, max-snippet:-1, max-image-preview:large, max-video-preview:-1\" \/>\n<link rel=\"canonical\" href=\"https:\/\/www.hitbotrobot.com\/es\/product\/z-efg-50\/\" \/>\n<meta property=\"og:locale\" content=\"en_US\" \/>\n<meta property=\"og:type\" content=\"article\" \/>\n<meta property=\"og:title\" content=\"50mm Stroke Soft Gripper_Servo Driving Electric 2-Fingers Parallel Gripper | HITBOT\" \/>\n<meta property=\"og:description\" content=\"Z-EFG-50 soft gripper has 50mm for total stroke, it is driven by servo motor, also named as servo driving electric 2-fingers parallel gripper.\" \/>\n<meta property=\"og:url\" content=\"https:\/\/www.hitbotrobot.com\/es\/product\/z-efg-50\/\" \/>\n<meta property=\"og:site_name\" content=\"Huiling Tech\" \/>\n<meta property=\"article:modified_time\" content=\"2022-09-29T09:40:36+00:00\" \/>\n<meta property=\"og:image\" content=\"https:\/\/www.hitbotrobot.com\/es\/wp-content\/uploads\/2022\/02\/Z-EFG-50-Robot-Arm-001.jpg\" \/>\n\t<meta property=\"og:image:width\" content=\"600\" \/>\n\t<meta property=\"og:image:height\" content=\"400\" \/>\n\t<meta property=\"og:image:type\" content=\"image\/jpeg\" \/>\n<meta name=\"twitter:card\" content=\"summary_large_image\" \/>\n<meta name=\"twitter:label1\" content=\"Est. reading time\" \/>\n\t<meta name=\"twitter:data1\" content=\"2 minutes\" \/>\n<script type=\"application\/ld+json\" class=\"yoast-schema-graph\">{\"@context\":\"https:\/\/schema.org\",\"@graph\":[{\"@type\":\"WebPage\",\"@id\":\"https:\/\/www.hitbotrobot.com\/es\/product\/z-efg-50\/\",\"url\":\"https:\/\/www.hitbotrobot.com\/es\/product\/z-efg-50\/\",\"name\":\"50mm Stroke Soft Gripper_Servo Driving Electric 2-Fingers Parallel Gripper | HITBOT\",\"isPartOf\":{\"@id\":\"https:\/\/www.hitbotrobot.com\/es\/#website\"},\"primaryImageOfPage\":{\"@id\":\"https:\/\/www.hitbotrobot.com\/es\/product\/z-efg-50\/#primaryimage\"},\"image\":{\"@id\":\"https:\/\/www.hitbotrobot.com\/es\/product\/z-efg-50\/#primaryimage\"},\"thumbnailUrl\":\"https:\/\/www.hitbotrobot.com\/es\/wp-content\/uploads\/2022\/02\/Z-EFG-50-Robot-Arm-001.jpg\",\"datePublished\":\"2022-02-14T09:28:19+00:00\",\"dateModified\":\"2022-09-29T09:40:36+00:00\",\"description\":\"Z-EFG-50 soft gripper has 50mm for total stroke, it is driven by servo motor, also named as servo driving electric 2-fingers parallel gripper.\",\"breadcrumb\":{\"@id\":\"https:\/\/www.hitbotrobot.com\/es\/product\/z-efg-50\/#breadcrumb\"},\"inLanguage\":\"en-US\",\"potentialAction\":[{\"@type\":\"ReadAction\",\"target\":[\"https:\/\/www.hitbotrobot.com\/es\/product\/z-efg-50\/\"]}]},{\"@type\":\"ImageObject\",\"inLanguage\":\"en-US\",\"@id\":\"https:\/\/www.hitbotrobot.com\/es\/product\/z-efg-50\/#primaryimage\",\"url\":\"https:\/\/www.hitbotrobot.com\/es\/wp-content\/uploads\/2022\/02\/Z-EFG-50-Robot-Arm-001.jpg\",\"contentUrl\":\"https:\/\/www.hitbotrobot.com\/es\/wp-content\/uploads\/2022\/02\/Z-EFG-50-Robot-Arm-001.jpg\",\"width\":600,\"height\":400},{\"@type\":\"BreadcrumbList\",\"@id\":\"https:\/\/www.hitbotrobot.com\/es\/product\/z-efg-50\/#breadcrumb\",\"itemListElement\":[{\"@type\":\"ListItem\",\"position\":1,\"name\":\"Shop\",\"item\":\"https:\/\/www.hitbotrobot.com\/shop\/\"},{\"@type\":\"ListItem\",\"position\":2,\"name\":\"Pinza el\u00e9ctrica Z-EFG-50\"}]},{\"@type\":\"WebSite\",\"@id\":\"https:\/\/www.hitbotrobot.com\/es\/#website\",\"url\":\"https:\/\/www.hitbotrobot.com\/es\/\",\"name\":\"Huiling Tech\",\"description\":\"Manufacturer for Robotic Arm\",\"potentialAction\":[{\"@type\":\"SearchAction\",\"target\":{\"@type\":\"EntryPoint\",\"urlTemplate\":\"https:\/\/www.hitbotrobot.com\/es\/?s={search_term_string}\"},\"query-input\":\"required name=search_term_string\"}],\"inLanguage\":\"en-US\"}]}<\/script>\n<!-- \/ Yoast SEO plugin. -->","yoast_head_json":{"title":"50mm Stroke Soft Gripper_Servo Driving Electric 2-Fingers Parallel Gripper | HITBOT","description":"Z-EFG-50 soft gripper has 50mm for total stroke, it is driven by servo motor, also named as servo driving electric 2-fingers parallel gripper.","robots":{"index":"index","follow":"follow","max-snippet":"max-snippet:-1","max-image-preview":"max-image-preview:large","max-video-preview":"max-video-preview:-1"},"canonical":"https:\/\/www.hitbotrobot.com\/es\/product\/z-efg-50\/","og_locale":"en_US","og_type":"article","og_title":"50mm Stroke Soft Gripper_Servo Driving Electric 2-Fingers Parallel Gripper | HITBOT","og_description":"Z-EFG-50 soft gripper has 50mm for total stroke, it is driven by servo motor, also named as servo driving electric 2-fingers parallel gripper.","og_url":"https:\/\/www.hitbotrobot.com\/es\/product\/z-efg-50\/","og_site_name":"Huiling Tech","article_modified_time":"2022-09-29T09:40:36+00:00","og_image":[{"width":600,"height":400,"url":"https:\/\/www.hitbotrobot.com\/es\/wp-content\/uploads\/2022\/02\/Z-EFG-50-Robot-Arm-001.jpg","type":"image\/jpeg"}],"twitter_card":"summary_large_image","twitter_misc":{"Est. reading time":"2 minutes"},"schema":{"@context":"https:\/\/schema.org","@graph":[{"@type":"WebPage","@id":"https:\/\/www.hitbotrobot.com\/es\/product\/z-efg-50\/","url":"https:\/\/www.hitbotrobot.com\/es\/product\/z-efg-50\/","name":"50mm Stroke Soft Gripper_Servo Driving Electric 2-Fingers Parallel Gripper | HITBOT","isPartOf":{"@id":"https:\/\/www.hitbotrobot.com\/es\/#website"},"primaryImageOfPage":{"@id":"https:\/\/www.hitbotrobot.com\/es\/product\/z-efg-50\/#primaryimage"},"image":{"@id":"https:\/\/www.hitbotrobot.com\/es\/product\/z-efg-50\/#primaryimage"},"thumbnailUrl":"https:\/\/www.hitbotrobot.com\/es\/wp-content\/uploads\/2022\/02\/Z-EFG-50-Robot-Arm-001.jpg","datePublished":"2022-02-14T09:28:19+00:00","dateModified":"2022-09-29T09:40:36+00:00","description":"Z-EFG-50 soft gripper has 50mm for total stroke, it is driven by servo motor, also named as servo driving electric 2-fingers parallel gripper.","breadcrumb":{"@id":"https:\/\/www.hitbotrobot.com\/es\/product\/z-efg-50\/#breadcrumb"},"inLanguage":"en-US","potentialAction":[{"@type":"ReadAction","target":["https:\/\/www.hitbotrobot.com\/es\/product\/z-efg-50\/"]}]},{"@type":"ImageObject","inLanguage":"en-US","@id":"https:\/\/www.hitbotrobot.com\/es\/product\/z-efg-50\/#primaryimage","url":"https:\/\/www.hitbotrobot.com\/es\/wp-content\/uploads\/2022\/02\/Z-EFG-50-Robot-Arm-001.jpg","contentUrl":"https:\/\/www.hitbotrobot.com\/es\/wp-content\/uploads\/2022\/02\/Z-EFG-50-Robot-Arm-001.jpg","width":600,"height":400},{"@type":"BreadcrumbList","@id":"https:\/\/www.hitbotrobot.com\/es\/product\/z-efg-50\/#breadcrumb","itemListElement":[{"@type":"ListItem","position":1,"name":"Shop","item":"https:\/\/www.hitbotrobot.com\/shop\/"},{"@type":"ListItem","position":2,"name":"Pinza el\u00e9ctrica Z-EFG-50"}]},{"@type":"WebSite","@id":"https:\/\/www.hitbotrobot.com\/es\/#website","url":"https:\/\/www.hitbotrobot.com\/es\/","name":"Huiling Tech","description":"Manufacturer for Robotic Arm","potentialAction":[{"@type":"SearchAction","target":{"@type":"EntryPoint","urlTemplate":"https:\/\/www.hitbotrobot.com\/es\/?s={search_term_string}"},"query-input":"required name=search_term_string"}],"inLanguage":"en-US"}]}},"_links":{"self":[{"href":"https:\/\/www.hitbotrobot.com\/es\/wp-json\/wp\/v2\/product\/16008","targetHints":{"allow":["GET"]}}],"collection":[{"href":"https:\/\/www.hitbotrobot.com\/es\/wp-json\/wp\/v2\/product"}],"about":[{"href":"https:\/\/www.hitbotrobot.com\/es\/wp-json\/wp\/v2\/types\/product"}],"replies":[{"embeddable":true,"href":"https:\/\/www.hitbotrobot.com\/es\/wp-json\/wp\/v2\/comments?post=16008"}],"wp:featuredmedia":[{"embeddable":true,"href":"https:\/\/www.hitbotrobot.com\/es\/wp-json\/wp\/v2\/media\/16013"}],"wp:attachment":[{"href":"https:\/\/www.hitbotrobot.com\/es\/wp-json\/wp\/v2\/media?parent=16008"}],"wp:term":[{"taxonomy":"product_brand","embeddable":true,"href":"https:\/\/www.hitbotrobot.com\/es\/wp-json\/wp\/v2\/product_brand?post=16008"},{"taxonomy":"product_cat","embeddable":true,"href":"https:\/\/www.hitbotrobot.com\/es\/wp-json\/wp\/v2\/product_cat?post=16008"},{"taxonomy":"product_tag","embeddable":true,"href":"https:\/\/www.hitbotrobot.com\/es\/wp-json\/wp\/v2\/product_tag?post=16008"}],"curies":[{"name":"wp","href":"https:\/\/api.w.org\/{rel}","templated":true}]}}