{"id":16002,"date":"2022-02-14T07:37:43","date_gmt":"2022-02-14T07:37:43","guid":{"rendered":"https:\/\/www.hitbotrobot.com\/?post_type=product&#038;p=16002"},"modified":"2025-12-31T10:16:50","modified_gmt":"2025-12-31T10:16:50","slug":"s1400","status":"publish","type":"product","link":"https:\/\/www.hitbotrobot.com\/es\/product\/s1400\/","title":{"rendered":"Brazo rob\u00f3tico S1400 HITBOT"},"content":{"rendered":"<p><img fetchpriority=\"high\" decoding=\"async\" class=\"alignnone size-full wp-image-16651 aligncenter\" src=\"https:\/\/www.hitbotrobot.com\/es\/wp-content\/uploads\/2022\/02\/S1400-robot_01-1.jpg\" alt=\"\" width=\"800\" height=\"701\" srcset=\"https:\/\/www.hitbotrobot.com\/es\/wp-content\/uploads\/2022\/02\/S1400-robot_01-1.jpg 800w, https:\/\/www.hitbotrobot.com\/es\/wp-content\/uploads\/2022\/02\/S1400-robot_01-1-768x673.jpg 768w, https:\/\/www.hitbotrobot.com\/es\/wp-content\/uploads\/2022\/02\/S1400-robot_01-1-600x526.jpg 600w\" sizes=\"(max-width: 800px) 100vw, 800px\" \/> <img decoding=\"async\" class=\"alignnone size-full wp-image-16652 aligncenter\" src=\"https:\/\/www.hitbotrobot.com\/es\/wp-content\/uploads\/2022\/02\/S1400-robot_02-1.jpg\" alt=\"\" width=\"800\" height=\"701\" srcset=\"https:\/\/www.hitbotrobot.com\/es\/wp-content\/uploads\/2022\/02\/S1400-robot_02-1.jpg 800w, https:\/\/www.hitbotrobot.com\/es\/wp-content\/uploads\/2022\/02\/S1400-robot_02-1-768x673.jpg 768w, https:\/\/www.hitbotrobot.com\/es\/wp-content\/uploads\/2022\/02\/S1400-robot_02-1-600x526.jpg 600w\" sizes=\"(max-width: 800px) 100vw, 800px\" \/> <img decoding=\"async\" class=\"alignnone size-full wp-image-16653 aligncenter\" src=\"https:\/\/www.hitbotrobot.com\/es\/wp-content\/uploads\/2022\/02\/S1400-robot_03-1.jpg\" alt=\"\" width=\"800\" height=\"701\" srcset=\"https:\/\/www.hitbotrobot.com\/es\/wp-content\/uploads\/2022\/02\/S1400-robot_03-1.jpg 800w, https:\/\/www.hitbotrobot.com\/es\/wp-content\/uploads\/2022\/02\/S1400-robot_03-1-768x673.jpg 768w, https:\/\/www.hitbotrobot.com\/es\/wp-content\/uploads\/2022\/02\/S1400-robot_03-1-600x526.jpg 600w\" sizes=\"(max-width: 800px) 100vw, 800px\" \/> <img loading=\"lazy\" decoding=\"async\" class=\"alignnone size-full wp-image-16654 aligncenter\" src=\"https:\/\/www.hitbotrobot.com\/es\/wp-content\/uploads\/2022\/02\/S1400-robot_04-1.jpg\" alt=\"\" width=\"800\" height=\"701\" srcset=\"https:\/\/www.hitbotrobot.com\/es\/wp-content\/uploads\/2022\/02\/S1400-robot_04-1.jpg 800w, https:\/\/www.hitbotrobot.com\/es\/wp-content\/uploads\/2022\/02\/S1400-robot_04-1-768x673.jpg 768w, https:\/\/www.hitbotrobot.com\/es\/wp-content\/uploads\/2022\/02\/S1400-robot_04-1-600x526.jpg 600w\" sizes=\"(max-width: 800px) 100vw, 800px\" \/> <img loading=\"lazy\" decoding=\"async\" class=\"alignnone size-full wp-image-16655 aligncenter\" src=\"https:\/\/www.hitbotrobot.com\/es\/wp-content\/uploads\/2022\/02\/S1400-robot_05-1.jpg\" alt=\"\" width=\"800\" height=\"701\" srcset=\"https:\/\/www.hitbotrobot.com\/es\/wp-content\/uploads\/2022\/02\/S1400-robot_05-1.jpg 800w, https:\/\/www.hitbotrobot.com\/es\/wp-content\/uploads\/2022\/02\/S1400-robot_05-1-768x673.jpg 768w, https:\/\/www.hitbotrobot.com\/es\/wp-content\/uploads\/2022\/02\/S1400-robot_05-1-600x526.jpg 600w\" sizes=\"(max-width: 800px) 100vw, 800px\" \/> <img loading=\"lazy\" decoding=\"async\" class=\"alignnone size-full wp-image-16656 aligncenter\" src=\"https:\/\/www.hitbotrobot.com\/es\/wp-content\/uploads\/2022\/02\/S1400-robot_06-1.jpg\" alt=\"\" width=\"800\" height=\"701\" srcset=\"https:\/\/www.hitbotrobot.com\/es\/wp-content\/uploads\/2022\/02\/S1400-robot_06-1.jpg 800w, https:\/\/www.hitbotrobot.com\/es\/wp-content\/uploads\/2022\/02\/S1400-robot_06-1-768x673.jpg 768w, https:\/\/www.hitbotrobot.com\/es\/wp-content\/uploads\/2022\/02\/S1400-robot_06-1-600x526.jpg 600w\" sizes=\"(max-width: 800px) 100vw, 800px\" \/> <img loading=\"lazy\" decoding=\"async\" class=\"alignnone size-full wp-image-16657 aligncenter\" src=\"https:\/\/www.hitbotrobot.com\/es\/wp-content\/uploads\/2022\/02\/S1400-robot_07-1.jpg\" alt=\"\" width=\"800\" height=\"701\" srcset=\"https:\/\/www.hitbotrobot.com\/es\/wp-content\/uploads\/2022\/02\/S1400-robot_07-1.jpg 800w, https:\/\/www.hitbotrobot.com\/es\/wp-content\/uploads\/2022\/02\/S1400-robot_07-1-768x673.jpg 768w, https:\/\/www.hitbotrobot.com\/es\/wp-content\/uploads\/2022\/02\/S1400-robot_07-1-600x526.jpg 600w\" sizes=\"(max-width: 800px) 100vw, 800px\" \/> <img loading=\"lazy\" decoding=\"async\" class=\"alignnone size-full wp-image-16658 aligncenter\" src=\"https:\/\/www.hitbotrobot.com\/es\/wp-content\/uploads\/2022\/02\/S1400-robot_08-1.jpg\" alt=\"\" width=\"800\" height=\"701\" srcset=\"https:\/\/www.hitbotrobot.com\/es\/wp-content\/uploads\/2022\/02\/S1400-robot_08-1.jpg 800w, https:\/\/www.hitbotrobot.com\/es\/wp-content\/uploads\/2022\/02\/S1400-robot_08-1-768x673.jpg 768w, https:\/\/www.hitbotrobot.com\/es\/wp-content\/uploads\/2022\/02\/S1400-robot_08-1-600x526.jpg 600w\" sizes=\"(max-width: 800px) 100vw, 800px\" \/> <img loading=\"lazy\" decoding=\"async\" class=\"alignnone size-full wp-image-16659 aligncenter\" src=\"https:\/\/www.hitbotrobot.com\/es\/wp-content\/uploads\/2022\/02\/S1400-robot_09-1.jpg\" alt=\"\" width=\"800\" height=\"701\" srcset=\"https:\/\/www.hitbotrobot.com\/es\/wp-content\/uploads\/2022\/02\/S1400-robot_09-1.jpg 800w, https:\/\/www.hitbotrobot.com\/es\/wp-content\/uploads\/2022\/02\/S1400-robot_09-1-768x673.jpg 768w, https:\/\/www.hitbotrobot.com\/es\/wp-content\/uploads\/2022\/02\/S1400-robot_09-1-600x526.jpg 600w\" sizes=\"(max-width: 800px) 100vw, 800px\" \/> <img loading=\"lazy\" decoding=\"async\" class=\"alignnone size-full wp-image-16660 aligncenter\" src=\"https:\/\/www.hitbotrobot.com\/es\/wp-content\/uploads\/2022\/02\/S1400-robot_10-1.jpg\" alt=\"\" width=\"800\" height=\"701\" srcset=\"https:\/\/www.hitbotrobot.com\/es\/wp-content\/uploads\/2022\/02\/S1400-robot_10-1.jpg 800w, https:\/\/www.hitbotrobot.com\/es\/wp-content\/uploads\/2022\/02\/S1400-robot_10-1-768x673.jpg 768w, https:\/\/www.hitbotrobot.com\/es\/wp-content\/uploads\/2022\/02\/S1400-robot_10-1-600x526.jpg 600w\" sizes=\"(max-width: 800px) 100vw, 800px\" \/> <img loading=\"lazy\" decoding=\"async\" class=\"alignnone size-full wp-image-16661 aligncenter\" src=\"https:\/\/www.hitbotrobot.com\/es\/wp-content\/uploads\/2022\/02\/S1400-robot_11-1.jpg\" alt=\"\" width=\"800\" height=\"701\" srcset=\"https:\/\/www.hitbotrobot.com\/es\/wp-content\/uploads\/2022\/02\/S1400-robot_11-1.jpg 800w, https:\/\/www.hitbotrobot.com\/es\/wp-content\/uploads\/2022\/02\/S1400-robot_11-1-768x673.jpg 768w, https:\/\/www.hitbotrobot.com\/es\/wp-content\/uploads\/2022\/02\/S1400-robot_11-1-600x526.jpg 600w\" sizes=\"(max-width: 800px) 100vw, 800px\" \/> <img loading=\"lazy\" decoding=\"async\" class=\"alignnone size-full wp-image-16662 aligncenter\" src=\"https:\/\/www.hitbotrobot.com\/es\/wp-content\/uploads\/2022\/02\/S1400-robot_12-1.jpg\" alt=\"\" width=\"800\" height=\"701\" srcset=\"https:\/\/www.hitbotrobot.com\/es\/wp-content\/uploads\/2022\/02\/S1400-robot_12-1.jpg 800w, https:\/\/www.hitbotrobot.com\/es\/wp-content\/uploads\/2022\/02\/S1400-robot_12-1-768x673.jpg 768w, https:\/\/www.hitbotrobot.com\/es\/wp-content\/uploads\/2022\/02\/S1400-robot_12-1-600x526.jpg 600w\" sizes=\"(max-width: 800px) 100vw, 800px\" \/> <img loading=\"lazy\" decoding=\"async\" class=\"alignnone size-full wp-image-16663 aligncenter\" src=\"https:\/\/www.hitbotrobot.com\/es\/wp-content\/uploads\/2022\/02\/S1400-robot_13-1.jpg\" alt=\"\" width=\"800\" height=\"701\" srcset=\"https:\/\/www.hitbotrobot.com\/es\/wp-content\/uploads\/2022\/02\/S1400-robot_13-1.jpg 800w, https:\/\/www.hitbotrobot.com\/es\/wp-content\/uploads\/2022\/02\/S1400-robot_13-1-768x673.jpg 768w, https:\/\/www.hitbotrobot.com\/es\/wp-content\/uploads\/2022\/02\/S1400-robot_13-1-600x526.jpg 600w\" sizes=\"(max-width: 800px) 100vw, 800px\" \/> <img loading=\"lazy\" decoding=\"async\" class=\"alignnone size-full wp-image-16664 aligncenter\" src=\"https:\/\/www.hitbotrobot.com\/es\/wp-content\/uploads\/2022\/02\/S1400-robot_14-1.jpg\" alt=\"\" width=\"800\" height=\"701\" srcset=\"https:\/\/www.hitbotrobot.com\/es\/wp-content\/uploads\/2022\/02\/S1400-robot_14-1.jpg 800w, https:\/\/www.hitbotrobot.com\/es\/wp-content\/uploads\/2022\/02\/S1400-robot_14-1-768x673.jpg 768w, https:\/\/www.hitbotrobot.com\/es\/wp-content\/uploads\/2022\/02\/S1400-robot_14-1-600x526.jpg 600w\" sizes=\"(max-width: 800px) 100vw, 800px\" \/> <img loading=\"lazy\" decoding=\"async\" class=\"alignnone size-full wp-image-16665 aligncenter\" src=\"https:\/\/www.hitbotrobot.com\/es\/wp-content\/uploads\/2022\/02\/S1400-robot_15-1.jpg\" alt=\"\" width=\"800\" height=\"701\" srcset=\"https:\/\/www.hitbotrobot.com\/es\/wp-content\/uploads\/2022\/02\/S1400-robot_15-1.jpg 800w, https:\/\/www.hitbotrobot.com\/es\/wp-content\/uploads\/2022\/02\/S1400-robot_15-1-768x673.jpg 768w, https:\/\/www.hitbotrobot.com\/es\/wp-content\/uploads\/2022\/02\/S1400-robot_15-1-600x526.jpg 600w\" sizes=\"(max-width: 800px) 100vw, 800px\" \/><\/p>\n","protected":false},"excerpt":{"rendered":"<p>[embed]https:\/\/www.hitbot.cc\/assets\/video\/z-arm\/6-dof-robot-ar.mp4&#8230;<\/p>\n","protected":false},"featured_media":16003,"comment_status":"open","ping_status":"closed","template":"","meta":[],"product_brand":[],"product_cat":[42],"product_tag":[104],"class_list":{"0":"post-16002","1":"product","2":"type-product","3":"status-publish","4":"has-post-thumbnail","6":"product_cat-robotic-arm","7":"product_tag-6-axis","9":"first","10":"instock","11":"shipping-taxable","12":"product-type-simple"},"yoast_head":"<!-- This site is optimized with the Yoast SEO plugin v22.7 - https:\/\/yoast.com\/wordpress\/plugins\/seo\/ -->\n<title>Brazo rob\u00f3tico de 6 grados de libertad con funci\u00f3n de detecci\u00f3n de colisi\u00f3n | Brazo rob\u00f3tico HITBOT 6 Dof<\/title>\n<meta name=\"description\" content=\"El brazo rob\u00f3tico HITBOT 6 Dof con detecci\u00f3n de colisi\u00f3n tiene un reductor de engranajes, un motor el\u00e9ctrico, un codificador y un control de accionamiento integrados, que es f\u00e1cil de montar o desmontar.\" \/>\n<meta name=\"robots\" content=\"index, follow, max-snippet:-1, max-image-preview:large, max-video-preview:-1\" \/>\n<link rel=\"canonical\" href=\"https:\/\/www.hitbotrobot.com\/es\/product\/s1400\/\" \/>\n<meta property=\"og:locale\" content=\"en_US\" \/>\n<meta property=\"og:type\" content=\"article\" \/>\n<meta property=\"og:title\" content=\"Brazo rob\u00f3tico de 6 grados de libertad con funci\u00f3n de detecci\u00f3n de colisi\u00f3n | Brazo rob\u00f3tico HITBOT 6 Dof\" \/>\n<meta property=\"og:description\" content=\"El brazo rob\u00f3tico HITBOT 6 Dof con detecci\u00f3n de colisi\u00f3n tiene un reductor de engranajes, un motor el\u00e9ctrico, un codificador y un control de accionamiento integrados, que es f\u00e1cil de montar o desmontar.\" \/>\n<meta property=\"og:url\" content=\"https:\/\/www.hitbotrobot.com\/es\/product\/s1400\/\" \/>\n<meta property=\"og:site_name\" content=\"Huiling Tech\" \/>\n<meta property=\"article:modified_time\" content=\"2025-12-31T10:16:50+00:00\" \/>\n<meta property=\"og:image\" content=\"https:\/\/www.hitbotrobot.com\/es\/wp-content\/uploads\/2022\/02\/S1400-robot-arm-01.jpg\" \/>\n\t<meta property=\"og:image:width\" content=\"600\" \/>\n\t<meta property=\"og:image:height\" content=\"400\" \/>\n\t<meta property=\"og:image:type\" content=\"image\/jpeg\" \/>\n<meta name=\"twitter:card\" content=\"summary_large_image\" \/>\n<meta name=\"twitter:label1\" content=\"Est. reading time\" \/>\n\t<meta name=\"twitter:data1\" content=\"3 minutes\" \/>\n<script type=\"application\/ld+json\" class=\"yoast-schema-graph\">{\"@context\":\"https:\/\/schema.org\",\"@graph\":[{\"@type\":\"WebPage\",\"@id\":\"https:\/\/www.hitbotrobot.com\/es\/product\/s1400\/\",\"url\":\"https:\/\/www.hitbotrobot.com\/es\/product\/s1400\/\",\"name\":\"Brazo rob\u00f3tico de 6 grados de libertad con funci\u00f3n de detecci\u00f3n de colisi\u00f3n | Brazo rob\u00f3tico HITBOT 6 Dof\",\"isPartOf\":{\"@id\":\"https:\/\/www.hitbotrobot.com\/es\/#website\"},\"primaryImageOfPage\":{\"@id\":\"https:\/\/www.hitbotrobot.com\/es\/product\/s1400\/#primaryimage\"},\"image\":{\"@id\":\"https:\/\/www.hitbotrobot.com\/es\/product\/s1400\/#primaryimage\"},\"thumbnailUrl\":\"https:\/\/www.hitbotrobot.com\/es\/wp-content\/uploads\/2022\/02\/S1400-robot-arm-01.jpg\",\"datePublished\":\"2022-02-14T07:37:43+00:00\",\"dateModified\":\"2025-12-31T10:16:50+00:00\",\"description\":\"El brazo rob\u00f3tico HITBOT 6 Dof con detecci\u00f3n de colisi\u00f3n tiene un reductor de engranajes, un motor el\u00e9ctrico, un codificador y un control de accionamiento integrados, que es f\u00e1cil de montar o desmontar.\",\"breadcrumb\":{\"@id\":\"https:\/\/www.hitbotrobot.com\/es\/product\/s1400\/#breadcrumb\"},\"inLanguage\":\"en-US\",\"potentialAction\":[{\"@type\":\"ReadAction\",\"target\":[\"https:\/\/www.hitbotrobot.com\/es\/product\/s1400\/\"]}]},{\"@type\":\"ImageObject\",\"inLanguage\":\"en-US\",\"@id\":\"https:\/\/www.hitbotrobot.com\/es\/product\/s1400\/#primaryimage\",\"url\":\"https:\/\/www.hitbotrobot.com\/es\/wp-content\/uploads\/2022\/02\/S1400-robot-arm-01.jpg\",\"contentUrl\":\"https:\/\/www.hitbotrobot.com\/es\/wp-content\/uploads\/2022\/02\/S1400-robot-arm-01.jpg\",\"width\":600,\"height\":400},{\"@type\":\"BreadcrumbList\",\"@id\":\"https:\/\/www.hitbotrobot.com\/es\/product\/s1400\/#breadcrumb\",\"itemListElement\":[{\"@type\":\"ListItem\",\"position\":1,\"name\":\"Shop\",\"item\":\"https:\/\/www.hitbotrobot.com\/shop\/\"},{\"@type\":\"ListItem\",\"position\":2,\"name\":\"Brazo rob\u00f3tico S1400 HITBOT\"}]},{\"@type\":\"WebSite\",\"@id\":\"https:\/\/www.hitbotrobot.com\/es\/#website\",\"url\":\"https:\/\/www.hitbotrobot.com\/es\/\",\"name\":\"Huiling Tech\",\"description\":\"Manufacturer for Robotic Arm\",\"potentialAction\":[{\"@type\":\"SearchAction\",\"target\":{\"@type\":\"EntryPoint\",\"urlTemplate\":\"https:\/\/www.hitbotrobot.com\/es\/?s={search_term_string}\"},\"query-input\":\"required name=search_term_string\"}],\"inLanguage\":\"en-US\"}]}<\/script>\n<!-- \/ Yoast SEO plugin. -->","yoast_head_json":{"title":"Brazo rob\u00f3tico de 6 grados de libertad con funci\u00f3n de detecci\u00f3n de colisi\u00f3n | Brazo rob\u00f3tico HITBOT 6 Dof","description":"El brazo rob\u00f3tico HITBOT 6 Dof con detecci\u00f3n de colisi\u00f3n tiene un reductor de engranajes, un motor el\u00e9ctrico, un codificador y un control de accionamiento integrados, que es f\u00e1cil de montar o desmontar.","robots":{"index":"index","follow":"follow","max-snippet":"max-snippet:-1","max-image-preview":"max-image-preview:large","max-video-preview":"max-video-preview:-1"},"canonical":"https:\/\/www.hitbotrobot.com\/es\/product\/s1400\/","og_locale":"en_US","og_type":"article","og_title":"Brazo rob\u00f3tico de 6 grados de libertad con funci\u00f3n de detecci\u00f3n de colisi\u00f3n | Brazo rob\u00f3tico HITBOT 6 Dof","og_description":"El brazo rob\u00f3tico HITBOT 6 Dof con detecci\u00f3n de colisi\u00f3n tiene un reductor de engranajes, un motor el\u00e9ctrico, un codificador y un control de accionamiento integrados, que es f\u00e1cil de montar o desmontar.","og_url":"https:\/\/www.hitbotrobot.com\/es\/product\/s1400\/","og_site_name":"Huiling Tech","article_modified_time":"2025-12-31T10:16:50+00:00","og_image":[{"width":600,"height":400,"url":"https:\/\/www.hitbotrobot.com\/es\/wp-content\/uploads\/2022\/02\/S1400-robot-arm-01.jpg","type":"image\/jpeg"}],"twitter_card":"summary_large_image","twitter_misc":{"Est. reading time":"3 minutes"},"schema":{"@context":"https:\/\/schema.org","@graph":[{"@type":"WebPage","@id":"https:\/\/www.hitbotrobot.com\/es\/product\/s1400\/","url":"https:\/\/www.hitbotrobot.com\/es\/product\/s1400\/","name":"Brazo rob\u00f3tico de 6 grados de libertad con funci\u00f3n de detecci\u00f3n de colisi\u00f3n | Brazo rob\u00f3tico HITBOT 6 Dof","isPartOf":{"@id":"https:\/\/www.hitbotrobot.com\/es\/#website"},"primaryImageOfPage":{"@id":"https:\/\/www.hitbotrobot.com\/es\/product\/s1400\/#primaryimage"},"image":{"@id":"https:\/\/www.hitbotrobot.com\/es\/product\/s1400\/#primaryimage"},"thumbnailUrl":"https:\/\/www.hitbotrobot.com\/es\/wp-content\/uploads\/2022\/02\/S1400-robot-arm-01.jpg","datePublished":"2022-02-14T07:37:43+00:00","dateModified":"2025-12-31T10:16:50+00:00","description":"El brazo rob\u00f3tico HITBOT 6 Dof con detecci\u00f3n de colisi\u00f3n tiene un reductor de engranajes, un motor el\u00e9ctrico, un codificador y un control de accionamiento integrados, que es f\u00e1cil de montar o desmontar.","breadcrumb":{"@id":"https:\/\/www.hitbotrobot.com\/es\/product\/s1400\/#breadcrumb"},"inLanguage":"en-US","potentialAction":[{"@type":"ReadAction","target":["https:\/\/www.hitbotrobot.com\/es\/product\/s1400\/"]}]},{"@type":"ImageObject","inLanguage":"en-US","@id":"https:\/\/www.hitbotrobot.com\/es\/product\/s1400\/#primaryimage","url":"https:\/\/www.hitbotrobot.com\/es\/wp-content\/uploads\/2022\/02\/S1400-robot-arm-01.jpg","contentUrl":"https:\/\/www.hitbotrobot.com\/es\/wp-content\/uploads\/2022\/02\/S1400-robot-arm-01.jpg","width":600,"height":400},{"@type":"BreadcrumbList","@id":"https:\/\/www.hitbotrobot.com\/es\/product\/s1400\/#breadcrumb","itemListElement":[{"@type":"ListItem","position":1,"name":"Shop","item":"https:\/\/www.hitbotrobot.com\/shop\/"},{"@type":"ListItem","position":2,"name":"Brazo rob\u00f3tico S1400 HITBOT"}]},{"@type":"WebSite","@id":"https:\/\/www.hitbotrobot.com\/es\/#website","url":"https:\/\/www.hitbotrobot.com\/es\/","name":"Huiling Tech","description":"Manufacturer for Robotic Arm","potentialAction":[{"@type":"SearchAction","target":{"@type":"EntryPoint","urlTemplate":"https:\/\/www.hitbotrobot.com\/es\/?s={search_term_string}"},"query-input":"required name=search_term_string"}],"inLanguage":"en-US"}]}},"_links":{"self":[{"href":"https:\/\/www.hitbotrobot.com\/es\/wp-json\/wp\/v2\/product\/16002","targetHints":{"allow":["GET"]}}],"collection":[{"href":"https:\/\/www.hitbotrobot.com\/es\/wp-json\/wp\/v2\/product"}],"about":[{"href":"https:\/\/www.hitbotrobot.com\/es\/wp-json\/wp\/v2\/types\/product"}],"replies":[{"embeddable":true,"href":"https:\/\/www.hitbotrobot.com\/es\/wp-json\/wp\/v2\/comments?post=16002"}],"wp:featuredmedia":[{"embeddable":true,"href":"https:\/\/www.hitbotrobot.com\/es\/wp-json\/wp\/v2\/media\/16003"}],"wp:attachment":[{"href":"https:\/\/www.hitbotrobot.com\/es\/wp-json\/wp\/v2\/media?parent=16002"}],"wp:term":[{"taxonomy":"product_brand","embeddable":true,"href":"https:\/\/www.hitbotrobot.com\/es\/wp-json\/wp\/v2\/product_brand?post=16002"},{"taxonomy":"product_cat","embeddable":true,"href":"https:\/\/www.hitbotrobot.com\/es\/wp-json\/wp\/v2\/product_cat?post=16002"},{"taxonomy":"product_tag","embeddable":true,"href":"https:\/\/www.hitbotrobot.com\/es\/wp-json\/wp\/v2\/product_tag?post=16002"}],"curies":[{"name":"wp","href":"https:\/\/api.w.org\/{rel}","templated":true}]}}