{"id":15997,"date":"2022-02-14T05:42:53","date_gmt":"2022-02-14T05:42:53","guid":{"rendered":"https:\/\/www.hitbotrobot.com\/?post_type=product&#038;p=15997"},"modified":"2026-01-17T15:59:45","modified_gmt":"2026-01-17T15:59:45","slug":"s622","status":"publish","type":"product","link":"https:\/\/www.hitbotrobot.com\/es\/product\/s622\/","title":{"rendered":"Brazo rob\u00f3tico S622 HITBOT"},"content":{"rendered":"<p><strong>Introducci\u00f3n del producto:<br \/>\n<\/strong>HITBOT Z-Arm S622 tiene un dise\u00f1o ajustado y delicado, tiene desacelerador integrado, maquinaria el\u00e9ctrica, codificador y controlador de accionamiento, lo que ha mejorado enormemente la conveniencia de instalar o volver a implementar.<\/p>\n<p>Solo necesita usar el brazo en la posici\u00f3n de solicitud, o usar el m\u00f3dulo de gr\u00e1ficos en la aplicaci\u00f3n, el Hitbot Z-Arm S622 ser\u00eda r\u00e1pido para memorizar y obedecer la ruta precisa. Solo necesita unos minutos para el proceso intuitivo.<\/p>\n<p>Por seguridad, HITBOT Z-Arm S622 es un brazo rob\u00f3tico cooperativo hombre-m\u00e1quina amigable, puede ser f\u00e1cil de trabajar con los trabajadores, el operador puede moverse f\u00e1cilmente en los alrededores sin preocuparse por influir en su trabajo. El HITBOT Z-Arm se detendr\u00eda autom\u00e1ticamente al tocar a un ser humano, lo que puede crear un entorno de trabajo completamente autom\u00e1tico y completamente seguro.<img fetchpriority=\"high\" decoding=\"async\" class=\"size-full wp-image-15999 aligncenter\" src=\"https:\/\/www.hitbotrobot.com\/es\/wp-content\/uploads\/2022\/02\/S622-robot-arm-01.jpg\" alt=\"\" width=\"800\" height=\"619\" srcset=\"https:\/\/www.hitbotrobot.com\/es\/wp-content\/uploads\/2022\/02\/S622-robot-arm-01.jpg 800w, https:\/\/www.hitbotrobot.com\/es\/wp-content\/uploads\/2022\/02\/S622-robot-arm-01-768x594.jpg 768w, https:\/\/www.hitbotrobot.com\/es\/wp-content\/uploads\/2022\/02\/S622-robot-arm-01-600x464.jpg 600w\" sizes=\"(max-width: 800px) 100vw, 800px\" \/><\/p>\n<p><strong>Product Parameter<\/strong>:<\/p>\n<table border=\"1\" width=\"100%\" cellspacing=\"0\" cellpadding=\"0\">\n<tbody>\n<tr>\n<td width=\"48%\">\u00a0 Art\u00edculo No.:<\/td>\n<td width=\"52%\">\u00a0 Z-Arm S622<\/td>\n<\/tr>\n<tr>\n<td>\u00a0 Peso:<\/td>\n<td>\u00a0 15KG<\/td>\n<\/tr>\n<tr>\n<td>\u00a0 Carga<\/td>\n<td>\u00a0 3Kg<\/td>\n<\/tr>\n<tr>\n<td>\u00a0 Rango de trabajo<\/td>\n<td>\u00a0 622mm<\/td>\n<\/tr>\n<tr>\n<td>\u00a0 Rango de movimiento<\/td>\n<td>\u00a0 1 axis: \u00b1175\u00b0; 2 axis: +85\u00b0, -265\u00b0;<br \/>\n3 axis: \u00b1150\u00b0; 4 axis: +85\u00b0, -265\u00b0;<br \/>\n5 axis: \u00b1175\u00b0; 6 axis: \u00b1175\u00b0<\/td>\n<\/tr>\n<tr>\n<td>\u00a0 La velocidad m\u00e1xima de la articulaci\u00f3n<\/td>\n<td>\u00a0 180\u00b0\/s<\/td>\n<\/tr>\n<tr>\n<td>\u00a0 Repetibilidad<\/td>\n<td>\u00a0 \u00b10.06mm<\/td>\n<\/tr>\n<tr>\n<td>\u00a0 \u00c1rea de instalaci\u00f3n<\/td>\n<td>\u00a0 \u03c6130mm<\/td>\n<\/tr>\n<tr>\n<td>\u00a0 Tama\u00f1o de la caja de control<\/td>\n<td>\u00a0 342*260*90mm (sin incluir protuberancia)<\/td>\n<\/tr>\n<tr>\n<td>\u00a0 Dof<\/td>\n<td>\u00a0 6<\/td>\n<\/tr>\n<tr>\n<td>\u00a0 I\/O Punto de Terminal<\/td>\n<td>\u00a0 Entrada digital: 2; Salida digital: 2<br \/>\nSimular entrada: 1; Simular salida: 1<\/td>\n<\/tr>\n<tr>\n<td>\u00a0 I\/O punto de la caja de control<\/td>\n<td>\u00a0 Entrada digital: 16; Salida digital: 16<br \/>\nSimular entrada: 2; Simular salida: 2<\/td>\n<\/tr>\n<tr>\n<td>\u00a0 I\/O Fuente de alimentaci\u00f3n<\/td>\n<td>\u00a0 24V\/1.5A<\/td>\n<\/tr>\n<tr>\n<td>\u00a0 Comunicaci\u00f3n<\/td>\n<td>\u00a0 Ethernet, TCP\/IP, 485 comunicaci\u00f3n<\/td>\n<\/tr>\n<tr>\n<td>\u00a0 Ruido<\/td>\n<td>\u00a0 &lt;65DB<\/td>\n<\/tr>\n<tr>\n<td>\u00a0 Grado de protecci\u00f3n<\/td>\n<td>\u00a0 IP54<\/td>\n<\/tr>\n<tr>\n<td>\u00a0 Operaci\u00f3n de coordenadas<\/td>\n<td>\u00a0 Admite detecci\u00f3n de colisiones, permite personalizar el nivel de colisi\u00f3n<\/td>\n<\/tr>\n<tr>\n<td>\u00a0 Entrada de alimentaci\u00f3n<\/td>\n<td>\u00a0 220V\/50Hz<\/td>\n<\/tr>\n<tr>\n<td>\u00a0 Ambiente de trabajo<\/td>\n<td>\u00a0 1). Lejos de la vibraci\u00f3n, y la vibraci\u00f3n debe estar por debajo de 0.5G;<br \/>\n2). Lejos de gases corrosivos, l\u00edquidos y gases explosivos;<br \/>\n3). Evite el polvo, la niebla y el agua.;<br \/>\n4). Evite que el dispositivo funcione bajo la corriente el\u00e9ctrica inestable..<\/td>\n<\/tr>\n<tr>\n<td>\u00a0 Humedad<\/td>\n<td>\u00a0 20-80RH (Sin condensaci\u00f3n)<\/td>\n<\/tr>\n<tr>\n<td>\u00a0 La temperatura<\/td>\n<td>\u00a0 0-45\u2103<\/td>\n<\/tr>\n<\/tbody>\n<\/table>\n<p><strong>Descripci\u00f3n del producto:<br \/>\n<img decoding=\"async\" class=\"alignnone size-full wp-image-16221 aligncenter\" src=\"https:\/\/www.hitbotrobot.com\/es\/wp-content\/uploads\/2022\/02\/S622-robot_01.jpg\" alt=\"\" width=\"800\" height=\"694\" srcset=\"https:\/\/www.hitbotrobot.com\/es\/wp-content\/uploads\/2022\/02\/S622-robot_01.jpg 800w, https:\/\/www.hitbotrobot.com\/es\/wp-content\/uploads\/2022\/02\/S622-robot_01-768x666.jpg 768w, https:\/\/www.hitbotrobot.com\/es\/wp-content\/uploads\/2022\/02\/S622-robot_01-80x68.jpg 80w, https:\/\/www.hitbotrobot.com\/es\/wp-content\/uploads\/2022\/02\/S622-robot_01-600x521.jpg 600w\" sizes=\"(max-width: 800px) 100vw, 800px\" \/> <img decoding=\"async\" class=\"alignnone size-full wp-image-16222 aligncenter\" src=\"https:\/\/www.hitbotrobot.com\/es\/wp-content\/uploads\/2022\/02\/S622-robot_02.jpg\" alt=\"\" width=\"800\" height=\"694\" srcset=\"https:\/\/www.hitbotrobot.com\/es\/wp-content\/uploads\/2022\/02\/S622-robot_02.jpg 800w, https:\/\/www.hitbotrobot.com\/es\/wp-content\/uploads\/2022\/02\/S622-robot_02-768x666.jpg 768w, https:\/\/www.hitbotrobot.com\/es\/wp-content\/uploads\/2022\/02\/S622-robot_02-80x68.jpg 80w, https:\/\/www.hitbotrobot.com\/es\/wp-content\/uploads\/2022\/02\/S622-robot_02-600x521.jpg 600w\" sizes=\"(max-width: 800px) 100vw, 800px\" \/> <img loading=\"lazy\" decoding=\"async\" class=\"alignnone size-full wp-image-16223 aligncenter\" src=\"https:\/\/www.hitbotrobot.com\/es\/wp-content\/uploads\/2022\/02\/S622-robot_03.jpg\" alt=\"\" width=\"800\" height=\"693\" srcset=\"https:\/\/www.hitbotrobot.com\/es\/wp-content\/uploads\/2022\/02\/S622-robot_03.jpg 800w, https:\/\/www.hitbotrobot.com\/es\/wp-content\/uploads\/2022\/02\/S622-robot_03-768x665.jpg 768w, https:\/\/www.hitbotrobot.com\/es\/wp-content\/uploads\/2022\/02\/S622-robot_03-80x68.jpg 80w, https:\/\/www.hitbotrobot.com\/es\/wp-content\/uploads\/2022\/02\/S622-robot_03-600x520.jpg 600w\" sizes=\"(max-width: 800px) 100vw, 800px\" \/> <img loading=\"lazy\" decoding=\"async\" class=\"alignnone size-full wp-image-16224 aligncenter\" src=\"https:\/\/www.hitbotrobot.com\/es\/wp-content\/uploads\/2022\/02\/S622-robot_04.jpg\" alt=\"\" width=\"800\" height=\"694\" srcset=\"https:\/\/www.hitbotrobot.com\/es\/wp-content\/uploads\/2022\/02\/S622-robot_04.jpg 800w, https:\/\/www.hitbotrobot.com\/es\/wp-content\/uploads\/2022\/02\/S622-robot_04-768x666.jpg 768w, https:\/\/www.hitbotrobot.com\/es\/wp-content\/uploads\/2022\/02\/S622-robot_04-80x68.jpg 80w, https:\/\/www.hitbotrobot.com\/es\/wp-content\/uploads\/2022\/02\/S622-robot_04-600x521.jpg 600w\" sizes=\"(max-width: 800px) 100vw, 800px\" \/> <img loading=\"lazy\" decoding=\"async\" class=\"alignnone size-full wp-image-16225 aligncenter\" src=\"https:\/\/www.hitbotrobot.com\/es\/wp-content\/uploads\/2022\/02\/S622-robot_05.jpg\" alt=\"\" width=\"800\" height=\"694\" srcset=\"https:\/\/www.hitbotrobot.com\/es\/wp-content\/uploads\/2022\/02\/S622-robot_05.jpg 800w, https:\/\/www.hitbotrobot.com\/es\/wp-content\/uploads\/2022\/02\/S622-robot_05-768x666.jpg 768w, https:\/\/www.hitbotrobot.com\/es\/wp-content\/uploads\/2022\/02\/S622-robot_05-80x68.jpg 80w, https:\/\/www.hitbotrobot.com\/es\/wp-content\/uploads\/2022\/02\/S622-robot_05-600x521.jpg 600w\" sizes=\"(max-width: 800px) 100vw, 800px\" \/> <img loading=\"lazy\" decoding=\"async\" class=\"alignnone size-full wp-image-16226 aligncenter\" src=\"https:\/\/www.hitbotrobot.com\/es\/wp-content\/uploads\/2022\/02\/S622-robot_06.jpg\" alt=\"\" width=\"800\" height=\"694\" srcset=\"https:\/\/www.hitbotrobot.com\/es\/wp-content\/uploads\/2022\/02\/S622-robot_06.jpg 800w, https:\/\/www.hitbotrobot.com\/es\/wp-content\/uploads\/2022\/02\/S622-robot_06-768x666.jpg 768w, https:\/\/www.hitbotrobot.com\/es\/wp-content\/uploads\/2022\/02\/S622-robot_06-80x68.jpg 80w, https:\/\/www.hitbotrobot.com\/es\/wp-content\/uploads\/2022\/02\/S622-robot_06-600x521.jpg 600w\" sizes=\"(max-width: 800px) 100vw, 800px\" \/> <img loading=\"lazy\" decoding=\"async\" class=\"alignnone size-full wp-image-16227 aligncenter\" src=\"https:\/\/www.hitbotrobot.com\/es\/wp-content\/uploads\/2022\/02\/S622-robot_07.jpg\" alt=\"\" width=\"800\" height=\"694\" srcset=\"https:\/\/www.hitbotrobot.com\/es\/wp-content\/uploads\/2022\/02\/S622-robot_07.jpg 800w, https:\/\/www.hitbotrobot.com\/es\/wp-content\/uploads\/2022\/02\/S622-robot_07-768x666.jpg 768w, https:\/\/www.hitbotrobot.com\/es\/wp-content\/uploads\/2022\/02\/S622-robot_07-80x68.jpg 80w, https:\/\/www.hitbotrobot.com\/es\/wp-content\/uploads\/2022\/02\/S622-robot_07-600x521.jpg 600w\" sizes=\"(max-width: 800px) 100vw, 800px\" \/> <img loading=\"lazy\" decoding=\"async\" class=\"wp-image-16701 size-full aligncenter\" src=\"https:\/\/www.hitbotrobot.com\/es\/wp-content\/uploads\/2022\/02\/S622-robot_008.jpg\" alt=\"\" width=\"800\" height=\"693\" srcset=\"https:\/\/www.hitbotrobot.com\/es\/wp-content\/uploads\/2022\/02\/S622-robot_008.jpg 800w, https:\/\/www.hitbotrobot.com\/es\/wp-content\/uploads\/2022\/02\/S622-robot_008-768x665.jpg 768w, https:\/\/www.hitbotrobot.com\/es\/wp-content\/uploads\/2022\/02\/S622-robot_008-80x68.jpg 80w, https:\/\/www.hitbotrobot.com\/es\/wp-content\/uploads\/2022\/02\/S622-robot_008-600x520.jpg 600w\" sizes=\"(max-width: 800px) 100vw, 800px\" \/> <img loading=\"lazy\" decoding=\"async\" class=\"alignnone size-full wp-image-16229 aligncenter\" src=\"https:\/\/www.hitbotrobot.com\/es\/wp-content\/uploads\/2022\/02\/S622-robot_09.jpg\" alt=\"\" width=\"800\" height=\"694\" srcset=\"https:\/\/www.hitbotrobot.com\/es\/wp-content\/uploads\/2022\/02\/S622-robot_09.jpg 800w, https:\/\/www.hitbotrobot.com\/es\/wp-content\/uploads\/2022\/02\/S622-robot_09-768x666.jpg 768w, https:\/\/www.hitbotrobot.com\/es\/wp-content\/uploads\/2022\/02\/S622-robot_09-80x68.jpg 80w, https:\/\/www.hitbotrobot.com\/es\/wp-content\/uploads\/2022\/02\/S622-robot_09-600x521.jpg 600w\" sizes=\"(max-width: 800px) 100vw, 800px\" \/> <img loading=\"lazy\" decoding=\"async\" class=\"alignnone size-full wp-image-16230 aligncenter\" src=\"https:\/\/www.hitbotrobot.com\/es\/wp-content\/uploads\/2022\/02\/S622-robot_10.jpg\" alt=\"\" width=\"800\" height=\"694\" srcset=\"https:\/\/www.hitbotrobot.com\/es\/wp-content\/uploads\/2022\/02\/S622-robot_10.jpg 800w, https:\/\/www.hitbotrobot.com\/es\/wp-content\/uploads\/2022\/02\/S622-robot_10-768x666.jpg 768w, https:\/\/www.hitbotrobot.com\/es\/wp-content\/uploads\/2022\/02\/S622-robot_10-80x68.jpg 80w, https:\/\/www.hitbotrobot.com\/es\/wp-content\/uploads\/2022\/02\/S622-robot_10-600x521.jpg 600w\" sizes=\"(max-width: 800px) 100vw, 800px\" \/> <img loading=\"lazy\" decoding=\"async\" class=\"alignnone size-full wp-image-16231 aligncenter\" src=\"https:\/\/www.hitbotrobot.com\/es\/wp-content\/uploads\/2022\/02\/S622-robot_11.jpg\" alt=\"\" width=\"800\" height=\"694\" srcset=\"https:\/\/www.hitbotrobot.com\/es\/wp-content\/uploads\/2022\/02\/S622-robot_11.jpg 800w, https:\/\/www.hitbotrobot.com\/es\/wp-content\/uploads\/2022\/02\/S622-robot_11-768x666.jpg 768w, https:\/\/www.hitbotrobot.com\/es\/wp-content\/uploads\/2022\/02\/S622-robot_11-80x68.jpg 80w, https:\/\/www.hitbotrobot.com\/es\/wp-content\/uploads\/2022\/02\/S622-robot_11-600x521.jpg 600w\" sizes=\"(max-width: 800px) 100vw, 800px\" \/> <img loading=\"lazy\" decoding=\"async\" class=\"alignnone size-full wp-image-16232 aligncenter\" src=\"https:\/\/www.hitbotrobot.com\/es\/wp-content\/uploads\/2022\/02\/S622-robot_12.jpg\" alt=\"\" width=\"800\" height=\"694\" srcset=\"https:\/\/www.hitbotrobot.com\/es\/wp-content\/uploads\/2022\/02\/S622-robot_12.jpg 800w, https:\/\/www.hitbotrobot.com\/es\/wp-content\/uploads\/2022\/02\/S622-robot_12-768x666.jpg 768w, https:\/\/www.hitbotrobot.com\/es\/wp-content\/uploads\/2022\/02\/S622-robot_12-80x68.jpg 80w, https:\/\/www.hitbotrobot.com\/es\/wp-content\/uploads\/2022\/02\/S622-robot_12-600x521.jpg 600w\" sizes=\"(max-width: 800px) 100vw, 800px\" \/> <img loading=\"lazy\" decoding=\"async\" class=\"wp-image-16702 size-full aligncenter\" src=\"https:\/\/www.hitbotrobot.com\/es\/wp-content\/uploads\/2022\/02\/S622-robot_013.jpg\" alt=\"\" width=\"800\" height=\"693\" srcset=\"https:\/\/www.hitbotrobot.com\/es\/wp-content\/uploads\/2022\/02\/S622-robot_013.jpg 800w, https:\/\/www.hitbotrobot.com\/es\/wp-content\/uploads\/2022\/02\/S622-robot_013-768x665.jpg 768w, https:\/\/www.hitbotrobot.com\/es\/wp-content\/uploads\/2022\/02\/S622-robot_013-80x68.jpg 80w, https:\/\/www.hitbotrobot.com\/es\/wp-content\/uploads\/2022\/02\/S622-robot_013-600x520.jpg 600w\" sizes=\"(max-width: 800px) 100vw, 800px\" \/> <img loading=\"lazy\" decoding=\"async\" class=\"alignnone size-full wp-image-16234 aligncenter\" src=\"https:\/\/www.hitbotrobot.com\/es\/wp-content\/uploads\/2022\/02\/S622-robot_14.jpg\" alt=\"\" width=\"800\" height=\"694\" srcset=\"https:\/\/www.hitbotrobot.com\/es\/wp-content\/uploads\/2022\/02\/S622-robot_14.jpg 800w, https:\/\/www.hitbotrobot.com\/es\/wp-content\/uploads\/2022\/02\/S622-robot_14-768x666.jpg 768w, https:\/\/www.hitbotrobot.com\/es\/wp-content\/uploads\/2022\/02\/S622-robot_14-80x68.jpg 80w, https:\/\/www.hitbotrobot.com\/es\/wp-content\/uploads\/2022\/02\/S622-robot_14-600x521.jpg 600w\" sizes=\"(max-width: 800px) 100vw, 800px\" \/> <img loading=\"lazy\" decoding=\"async\" class=\"size-full wp-image-16235 aligncenter\" src=\"https:\/\/www.hitbotrobot.com\/es\/wp-content\/uploads\/2022\/02\/S622-robot_15.jpg\" alt=\"\" width=\"800\" height=\"694\" srcset=\"https:\/\/www.hitbotrobot.com\/es\/wp-content\/uploads\/2022\/02\/S622-robot_15.jpg 800w, https:\/\/www.hitbotrobot.com\/es\/wp-content\/uploads\/2022\/02\/S622-robot_15-768x666.jpg 768w, https:\/\/www.hitbotrobot.com\/es\/wp-content\/uploads\/2022\/02\/S622-robot_15-80x68.jpg 80w, https:\/\/www.hitbotrobot.com\/es\/wp-content\/uploads\/2022\/02\/S622-robot_15-600x521.jpg 600w\" sizes=\"(max-width: 800px) 100vw, 800px\" \/><\/strong><\/p>\n<p>&nbsp;<\/p>\n","protected":false},"excerpt":{"rendered":"<p>[embed]https:\/\/www.hitbot.cc\/assets\/video\/z-arm\/6-dof-robot-ar.mp4&#8230;<\/p>\n","protected":false},"featured_media":15998,"comment_status":"open","ping_status":"closed","template":"","meta":[],"product_brand":[],"product_cat":[42],"product_tag":[104],"class_list":{"0":"post-15997","1":"product","2":"type-product","3":"status-publish","4":"has-post-thumbnail","6":"product_cat-robotic-arm","7":"product_tag-6-axis","9":"first","10":"instock","11":"shipping-taxable","12":"product-type-simple"},"yoast_head":"<!-- This site is optimized with the Yoast SEO plugin v22.7 - https:\/\/yoast.com\/wordpress\/plugins\/seo\/ -->\n<title>Brazo rob\u00f3tico de 6 grados de libertad con funci\u00f3n de detecci\u00f3n de colisi\u00f3n | Brazo rob\u00f3tico HITBOT 6 Dof<\/title>\n<meta name=\"description\" content=\"El brazo rob\u00f3tico HITBOT 6 Dof con detecci\u00f3n de colisi\u00f3n tiene un reductor de engranajes, un motor el\u00e9ctrico, un codificador y un control de accionamiento integrados, que es f\u00e1cil de montar o desmontar.\" \/>\n<meta name=\"robots\" content=\"index, follow, max-snippet:-1, max-image-preview:large, max-video-preview:-1\" \/>\n<link rel=\"canonical\" href=\"https:\/\/www.hitbotrobot.com\/es\/product\/s622\/\" \/>\n<meta property=\"og:locale\" content=\"en_US\" \/>\n<meta property=\"og:type\" content=\"article\" \/>\n<meta property=\"og:title\" content=\"Brazo rob\u00f3tico de 6 grados de libertad con funci\u00f3n de detecci\u00f3n de colisi\u00f3n | Brazo rob\u00f3tico HITBOT 6 Dof\" \/>\n<meta property=\"og:description\" content=\"El brazo rob\u00f3tico HITBOT 6 Dof con detecci\u00f3n de colisi\u00f3n tiene un reductor de engranajes, un motor el\u00e9ctrico, un codificador y un control de accionamiento integrados, que es f\u00e1cil de montar o desmontar.\" \/>\n<meta property=\"og:url\" content=\"https:\/\/www.hitbotrobot.com\/es\/product\/s622\/\" \/>\n<meta property=\"og:site_name\" content=\"Huiling Tech\" \/>\n<meta property=\"article:modified_time\" content=\"2026-01-17T15:59:45+00:00\" \/>\n<meta property=\"og:image\" content=\"https:\/\/www.hitbotrobot.com\/es\/wp-content\/uploads\/2022\/02\/S622-robot-arm.jpg\" \/>\n\t<meta property=\"og:image:width\" content=\"600\" \/>\n\t<meta property=\"og:image:height\" content=\"400\" \/>\n\t<meta property=\"og:image:type\" content=\"image\/jpeg\" \/>\n<meta name=\"twitter:card\" content=\"summary_large_image\" \/>\n<meta name=\"twitter:label1\" content=\"Est. reading time\" \/>\n\t<meta name=\"twitter:data1\" content=\"5 minutes\" \/>\n<script type=\"application\/ld+json\" class=\"yoast-schema-graph\">{\"@context\":\"https:\/\/schema.org\",\"@graph\":[{\"@type\":\"WebPage\",\"@id\":\"https:\/\/www.hitbotrobot.com\/es\/product\/s622\/\",\"url\":\"https:\/\/www.hitbotrobot.com\/es\/product\/s622\/\",\"name\":\"Brazo rob\u00f3tico de 6 grados de libertad con funci\u00f3n de detecci\u00f3n de colisi\u00f3n | Brazo rob\u00f3tico HITBOT 6 Dof\",\"isPartOf\":{\"@id\":\"https:\/\/www.hitbotrobot.com\/es\/#website\"},\"primaryImageOfPage\":{\"@id\":\"https:\/\/www.hitbotrobot.com\/es\/product\/s622\/#primaryimage\"},\"image\":{\"@id\":\"https:\/\/www.hitbotrobot.com\/es\/product\/s622\/#primaryimage\"},\"thumbnailUrl\":\"https:\/\/www.hitbotrobot.com\/es\/wp-content\/uploads\/2022\/02\/S622-robot-arm.jpg\",\"datePublished\":\"2022-02-14T05:42:53+00:00\",\"dateModified\":\"2026-01-17T15:59:45+00:00\",\"description\":\"El brazo rob\u00f3tico HITBOT 6 Dof con detecci\u00f3n de colisi\u00f3n tiene un reductor de engranajes, un motor el\u00e9ctrico, un codificador y un control de accionamiento integrados, que es f\u00e1cil de montar o desmontar.\",\"breadcrumb\":{\"@id\":\"https:\/\/www.hitbotrobot.com\/es\/product\/s622\/#breadcrumb\"},\"inLanguage\":\"en-US\",\"potentialAction\":[{\"@type\":\"ReadAction\",\"target\":[\"https:\/\/www.hitbotrobot.com\/es\/product\/s622\/\"]}]},{\"@type\":\"ImageObject\",\"inLanguage\":\"en-US\",\"@id\":\"https:\/\/www.hitbotrobot.com\/es\/product\/s622\/#primaryimage\",\"url\":\"https:\/\/www.hitbotrobot.com\/es\/wp-content\/uploads\/2022\/02\/S622-robot-arm.jpg\",\"contentUrl\":\"https:\/\/www.hitbotrobot.com\/es\/wp-content\/uploads\/2022\/02\/S622-robot-arm.jpg\",\"width\":600,\"height\":400},{\"@type\":\"BreadcrumbList\",\"@id\":\"https:\/\/www.hitbotrobot.com\/es\/product\/s622\/#breadcrumb\",\"itemListElement\":[{\"@type\":\"ListItem\",\"position\":1,\"name\":\"Shop\",\"item\":\"https:\/\/www.hitbotrobot.com\/shop\/\"},{\"@type\":\"ListItem\",\"position\":2,\"name\":\"Brazo rob\u00f3tico S622 HITBOT\"}]},{\"@type\":\"WebSite\",\"@id\":\"https:\/\/www.hitbotrobot.com\/es\/#website\",\"url\":\"https:\/\/www.hitbotrobot.com\/es\/\",\"name\":\"Huiling Tech\",\"description\":\"Manufacturer for Robotic Arm\",\"potentialAction\":[{\"@type\":\"SearchAction\",\"target\":{\"@type\":\"EntryPoint\",\"urlTemplate\":\"https:\/\/www.hitbotrobot.com\/es\/?s={search_term_string}\"},\"query-input\":\"required name=search_term_string\"}],\"inLanguage\":\"en-US\"}]}<\/script>\n<!-- \/ Yoast SEO plugin. -->","yoast_head_json":{"title":"Brazo rob\u00f3tico de 6 grados de libertad con funci\u00f3n de detecci\u00f3n de colisi\u00f3n | Brazo rob\u00f3tico HITBOT 6 Dof","description":"El brazo rob\u00f3tico HITBOT 6 Dof con detecci\u00f3n de colisi\u00f3n tiene un reductor de engranajes, un motor el\u00e9ctrico, un codificador y un control de accionamiento integrados, que es f\u00e1cil de montar o desmontar.","robots":{"index":"index","follow":"follow","max-snippet":"max-snippet:-1","max-image-preview":"max-image-preview:large","max-video-preview":"max-video-preview:-1"},"canonical":"https:\/\/www.hitbotrobot.com\/es\/product\/s622\/","og_locale":"en_US","og_type":"article","og_title":"Brazo rob\u00f3tico de 6 grados de libertad con funci\u00f3n de detecci\u00f3n de colisi\u00f3n | Brazo rob\u00f3tico HITBOT 6 Dof","og_description":"El brazo rob\u00f3tico HITBOT 6 Dof con detecci\u00f3n de colisi\u00f3n tiene un reductor de engranajes, un motor el\u00e9ctrico, un codificador y un control de accionamiento integrados, que es f\u00e1cil de montar o desmontar.","og_url":"https:\/\/www.hitbotrobot.com\/es\/product\/s622\/","og_site_name":"Huiling Tech","article_modified_time":"2026-01-17T15:59:45+00:00","og_image":[{"width":600,"height":400,"url":"https:\/\/www.hitbotrobot.com\/es\/wp-content\/uploads\/2022\/02\/S622-robot-arm.jpg","type":"image\/jpeg"}],"twitter_card":"summary_large_image","twitter_misc":{"Est. reading time":"5 minutes"},"schema":{"@context":"https:\/\/schema.org","@graph":[{"@type":"WebPage","@id":"https:\/\/www.hitbotrobot.com\/es\/product\/s622\/","url":"https:\/\/www.hitbotrobot.com\/es\/product\/s622\/","name":"Brazo rob\u00f3tico de 6 grados de libertad con funci\u00f3n de detecci\u00f3n de colisi\u00f3n | Brazo rob\u00f3tico HITBOT 6 Dof","isPartOf":{"@id":"https:\/\/www.hitbotrobot.com\/es\/#website"},"primaryImageOfPage":{"@id":"https:\/\/www.hitbotrobot.com\/es\/product\/s622\/#primaryimage"},"image":{"@id":"https:\/\/www.hitbotrobot.com\/es\/product\/s622\/#primaryimage"},"thumbnailUrl":"https:\/\/www.hitbotrobot.com\/es\/wp-content\/uploads\/2022\/02\/S622-robot-arm.jpg","datePublished":"2022-02-14T05:42:53+00:00","dateModified":"2026-01-17T15:59:45+00:00","description":"El brazo rob\u00f3tico HITBOT 6 Dof con detecci\u00f3n de colisi\u00f3n tiene un reductor de engranajes, un motor el\u00e9ctrico, un codificador y un control de accionamiento integrados, que es f\u00e1cil de montar o desmontar.","breadcrumb":{"@id":"https:\/\/www.hitbotrobot.com\/es\/product\/s622\/#breadcrumb"},"inLanguage":"en-US","potentialAction":[{"@type":"ReadAction","target":["https:\/\/www.hitbotrobot.com\/es\/product\/s622\/"]}]},{"@type":"ImageObject","inLanguage":"en-US","@id":"https:\/\/www.hitbotrobot.com\/es\/product\/s622\/#primaryimage","url":"https:\/\/www.hitbotrobot.com\/es\/wp-content\/uploads\/2022\/02\/S622-robot-arm.jpg","contentUrl":"https:\/\/www.hitbotrobot.com\/es\/wp-content\/uploads\/2022\/02\/S622-robot-arm.jpg","width":600,"height":400},{"@type":"BreadcrumbList","@id":"https:\/\/www.hitbotrobot.com\/es\/product\/s622\/#breadcrumb","itemListElement":[{"@type":"ListItem","position":1,"name":"Shop","item":"https:\/\/www.hitbotrobot.com\/shop\/"},{"@type":"ListItem","position":2,"name":"Brazo rob\u00f3tico S622 HITBOT"}]},{"@type":"WebSite","@id":"https:\/\/www.hitbotrobot.com\/es\/#website","url":"https:\/\/www.hitbotrobot.com\/es\/","name":"Huiling Tech","description":"Manufacturer for Robotic Arm","potentialAction":[{"@type":"SearchAction","target":{"@type":"EntryPoint","urlTemplate":"https:\/\/www.hitbotrobot.com\/es\/?s={search_term_string}"},"query-input":"required name=search_term_string"}],"inLanguage":"en-US"}]}},"_links":{"self":[{"href":"https:\/\/www.hitbotrobot.com\/es\/wp-json\/wp\/v2\/product\/15997","targetHints":{"allow":["GET"]}}],"collection":[{"href":"https:\/\/www.hitbotrobot.com\/es\/wp-json\/wp\/v2\/product"}],"about":[{"href":"https:\/\/www.hitbotrobot.com\/es\/wp-json\/wp\/v2\/types\/product"}],"replies":[{"embeddable":true,"href":"https:\/\/www.hitbotrobot.com\/es\/wp-json\/wp\/v2\/comments?post=15997"}],"wp:featuredmedia":[{"embeddable":true,"href":"https:\/\/www.hitbotrobot.com\/es\/wp-json\/wp\/v2\/media\/15998"}],"wp:attachment":[{"href":"https:\/\/www.hitbotrobot.com\/es\/wp-json\/wp\/v2\/media?parent=15997"}],"wp:term":[{"taxonomy":"product_brand","embeddable":true,"href":"https:\/\/www.hitbotrobot.com\/es\/wp-json\/wp\/v2\/product_brand?post=15997"},{"taxonomy":"product_cat","embeddable":true,"href":"https:\/\/www.hitbotrobot.com\/es\/wp-json\/wp\/v2\/product_cat?post=15997"},{"taxonomy":"product_tag","embeddable":true,"href":"https:\/\/www.hitbotrobot.com\/es\/wp-json\/wp\/v2\/product_tag?post=15997"}],"curies":[{"name":"wp","href":"https:\/\/api.w.org\/{rel}","templated":true}]}}