{"id":15989,"date":"2022-02-12T10:04:44","date_gmt":"2022-02-12T10:04:44","guid":{"rendered":"https:\/\/www.hitbotrobot.com\/?post_type=product&#038;p=15989"},"modified":"2022-09-29T09:37:02","modified_gmt":"2022-09-29T09:37:02","slug":"z-efg-30","status":"publish","type":"product","link":"https:\/\/www.hitbotrobot.com\/es\/product\/z-efg-30\/","title":{"rendered":"Pinza el\u00e9ctrica Z-EFG-30"},"content":{"rendered":"<p><strong>Introducci\u00f3n del producto<\/strong>:<br \/>\nZ-EFG-30 es una pinza el\u00e9ctrica con servomotor. El Z-EFG-30 tiene un motor y un controlador integrados, de tama\u00f1o peque\u00f1o pero potente. Puede reemplazar las pinzas neum\u00e1ticas tradicionales y ahorrar mucho espacio de trabajo.<\/p>\n<ul>\n<li>Una peque\u00f1a pero potente pinza el\u00e9ctrica con servomotor.<\/li>\n<li>Los terminales se pueden reemplazar para cumplir con los diferentes requisitos del proyecto.<\/li>\n<li>Podr\u00eda recoger objetos fr\u00e1giles y deformables, como huevos, tubos de ensayo, anillos, etc..<\/li>\n<li>Adecuado para escenas sin fuentes de aire (como laboratorios y hospitales).<\/li>\n<\/ul>\n<p><img fetchpriority=\"high\" decoding=\"async\" class=\"size-full wp-image-15994 aligncenter\" src=\"https:\/\/www.hitbotrobot.com\/es\/wp-content\/uploads\/2022\/02\/Z-EFG-30-robotic-gripper-detail-01.jpg\" alt=\"\" width=\"800\" height=\"540\" srcset=\"https:\/\/www.hitbotrobot.com\/es\/wp-content\/uploads\/2022\/02\/Z-EFG-30-robotic-gripper-detail-01.jpg 800w, https:\/\/www.hitbotrobot.com\/es\/wp-content\/uploads\/2022\/02\/Z-EFG-30-robotic-gripper-detail-01-768x518.jpg 768w, https:\/\/www.hitbotrobot.com\/es\/wp-content\/uploads\/2022\/02\/Z-EFG-30-robotic-gripper-detail-01-600x405.jpg 600w\" sizes=\"(max-width: 800px) 100vw, 800px\" \/><\/p>\n<p><strong>Parametros del producto<\/strong>:<\/p>\n<table style=\"border-collapse: collapse;\" border=\"1\" width=\"90%\" cellspacing=\"0\" cellpadding=\"0\">\n<tbody>\n<tr>\n<td colspan=\"2\">\u00a0 nombre del producto:<\/td>\n<td>\u00a0 Pinza el\u00e9ctrica rob\u00f3tica<\/td>\n<\/tr>\n<tr>\n<td colspan=\"2\">\u00a0 Art\u00edculo No.:<\/td>\n<td>\u00a0 Z-EFG-30<\/td>\n<\/tr>\n<tr>\n<td colspan=\"2\">\u00a0 Carrera total<\/td>\n<td>\u00a0 30mm<\/td>\n<\/tr>\n<tr>\n<td colspan=\"2\">\u00a0 Fuerza de sujecion<\/td>\n<td>\u00a0 10N-40N<\/td>\n<\/tr>\n<tr>\n<td colspan=\"2\">\u00a0 Repetibilidad<\/td>\n<td>\u00a0 \u00b10.02mm<\/td>\n<\/tr>\n<tr>\n<td colspan=\"2\">\u00a0 Peso de sujeci\u00f3n recomendado<\/td>\n<td>\u00a0 \u22640.4kg<\/td>\n<\/tr>\n<tr>\n<td colspan=\"2\">\u00a0 Modo de transmisi\u00f3n<\/td>\n<td>\u00a0 Cremallera y pi\u00f1\u00f3n + gu\u00eda lineal<\/td>\n<\/tr>\n<tr>\n<td colspan=\"2\">\u00a0 Suministro de grasa de componentes m\u00f3viles<\/td>\n<td>\u00a0 1 mill\u00f3n por vez o cada seis meses por vez<\/td>\n<\/tr>\n<tr>\n<td colspan=\"2\">\u00a0 Tiempo de movimiento de carrera \u00fanica<\/td>\n<td>\u00a0 0.2s<\/td>\n<\/tr>\n<tr>\n<td colspan=\"2\">\u00a0 Tipo de motor<\/td>\n<td>\u00a0 Servo Motor<\/td>\n<\/tr>\n<tr>\n<td colspan=\"2\">\u00a0 Peso del Producto<\/td>\n<td>\u00a0 0.55KG<\/td>\n<\/tr>\n<tr>\n<td colspan=\"2\">\u00a0 Dimensi\u00f3n del producto (L*W*H)<\/td>\n<td>\u00a0 52mm*38mm*108mm<\/td>\n<\/tr>\n<tr>\n<td colspan=\"2\">\u00a0 Voltaje de trabajo<\/td>\n<td>\u00a0 24V\u00b110%<\/td>\n<\/tr>\n<tr>\n<td colspan=\"2\">\u00a0 Modo de movimiento<\/td>\n<td>\u00a0 Dos dedos paralelos<\/td>\n<\/tr>\n<tr>\n<td colspan=\"2\">\u00a0 carrera ajustable<\/td>\n<td>\u00a0 Apoyo<\/td>\n<\/tr>\n<tr>\n<td colspan=\"2\">\u00a0 Fuerza de sujeci\u00f3n ajustable<\/td>\n<td>\u00a0 Apoyo<\/td>\n<\/tr>\n<tr>\n<td colspan=\"2\">\u00a0 Corriente pico<\/td>\n<td>\u00a0 1A<\/td>\n<\/tr>\n<tr>\n<td colspan=\"2\">\u00a0 Corriente nominal<\/td>\n<td>\u00a0 0.5A<\/td>\n<\/tr>\n<tr>\n<td colspan=\"2\">\u00a0 La corriente m\u00e1xima<\/td>\n<td>\u00a0 2A<\/td>\n<\/tr>\n<tr>\n<td colspan=\"2\">\u00a0Grado de protecci\u00f3n<\/td>\n<td>\u00a0 IP20<\/td>\n<\/tr>\n<tr>\n<td colspan=\"2\">\u00a0 Rango de temperatura de trabajo<\/td>\n<td>\u00a0 5-55\u2103<\/td>\n<\/tr>\n<tr>\n<td colspan=\"2\">\u00a0 Rango de humedad de trabajo<\/td>\n<td>\u00a0 RH35-80 (sin escarcha)<\/td>\n<\/tr>\n<\/tbody>\n<\/table>\n<p><strong>Descripci\u00f3n del producto:<br \/>\n<img decoding=\"async\" class=\"alignnone size-full wp-image-16182 aligncenter\" src=\"https:\/\/www.hitbotrobot.com\/es\/wp-content\/uploads\/2022\/02\/z-efg-30-gripp_01.jpg\" alt=\"\" width=\"800\" height=\"617\" srcset=\"https:\/\/www.hitbotrobot.com\/es\/wp-content\/uploads\/2022\/02\/z-efg-30-gripp_01.jpg 800w, https:\/\/www.hitbotrobot.com\/es\/wp-content\/uploads\/2022\/02\/z-efg-30-gripp_01-768x592.jpg 768w, https:\/\/www.hitbotrobot.com\/es\/wp-content\/uploads\/2022\/02\/z-efg-30-gripp_01-600x463.jpg 600w\" sizes=\"(max-width: 800px) 100vw, 800px\" \/> <img decoding=\"async\" class=\"alignnone size-full wp-image-16183 aligncenter\" src=\"https:\/\/www.hitbotrobot.com\/es\/wp-content\/uploads\/2022\/02\/z-efg-30-gripp_02.jpg\" alt=\"\" width=\"800\" height=\"618\" srcset=\"https:\/\/www.hitbotrobot.com\/es\/wp-content\/uploads\/2022\/02\/z-efg-30-gripp_02.jpg 800w, https:\/\/www.hitbotrobot.com\/es\/wp-content\/uploads\/2022\/02\/z-efg-30-gripp_02-768x593.jpg 768w, https:\/\/www.hitbotrobot.com\/es\/wp-content\/uploads\/2022\/02\/z-efg-30-gripp_02-600x464.jpg 600w\" sizes=\"(max-width: 800px) 100vw, 800px\" \/> <img loading=\"lazy\" decoding=\"async\" class=\"alignnone size-full wp-image-16184 aligncenter\" src=\"https:\/\/www.hitbotrobot.com\/es\/wp-content\/uploads\/2022\/02\/z-efg-30-gripp_03.jpg\" alt=\"\" width=\"800\" height=\"617\" srcset=\"https:\/\/www.hitbotrobot.com\/es\/wp-content\/uploads\/2022\/02\/z-efg-30-gripp_03.jpg 800w, https:\/\/www.hitbotrobot.com\/es\/wp-content\/uploads\/2022\/02\/z-efg-30-gripp_03-768x592.jpg 768w, https:\/\/www.hitbotrobot.com\/es\/wp-content\/uploads\/2022\/02\/z-efg-30-gripp_03-600x463.jpg 600w\" sizes=\"(max-width: 800px) 100vw, 800px\" \/> <img loading=\"lazy\" decoding=\"async\" class=\"alignnone size-full wp-image-16185 aligncenter\" src=\"https:\/\/www.hitbotrobot.com\/es\/wp-content\/uploads\/2022\/02\/z-efg-30-gripp_04.jpg\" alt=\"\" width=\"800\" height=\"618\" srcset=\"https:\/\/www.hitbotrobot.com\/es\/wp-content\/uploads\/2022\/02\/z-efg-30-gripp_04.jpg 800w, https:\/\/www.hitbotrobot.com\/es\/wp-content\/uploads\/2022\/02\/z-efg-30-gripp_04-768x593.jpg 768w, https:\/\/www.hitbotrobot.com\/es\/wp-content\/uploads\/2022\/02\/z-efg-30-gripp_04-600x464.jpg 600w\" sizes=\"(max-width: 800px) 100vw, 800px\" \/> <img loading=\"lazy\" decoding=\"async\" class=\"alignnone size-full wp-image-16186 aligncenter\" src=\"https:\/\/www.hitbotrobot.com\/es\/wp-content\/uploads\/2022\/02\/z-efg-30-gripp_05.jpg\" alt=\"\" width=\"800\" height=\"617\" srcset=\"https:\/\/www.hitbotrobot.com\/es\/wp-content\/uploads\/2022\/02\/z-efg-30-gripp_05.jpg 800w, https:\/\/www.hitbotrobot.com\/es\/wp-content\/uploads\/2022\/02\/z-efg-30-gripp_05-768x592.jpg 768w, https:\/\/www.hitbotrobot.com\/es\/wp-content\/uploads\/2022\/02\/z-efg-30-gripp_05-600x463.jpg 600w\" sizes=\"(max-width: 800px) 100vw, 800px\" \/> <img loading=\"lazy\" decoding=\"async\" class=\"alignnone size-full wp-image-16187 aligncenter\" src=\"https:\/\/www.hitbotrobot.com\/es\/wp-content\/uploads\/2022\/02\/z-efg-30-gripp_06.jpg\" alt=\"\" width=\"800\" height=\"618\" srcset=\"https:\/\/www.hitbotrobot.com\/es\/wp-content\/uploads\/2022\/02\/z-efg-30-gripp_06.jpg 800w, https:\/\/www.hitbotrobot.com\/es\/wp-content\/uploads\/2022\/02\/z-efg-30-gripp_06-768x593.jpg 768w, https:\/\/www.hitbotrobot.com\/es\/wp-content\/uploads\/2022\/02\/z-efg-30-gripp_06-600x464.jpg 600w\" sizes=\"(max-width: 800px) 100vw, 800px\" \/> <img loading=\"lazy\" decoding=\"async\" class=\"alignnone size-full wp-image-16188 aligncenter\" src=\"https:\/\/www.hitbotrobot.com\/es\/wp-content\/uploads\/2022\/02\/z-efg-30-gripp_07.jpg\" alt=\"\" width=\"800\" height=\"617\" srcset=\"https:\/\/www.hitbotrobot.com\/es\/wp-content\/uploads\/2022\/02\/z-efg-30-gripp_07.jpg 800w, https:\/\/www.hitbotrobot.com\/es\/wp-content\/uploads\/2022\/02\/z-efg-30-gripp_07-768x592.jpg 768w, https:\/\/www.hitbotrobot.com\/es\/wp-content\/uploads\/2022\/02\/z-efg-30-gripp_07-600x463.jpg 600w\" sizes=\"(max-width: 800px) 100vw, 800px\" \/> <img loading=\"lazy\" decoding=\"async\" class=\"alignnone size-full wp-image-16189 aligncenter\" src=\"https:\/\/www.hitbotrobot.com\/es\/wp-content\/uploads\/2022\/02\/z-efg-30-gripp_08.jpg\" alt=\"\" width=\"800\" height=\"618\" srcset=\"https:\/\/www.hitbotrobot.com\/es\/wp-content\/uploads\/2022\/02\/z-efg-30-gripp_08.jpg 800w, https:\/\/www.hitbotrobot.com\/es\/wp-content\/uploads\/2022\/02\/z-efg-30-gripp_08-768x593.jpg 768w, https:\/\/www.hitbotrobot.com\/es\/wp-content\/uploads\/2022\/02\/z-efg-30-gripp_08-600x464.jpg 600w\" sizes=\"(max-width: 800px) 100vw, 800px\" \/> <img loading=\"lazy\" decoding=\"async\" class=\"alignnone size-full wp-image-16190 aligncenter\" src=\"https:\/\/www.hitbotrobot.com\/es\/wp-content\/uploads\/2022\/02\/z-efg-30-gripp_09.jpg\" alt=\"\" width=\"800\" height=\"617\" srcset=\"https:\/\/www.hitbotrobot.com\/es\/wp-content\/uploads\/2022\/02\/z-efg-30-gripp_09.jpg 800w, https:\/\/www.hitbotrobot.com\/es\/wp-content\/uploads\/2022\/02\/z-efg-30-gripp_09-768x592.jpg 768w, https:\/\/www.hitbotrobot.com\/es\/wp-content\/uploads\/2022\/02\/z-efg-30-gripp_09-600x463.jpg 600w\" sizes=\"(max-width: 800px) 100vw, 800px\" \/> <img loading=\"lazy\" decoding=\"async\" class=\"alignnone size-full wp-image-16191 aligncenter\" src=\"https:\/\/www.hitbotrobot.com\/es\/wp-content\/uploads\/2022\/02\/z-efg-30-gripp_10.jpg\" alt=\"\" width=\"800\" height=\"618\" srcset=\"https:\/\/www.hitbotrobot.com\/es\/wp-content\/uploads\/2022\/02\/z-efg-30-gripp_10.jpg 800w, https:\/\/www.hitbotrobot.com\/es\/wp-content\/uploads\/2022\/02\/z-efg-30-gripp_10-768x593.jpg 768w, https:\/\/www.hitbotrobot.com\/es\/wp-content\/uploads\/2022\/02\/z-efg-30-gripp_10-600x464.jpg 600w\" sizes=\"(max-width: 800px) 100vw, 800px\" \/> <img loading=\"lazy\" decoding=\"async\" class=\"alignnone size-full wp-image-16192 aligncenter\" src=\"https:\/\/www.hitbotrobot.com\/es\/wp-content\/uploads\/2022\/02\/z-efg-30-gripp_11.jpg\" alt=\"\" width=\"800\" height=\"617\" srcset=\"https:\/\/www.hitbotrobot.com\/es\/wp-content\/uploads\/2022\/02\/z-efg-30-gripp_11.jpg 800w, https:\/\/www.hitbotrobot.com\/es\/wp-content\/uploads\/2022\/02\/z-efg-30-gripp_11-768x592.jpg 768w, https:\/\/www.hitbotrobot.com\/es\/wp-content\/uploads\/2022\/02\/z-efg-30-gripp_11-600x463.jpg 600w\" sizes=\"(max-width: 800px) 100vw, 800px\" \/> <img loading=\"lazy\" decoding=\"async\" class=\"alignnone size-full wp-image-16193 aligncenter\" src=\"https:\/\/www.hitbotrobot.com\/es\/wp-content\/uploads\/2022\/02\/z-efg-30-gripp_12.jpg\" alt=\"\" width=\"800\" height=\"618\" srcset=\"https:\/\/www.hitbotrobot.com\/es\/wp-content\/uploads\/2022\/02\/z-efg-30-gripp_12.jpg 800w, https:\/\/www.hitbotrobot.com\/es\/wp-content\/uploads\/2022\/02\/z-efg-30-gripp_12-768x593.jpg 768w, https:\/\/www.hitbotrobot.com\/es\/wp-content\/uploads\/2022\/02\/z-efg-30-gripp_12-600x464.jpg 600w\" sizes=\"(max-width: 800px) 100vw, 800px\" \/> <img loading=\"lazy\" decoding=\"async\" class=\"alignnone size-full wp-image-16194 aligncenter\" src=\"https:\/\/www.hitbotrobot.com\/es\/wp-content\/uploads\/2022\/02\/z-efg-30-gripp_13.jpg\" alt=\"\" width=\"800\" height=\"617\" srcset=\"https:\/\/www.hitbotrobot.com\/es\/wp-content\/uploads\/2022\/02\/z-efg-30-gripp_13.jpg 800w, https:\/\/www.hitbotrobot.com\/es\/wp-content\/uploads\/2022\/02\/z-efg-30-gripp_13-768x592.jpg 768w, https:\/\/www.hitbotrobot.com\/es\/wp-content\/uploads\/2022\/02\/z-efg-30-gripp_13-600x463.jpg 600w\" sizes=\"(max-width: 800px) 100vw, 800px\" \/> <img loading=\"lazy\" decoding=\"async\" class=\"alignnone size-full wp-image-16195 aligncenter\" src=\"https:\/\/www.hitbotrobot.com\/es\/wp-content\/uploads\/2022\/02\/z-efg-30-gripp_14.jpg\" alt=\"\" width=\"800\" height=\"618\" srcset=\"https:\/\/www.hitbotrobot.com\/es\/wp-content\/uploads\/2022\/02\/z-efg-30-gripp_14.jpg 800w, https:\/\/www.hitbotrobot.com\/es\/wp-content\/uploads\/2022\/02\/z-efg-30-gripp_14-768x593.jpg 768w, https:\/\/www.hitbotrobot.com\/es\/wp-content\/uploads\/2022\/02\/z-efg-30-gripp_14-600x464.jpg 600w\" sizes=\"(max-width: 800px) 100vw, 800px\" \/> <img loading=\"lazy\" decoding=\"async\" class=\"alignnone size-full wp-image-16196 aligncenter\" src=\"https:\/\/www.hitbotrobot.com\/es\/wp-content\/uploads\/2022\/02\/z-efg-30-gripp_15.jpg\" alt=\"\" width=\"800\" height=\"617\" srcset=\"https:\/\/www.hitbotrobot.com\/es\/wp-content\/uploads\/2022\/02\/z-efg-30-gripp_15.jpg 800w, https:\/\/www.hitbotrobot.com\/es\/wp-content\/uploads\/2022\/02\/z-efg-30-gripp_15-768x592.jpg 768w, https:\/\/www.hitbotrobot.com\/es\/wp-content\/uploads\/2022\/02\/z-efg-30-gripp_15-600x463.jpg 600w\" sizes=\"(max-width: 800px) 100vw, 800px\" \/><\/strong><\/p>\n","protected":false},"excerpt":{"rendered":"<p>[embed]https:\/\/www.youtube.com\/watch?v=yoZd9xk5r3U&#8230;<\/p>\n","protected":false},"featured_media":15990,"comment_status":"open","ping_status":"closed","template":"","meta":[],"product_brand":[],"product_cat":[39],"product_tag":[105],"class_list":{"0":"post-15989","1":"product","2":"type-product","3":"status-publish","4":"has-post-thumbnail","6":"product_cat-robotic-gripper","7":"product_tag-electric-parallel-gripper","9":"first","10":"instock","11":"shipping-taxable","12":"product-type-simple"},"yoast_head":"<!-- This site is optimized with the Yoast SEO plugin v22.7 - https:\/\/yoast.com\/wordpress\/plugins\/seo\/ -->\n<title>Pinza de robot con ventosa_Fuerza de sujeci\u00f3n y velocidad ajustables | Pinza HITBOT<\/title>\n<meta name=\"description\" content=\"La pinza el\u00e9ctrica Z-EFG-30 admite una sujeci\u00f3n suave, puede sujetar vasos, huevos y otros objetos blandos, por lo que tambi\u00e9n se denomina pinza robot de ventosa.\" \/>\n<meta name=\"robots\" content=\"index, follow, max-snippet:-1, max-image-preview:large, max-video-preview:-1\" \/>\n<link rel=\"canonical\" href=\"https:\/\/www.hitbotrobot.com\/es\/product\/z-efg-30\/\" \/>\n<meta property=\"og:locale\" content=\"en_US\" \/>\n<meta property=\"og:type\" content=\"article\" \/>\n<meta property=\"og:title\" content=\"Pinza de robot con ventosa_Fuerza de sujeci\u00f3n y velocidad ajustables | Pinza HITBOT\" \/>\n<meta property=\"og:description\" content=\"La pinza el\u00e9ctrica Z-EFG-30 admite una sujeci\u00f3n suave, puede sujetar vasos, huevos y otros objetos blandos, por lo que tambi\u00e9n se denomina pinza robot de ventosa.\" \/>\n<meta property=\"og:url\" content=\"https:\/\/www.hitbotrobot.com\/es\/product\/z-efg-30\/\" \/>\n<meta property=\"og:site_name\" content=\"Huiling Tech\" \/>\n<meta property=\"article:modified_time\" content=\"2022-09-29T09:37:02+00:00\" \/>\n<meta property=\"og:image\" content=\"https:\/\/www.hitbotrobot.com\/es\/wp-content\/uploads\/2022\/02\/Z-EFG-30-robotic-gripper-01.jpg\" \/>\n\t<meta property=\"og:image:width\" content=\"600\" \/>\n\t<meta property=\"og:image:height\" content=\"400\" \/>\n\t<meta property=\"og:image:type\" content=\"image\/jpeg\" \/>\n<meta name=\"twitter:card\" content=\"summary_large_image\" \/>\n<meta name=\"twitter:label1\" content=\"Est. reading time\" \/>\n\t<meta name=\"twitter:data1\" content=\"5 minutes\" \/>\n<script type=\"application\/ld+json\" class=\"yoast-schema-graph\">{\"@context\":\"https:\/\/schema.org\",\"@graph\":[{\"@type\":\"WebPage\",\"@id\":\"https:\/\/www.hitbotrobot.com\/es\/product\/z-efg-30\/\",\"url\":\"https:\/\/www.hitbotrobot.com\/es\/product\/z-efg-30\/\",\"name\":\"Pinza de robot con ventosa_Fuerza de sujeci\u00f3n y velocidad ajustables | Pinza HITBOT\",\"isPartOf\":{\"@id\":\"https:\/\/www.hitbotrobot.com\/es\/#website\"},\"primaryImageOfPage\":{\"@id\":\"https:\/\/www.hitbotrobot.com\/es\/product\/z-efg-30\/#primaryimage\"},\"image\":{\"@id\":\"https:\/\/www.hitbotrobot.com\/es\/product\/z-efg-30\/#primaryimage\"},\"thumbnailUrl\":\"https:\/\/www.hitbotrobot.com\/es\/wp-content\/uploads\/2022\/02\/Z-EFG-30-robotic-gripper-01.jpg\",\"datePublished\":\"2022-02-12T10:04:44+00:00\",\"dateModified\":\"2022-09-29T09:37:02+00:00\",\"description\":\"La pinza el\u00e9ctrica Z-EFG-30 admite una sujeci\u00f3n suave, puede sujetar vasos, huevos y otros objetos blandos, por lo que tambi\u00e9n se denomina pinza robot de ventosa.\",\"breadcrumb\":{\"@id\":\"https:\/\/www.hitbotrobot.com\/es\/product\/z-efg-30\/#breadcrumb\"},\"inLanguage\":\"en-US\",\"potentialAction\":[{\"@type\":\"ReadAction\",\"target\":[\"https:\/\/www.hitbotrobot.com\/es\/product\/z-efg-30\/\"]}]},{\"@type\":\"ImageObject\",\"inLanguage\":\"en-US\",\"@id\":\"https:\/\/www.hitbotrobot.com\/es\/product\/z-efg-30\/#primaryimage\",\"url\":\"https:\/\/www.hitbotrobot.com\/es\/wp-content\/uploads\/2022\/02\/Z-EFG-30-robotic-gripper-01.jpg\",\"contentUrl\":\"https:\/\/www.hitbotrobot.com\/es\/wp-content\/uploads\/2022\/02\/Z-EFG-30-robotic-gripper-01.jpg\",\"width\":600,\"height\":400},{\"@type\":\"BreadcrumbList\",\"@id\":\"https:\/\/www.hitbotrobot.com\/es\/product\/z-efg-30\/#breadcrumb\",\"itemListElement\":[{\"@type\":\"ListItem\",\"position\":1,\"name\":\"Shop\",\"item\":\"https:\/\/www.hitbotrobot.com\/shop\/\"},{\"@type\":\"ListItem\",\"position\":2,\"name\":\"Pinza el\u00e9ctrica Z-EFG-30\"}]},{\"@type\":\"WebSite\",\"@id\":\"https:\/\/www.hitbotrobot.com\/es\/#website\",\"url\":\"https:\/\/www.hitbotrobot.com\/es\/\",\"name\":\"Huiling Tech\",\"description\":\"Manufacturer for Robotic Arm\",\"potentialAction\":[{\"@type\":\"SearchAction\",\"target\":{\"@type\":\"EntryPoint\",\"urlTemplate\":\"https:\/\/www.hitbotrobot.com\/es\/?s={search_term_string}\"},\"query-input\":\"required name=search_term_string\"}],\"inLanguage\":\"en-US\"}]}<\/script>\n<!-- \/ Yoast SEO plugin. -->","yoast_head_json":{"title":"Pinza de robot con ventosa_Fuerza de sujeci\u00f3n y velocidad ajustables | Pinza HITBOT","description":"La pinza el\u00e9ctrica Z-EFG-30 admite una sujeci\u00f3n suave, puede sujetar vasos, huevos y otros objetos blandos, por lo que tambi\u00e9n se denomina pinza robot de ventosa.","robots":{"index":"index","follow":"follow","max-snippet":"max-snippet:-1","max-image-preview":"max-image-preview:large","max-video-preview":"max-video-preview:-1"},"canonical":"https:\/\/www.hitbotrobot.com\/es\/product\/z-efg-30\/","og_locale":"en_US","og_type":"article","og_title":"Pinza de robot con ventosa_Fuerza de sujeci\u00f3n y velocidad ajustables | Pinza HITBOT","og_description":"La pinza el\u00e9ctrica Z-EFG-30 admite una sujeci\u00f3n suave, puede sujetar vasos, huevos y otros objetos blandos, por lo que tambi\u00e9n se denomina pinza robot de ventosa.","og_url":"https:\/\/www.hitbotrobot.com\/es\/product\/z-efg-30\/","og_site_name":"Huiling Tech","article_modified_time":"2022-09-29T09:37:02+00:00","og_image":[{"width":600,"height":400,"url":"https:\/\/www.hitbotrobot.com\/es\/wp-content\/uploads\/2022\/02\/Z-EFG-30-robotic-gripper-01.jpg","type":"image\/jpeg"}],"twitter_card":"summary_large_image","twitter_misc":{"Est. reading time":"5 minutes"},"schema":{"@context":"https:\/\/schema.org","@graph":[{"@type":"WebPage","@id":"https:\/\/www.hitbotrobot.com\/es\/product\/z-efg-30\/","url":"https:\/\/www.hitbotrobot.com\/es\/product\/z-efg-30\/","name":"Pinza de robot con ventosa_Fuerza de sujeci\u00f3n y velocidad ajustables | Pinza HITBOT","isPartOf":{"@id":"https:\/\/www.hitbotrobot.com\/es\/#website"},"primaryImageOfPage":{"@id":"https:\/\/www.hitbotrobot.com\/es\/product\/z-efg-30\/#primaryimage"},"image":{"@id":"https:\/\/www.hitbotrobot.com\/es\/product\/z-efg-30\/#primaryimage"},"thumbnailUrl":"https:\/\/www.hitbotrobot.com\/es\/wp-content\/uploads\/2022\/02\/Z-EFG-30-robotic-gripper-01.jpg","datePublished":"2022-02-12T10:04:44+00:00","dateModified":"2022-09-29T09:37:02+00:00","description":"La pinza el\u00e9ctrica Z-EFG-30 admite una sujeci\u00f3n suave, puede sujetar vasos, huevos y otros objetos blandos, por lo que tambi\u00e9n se denomina pinza robot de ventosa.","breadcrumb":{"@id":"https:\/\/www.hitbotrobot.com\/es\/product\/z-efg-30\/#breadcrumb"},"inLanguage":"en-US","potentialAction":[{"@type":"ReadAction","target":["https:\/\/www.hitbotrobot.com\/es\/product\/z-efg-30\/"]}]},{"@type":"ImageObject","inLanguage":"en-US","@id":"https:\/\/www.hitbotrobot.com\/es\/product\/z-efg-30\/#primaryimage","url":"https:\/\/www.hitbotrobot.com\/es\/wp-content\/uploads\/2022\/02\/Z-EFG-30-robotic-gripper-01.jpg","contentUrl":"https:\/\/www.hitbotrobot.com\/es\/wp-content\/uploads\/2022\/02\/Z-EFG-30-robotic-gripper-01.jpg","width":600,"height":400},{"@type":"BreadcrumbList","@id":"https:\/\/www.hitbotrobot.com\/es\/product\/z-efg-30\/#breadcrumb","itemListElement":[{"@type":"ListItem","position":1,"name":"Shop","item":"https:\/\/www.hitbotrobot.com\/shop\/"},{"@type":"ListItem","position":2,"name":"Pinza el\u00e9ctrica Z-EFG-30"}]},{"@type":"WebSite","@id":"https:\/\/www.hitbotrobot.com\/es\/#website","url":"https:\/\/www.hitbotrobot.com\/es\/","name":"Huiling Tech","description":"Manufacturer for Robotic Arm","potentialAction":[{"@type":"SearchAction","target":{"@type":"EntryPoint","urlTemplate":"https:\/\/www.hitbotrobot.com\/es\/?s={search_term_string}"},"query-input":"required name=search_term_string"}],"inLanguage":"en-US"}]}},"_links":{"self":[{"href":"https:\/\/www.hitbotrobot.com\/es\/wp-json\/wp\/v2\/product\/15989","targetHints":{"allow":["GET"]}}],"collection":[{"href":"https:\/\/www.hitbotrobot.com\/es\/wp-json\/wp\/v2\/product"}],"about":[{"href":"https:\/\/www.hitbotrobot.com\/es\/wp-json\/wp\/v2\/types\/product"}],"replies":[{"embeddable":true,"href":"https:\/\/www.hitbotrobot.com\/es\/wp-json\/wp\/v2\/comments?post=15989"}],"wp:featuredmedia":[{"embeddable":true,"href":"https:\/\/www.hitbotrobot.com\/es\/wp-json\/wp\/v2\/media\/15990"}],"wp:attachment":[{"href":"https:\/\/www.hitbotrobot.com\/es\/wp-json\/wp\/v2\/media?parent=15989"}],"wp:term":[{"taxonomy":"product_brand","embeddable":true,"href":"https:\/\/www.hitbotrobot.com\/es\/wp-json\/wp\/v2\/product_brand?post=15989"},{"taxonomy":"product_cat","embeddable":true,"href":"https:\/\/www.hitbotrobot.com\/es\/wp-json\/wp\/v2\/product_cat?post=15989"},{"taxonomy":"product_tag","embeddable":true,"href":"https:\/\/www.hitbotrobot.com\/es\/wp-json\/wp\/v2\/product_tag?post=15989"}],"curies":[{"name":"wp","href":"https:\/\/api.w.org\/{rel}","templated":true}]}}