{"id":15981,"date":"2022-02-12T08:24:57","date_gmt":"2022-02-12T08:24:57","guid":{"rendered":"https:\/\/www.hitbotrobot.com\/?post_type=product&#038;p=15981"},"modified":"2022-09-29T09:04:48","modified_gmt":"2022-09-29T09:04:48","slug":"z-efg-20s","status":"publish","type":"product","link":"https:\/\/www.hitbotrobot.com\/es\/product\/z-efg-20s\/","title":{"rendered":"Pinza el\u00e9ctrica Z-EFG-20S"},"content":{"rendered":"<p><strong>Introducci\u00f3n del producto<\/strong>:<br \/>\nZ-EFG-20s es una pinza el\u00e9ctrica con servomotor. El Z-EFG-20S tiene un motor y un controlador integrados, de tama\u00f1o peque\u00f1o pero potente. Puede reemplazar las pinzas neum\u00e1ticas tradicionales y ahorrar mucho espacio de trabajo.<\/p>\n<ul>\n<li>Una peque\u00f1a pero potente pinza el\u00e9ctrica con servomotor.<\/li>\n<li>Los terminales se pueden reemplazar para cumplir con los diferentes requisitos del proyecto.<\/li>\n<li>Podr\u00eda recoger objetos fr\u00e1giles y deformables, como huevos, tubos de ensayo, anillos, etc..<\/li>\n<li>Adecuado para escenas sin fuentes de aire (como laboratorios y hospitales).<\/li>\n<\/ul>\n<p><img fetchpriority=\"high\" decoding=\"async\" class=\"alignnone size-full wp-image-15986\" src=\"https:\/\/www.hitbotrobot.com\/es\/wp-content\/uploads\/2022\/02\/Z-EFG-20S-Electric-Gripper-detail-01.jpg\" alt=\"\" width=\"800\" height=\"576\" srcset=\"https:\/\/www.hitbotrobot.com\/es\/wp-content\/uploads\/2022\/02\/Z-EFG-20S-Electric-Gripper-detail-01.jpg 800w, https:\/\/www.hitbotrobot.com\/es\/wp-content\/uploads\/2022\/02\/Z-EFG-20S-Electric-Gripper-detail-01-768x553.jpg 768w, https:\/\/www.hitbotrobot.com\/es\/wp-content\/uploads\/2022\/02\/Z-EFG-20S-Electric-Gripper-detail-01-600x432.jpg 600w\" sizes=\"(max-width: 800px) 100vw, 800px\" \/><\/p>\n<p><strong>Parametros del producto<\/strong>:<\/p>\n<table style=\"border-collapse: collapse;\" border=\"1\" width=\"90%\" cellspacing=\"0\" cellpadding=\"0\">\n<tbody>\n<tr>\n<td colspan=\"2\">\u00a0 nombre del producto:<\/td>\n<td>\u00a0 Pinza el\u00e9ctrica rob\u00f3tica<\/td>\n<\/tr>\n<tr>\n<td colspan=\"2\">\u00a0 Art\u00edculo No.:<\/td>\n<td>\u00a0 Z-EFG-20S<\/td>\n<\/tr>\n<tr>\n<td colspan=\"2\">\u00a0 Carrera total<\/td>\n<td>\u00a0 20mm<\/td>\n<\/tr>\n<tr>\n<td colspan=\"2\">\u00a0 Fuerza de sujecion<\/td>\n<td>\u00a0 8N-20N<\/td>\n<\/tr>\n<tr>\n<td colspan=\"2\">\u00a0 Modo de movimiento<\/td>\n<td>\u00a0 Dos dedos se mueven horizontalmente<\/td>\n<\/tr>\n<tr>\n<td colspan=\"2\">\u00a0 Peso de agarre recomendado<\/td>\n<td>\u00a0 \u22640.3kg<\/td>\n<\/tr>\n<tr>\n<td colspan=\"2\">\u00a0 Modo de transmisi\u00f3n<\/td>\n<td>\u00a0 Cremallera + Gu\u00eda de rodillos cruzados<\/td>\n<\/tr>\n<tr>\n<td colspan=\"2\">\u00a0 Reposici\u00f3n de grasa de componentes m\u00f3viles<\/td>\n<td>\u00a0 Cada seis meses o 1 mill\u00f3n de movimientos\/tiempo<\/td>\n<\/tr>\n<tr>\n<td colspan=\"2\">\u00a0 Tiempo de movimiento de carrera unidireccional<\/td>\n<td>\u00a0 0.15s<\/td>\n<\/tr>\n<tr>\n<td colspan=\"2\">\u00a0 Peso<\/td>\n<td>\u00a0 0.35KG<\/td>\n<\/tr>\n<tr>\n<td colspan=\"2\">\u00a0 Dimensi\u00f3n<\/td>\n<td>\u00a0 43*24*93.9mm<\/td>\n<\/tr>\n<tr>\n<td colspan=\"2\">\u00a0 Tensi\u00f3n de funcionamiento<\/td>\n<td>\u00a0 24V \u00b1 10%<\/td>\n<\/tr>\n<tr>\n<td colspan=\"2\">\u00a0 Corriente nominal<\/td>\n<td>\u00a0 0.2A<\/td>\n<\/tr>\n<tr>\n<td colspan=\"2\">\u00a0 Corriente m\u00e1xima<\/td>\n<td>\u00a0 0.6A<\/td>\n<\/tr>\n<tr>\n<td colspan=\"2\">\u00a0 Clase de protecci\u00f3n<\/td>\n<td>\u00a0 IP20<\/td>\n<\/tr>\n<tr>\n<td colspan=\"2\">\u00a0 Tipo de motor<\/td>\n<td>\u00a0 Servo motor<\/td>\n<\/tr>\n<tr>\n<td colspan=\"2\">\u00a0 Rango de temperatura de funcionamiento<\/td>\n<td>\u00a0 \u00a05-55\u2103<\/td>\n<\/tr>\n<tr>\n<td colspan=\"2\">\u00a0 Rango de humedad de funcionamiento<\/td>\n<td>\u00a0 \u00a0RH35-80 (No Frost)<\/td>\n<\/tr>\n<tr>\n<td colspan=\"2\">\u00a0 Carrera ajustable<\/td>\n<td>\u00a0 \u00a0No ajustable<\/td>\n<\/tr>\n<tr>\n<td colspan=\"2\">\u00a0 Colocaci\u00f3n del controlador<\/td>\n<td>\u00a0 Incorporado<\/td>\n<\/tr>\n<\/tbody>\n<\/table>\n<p><strong>Descripci\u00f3n del producto:<\/strong><br \/>\n<img decoding=\"async\" class=\"alignnone size-full wp-image-15976\" src=\"https:\/\/www.hitbotrobot.com\/es\/wp-content\/uploads\/2022\/02\/Z-EFG-20-robot-electric-detail-02.jpg\" alt=\"\" width=\"800\" height=\"310\" srcset=\"https:\/\/www.hitbotrobot.com\/es\/wp-content\/uploads\/2022\/02\/Z-EFG-20-robot-electric-detail-02.jpg 800w, https:\/\/www.hitbotrobot.com\/es\/wp-content\/uploads\/2022\/02\/Z-EFG-20-robot-electric-detail-02-768x298.jpg 768w, https:\/\/www.hitbotrobot.com\/es\/wp-content\/uploads\/2022\/02\/Z-EFG-20-robot-electric-detail-02-600x233.jpg 600w\" sizes=\"(max-width: 800px) 100vw, 800px\" \/><\/p>\n<p><strong>Diagrama de tama\u00f1o del producto<\/strong>:<br \/>\n<img decoding=\"async\" class=\"alignnone size-full wp-image-15987\" src=\"https:\/\/www.hitbotrobot.com\/es\/wp-content\/uploads\/2022\/02\/Z-EFG-20S-Electric-Gripper-detail-02.jpg\" alt=\"\" width=\"800\" height=\"529\" srcset=\"https:\/\/www.hitbotrobot.com\/es\/wp-content\/uploads\/2022\/02\/Z-EFG-20S-Electric-Gripper-detail-02.jpg 800w, https:\/\/www.hitbotrobot.com\/es\/wp-content\/uploads\/2022\/02\/Z-EFG-20S-Electric-Gripper-detail-02-768x508.jpg 768w, https:\/\/www.hitbotrobot.com\/es\/wp-content\/uploads\/2022\/02\/Z-EFG-20S-Electric-Gripper-detail-02-600x397.jpg 600w\" sizes=\"(max-width: 800px) 100vw, 800px\" \/> <img loading=\"lazy\" decoding=\"async\" class=\"alignnone size-full wp-image-15988\" src=\"https:\/\/www.hitbotrobot.com\/es\/wp-content\/uploads\/2022\/02\/Z-EFG-20S-Electric-Gripper-detail-03.jpg\" alt=\"\" width=\"800\" height=\"504\" srcset=\"https:\/\/www.hitbotrobot.com\/es\/wp-content\/uploads\/2022\/02\/Z-EFG-20S-Electric-Gripper-detail-03.jpg 800w, https:\/\/www.hitbotrobot.com\/es\/wp-content\/uploads\/2022\/02\/Z-EFG-20S-Electric-Gripper-detail-03-768x484.jpg 768w, https:\/\/www.hitbotrobot.com\/es\/wp-content\/uploads\/2022\/02\/Z-EFG-20S-Electric-Gripper-detail-03-600x378.jpg 600w\" sizes=\"(max-width: 800px) 100vw, 800px\" \/><\/p>\n<p><strong>Aplicaci\u00f3n del producto:<\/strong><br \/>\n<img loading=\"lazy\" decoding=\"async\" class=\"alignnone size-full wp-image-15979\" src=\"https:\/\/www.hitbotrobot.com\/es\/wp-content\/uploads\/2022\/02\/Z-EFG-20-robot-electric-detail-05.jpg\" alt=\"\" width=\"800\" height=\"414\" srcset=\"https:\/\/www.hitbotrobot.com\/es\/wp-content\/uploads\/2022\/02\/Z-EFG-20-robot-electric-detail-05.jpg 800w, https:\/\/www.hitbotrobot.com\/es\/wp-content\/uploads\/2022\/02\/Z-EFG-20-robot-electric-detail-05-768x397.jpg 768w, https:\/\/www.hitbotrobot.com\/es\/wp-content\/uploads\/2022\/02\/Z-EFG-20-robot-electric-detail-05-600x311.jpg 600w\" sizes=\"(max-width: 800px) 100vw, 800px\" \/><\/p>\n","protected":false},"excerpt":{"rendered":"<p>[embed]https:\/\/www.youtube.com\/watch?v=yoZd9xk5r3U&#8230;<\/p>\n","protected":false},"featured_media":15982,"comment_status":"open","ping_status":"closed","template":"","meta":[],"product_brand":[],"product_cat":[39],"product_tag":[105],"class_list":{"0":"post-15981","1":"product","2":"type-product","3":"status-publish","4":"has-post-thumbnail","6":"product_cat-robotic-gripper","7":"product_tag-electric-parallel-gripper","9":"first","10":"instock","11":"shipping-taxable","12":"product-type-simple"},"yoast_head":"<!-- This site is optimized with the Yoast SEO plugin v22.7 - https:\/\/yoast.com\/wordpress\/plugins\/seo\/ -->\n<title>Pinza el\u00e9ctrica con servomotor | Pinza rob\u00f3tica HITBOT<\/title>\n<meta name=\"description\" content=\"La pinza industrial HITBOT Z-EFG-12 es una pinza rob\u00f3tica de 2 dedos, su potencia nominal es de 5 W y puede sujetar objetos de 500 g, su fuerza de sujeci\u00f3n es de 30 N, el recorrido es de 12 mm.\" \/>\n<meta name=\"robots\" content=\"index, follow, max-snippet:-1, max-image-preview:large, max-video-preview:-1\" \/>\n<link rel=\"canonical\" href=\"https:\/\/www.hitbotrobot.com\/es\/product\/z-efg-20s\/\" \/>\n<meta property=\"og:locale\" content=\"en_US\" \/>\n<meta property=\"og:type\" content=\"article\" \/>\n<meta property=\"og:title\" content=\"Pinza el\u00e9ctrica con servomotor | Pinza rob\u00f3tica HITBOT\" \/>\n<meta property=\"og:description\" content=\"La pinza industrial HITBOT Z-EFG-12 es una pinza rob\u00f3tica de 2 dedos, su potencia nominal es de 5 W y puede sujetar objetos de 500 g, su fuerza de sujeci\u00f3n es de 30 N, el recorrido es de 12 mm.\" \/>\n<meta property=\"og:url\" content=\"https:\/\/www.hitbotrobot.com\/es\/product\/z-efg-20s\/\" \/>\n<meta property=\"og:site_name\" content=\"Huiling Tech\" \/>\n<meta property=\"article:modified_time\" content=\"2022-09-29T09:04:48+00:00\" \/>\n<meta property=\"og:image\" content=\"https:\/\/www.hitbotrobot.com\/es\/wp-content\/uploads\/2022\/02\/Z-EFG-20S-Electric-Gripper-01.jpg\" \/>\n\t<meta property=\"og:image:width\" content=\"600\" \/>\n\t<meta property=\"og:image:height\" content=\"400\" \/>\n\t<meta property=\"og:image:type\" content=\"image\/jpeg\" \/>\n<meta name=\"twitter:card\" content=\"summary_large_image\" \/>\n<meta name=\"twitter:label1\" content=\"Est. reading time\" \/>\n\t<meta name=\"twitter:data1\" content=\"2 minutes\" \/>\n<script type=\"application\/ld+json\" class=\"yoast-schema-graph\">{\"@context\":\"https:\/\/schema.org\",\"@graph\":[{\"@type\":\"WebPage\",\"@id\":\"https:\/\/www.hitbotrobot.com\/es\/product\/z-efg-20s\/\",\"url\":\"https:\/\/www.hitbotrobot.com\/es\/product\/z-efg-20s\/\",\"name\":\"Pinza el\u00e9ctrica con servomotor | Pinza rob\u00f3tica HITBOT\",\"isPartOf\":{\"@id\":\"https:\/\/www.hitbotrobot.com\/es\/#website\"},\"primaryImageOfPage\":{\"@id\":\"https:\/\/www.hitbotrobot.com\/es\/product\/z-efg-20s\/#primaryimage\"},\"image\":{\"@id\":\"https:\/\/www.hitbotrobot.com\/es\/product\/z-efg-20s\/#primaryimage\"},\"thumbnailUrl\":\"https:\/\/www.hitbotrobot.com\/es\/wp-content\/uploads\/2022\/02\/Z-EFG-20S-Electric-Gripper-01.jpg\",\"datePublished\":\"2022-02-12T08:24:57+00:00\",\"dateModified\":\"2022-09-29T09:04:48+00:00\",\"description\":\"La pinza industrial HITBOT Z-EFG-12 es una pinza rob\u00f3tica de 2 dedos, su potencia nominal es de 5 W y puede sujetar objetos de 500 g, su fuerza de sujeci\u00f3n es de 30 N, el recorrido es de 12 mm.\",\"breadcrumb\":{\"@id\":\"https:\/\/www.hitbotrobot.com\/es\/product\/z-efg-20s\/#breadcrumb\"},\"inLanguage\":\"en-US\",\"potentialAction\":[{\"@type\":\"ReadAction\",\"target\":[\"https:\/\/www.hitbotrobot.com\/es\/product\/z-efg-20s\/\"]}]},{\"@type\":\"ImageObject\",\"inLanguage\":\"en-US\",\"@id\":\"https:\/\/www.hitbotrobot.com\/es\/product\/z-efg-20s\/#primaryimage\",\"url\":\"https:\/\/www.hitbotrobot.com\/es\/wp-content\/uploads\/2022\/02\/Z-EFG-20S-Electric-Gripper-01.jpg\",\"contentUrl\":\"https:\/\/www.hitbotrobot.com\/es\/wp-content\/uploads\/2022\/02\/Z-EFG-20S-Electric-Gripper-01.jpg\",\"width\":600,\"height\":400},{\"@type\":\"BreadcrumbList\",\"@id\":\"https:\/\/www.hitbotrobot.com\/es\/product\/z-efg-20s\/#breadcrumb\",\"itemListElement\":[{\"@type\":\"ListItem\",\"position\":1,\"name\":\"Shop\",\"item\":\"https:\/\/www.hitbotrobot.com\/shop\/\"},{\"@type\":\"ListItem\",\"position\":2,\"name\":\"Pinza el\u00e9ctrica Z-EFG-20S\"}]},{\"@type\":\"WebSite\",\"@id\":\"https:\/\/www.hitbotrobot.com\/es\/#website\",\"url\":\"https:\/\/www.hitbotrobot.com\/es\/\",\"name\":\"Huiling Tech\",\"description\":\"Manufacturer for Robotic Arm\",\"potentialAction\":[{\"@type\":\"SearchAction\",\"target\":{\"@type\":\"EntryPoint\",\"urlTemplate\":\"https:\/\/www.hitbotrobot.com\/es\/?s={search_term_string}\"},\"query-input\":\"required name=search_term_string\"}],\"inLanguage\":\"en-US\"}]}<\/script>\n<!-- \/ Yoast SEO plugin. -->","yoast_head_json":{"title":"Pinza el\u00e9ctrica con servomotor | Pinza rob\u00f3tica HITBOT","description":"La pinza industrial HITBOT Z-EFG-12 es una pinza rob\u00f3tica de 2 dedos, su potencia nominal es de 5 W y puede sujetar objetos de 500 g, su fuerza de sujeci\u00f3n es de 30 N, el recorrido es de 12 mm.","robots":{"index":"index","follow":"follow","max-snippet":"max-snippet:-1","max-image-preview":"max-image-preview:large","max-video-preview":"max-video-preview:-1"},"canonical":"https:\/\/www.hitbotrobot.com\/es\/product\/z-efg-20s\/","og_locale":"en_US","og_type":"article","og_title":"Pinza el\u00e9ctrica con servomotor | Pinza rob\u00f3tica HITBOT","og_description":"La pinza industrial HITBOT Z-EFG-12 es una pinza rob\u00f3tica de 2 dedos, su potencia nominal es de 5 W y puede sujetar objetos de 500 g, su fuerza de sujeci\u00f3n es de 30 N, el recorrido es de 12 mm.","og_url":"https:\/\/www.hitbotrobot.com\/es\/product\/z-efg-20s\/","og_site_name":"Huiling Tech","article_modified_time":"2022-09-29T09:04:48+00:00","og_image":[{"width":600,"height":400,"url":"https:\/\/www.hitbotrobot.com\/es\/wp-content\/uploads\/2022\/02\/Z-EFG-20S-Electric-Gripper-01.jpg","type":"image\/jpeg"}],"twitter_card":"summary_large_image","twitter_misc":{"Est. reading time":"2 minutes"},"schema":{"@context":"https:\/\/schema.org","@graph":[{"@type":"WebPage","@id":"https:\/\/www.hitbotrobot.com\/es\/product\/z-efg-20s\/","url":"https:\/\/www.hitbotrobot.com\/es\/product\/z-efg-20s\/","name":"Pinza el\u00e9ctrica con servomotor | Pinza rob\u00f3tica HITBOT","isPartOf":{"@id":"https:\/\/www.hitbotrobot.com\/es\/#website"},"primaryImageOfPage":{"@id":"https:\/\/www.hitbotrobot.com\/es\/product\/z-efg-20s\/#primaryimage"},"image":{"@id":"https:\/\/www.hitbotrobot.com\/es\/product\/z-efg-20s\/#primaryimage"},"thumbnailUrl":"https:\/\/www.hitbotrobot.com\/es\/wp-content\/uploads\/2022\/02\/Z-EFG-20S-Electric-Gripper-01.jpg","datePublished":"2022-02-12T08:24:57+00:00","dateModified":"2022-09-29T09:04:48+00:00","description":"La pinza industrial HITBOT Z-EFG-12 es una pinza rob\u00f3tica de 2 dedos, su potencia nominal es de 5 W y puede sujetar objetos de 500 g, su fuerza de sujeci\u00f3n es de 30 N, el recorrido es de 12 mm.","breadcrumb":{"@id":"https:\/\/www.hitbotrobot.com\/es\/product\/z-efg-20s\/#breadcrumb"},"inLanguage":"en-US","potentialAction":[{"@type":"ReadAction","target":["https:\/\/www.hitbotrobot.com\/es\/product\/z-efg-20s\/"]}]},{"@type":"ImageObject","inLanguage":"en-US","@id":"https:\/\/www.hitbotrobot.com\/es\/product\/z-efg-20s\/#primaryimage","url":"https:\/\/www.hitbotrobot.com\/es\/wp-content\/uploads\/2022\/02\/Z-EFG-20S-Electric-Gripper-01.jpg","contentUrl":"https:\/\/www.hitbotrobot.com\/es\/wp-content\/uploads\/2022\/02\/Z-EFG-20S-Electric-Gripper-01.jpg","width":600,"height":400},{"@type":"BreadcrumbList","@id":"https:\/\/www.hitbotrobot.com\/es\/product\/z-efg-20s\/#breadcrumb","itemListElement":[{"@type":"ListItem","position":1,"name":"Shop","item":"https:\/\/www.hitbotrobot.com\/shop\/"},{"@type":"ListItem","position":2,"name":"Pinza el\u00e9ctrica Z-EFG-20S"}]},{"@type":"WebSite","@id":"https:\/\/www.hitbotrobot.com\/es\/#website","url":"https:\/\/www.hitbotrobot.com\/es\/","name":"Huiling Tech","description":"Manufacturer for Robotic Arm","potentialAction":[{"@type":"SearchAction","target":{"@type":"EntryPoint","urlTemplate":"https:\/\/www.hitbotrobot.com\/es\/?s={search_term_string}"},"query-input":"required name=search_term_string"}],"inLanguage":"en-US"}]}},"_links":{"self":[{"href":"https:\/\/www.hitbotrobot.com\/es\/wp-json\/wp\/v2\/product\/15981","targetHints":{"allow":["GET"]}}],"collection":[{"href":"https:\/\/www.hitbotrobot.com\/es\/wp-json\/wp\/v2\/product"}],"about":[{"href":"https:\/\/www.hitbotrobot.com\/es\/wp-json\/wp\/v2\/types\/product"}],"replies":[{"embeddable":true,"href":"https:\/\/www.hitbotrobot.com\/es\/wp-json\/wp\/v2\/comments?post=15981"}],"wp:featuredmedia":[{"embeddable":true,"href":"https:\/\/www.hitbotrobot.com\/es\/wp-json\/wp\/v2\/media\/15982"}],"wp:attachment":[{"href":"https:\/\/www.hitbotrobot.com\/es\/wp-json\/wp\/v2\/media?parent=15981"}],"wp:term":[{"taxonomy":"product_brand","embeddable":true,"href":"https:\/\/www.hitbotrobot.com\/es\/wp-json\/wp\/v2\/product_brand?post=15981"},{"taxonomy":"product_cat","embeddable":true,"href":"https:\/\/www.hitbotrobot.com\/es\/wp-json\/wp\/v2\/product_cat?post=15981"},{"taxonomy":"product_tag","embeddable":true,"href":"https:\/\/www.hitbotrobot.com\/es\/wp-json\/wp\/v2\/product_tag?post=15981"}],"curies":[{"name":"wp","href":"https:\/\/api.w.org\/{rel}","templated":true}]}}