{"id":15968,"date":"2022-02-12T06:38:27","date_gmt":"2022-02-12T06:38:27","guid":{"rendered":"https:\/\/www.hitbotrobot.com\/?post_type=product&#038;p=15968"},"modified":"2022-09-29T08:46:05","modified_gmt":"2022-09-29T08:46:05","slug":"z-efg-20","status":"publish","type":"product","link":"https:\/\/www.hitbotrobot.com\/es\/product\/z-efg-20\/","title":{"rendered":"Pinza el\u00e9ctrica rob\u00f3tica Z-EFG-20"},"content":{"rendered":"<p><strong>Introducci\u00f3n del producto<\/strong>:<\/p>\n<p>La Z-EFG-20 es una pinza paralela el\u00e9ctrica de 2 dedos, de tama\u00f1o peque\u00f1o pero potente para agarrar muchos objetos blandos como huevos, tuber\u00edas, componentes electr\u00f3nicos, etc..<\/p>\n<ul>\n<li>La pinza el\u00e9ctrica Z-EFG-20 tiene un controlador incorporado.<\/li>\n<li>Su carrera y fuerza de agarre son ajustables.<\/li>\n<li>Los terminales se pueden reemplazar para adaptarse a varios requisitos..<\/li>\n<li>Recoge f\u00e1cilmente objetos fr\u00e1giles y deformables, como huevos, tubos de ensayo, anillos, etc..<\/li>\n<li>Adecuado para escenas sin fuentes de aire (como laboratorios y hospitales).<\/li>\n<\/ul>\n<p><img fetchpriority=\"high\" decoding=\"async\" class=\"alignnone size-full wp-image-15973\" src=\"https:\/\/www.hitbotrobot.com\/es\/wp-content\/uploads\/2022\/02\/Z-EFG-20-robot-electric-detail-01.jpg\" alt=\"\" width=\"800\" height=\"638\" srcset=\"https:\/\/www.hitbotrobot.com\/es\/wp-content\/uploads\/2022\/02\/Z-EFG-20-robot-electric-detail-01.jpg 800w, https:\/\/www.hitbotrobot.com\/es\/wp-content\/uploads\/2022\/02\/Z-EFG-20-robot-electric-detail-01-768x612.jpg 768w, https:\/\/www.hitbotrobot.com\/es\/wp-content\/uploads\/2022\/02\/Z-EFG-20-robot-electric-detail-01-340x270.jpg 340w, https:\/\/www.hitbotrobot.com\/es\/wp-content\/uploads\/2022\/02\/Z-EFG-20-robot-electric-detail-01-600x479.jpg 600w\" sizes=\"(max-width: 800px) 100vw, 800px\" \/><br \/>\n<strong>Parametros del producto<\/strong>:<\/p>\n<table style=\"border-collapse: collapse;\" border=\"1\" width=\"90%\" cellspacing=\"0\" cellpadding=\"0\">\n<tbody>\n<tr>\n<td colspan=\"2\">\u00a0 nombre del producto:<\/td>\n<td>\u00a0 Pinza el\u00e9ctrica rob\u00f3tica<\/td>\n<\/tr>\n<tr>\n<td colspan=\"2\">\u00a0 Art\u00edculo No.:<\/td>\n<td>\u00a0 Z-EFG-20<\/td>\n<\/tr>\n<tr>\n<td colspan=\"2\">\u00a0 Carrera total<\/td>\n<td>\u00a0 20mm<\/td>\n<\/tr>\n<tr>\n<td colspan=\"2\">\u00a0 Fuerza de sujecion<\/td>\n<td>\u00a0 80N<\/td>\n<\/tr>\n<tr>\n<td colspan=\"2\">\u00a0 Repetibilidad<\/td>\n<td>\u00a0 \u00b1 0.02mm<\/td>\n<\/tr>\n<tr>\n<td colspan=\"2\">\u00a0 Peso de agarre recomendado<\/td>\n<td>\u00a0 \u22640.8KG<\/td>\n<\/tr>\n<tr>\n<td colspan=\"2\">\u00a0 Modo de transmisi\u00f3n<\/td>\n<td>\u00a0 Cremallera + Gu\u00eda de rodillos cruzados<\/td>\n<\/tr>\n<tr>\n<td colspan=\"2\">\u00a0 Reposici\u00f3n de grasa de componentes m\u00f3viles<\/td>\n<td>\u00a0 Cada seis meses o 1 mill\u00f3n de movimientos\/tiempo<\/td>\n<\/tr>\n<tr>\n<td colspan=\"2\">\u00a0 Tiempo de movimiento de carrera unidireccional<\/td>\n<td>\u00a0 \u00a00.45s<\/td>\n<\/tr>\n<tr>\n<td colspan=\"2\">\u00a0 Rango de temperatura de funcionamiento<\/td>\n<td>\u00a0 \u00a05-55\u2103<\/td>\n<\/tr>\n<tr>\n<td colspan=\"2\">\u00a0 Rango de humedad de funcionamiento<\/td>\n<td>\u00a0 \u00a0RH35-80 (sin escarcha)<\/td>\n<\/tr>\n<tr>\n<td colspan=\"2\">\u00a0 Modo de movimiento<\/td>\n<td>\u00a0 Dos dedos se mueven horizontalmente<\/td>\n<\/tr>\n<tr>\n<td colspan=\"2\">\u00a0 Control de carrera<\/td>\n<td>\u00a0 \u00a0Ajustable<\/td>\n<\/tr>\n<tr>\n<td colspan=\"2\">\u00a0 Ajuste de la fuerza de sujeci\u00f3n<\/td>\n<td>\u00a0 \u00a0 Adjustable<\/td>\n<\/tr>\n<tr>\n<td colspan=\"2\">\u00a0 Peso<\/td>\n<td>\u00a0 \u00a0 0.458KG<\/td>\n<\/tr>\n<tr>\n<td colspan=\"2\">\u00a0 Dimensi\u00f3n (L*W*H)<\/td>\n<td>\u00a0 \u00a0 \u00a044*30*124.7mm<\/td>\n<\/tr>\n<tr>\n<td colspan=\"2\">\u00a0 Colocaci\u00f3n del controlador<\/td>\n<td>\u00a0 Incorporado<\/td>\n<\/tr>\n<tr>\n<td colspan=\"2\">\u00a0 Energ\u00eda<\/td>\n<td>\u00a0 \u00a0 5W<\/td>\n<\/tr>\n<tr>\n<td colspan=\"2\">\u00a0 Tipo de motor<\/td>\n<td>\u00a0 \u00a0CC sin escobillas<\/td>\n<\/tr>\n<tr>\n<td colspan=\"2\">\u00a0 Corriente pico<\/td>\n<td>\u00a0 \u00a0 1A<\/td>\n<\/tr>\n<tr>\n<td colspan=\"2\">\u00a0 Voltaje nominal<\/td>\n<td>\u00a0 \u00a0 24V<\/td>\n<\/tr>\n<tr>\n<td colspan=\"2\">\u00a0 Corriente de espera<\/td>\n<td>\u00a0 \u00a0 0.2A<\/td>\n<\/tr>\n<tr>\n<td colspan=\"2\">\u00a0 Resistente a impactos \/ Resistente a vibraciones<\/td>\n<td>\u00a0 \u00a0 98m\/s<\/td>\n<\/tr>\n<tr>\n<td colspan=\"2\">\u00a0 Di\u00e1metro del motor<\/td>\n<td>\u00a0 \u00a0 28mm<\/td>\n<\/tr>\n<\/tbody>\n<\/table>\n<p><strong>Descripci\u00f3n del producto:<br \/>\n<img decoding=\"async\" class=\"alignnone size-full wp-image-16197 aligncenter\" src=\"https:\/\/www.hitbotrobot.com\/es\/wp-content\/uploads\/2022\/02\/efg-20-hitbot_01.jpg\" alt=\"\" width=\"800\" height=\"661\" srcset=\"https:\/\/www.hitbotrobot.com\/es\/wp-content\/uploads\/2022\/02\/efg-20-hitbot_01.jpg 800w, https:\/\/www.hitbotrobot.com\/es\/wp-content\/uploads\/2022\/02\/efg-20-hitbot_01-768x635.jpg 768w, https:\/\/www.hitbotrobot.com\/es\/wp-content\/uploads\/2022\/02\/efg-20-hitbot_01-600x496.jpg 600w\" sizes=\"(max-width: 800px) 100vw, 800px\" \/> <img decoding=\"async\" class=\"alignnone size-full wp-image-16198 aligncenter\" src=\"https:\/\/www.hitbotrobot.com\/es\/wp-content\/uploads\/2022\/02\/efg-20-hitbot_02.jpg\" alt=\"\" width=\"800\" height=\"661\" srcset=\"https:\/\/www.hitbotrobot.com\/es\/wp-content\/uploads\/2022\/02\/efg-20-hitbot_02.jpg 800w, https:\/\/www.hitbotrobot.com\/es\/wp-content\/uploads\/2022\/02\/efg-20-hitbot_02-768x635.jpg 768w, https:\/\/www.hitbotrobot.com\/es\/wp-content\/uploads\/2022\/02\/efg-20-hitbot_02-600x496.jpg 600w\" sizes=\"(max-width: 800px) 100vw, 800px\" \/> <img loading=\"lazy\" decoding=\"async\" class=\"alignnone size-full wp-image-16199 aligncenter\" src=\"https:\/\/www.hitbotrobot.com\/es\/wp-content\/uploads\/2022\/02\/efg-20-hitbot_03.jpg\" alt=\"\" width=\"800\" height=\"662\" srcset=\"https:\/\/www.hitbotrobot.com\/es\/wp-content\/uploads\/2022\/02\/efg-20-hitbot_03.jpg 800w, https:\/\/www.hitbotrobot.com\/es\/wp-content\/uploads\/2022\/02\/efg-20-hitbot_03-768x636.jpg 768w, https:\/\/www.hitbotrobot.com\/es\/wp-content\/uploads\/2022\/02\/efg-20-hitbot_03-600x497.jpg 600w\" sizes=\"(max-width: 800px) 100vw, 800px\" \/> <img loading=\"lazy\" decoding=\"async\" class=\"alignnone size-full wp-image-16200 aligncenter\" src=\"https:\/\/www.hitbotrobot.com\/es\/wp-content\/uploads\/2022\/02\/efg-20-hitbot_04.jpg\" alt=\"\" width=\"800\" height=\"661\" srcset=\"https:\/\/www.hitbotrobot.com\/es\/wp-content\/uploads\/2022\/02\/efg-20-hitbot_04.jpg 800w, https:\/\/www.hitbotrobot.com\/es\/wp-content\/uploads\/2022\/02\/efg-20-hitbot_04-768x635.jpg 768w, https:\/\/www.hitbotrobot.com\/es\/wp-content\/uploads\/2022\/02\/efg-20-hitbot_04-600x496.jpg 600w\" sizes=\"(max-width: 800px) 100vw, 800px\" \/> <img loading=\"lazy\" decoding=\"async\" class=\"alignnone size-full wp-image-16201 aligncenter\" src=\"https:\/\/www.hitbotrobot.com\/es\/wp-content\/uploads\/2022\/02\/efg-20-hitbot_05.jpg\" alt=\"\" width=\"800\" height=\"661\" srcset=\"https:\/\/www.hitbotrobot.com\/es\/wp-content\/uploads\/2022\/02\/efg-20-hitbot_05.jpg 800w, https:\/\/www.hitbotrobot.com\/es\/wp-content\/uploads\/2022\/02\/efg-20-hitbot_05-768x635.jpg 768w, https:\/\/www.hitbotrobot.com\/es\/wp-content\/uploads\/2022\/02\/efg-20-hitbot_05-600x496.jpg 600w\" sizes=\"(max-width: 800px) 100vw, 800px\" \/> <img loading=\"lazy\" decoding=\"async\" class=\"alignnone size-full wp-image-16202 aligncenter\" src=\"https:\/\/www.hitbotrobot.com\/es\/wp-content\/uploads\/2022\/02\/efg-20-hitbot_06.jpg\" alt=\"\" width=\"800\" height=\"661\" srcset=\"https:\/\/www.hitbotrobot.com\/es\/wp-content\/uploads\/2022\/02\/efg-20-hitbot_06.jpg 800w, https:\/\/www.hitbotrobot.com\/es\/wp-content\/uploads\/2022\/02\/efg-20-hitbot_06-768x635.jpg 768w, https:\/\/www.hitbotrobot.com\/es\/wp-content\/uploads\/2022\/02\/efg-20-hitbot_06-600x496.jpg 600w\" sizes=\"(max-width: 800px) 100vw, 800px\" \/> <img loading=\"lazy\" decoding=\"async\" class=\"alignnone size-full wp-image-16203 aligncenter\" src=\"https:\/\/www.hitbotrobot.com\/es\/wp-content\/uploads\/2022\/02\/efg-20-hitbot_07.jpg\" alt=\"\" width=\"800\" height=\"661\" srcset=\"https:\/\/www.hitbotrobot.com\/es\/wp-content\/uploads\/2022\/02\/efg-20-hitbot_07.jpg 800w, https:\/\/www.hitbotrobot.com\/es\/wp-content\/uploads\/2022\/02\/efg-20-hitbot_07-768x635.jpg 768w, https:\/\/www.hitbotrobot.com\/es\/wp-content\/uploads\/2022\/02\/efg-20-hitbot_07-600x496.jpg 600w\" sizes=\"(max-width: 800px) 100vw, 800px\" \/> <img loading=\"lazy\" decoding=\"async\" class=\"alignnone size-full wp-image-16204 aligncenter\" src=\"https:\/\/www.hitbotrobot.com\/es\/wp-content\/uploads\/2022\/02\/efg-20-hitbot_08.jpg\" alt=\"\" width=\"800\" height=\"661\" srcset=\"https:\/\/www.hitbotrobot.com\/es\/wp-content\/uploads\/2022\/02\/efg-20-hitbot_08.jpg 800w, https:\/\/www.hitbotrobot.com\/es\/wp-content\/uploads\/2022\/02\/efg-20-hitbot_08-768x635.jpg 768w, https:\/\/www.hitbotrobot.com\/es\/wp-content\/uploads\/2022\/02\/efg-20-hitbot_08-600x496.jpg 600w\" sizes=\"(max-width: 800px) 100vw, 800px\" \/> <img loading=\"lazy\" decoding=\"async\" class=\"alignnone size-full wp-image-16205 aligncenter\" src=\"https:\/\/www.hitbotrobot.com\/es\/wp-content\/uploads\/2022\/02\/efg-20-hitbot_09.jpg\" alt=\"\" width=\"800\" height=\"662\" srcset=\"https:\/\/www.hitbotrobot.com\/es\/wp-content\/uploads\/2022\/02\/efg-20-hitbot_09.jpg 800w, https:\/\/www.hitbotrobot.com\/es\/wp-content\/uploads\/2022\/02\/efg-20-hitbot_09-768x636.jpg 768w, https:\/\/www.hitbotrobot.com\/es\/wp-content\/uploads\/2022\/02\/efg-20-hitbot_09-600x497.jpg 600w\" sizes=\"(max-width: 800px) 100vw, 800px\" \/> <img loading=\"lazy\" decoding=\"async\" class=\"alignnone size-full wp-image-16206 aligncenter\" src=\"https:\/\/www.hitbotrobot.com\/es\/wp-content\/uploads\/2022\/02\/efg-20-hitbot_10.jpg\" alt=\"\" width=\"800\" height=\"661\" srcset=\"https:\/\/www.hitbotrobot.com\/es\/wp-content\/uploads\/2022\/02\/efg-20-hitbot_10.jpg 800w, https:\/\/www.hitbotrobot.com\/es\/wp-content\/uploads\/2022\/02\/efg-20-hitbot_10-768x635.jpg 768w, https:\/\/www.hitbotrobot.com\/es\/wp-content\/uploads\/2022\/02\/efg-20-hitbot_10-600x496.jpg 600w\" sizes=\"(max-width: 800px) 100vw, 800px\" \/> <img loading=\"lazy\" decoding=\"async\" class=\"alignnone size-full wp-image-16207 aligncenter\" src=\"https:\/\/www.hitbotrobot.com\/es\/wp-content\/uploads\/2022\/02\/efg-20-hitbot_11.jpg\" alt=\"\" width=\"800\" height=\"661\" srcset=\"https:\/\/www.hitbotrobot.com\/es\/wp-content\/uploads\/2022\/02\/efg-20-hitbot_11.jpg 800w, https:\/\/www.hitbotrobot.com\/es\/wp-content\/uploads\/2022\/02\/efg-20-hitbot_11-768x635.jpg 768w, https:\/\/www.hitbotrobot.com\/es\/wp-content\/uploads\/2022\/02\/efg-20-hitbot_11-600x496.jpg 600w\" sizes=\"(max-width: 800px) 100vw, 800px\" \/> <img loading=\"lazy\" decoding=\"async\" class=\"alignnone size-full wp-image-16208 aligncenter\" src=\"https:\/\/www.hitbotrobot.com\/es\/wp-content\/uploads\/2022\/02\/efg-20-hitbot_12.jpg\" alt=\"\" width=\"800\" height=\"661\" srcset=\"https:\/\/www.hitbotrobot.com\/es\/wp-content\/uploads\/2022\/02\/efg-20-hitbot_12.jpg 800w, https:\/\/www.hitbotrobot.com\/es\/wp-content\/uploads\/2022\/02\/efg-20-hitbot_12-768x635.jpg 768w, https:\/\/www.hitbotrobot.com\/es\/wp-content\/uploads\/2022\/02\/efg-20-hitbot_12-600x496.jpg 600w\" sizes=\"(max-width: 800px) 100vw, 800px\" \/><br \/>\n<\/strong><\/p>\n<p>&nbsp;<\/p>\n","protected":false},"excerpt":{"rendered":"<p>[embed]https:\/\/www.youtube.com\/watch?v=yoZd9xk5r3U&#8230;<\/p>\n","protected":false},"featured_media":15980,"comment_status":"open","ping_status":"closed","template":"","meta":[],"product_brand":[],"product_cat":[39],"product_tag":[105],"class_list":{"0":"post-15968","1":"product","2":"type-product","3":"status-publish","4":"has-post-thumbnail","6":"product_cat-robotic-gripper","7":"product_tag-electric-parallel-gripper","9":"first","10":"instock","11":"shipping-taxable","12":"product-type-simple"},"yoast_head":"<!-- This site is optimized with the Yoast SEO plugin v22.7 - https:\/\/yoast.com\/wordpress\/plugins\/seo\/ -->\n<title>Pinza paralela el\u00e9ctrica de 2 dedos | Pinza rob\u00f3tica HITBOT<\/title>\n<meta name=\"description\" content=\"La pinza industrial HITBOT Z-EFG-20 es una pinza rob\u00f3tica de 2 dedos, su potencia nominal es de 5 W y puede sujetar objetos de 500 g, su fuerza de sujeci\u00f3n es de 30 N, el recorrido es de 12 mm.\" \/>\n<meta name=\"robots\" content=\"index, follow, max-snippet:-1, max-image-preview:large, max-video-preview:-1\" \/>\n<link rel=\"canonical\" href=\"https:\/\/www.hitbotrobot.com\/es\/product\/z-efg-20\/\" \/>\n<meta property=\"og:locale\" content=\"en_US\" \/>\n<meta property=\"og:type\" content=\"article\" \/>\n<meta property=\"og:title\" content=\"Pinza paralela el\u00e9ctrica de 2 dedos | Pinza rob\u00f3tica HITBOT\" \/>\n<meta property=\"og:description\" content=\"La pinza industrial HITBOT Z-EFG-20 es una pinza rob\u00f3tica de 2 dedos, su potencia nominal es de 5 W y puede sujetar objetos de 500 g, su fuerza de sujeci\u00f3n es de 30 N, el recorrido es de 12 mm.\" \/>\n<meta property=\"og:url\" content=\"https:\/\/www.hitbotrobot.com\/es\/product\/z-efg-20\/\" \/>\n<meta property=\"og:site_name\" content=\"Huiling Tech\" \/>\n<meta property=\"article:modified_time\" content=\"2022-09-29T08:46:05+00:00\" \/>\n<meta property=\"og:image\" content=\"https:\/\/www.hitbotrobot.com\/es\/wp-content\/uploads\/2022\/02\/Z-EFG-20-robot-electric-001.jpg\" \/>\n\t<meta property=\"og:image:width\" content=\"600\" \/>\n\t<meta property=\"og:image:height\" content=\"400\" \/>\n\t<meta property=\"og:image:type\" content=\"image\/jpeg\" \/>\n<meta name=\"twitter:card\" content=\"summary_large_image\" \/>\n<meta name=\"twitter:label1\" content=\"Est. reading time\" \/>\n\t<meta name=\"twitter:data1\" content=\"4 minutes\" \/>\n<script type=\"application\/ld+json\" class=\"yoast-schema-graph\">{\"@context\":\"https:\/\/schema.org\",\"@graph\":[{\"@type\":\"WebPage\",\"@id\":\"https:\/\/www.hitbotrobot.com\/es\/product\/z-efg-20\/\",\"url\":\"https:\/\/www.hitbotrobot.com\/es\/product\/z-efg-20\/\",\"name\":\"Pinza paralela el\u00e9ctrica de 2 dedos | Pinza rob\u00f3tica HITBOT\",\"isPartOf\":{\"@id\":\"https:\/\/www.hitbotrobot.com\/es\/#website\"},\"primaryImageOfPage\":{\"@id\":\"https:\/\/www.hitbotrobot.com\/es\/product\/z-efg-20\/#primaryimage\"},\"image\":{\"@id\":\"https:\/\/www.hitbotrobot.com\/es\/product\/z-efg-20\/#primaryimage\"},\"thumbnailUrl\":\"https:\/\/www.hitbotrobot.com\/es\/wp-content\/uploads\/2022\/02\/Z-EFG-20-robot-electric-001.jpg\",\"datePublished\":\"2022-02-12T06:38:27+00:00\",\"dateModified\":\"2022-09-29T08:46:05+00:00\",\"description\":\"La pinza industrial HITBOT Z-EFG-20 es una pinza rob\u00f3tica de 2 dedos, su potencia nominal es de 5 W y puede sujetar objetos de 500 g, su fuerza de sujeci\u00f3n es de 30 N, el recorrido es de 12 mm.\",\"breadcrumb\":{\"@id\":\"https:\/\/www.hitbotrobot.com\/es\/product\/z-efg-20\/#breadcrumb\"},\"inLanguage\":\"en-US\",\"potentialAction\":[{\"@type\":\"ReadAction\",\"target\":[\"https:\/\/www.hitbotrobot.com\/es\/product\/z-efg-20\/\"]}]},{\"@type\":\"ImageObject\",\"inLanguage\":\"en-US\",\"@id\":\"https:\/\/www.hitbotrobot.com\/es\/product\/z-efg-20\/#primaryimage\",\"url\":\"https:\/\/www.hitbotrobot.com\/es\/wp-content\/uploads\/2022\/02\/Z-EFG-20-robot-electric-001.jpg\",\"contentUrl\":\"https:\/\/www.hitbotrobot.com\/es\/wp-content\/uploads\/2022\/02\/Z-EFG-20-robot-electric-001.jpg\",\"width\":600,\"height\":400},{\"@type\":\"BreadcrumbList\",\"@id\":\"https:\/\/www.hitbotrobot.com\/es\/product\/z-efg-20\/#breadcrumb\",\"itemListElement\":[{\"@type\":\"ListItem\",\"position\":1,\"name\":\"Shop\",\"item\":\"https:\/\/www.hitbotrobot.com\/shop\/\"},{\"@type\":\"ListItem\",\"position\":2,\"name\":\"Pinza el\u00e9ctrica rob\u00f3tica Z-EFG-20\"}]},{\"@type\":\"WebSite\",\"@id\":\"https:\/\/www.hitbotrobot.com\/es\/#website\",\"url\":\"https:\/\/www.hitbotrobot.com\/es\/\",\"name\":\"Huiling Tech\",\"description\":\"Manufacturer for Robotic Arm\",\"potentialAction\":[{\"@type\":\"SearchAction\",\"target\":{\"@type\":\"EntryPoint\",\"urlTemplate\":\"https:\/\/www.hitbotrobot.com\/es\/?s={search_term_string}\"},\"query-input\":\"required name=search_term_string\"}],\"inLanguage\":\"en-US\"}]}<\/script>\n<!-- \/ Yoast SEO plugin. -->","yoast_head_json":{"title":"Pinza paralela el\u00e9ctrica de 2 dedos | Pinza rob\u00f3tica HITBOT","description":"La pinza industrial HITBOT Z-EFG-20 es una pinza rob\u00f3tica de 2 dedos, su potencia nominal es de 5 W y puede sujetar objetos de 500 g, su fuerza de sujeci\u00f3n es de 30 N, el recorrido es de 12 mm.","robots":{"index":"index","follow":"follow","max-snippet":"max-snippet:-1","max-image-preview":"max-image-preview:large","max-video-preview":"max-video-preview:-1"},"canonical":"https:\/\/www.hitbotrobot.com\/es\/product\/z-efg-20\/","og_locale":"en_US","og_type":"article","og_title":"Pinza paralela el\u00e9ctrica de 2 dedos | Pinza rob\u00f3tica HITBOT","og_description":"La pinza industrial HITBOT Z-EFG-20 es una pinza rob\u00f3tica de 2 dedos, su potencia nominal es de 5 W y puede sujetar objetos de 500 g, su fuerza de sujeci\u00f3n es de 30 N, el recorrido es de 12 mm.","og_url":"https:\/\/www.hitbotrobot.com\/es\/product\/z-efg-20\/","og_site_name":"Huiling Tech","article_modified_time":"2022-09-29T08:46:05+00:00","og_image":[{"width":600,"height":400,"url":"https:\/\/www.hitbotrobot.com\/es\/wp-content\/uploads\/2022\/02\/Z-EFG-20-robot-electric-001.jpg","type":"image\/jpeg"}],"twitter_card":"summary_large_image","twitter_misc":{"Est. reading time":"4 minutes"},"schema":{"@context":"https:\/\/schema.org","@graph":[{"@type":"WebPage","@id":"https:\/\/www.hitbotrobot.com\/es\/product\/z-efg-20\/","url":"https:\/\/www.hitbotrobot.com\/es\/product\/z-efg-20\/","name":"Pinza paralela el\u00e9ctrica de 2 dedos | Pinza rob\u00f3tica HITBOT","isPartOf":{"@id":"https:\/\/www.hitbotrobot.com\/es\/#website"},"primaryImageOfPage":{"@id":"https:\/\/www.hitbotrobot.com\/es\/product\/z-efg-20\/#primaryimage"},"image":{"@id":"https:\/\/www.hitbotrobot.com\/es\/product\/z-efg-20\/#primaryimage"},"thumbnailUrl":"https:\/\/www.hitbotrobot.com\/es\/wp-content\/uploads\/2022\/02\/Z-EFG-20-robot-electric-001.jpg","datePublished":"2022-02-12T06:38:27+00:00","dateModified":"2022-09-29T08:46:05+00:00","description":"La pinza industrial HITBOT Z-EFG-20 es una pinza rob\u00f3tica de 2 dedos, su potencia nominal es de 5 W y puede sujetar objetos de 500 g, su fuerza de sujeci\u00f3n es de 30 N, el recorrido es de 12 mm.","breadcrumb":{"@id":"https:\/\/www.hitbotrobot.com\/es\/product\/z-efg-20\/#breadcrumb"},"inLanguage":"en-US","potentialAction":[{"@type":"ReadAction","target":["https:\/\/www.hitbotrobot.com\/es\/product\/z-efg-20\/"]}]},{"@type":"ImageObject","inLanguage":"en-US","@id":"https:\/\/www.hitbotrobot.com\/es\/product\/z-efg-20\/#primaryimage","url":"https:\/\/www.hitbotrobot.com\/es\/wp-content\/uploads\/2022\/02\/Z-EFG-20-robot-electric-001.jpg","contentUrl":"https:\/\/www.hitbotrobot.com\/es\/wp-content\/uploads\/2022\/02\/Z-EFG-20-robot-electric-001.jpg","width":600,"height":400},{"@type":"BreadcrumbList","@id":"https:\/\/www.hitbotrobot.com\/es\/product\/z-efg-20\/#breadcrumb","itemListElement":[{"@type":"ListItem","position":1,"name":"Shop","item":"https:\/\/www.hitbotrobot.com\/shop\/"},{"@type":"ListItem","position":2,"name":"Pinza el\u00e9ctrica rob\u00f3tica Z-EFG-20"}]},{"@type":"WebSite","@id":"https:\/\/www.hitbotrobot.com\/es\/#website","url":"https:\/\/www.hitbotrobot.com\/es\/","name":"Huiling Tech","description":"Manufacturer for Robotic Arm","potentialAction":[{"@type":"SearchAction","target":{"@type":"EntryPoint","urlTemplate":"https:\/\/www.hitbotrobot.com\/es\/?s={search_term_string}"},"query-input":"required name=search_term_string"}],"inLanguage":"en-US"}]}},"_links":{"self":[{"href":"https:\/\/www.hitbotrobot.com\/es\/wp-json\/wp\/v2\/product\/15968","targetHints":{"allow":["GET"]}}],"collection":[{"href":"https:\/\/www.hitbotrobot.com\/es\/wp-json\/wp\/v2\/product"}],"about":[{"href":"https:\/\/www.hitbotrobot.com\/es\/wp-json\/wp\/v2\/types\/product"}],"replies":[{"embeddable":true,"href":"https:\/\/www.hitbotrobot.com\/es\/wp-json\/wp\/v2\/comments?post=15968"}],"wp:featuredmedia":[{"embeddable":true,"href":"https:\/\/www.hitbotrobot.com\/es\/wp-json\/wp\/v2\/media\/15980"}],"wp:attachment":[{"href":"https:\/\/www.hitbotrobot.com\/es\/wp-json\/wp\/v2\/media?parent=15968"}],"wp:term":[{"taxonomy":"product_brand","embeddable":true,"href":"https:\/\/www.hitbotrobot.com\/es\/wp-json\/wp\/v2\/product_brand?post=15968"},{"taxonomy":"product_cat","embeddable":true,"href":"https:\/\/www.hitbotrobot.com\/es\/wp-json\/wp\/v2\/product_cat?post=15968"},{"taxonomy":"product_tag","embeddable":true,"href":"https:\/\/www.hitbotrobot.com\/es\/wp-json\/wp\/v2\/product_tag?post=15968"}],"curies":[{"name":"wp","href":"https:\/\/api.w.org\/{rel}","templated":true}]}}