{"id":2114,"date":"2020-05-02T08:59:05","date_gmt":"2020-05-02T08:59:05","guid":{"rendered":"http:\/\/rstheme.com\/products\/wordpress\/reobiz\/?page_id=2114"},"modified":"2022-09-29T05:48:34","modified_gmt":"2022-09-29T05:48:34","slug":"about-us","status":"publish","type":"page","link":"https:\/\/www.hitbotrobot.com\/es\/about-us\/","title":{"rendered":"About Us"},"content":{"rendered":"\t\t<div data-elementor-type=\"wp-page\" data-elementor-id=\"2114\" class=\"elementor elementor-2114\">\n\t\t\t\t\t\t<section class=\"elementor-section elementor-top-section elementor-element elementor-element-24f14fa elementor-section-full_width elementor-section-content-middle elementor-section-height-default elementor-section-height-default\" data-id=\"24f14fa\" data-element_type=\"section\">\n\t\t\t\t\t\t<div class=\"elementor-container elementor-column-gap-wide\">\n\t\t\t\t\t<div class=\"elementor-column elementor-col-50 elementor-top-column elementor-element elementor-element-2857fe6 animated-slow elementor-invisible\" data-id=\"2857fe6\" data-element_type=\"column\" data-settings=\"{&quot;animation&quot;:&quot;fadeInUp&quot;,&quot;animation_delay&quot;:500}\">\n\t\t\t<div class=\"elementor-widget-wrap elementor-element-populated\">\n\t\t\t\t\t\t<div class=\"elementor-element elementor-element-537d3b3 elementor-widget elementor-widget-image\" data-id=\"537d3b3\" data-element_type=\"widget\" data-widget_type=\"image.default\">\n\t\t\t\t<div class=\"elementor-widget-container\">\n\t\t\t\t\t\t\t\t\t\t\t\t\t\t\t<img fetchpriority=\"high\" decoding=\"async\" width=\"640\" height=\"704\" src=\"https:\/\/www.hitbotrobot.com\/es\/wp-content\/uploads\/2021\/09\/Hitbot-Robotic-Arm-about-us.jpg\" class=\"attachment-large size-large wp-image-13991\" alt=\"\" srcset=\"https:\/\/www.hitbotrobot.com\/es\/wp-content\/uploads\/2021\/09\/Hitbot-Robotic-Arm-about-us.jpg 800w, https:\/\/www.hitbotrobot.com\/es\/wp-content\/uploads\/2021\/09\/Hitbot-Robotic-Arm-about-us-768x845.jpg 768w, https:\/\/www.hitbotrobot.com\/es\/wp-content\/uploads\/2021\/09\/Hitbot-Robotic-Arm-about-us-600x660.jpg 600w\" sizes=\"(max-width: 640px) 100vw, 640px\" \/>\t\t\t\t\t\t\t\t\t\t\t\t\t\t\t<\/div>\n\t\t\t\t<\/div>\n\t\t\t\t\t<\/div>\n\t\t<\/div>\n\t\t\t\t<div class=\"elementor-column elementor-col-50 elementor-top-column elementor-element elementor-element-6846ed5\" data-id=\"6846ed5\" data-element_type=\"column\">\n\t\t\t<div class=\"elementor-widget-wrap\">\n\t\t\t\t\t\t\t<\/div>\n\t\t<\/div>\n\t\t\t\t\t<\/div>\n\t\t<\/section>\n\t\t\t\t<section class=\"elementor-section elementor-top-section elementor-element elementor-element-8ca80b1 elementor-section-boxed elementor-section-height-default elementor-section-height-default\" data-id=\"8ca80b1\" data-element_type=\"section\" data-settings=\"{&quot;background_background&quot;:&quot;classic&quot;}\">\n\t\t\t\t\t\t<div class=\"elementor-container elementor-column-gap-default\">\n\t\t\t\t\t<div class=\"elementor-column elementor-col-100 elementor-top-column elementor-element elementor-element-b95fc81\" data-id=\"b95fc81\" data-element_type=\"column\">\n\t\t\t<div class=\"elementor-widget-wrap\">\n\t\t\t\t\t\t\t<\/div>\n\t\t<\/div>\n\t\t\t\t\t<\/div>\n\t\t<\/section>\n\t\t\t\t<section class=\"elementor-section elementor-top-section elementor-element elementor-element-fd7f2d1 elementor-section-boxed elementor-section-height-default elementor-section-height-default\" data-id=\"fd7f2d1\" data-element_type=\"section\">\n\t\t\t\t\t\t<div class=\"elementor-container elementor-column-gap-default\">\n\t\t\t\t\t<div class=\"elementor-column elementor-col-100 elementor-top-column elementor-element elementor-element-f0a992f\" data-id=\"f0a992f\" data-element_type=\"column\">\n\t\t\t<div class=\"elementor-widget-wrap\">\n\t\t\t\t\t\t\t<\/div>\n\t\t<\/div>\n\t\t\t\t\t<\/div>\n\t\t<\/section>\n\t\t\t\t<section class=\"elementor-section elementor-top-section elementor-element elementor-element-23b5a42 elementor-section-boxed elementor-section-height-default elementor-section-height-default\" data-id=\"23b5a42\" data-element_type=\"section\">\n\t\t\t\t\t\t<div class=\"elementor-container elementor-column-gap-default\">\n\t\t\t\t\t<div class=\"elementor-column elementor-col-100 elementor-top-column elementor-element elementor-element-f9dfe59\" data-id=\"f9dfe59\" data-element_type=\"column\">\n\t\t\t<div class=\"elementor-widget-wrap elementor-element-populated\">\n\t\t\t\t\t\t<div class=\"elementor-element elementor-element-a61210c elementor-widget elementor-widget-image\" data-id=\"a61210c\" data-element_type=\"widget\" data-widget_type=\"image.default\">\n\t\t\t\t<div class=\"elementor-widget-container\">\n\t\t\t\t\t\t\t\t\t\t\t\t\t\t\t\t<a href=\"https:\/\/www.hitbotrobot.com\/wp-content\/uploads\/2022\/07\/HITBOT-Factory.jpg\" data-elementor-open-lightbox=\"yes\" data-elementor-lightbox-title=\"HITBOT-Factory\" data-e-action-hash=\"#elementor-action%3Aaction%3Dlightbox%26settings%3DeyJpZCI6MTY2MjQsInVybCI6Imh0dHBzOlwvXC93d3cuaGl0Ym90cm9ib3QuY29tXC9lc1wvd3AtY29udGVudFwvdXBsb2Fkc1wvMjAyMlwvMDdcL0hJVEJPVC1GYWN0b3J5LmpwZyJ9\">\n\t\t\t\t\t\t\t<img decoding=\"async\" width=\"1600\" height=\"865\" src=\"https:\/\/www.hitbotrobot.com\/es\/wp-content\/uploads\/2022\/07\/HITBOT-Factory.jpg\" class=\"attachment-full size-full wp-image-16624\" alt=\"\" srcset=\"https:\/\/www.hitbotrobot.com\/es\/wp-content\/uploads\/2022\/07\/HITBOT-Factory.jpg 1600w, https:\/\/www.hitbotrobot.com\/es\/wp-content\/uploads\/2022\/07\/HITBOT-Factory-1200x649.jpg 1200w, https:\/\/www.hitbotrobot.com\/es\/wp-content\/uploads\/2022\/07\/HITBOT-Factory-1524x824.jpg 1524w, https:\/\/www.hitbotrobot.com\/es\/wp-content\/uploads\/2022\/07\/HITBOT-Factory-768x415.jpg 768w, https:\/\/www.hitbotrobot.com\/es\/wp-content\/uploads\/2022\/07\/HITBOT-Factory-1536x830.jpg 1536w, https:\/\/www.hitbotrobot.com\/es\/wp-content\/uploads\/2022\/07\/HITBOT-Factory-600x324.jpg 600w\" sizes=\"(max-width: 1600px) 100vw, 1600px\" \/>\t\t\t\t\t\t\t\t<\/a>\n\t\t\t\t\t\t\t\t\t\t\t\t\t\t\t<\/div>\n\t\t\t\t<\/div>\n\t\t\t\t\t<\/div>\n\t\t<\/div>\n\t\t\t\t\t<\/div>\n\t\t<\/section>\n\t\t\t\t<section class=\"elementor-section elementor-top-section elementor-element elementor-element-0c78601 elementor-section-boxed elementor-section-height-default elementor-section-height-default\" data-id=\"0c78601\" data-element_type=\"section\">\n\t\t\t\t\t\t<div class=\"elementor-container elementor-column-gap-default\">\n\t\t\t\t\t<div class=\"elementor-column elementor-col-100 elementor-top-column elementor-element elementor-element-424bdf4\" data-id=\"424bdf4\" data-element_type=\"column\">\n\t\t\t<div class=\"elementor-widget-wrap elementor-element-populated\">\n\t\t\t\t\t\t<div class=\"elementor-element elementor-element-a0c165d gallery-spacing-custom elementor-widget elementor-widget-image-gallery\" data-id=\"a0c165d\" data-element_type=\"widget\" data-widget_type=\"image-gallery.default\">\n\t\t\t\t<div class=\"elementor-widget-container\">\n\t\t\t\t\t\t\t<div class=\"elementor-image-gallery\">\n\t\t\t<div id='gallery-1' class='gallery galleryid-2114 gallery-columns-2 gallery-size-medium'><figure class='gallery-item'>\n\t\t\t<div class='gallery-icon landscape'>\n\t\t\t\t<a data-elementor-open-lightbox=\"yes\" data-elementor-lightbox-slideshow=\"a0c165d\" data-elementor-lightbox-title=\"hitbot-aboutus-01\" data-e-action-hash=\"#elementor-action%3Aaction%3Dlightbox%26settings%3DeyJpZCI6MTY2NzUsInVybCI6Imh0dHBzOlwvXC93d3cuaGl0Ym90cm9ib3QuY29tXC9lc1wvd3AtY29udGVudFwvdXBsb2Fkc1wvMjAyMlwvMDdcL2hpdGJvdC1hYm91dHVzLTAxLmpwZyIsInNsaWRlc2hvdyI6ImEwYzE2NWQifQ%3D%3D\" href='https:\/\/www.hitbotrobot.com\/es\/wp-content\/uploads\/2022\/07\/hitbot-aboutus-01.jpg'><img decoding=\"async\" width=\"800\" height=\"600\" src=\"https:\/\/www.hitbotrobot.com\/es\/wp-content\/uploads\/2022\/07\/hitbot-aboutus-01.jpg\" class=\"attachment-medium size-medium\" alt=\"\" srcset=\"https:\/\/www.hitbotrobot.com\/es\/wp-content\/uploads\/2022\/07\/hitbot-aboutus-01.jpg 800w, https:\/\/www.hitbotrobot.com\/es\/wp-content\/uploads\/2022\/07\/hitbot-aboutus-01-768x576.jpg 768w, https:\/\/www.hitbotrobot.com\/es\/wp-content\/uploads\/2022\/07\/hitbot-aboutus-01-600x450.jpg 600w\" sizes=\"(max-width: 800px) 100vw, 800px\" \/><\/a>\n\t\t\t<\/div><\/figure><figure class='gallery-item'>\n\t\t\t<div class='gallery-icon landscape'>\n\t\t\t\t<a data-elementor-open-lightbox=\"yes\" data-elementor-lightbox-slideshow=\"a0c165d\" data-elementor-lightbox-title=\"hitbot-aboutus-02\" data-e-action-hash=\"#elementor-action%3Aaction%3Dlightbox%26settings%3DeyJpZCI6MTY2NzYsInVybCI6Imh0dHBzOlwvXC93d3cuaGl0Ym90cm9ib3QuY29tXC9lc1wvd3AtY29udGVudFwvdXBsb2Fkc1wvMjAyMlwvMDdcL2hpdGJvdC1hYm91dHVzLTAyLmpwZyIsInNsaWRlc2hvdyI6ImEwYzE2NWQifQ%3D%3D\" href='https:\/\/www.hitbotrobot.com\/es\/wp-content\/uploads\/2022\/07\/hitbot-aboutus-02.jpg'><img loading=\"lazy\" decoding=\"async\" width=\"800\" height=\"600\" src=\"https:\/\/www.hitbotrobot.com\/es\/wp-content\/uploads\/2022\/07\/hitbot-aboutus-02.jpg\" class=\"attachment-medium size-medium\" alt=\"\" srcset=\"https:\/\/www.hitbotrobot.com\/es\/wp-content\/uploads\/2022\/07\/hitbot-aboutus-02.jpg 800w, https:\/\/www.hitbotrobot.com\/es\/wp-content\/uploads\/2022\/07\/hitbot-aboutus-02-768x576.jpg 768w, https:\/\/www.hitbotrobot.com\/es\/wp-content\/uploads\/2022\/07\/hitbot-aboutus-02-600x450.jpg 600w\" sizes=\"(max-width: 800px) 100vw, 800px\" \/><\/a>\n\t\t\t<\/div><\/figure>\n\t\t<\/div>\n\t\t<\/div>\n\t\t\t\t\t\t<\/div>\n\t\t\t\t<\/div>\n\t\t\t\t\t<\/div>\n\t\t<\/div>\n\t\t\t\t\t<\/div>\n\t\t<\/section>\n\t\t\t\t<section class=\"elementor-section elementor-top-section elementor-element elementor-element-45704ae elementor-section-stretched elementor-section-boxed elementor-section-height-default elementor-section-height-default\" data-id=\"45704ae\" data-element_type=\"section\" data-settings=\"{&quot;stretch_section&quot;:&quot;section-stretched&quot;,&quot;background_background&quot;:&quot;classic&quot;}\">\n\t\t\t\t\t\t<div class=\"elementor-container elementor-column-gap-extended\">\n\t\t\t\t\t<div class=\"elementor-column elementor-col-100 elementor-top-column elementor-element elementor-element-fedd228\" data-id=\"fedd228\" data-element_type=\"column\">\n\t\t\t<div class=\"elementor-widget-wrap elementor-element-populated\">\n\t\t\t\t\t\t<section class=\"elementor-section elementor-inner-section elementor-element elementor-element-ba33ce7 elementor-section-boxed elementor-section-height-default elementor-section-height-default\" data-id=\"ba33ce7\" data-element_type=\"section\">\n\t\t\t\t\t\t<div class=\"elementor-container elementor-column-gap-default\">\n\t\t\t\t\t<div class=\"elementor-column elementor-col-25 elementor-inner-column elementor-element elementor-element-3e6ec42\" data-id=\"3e6ec42\" data-element_type=\"column\">\n\t\t\t<div class=\"elementor-widget-wrap\">\n\t\t\t\t\t\t\t<\/div>\n\t\t<\/div>\n\t\t\t\t<div class=\"elementor-column elementor-col-25 elementor-inner-column elementor-element elementor-element-37a8e7c\" data-id=\"37a8e7c\" data-element_type=\"column\">\n\t\t\t<div class=\"elementor-widget-wrap\">\n\t\t\t\t\t\t\t<\/div>\n\t\t<\/div>\n\t\t\t\t<div class=\"elementor-column elementor-col-25 elementor-inner-column elementor-element elementor-element-770440b\" data-id=\"770440b\" data-element_type=\"column\">\n\t\t\t<div class=\"elementor-widget-wrap\">\n\t\t\t\t\t\t\t<\/div>\n\t\t<\/div>\n\t\t\t\t<div class=\"elementor-column elementor-col-25 elementor-inner-column elementor-element elementor-element-ce05132\" data-id=\"ce05132\" data-element_type=\"column\">\n\t\t\t<div class=\"elementor-widget-wrap\">\n\t\t\t\t\t\t\t<\/div>\n\t\t<\/div>\n\t\t\t\t\t<\/div>\n\t\t<\/section>\n\t\t\t\t\t<\/div>\n\t\t<\/div>\n\t\t\t\t\t<\/div>\n\t\t<\/section>\n\t\t\t\t<\/div>\n\t\t","protected":false},"excerpt":{"rendered":"<p>Sobre nosotros Huiling-Tech Robotic Co,.Ltd Establecido en 2015, HITBOT es un fabricante de robots colaborativos con 7 a\u00f1os de experiencia, que se especializa principalmente en el dise\u00f1o y la producci\u00f3n de robots colaborativos de escritorio livianos y pinzas rob\u00f3ticas el\u00e9ctricas. Con m\u00e1s de 10 a\u00f1os de investigaci\u00f3n y desarrollo tecnol\u00f3gico, HITBOT ha reducido con \u00e9xito&#8230;<\/p>\n","protected":false},"author":1,"featured_media":0,"parent":0,"menu_order":0,"comment_status":"closed","ping_status":"closed","template":"","meta":{"footnotes":""},"class_list":["post-2114","page","type-page","status-publish","hentry"],"yoast_head":"<!-- This site is optimized with the Yoast SEO plugin v22.7 - https:\/\/yoast.com\/wordpress\/plugins\/seo\/ -->\n<title>Empresas de fabricaci\u00f3n de brazos rob\u00f3ticos | Cont\u00e1ctenos<\/title>\n<meta name=\"robots\" content=\"index, follow, max-snippet:-1, max-image-preview:large, max-video-preview:-1\" \/>\n<link rel=\"canonical\" href=\"https:\/\/www.hitbotrobot.com\/es\/about-us\/\" \/>\n<meta property=\"og:locale\" content=\"en_US\" \/>\n<meta property=\"og:type\" content=\"article\" \/>\n<meta property=\"og:title\" content=\"Empresas de fabricaci\u00f3n de brazos rob\u00f3ticos | Cont\u00e1ctenos\" \/>\n<meta property=\"og:description\" content=\"Sobre nosotros Huiling-Tech Robotic Co,.Ltd Establecido en 2015, HITBOT es un fabricante de robots colaborativos con 7 a\u00f1os de experiencia, que se especializa principalmente en el dise\u00f1o y la producci\u00f3n de robots colaborativos de escritorio livianos y pinzas rob\u00f3ticas el\u00e9ctricas. Con m\u00e1s de 10 a\u00f1os de investigaci\u00f3n y desarrollo tecnol\u00f3gico, HITBOT ha reducido con \u00e9xito...\" \/>\n<meta property=\"og:url\" content=\"https:\/\/www.hitbotrobot.com\/es\/about-us\/\" \/>\n<meta property=\"og:site_name\" content=\"Huiling Tech\" \/>\n<meta property=\"article:modified_time\" content=\"2022-09-29T05:48:34+00:00\" \/>\n<meta property=\"og:image\" content=\"https:\/\/www.hitbotrobot.com\/es\/wp-content\/uploads\/2021\/09\/Hitbot-Robotic-Arm-about-us.jpg\" \/>\n<meta name=\"twitter:card\" content=\"summary_large_image\" \/>\n<meta name=\"twitter:label1\" content=\"Est. reading time\" \/>\n\t<meta name=\"twitter:data1\" content=\"3 minutes\" \/>\n<script type=\"application\/ld+json\" class=\"yoast-schema-graph\">{\"@context\":\"https:\/\/schema.org\",\"@graph\":[{\"@type\":\"WebPage\",\"@id\":\"https:\/\/www.hitbotrobot.com\/es\/about-us\/\",\"url\":\"https:\/\/www.hitbotrobot.com\/es\/about-us\/\",\"name\":\"Empresas de fabricaci\u00f3n de brazos rob\u00f3ticos | Cont\u00e1ctenos\",\"isPartOf\":{\"@id\":\"https:\/\/www.hitbotrobot.com\/es\/#website\"},\"primaryImageOfPage\":{\"@id\":\"https:\/\/www.hitbotrobot.com\/es\/about-us\/#primaryimage\"},\"image\":{\"@id\":\"https:\/\/www.hitbotrobot.com\/es\/about-us\/#primaryimage\"},\"thumbnailUrl\":\"https:\/\/www.hitbotrobot.com\/es\/wp-content\/uploads\/2021\/09\/Hitbot-Robotic-Arm-about-us.jpg\",\"datePublished\":\"2020-05-02T08:59:05+00:00\",\"dateModified\":\"2022-09-29T05:48:34+00:00\",\"inLanguage\":\"en-US\",\"potentialAction\":[{\"@type\":\"ReadAction\",\"target\":[\"https:\/\/www.hitbotrobot.com\/es\/about-us\/\"]}]},{\"@type\":\"ImageObject\",\"inLanguage\":\"en-US\",\"@id\":\"https:\/\/www.hitbotrobot.com\/es\/about-us\/#primaryimage\",\"url\":\"https:\/\/www.hitbotrobot.com\/es\/wp-content\/uploads\/2021\/09\/Hitbot-Robotic-Arm-about-us.jpg\",\"contentUrl\":\"https:\/\/www.hitbotrobot.com\/es\/wp-content\/uploads\/2021\/09\/Hitbot-Robotic-Arm-about-us.jpg\",\"width\":800,\"height\":880},{\"@type\":\"WebSite\",\"@id\":\"https:\/\/www.hitbotrobot.com\/es\/#website\",\"url\":\"https:\/\/www.hitbotrobot.com\/es\/\",\"name\":\"Huiling Tech\",\"description\":\"Manufacturer for Robotic Arm\",\"potentialAction\":[{\"@type\":\"SearchAction\",\"target\":{\"@type\":\"EntryPoint\",\"urlTemplate\":\"https:\/\/www.hitbotrobot.com\/es\/?s={search_term_string}\"},\"query-input\":\"required name=search_term_string\"}],\"inLanguage\":\"en-US\"}]}<\/script>\n<!-- \/ Yoast SEO plugin. -->","yoast_head_json":{"title":"Empresas de fabricaci\u00f3n de brazos rob\u00f3ticos | Cont\u00e1ctenos","robots":{"index":"index","follow":"follow","max-snippet":"max-snippet:-1","max-image-preview":"max-image-preview:large","max-video-preview":"max-video-preview:-1"},"canonical":"https:\/\/www.hitbotrobot.com\/es\/about-us\/","og_locale":"en_US","og_type":"article","og_title":"Empresas de fabricaci\u00f3n de brazos rob\u00f3ticos | Cont\u00e1ctenos","og_description":"Sobre nosotros Huiling-Tech Robotic Co,.Ltd Establecido en 2015, HITBOT es un fabricante de robots colaborativos con 7 a\u00f1os de experiencia, que se especializa principalmente en el dise\u00f1o y la producci\u00f3n de robots colaborativos de escritorio livianos y pinzas rob\u00f3ticas el\u00e9ctricas. Con m\u00e1s de 10 a\u00f1os de investigaci\u00f3n y desarrollo tecnol\u00f3gico, HITBOT ha reducido con \u00e9xito...","og_url":"https:\/\/www.hitbotrobot.com\/es\/about-us\/","og_site_name":"Huiling Tech","article_modified_time":"2022-09-29T05:48:34+00:00","og_image":[{"url":"https:\/\/www.hitbotrobot.com\/es\/wp-content\/uploads\/2021\/09\/Hitbot-Robotic-Arm-about-us.jpg"}],"twitter_card":"summary_large_image","twitter_misc":{"Est. reading time":"3 minutes"},"schema":{"@context":"https:\/\/schema.org","@graph":[{"@type":"WebPage","@id":"https:\/\/www.hitbotrobot.com\/es\/about-us\/","url":"https:\/\/www.hitbotrobot.com\/es\/about-us\/","name":"Empresas de fabricaci\u00f3n de brazos rob\u00f3ticos | Cont\u00e1ctenos","isPartOf":{"@id":"https:\/\/www.hitbotrobot.com\/es\/#website"},"primaryImageOfPage":{"@id":"https:\/\/www.hitbotrobot.com\/es\/about-us\/#primaryimage"},"image":{"@id":"https:\/\/www.hitbotrobot.com\/es\/about-us\/#primaryimage"},"thumbnailUrl":"https:\/\/www.hitbotrobot.com\/es\/wp-content\/uploads\/2021\/09\/Hitbot-Robotic-Arm-about-us.jpg","datePublished":"2020-05-02T08:59:05+00:00","dateModified":"2022-09-29T05:48:34+00:00","inLanguage":"en-US","potentialAction":[{"@type":"ReadAction","target":["https:\/\/www.hitbotrobot.com\/es\/about-us\/"]}]},{"@type":"ImageObject","inLanguage":"en-US","@id":"https:\/\/www.hitbotrobot.com\/es\/about-us\/#primaryimage","url":"https:\/\/www.hitbotrobot.com\/es\/wp-content\/uploads\/2021\/09\/Hitbot-Robotic-Arm-about-us.jpg","contentUrl":"https:\/\/www.hitbotrobot.com\/es\/wp-content\/uploads\/2021\/09\/Hitbot-Robotic-Arm-about-us.jpg","width":800,"height":880},{"@type":"WebSite","@id":"https:\/\/www.hitbotrobot.com\/es\/#website","url":"https:\/\/www.hitbotrobot.com\/es\/","name":"Huiling Tech","description":"Manufacturer for Robotic Arm","potentialAction":[{"@type":"SearchAction","target":{"@type":"EntryPoint","urlTemplate":"https:\/\/www.hitbotrobot.com\/es\/?s={search_term_string}"},"query-input":"required name=search_term_string"}],"inLanguage":"en-US"}]}},"_links":{"self":[{"href":"https:\/\/www.hitbotrobot.com\/es\/wp-json\/wp\/v2\/pages\/2114","targetHints":{"allow":["GET"]}}],"collection":[{"href":"https:\/\/www.hitbotrobot.com\/es\/wp-json\/wp\/v2\/pages"}],"about":[{"href":"https:\/\/www.hitbotrobot.com\/es\/wp-json\/wp\/v2\/types\/page"}],"author":[{"embeddable":true,"href":"https:\/\/www.hitbotrobot.com\/es\/wp-json\/wp\/v2\/users\/1"}],"replies":[{"embeddable":true,"href":"https:\/\/www.hitbotrobot.com\/es\/wp-json\/wp\/v2\/comments?post=2114"}],"version-history":[{"count":5,"href":"https:\/\/www.hitbotrobot.com\/es\/wp-json\/wp\/v2\/pages\/2114\/revisions"}],"predecessor-version":[{"id":16831,"href":"https:\/\/www.hitbotrobot.com\/es\/wp-json\/wp\/v2\/pages\/2114\/revisions\/16831"}],"wp:attachment":[{"href":"https:\/\/www.hitbotrobot.com\/es\/wp-json\/wp\/v2\/media?parent=2114"}],"curies":[{"name":"wp","href":"https:\/\/api.w.org\/{rel}","templated":true}]}}